{"id":2184,"date":"2025-09-11T05:33:13","date_gmt":"2025-09-11T05:33:13","guid":{"rendered":"https:\/\/weitai2.globaldeepsea.site\/product\/pressureless-sintered-sic-lining\/"},"modified":"2026-04-29T15:28:28","modified_gmt":"2026-04-29T07:28:28","slug":"pressureless-sintered-sic-lining","status":"publish","type":"product","link":"https:\/\/www.cn-semiconductorparts.com\/pt\/product\/pressureless-sintered-sic-lining\/","title":{"rendered":"Pressureless Sintered SiC Lining"},"content":{"rendered":"<div class=\"fl-builder-content fl-builder-content-3727 fl-builder-content-primary fl-builder-global-templates-locked\" data-post-id=\"3727\">\n<div class=\"fl-row fl-row-full-width fl-row-bg-none fl-node-64ed8d9fccb29\" data-node=\"64ed8d9fccb29\">\n<div class=\"fl-row-content-wrap\">\n<div class=\"fl-row-content fl-row-full-width fl-node-content\">\n<div class=\"fl-col-group fl-node-64ed8d9fccb70\" data-node=\"64ed8d9fccb70\">\n<div class=\"fl-col fl-node-64ed8d9fccbb4\" data-node=\"64ed8d9fccbb4\" style=\"width: 100%;\">\n<div class=\"fl-col-content fl-node-content\">\n<div class=\"fl-module fl-module-rich-text fl-node-64ed8d9fccbf7\" data-animation-delay=\"0.0\" data-node=\"64ed8d9fccbf7\">\n<div class=\"fl-module-content fl-node-content\">\n<div class=\"fl-rich-text\">\n<p>O carboneto de sil\u00edcio \u00e9 um novo tipo de cer\u00e2mica com desempenho de alto custo e excelentes propriedades materiais. Devido a caracter\u00edsticas como alta resist\u00eancia e dureza, alta resist\u00eancia \u00e0 temperatura, grande condutividade t\u00e9rmica e resist\u00eancia \u00e0 corros\u00e3o qu\u00edmica, o carboneto de sil\u00edcio pode quase suportar todo o meio qu\u00edmico. Portanto, o SIC \u00e9 amplamente utilizado na minera\u00e7\u00e3o de petr\u00f3leo, qu\u00edmica, m\u00e1quinas e espa\u00e7o a\u00e9reo, at\u00e9 a energia nuclear e os militares t\u00eam suas demandas especiais ao SIC. Alguma aplica\u00e7\u00e3o normal que podemos oferecer s\u00e3o an\u00e9is de veda\u00e7\u00e3o para bomba, v\u00e1lvula e armadura de prote\u00e7\u00e3o etc.<\/p>\n<p>Somos capazes de projetar e fabricar de acordo com suas dimens\u00f5es espec\u00edficas, com boa qualidade e entrega razo\u00e1vel de tempo.\u00a0<\/p>\n<\/p><\/div>\n<\/p><\/div>\n<\/p><\/div>\n<\/p><\/div>\n<\/p><\/div>\n<\/p><\/div>\n<div class=\"fl-col-group fl-node-64ed8d9fccdf2\" data-node=\"64ed8d9fccdf2\">\n<div class=\"fl-col fl-node-64ed8d9fcce35\" data-node=\"64ed8d9fcce35\" style=\"width: 100%;\">\n<div class=\"fl-col-content fl-node-content\">\n<div class=\"fl-module fl-module-photo fl-node-64ed8d9fcce77\" data-animation-delay=\"0.0\" data-node=\"64ed8d9fcce77\">\n<div class=\"fl-module-content fl-node-content\">\n<div class=\"fl-photo fl-photo-align-center\" itemscope=\"\" itemtype=\"http:\/\/schema.org\/ImageObject\">\n<div class=\"fl-photo-content fl-photo-img-jpg\"> <img decoding=\"async\" alt=\"20200421003959_33844\" class=\"fl-photo-img wp-image-2471\" itemprop=\"image\" src=\"\/wp-content\/uploads\/2025\/09\/7d02f1a920109d71.webp\"> <\/img><\/div>\n<\/p><\/div>\n<\/p><\/div>\n<\/p><\/div>\n<\/p><\/div>\n<\/p><\/div>\n<\/p><\/div>\n<div class=\"fl-col-group fl-node-64ed8d9fccc3a\" data-node=\"64ed8d9fccc3a\">\n<div class=\"fl-col fl-node-64ed8d9fccc7c\" data-node=\"64ed8d9fccc7c\" style=\"width: 100%;\">\n<div class=\"fl-col-content fl-node-content\">\n<div class=\"fl-module fl-module-rich-text fl-node-64ed8d9fcccbd\" data-animation-delay=\"0.0\" data-node=\"64ed8d9fcccbd\">\n<div class=\"fl-module-content fl-node-content\">\n<div class=\"fl-rich-text\">\n<p><span style=\"font-family: Calibri;\">Aplica\u00e7\u00f5es:<\/span><\/p>\n<p><span style=\"font-family: Calibri;\">-Campo resistente ao desgaste: bucha, placa, bico de areia, forro de ciclone, barril de moagem, etc.\u2026<\/span><\/p>\n<p><span style=\"font-family: Calibri;\">-Campo de alta temperatura: laje SiC, tubo do forno de extin\u00e7\u00e3o, tubo radiante, cadinho, elemento de aquecimento, rolo, feixe, trocador de calor, tubo de ar frio, bico de queimador, tubo de prote\u00e7\u00e3o de termoples, barco sic, estrutura do carro do forno, setter, etc.<\/span><\/p>\n<p><span style=\"font-family: Calibri;\">-Campo de balas militar<\/span><\/p>\n<p><span style=\"font-family: Calibri;\">-Semicondutor de carboneto de sil\u00edcio: barco de bolacha sic, chuck sic, sic paddle, cassete sic, tubo de difus\u00e3o sic, garfo de wafer, placa de suc\u00e7\u00e3o, guia, etc.<\/span><\/p>\n<p><span style=\"font-family: Calibri;\">-Campo de veda\u00e7\u00e3o de carboneto de sil\u00edcio: todos os tipos de anel de veda\u00e7\u00e3o, rolamento, bucha, etc.<\/span><\/p>\n<p><span style=\"font-family: Calibri;\">-Campo fotovoltaico: remar em cantilever, barril de moagem, rolo de carboneto de sil\u00edcio, etc.<\/span><\/p>\n<p><span style=\"font-family: Calibri;\">-Campo da bateria de l\u00edtio<\/span><\/p>\n<\/p><\/div>\n<\/p><\/div>\n<\/p><\/div>\n<\/p><\/div>\n<\/p><\/div>\n<\/p><\/div>\n<div class=\"fl-col-group fl-node-64ed8d9fcceb9\" data-node=\"64ed8d9fcceb9\">\n<div class=\"fl-col fl-node-64ed8d9fccefb fl-col-small\" data-node=\"64ed8d9fccefb\" style=\"width: 50%;\">\n<div class=\"fl-col-content fl-node-content\">\n<div class=\"fl-module fl-module-gallery fl-node-64ed8d9fccfeb\" data-animation-delay=\"0.0\" data-node=\"64ed8d9fccfeb\">\n<div class=\"fl-module-content fl-node-content\">\n<div class=\"fl-mosaicflow\">\n<div class=\"fl-mosaicflow-content\">\n<div class=\"fl-mosaicflow-item\">\n<div class=\"fl-photo fl-photo-align-center\" itemscope=\"\" itemtype=\"http:\/\/schema.org\/ImageObject\">\n<div class=\"fl-photo-content fl-photo-img-png\"> <a href=\"\/pt\/uploads\/Silicon-Carbide-Parts-SIC-Ceramic-Parts-2.webp\/\" itemprop=\"url\" target=\"_self\"> <img decoding=\"async\" alt=\"Silicon Carbide Parts ( SIC Ceramic Parts )-2\" class=\"fl-photo-img wp-image-2475\" itemprop=\"image\" src=\"\/wp-content\/uploads\/2025\/09\/f4e8cf977be83f68.webp\"> <\/img><\/a> <\/div>\n<\/p><\/div>\n<\/p><\/div>\n<\/p><\/div>\n<div class=\"fl-clear\"><\/div>\n<\/p><\/div>\n<\/p><\/div>\n<\/p><\/div>\n<\/p><\/div>\n<\/p><\/div>\n<div class=\"fl-col fl-node-64ed8d9fccf94 fl-col-small\" data-node=\"64ed8d9fccf94\" style=\"width: 50%;\">\n<div class=\"fl-col-content fl-node-content\">\n<div class=\"fl-module fl-module-gallery fl-node-64ed8d9fccf3f\" data-animation-delay=\"0.0\" data-node=\"64ed8d9fccf3f\">\n<div class=\"fl-module-content fl-node-content\">\n<div class=\"fl-mosaicflow\">\n<div class=\"fl-mosaicflow-content\">\n<div class=\"fl-mosaicflow-item\">\n<div class=\"fl-photo fl-photo-align-center\" itemscope=\"\" itemtype=\"http:\/\/schema.org\/ImageObject\">\n<div class=\"fl-photo-content fl-photo-img-jpg\"> <a href=\"\/pt\/uploads\/Silicon-Carbide-Parts-SIC-Ceramic-Parts-.webp\/\" itemprop=\"url\" target=\"_self\"> <img decoding=\"async\" alt=\"Silicon Carbide Parts ( SIC Ceramic Parts )\" class=\"fl-photo-img wp-image-2473\" itemprop=\"image\" src=\"\/wp-content\/uploads\/2025\/09\/82d89f206b1aa7a2.webp\"> <\/img><\/a> <\/div>\n<\/p><\/div>\n<\/p><\/div>\n<\/p><\/div>\n<div class=\"fl-clear\"><\/div>\n<\/p><\/div>\n<\/p><\/div>\n<\/p><\/div>\n<\/p><\/div>\n<\/p><\/div>\n<\/p><\/div>\n<div class=\"fl-col-group fl-node-64ed8d9fccce7\" data-node=\"64ed8d9fccce7\">\n<div class=\"fl-col fl-node-64ed8d9fccd2a\" data-node=\"64ed8d9fccd2a\" style=\"width: 100%;\">\n<div class=\"fl-col-content fl-node-content\">\n<div class=\"fl-module fl-module-heading fl-node-64ed8d9fccdaf\" data-animation-delay=\"0.0\" data-node=\"64ed8d9fccdaf\">\n<div class=\"fl-module-content fl-node-content\">\n<h3 class=\"fl-heading\"> <span class=\"fl-heading-text\">Par\u00e2metros t\u00e9cnicos<\/span> <\/h3>\n<\/p><\/div>\n<\/p><\/div>\n<div class=\"fl-module fl-module-photo fl-node-64ed8d9fccd6d\" data-animation-delay=\"0.0\" data-node=\"64ed8d9fccd6d\">\n<div class=\"fl-module-content fl-node-content\">\n<div class=\"fl-photo fl-photo-align-center\" itemscope=\"\" itemtype=\"http:\/\/schema.org\/ImageObject\">\n<div class=\"fl-photo-content fl-photo-img-png\"> <img decoding=\"async\" alt=\"\u56fe\u72471\" class=\"fl-photo-img wp-image-2429\" itemprop=\"image\" src=\"\/wp-content\/uploads\/2025\/09\/e16a8a56d25ff317.webp\"> <\/img><\/div>\n<\/p><\/div>\n<\/p><\/div>\n<\/p><\/div>\n<\/p><\/div>\n<\/p><\/div>\n<\/p><\/div>\n<\/p><\/div>\n<\/p><\/div>\n<\/p><\/div>\n<\/div>","protected":false},"excerpt":{"rendered":"<p>Semicera\u2019s Pressureless Sintered Silicon Carbide Ceramic Lining offers exceptional wear resistance, high thermal conductivity, and outstanding chemical stability. Ideal for high-temperature and abrasive environments, this advanced ceramic material provides superior protection for equipment in industries such as semiconductor, energy, and chemical processing. With its durable, pressureless sintered structure, Semicera\u2019s silicon carbide lining ensures long-lasting performance and efficiency, making it the perfect solution for demanding applications.<\/p>","protected":false},"featured_media":1152,"comment_status":"closed","ping_status":"open","template":"","meta":[],"product_brand":[],"product_cat":[64,24],"product_tag":[],"class_list":{"0":"post-2184","1":"product","2":"type-product","3":"status-publish","4":"has-post-thumbnail","6":"product_cat-sic-heating-element","7":"product_cat-silicon-carbide-ceramic","9":"first","10":"instock","11":"product-type-simple"},"_links":{"self":[{"href":"https:\/\/www.cn-semiconductorparts.com\/pt\/wp-json\/wp\/v2\/product\/2184","targetHints":{"allow":["GET"]}}],"collection":[{"href":"https:\/\/www.cn-semiconductorparts.com\/pt\/wp-json\/wp\/v2\/product"}],"about":[{"href":"https:\/\/www.cn-semiconductorparts.com\/pt\/wp-json\/wp\/v2\/types\/product"}],"replies":[{"embeddable":true,"href":"https:\/\/www.cn-semiconductorparts.com\/pt\/wp-json\/wp\/v2\/comments?post=2184"}],"wp:featuredmedia":[{"embeddable":true,"href":"https:\/\/www.cn-semiconductorparts.com\/pt\/wp-json\/wp\/v2\/media\/1152"}],"wp:attachment":[{"href":"https:\/\/www.cn-semiconductorparts.com\/pt\/wp-json\/wp\/v2\/media?parent=2184"}],"wp:term":[{"taxonomy":"product_brand","embeddable":true,"href":"https:\/\/www.cn-semiconductorparts.com\/pt\/wp-json\/wp\/v2\/product_brand?post=2184"},{"taxonomy":"product_cat","embeddable":true,"href":"https:\/\/www.cn-semiconductorparts.com\/pt\/wp-json\/wp\/v2\/product_cat?post=2184"},{"taxonomy":"product_tag","embeddable":true,"href":"https:\/\/www.cn-semiconductorparts.com\/pt\/wp-json\/wp\/v2\/product_tag?post=2184"}],"curies":[{"name":"wp","href":"https:\/\/api.w.org\/{rel}","templated":true}]}}