{"id":2189,"date":"2025-09-11T05:33:20","date_gmt":"2025-09-11T05:33:20","guid":{"rendered":"https:\/\/weitai2.globaldeepsea.site\/product\/thermal-industrial-insulation-graphite-soft-felt\/"},"modified":"2026-04-29T15:28:13","modified_gmt":"2026-04-29T07:28:13","slug":"thermal-industrial-insulation-graphite-soft-felt","status":"publish","type":"product","link":"https:\/\/www.cn-semiconductorparts.com\/pt\/product\/thermal-industrial-insulation-graphite-soft-felt\/","title":{"rendered":"Isolamento Industrial T\u00e9rmico Feel Soft Soft"},"content":{"rendered":"<div class=\"fl-builder-content fl-builder-content-3666 fl-builder-content-primary fl-builder-global-templates-locked\" data-post-id=\"3666\">\n<div class=\"fl-row fl-row-full-width fl-row-bg-none fl-node-657002ffd6634\" data-node=\"657002ffd6634\">\n<div class=\"fl-row-content-wrap\">\n<div class=\"fl-row-content fl-row-full-width fl-node-content\">\n<div class=\"fl-col-group fl-node-657002ffd6674\" data-node=\"657002ffd6674\">\n<div class=\"fl-col fl-node-657002ffd66bd\" data-node=\"657002ffd66bd\" style=\"width: 100%;\">\n<div class=\"fl-col-content fl-node-content\">\n<div class=\"fl-module fl-module-heading fl-node-657002ffd6738\" data-animation-delay=\"0.0\" data-node=\"657002ffd6738\">\n<div class=\"fl-module-content fl-node-content\">\n<h3 class=\"fl-heading\"> <span class=\"fl-heading-text\">Detalhes do produto<\/span> <\/h3>\n<\/p><\/div>\n<\/p><\/div>\n<div class=\"fl-module fl-module-rich-text fl-node-657002ffd66fb\" data-animation-delay=\"0.0\" data-node=\"657002ffd66fb\">\n<div class=\"fl-module-content fl-node-content\">\n<div class=\"fl-rich-text\">\n<table border=\"0\" cellspacing=\"0\">\n<tbody>\n<tr>\n<td valign=\"center\">\n<p>Nome do produto<\/p>\n<\/td>\n<td valign=\"center\">\n<p>Feel de grafite<\/p>\n<\/td>\n<\/tr>\n<tr>\n<td valign=\"center\">\n<p>Composi\u00e7\u00e3o qu\u00edmica<\/p>\n<\/td>\n<td valign=\"center\">\n<p>Fibra de carbono<\/p>\n<\/td>\n<\/tr>\n<tr>\n<td valign=\"center\">\n<p>Densidade a granel<\/p>\n<\/td>\n<td valign=\"center\">\n<p>0.12-0.14g\/cm3<\/p>\n<\/td>\n<\/tr>\n<tr>\n<td valign=\"center\">\n<p>Teor de carbono<\/p>\n<\/td>\n<td valign=\"center\">\n<p>&gt; = 99%<\/p>\n<\/td>\n<\/tr>\n<tr>\n<td valign=\"center\">\n<p>Resist\u00eancia \u00e0 trac\u00e7\u00e3o<\/p>\n<\/td>\n<td valign=\"center\">\n<p>0.14Mpa<\/p>\n<\/td>\n<\/tr>\n<tr>\n<td valign=\"center\">\n<p>Condutividade t\u00e9rmica (1150 \u2103)<\/p>\n<\/td>\n<td valign=\"center\">\n<p>0,08 ~ 0,14w\/mk<\/p>\n<\/td>\n<\/tr>\n<tr>\n<td valign=\"center\">\n<p>Cinzas<\/p>\n<\/td>\n<td valign=\"center\">\n<p>&lt;= 0,005%<\/p>\n<\/td>\n<\/tr>\n<tr>\n<td valign=\"center\">\n<p>Estresse esmagador<\/p>\n<\/td>\n<td valign=\"center\">\n<p>8-10N\/cm<\/p>\n<\/td>\n<\/tr>\n<tr>\n<td valign=\"center\">\n<p>Grossura<\/p>\n<\/td>\n<td valign=\"center\">\n<p>1-10mm<\/p>\n<\/td>\n<\/tr>\n<tr>\n<td valign=\"center\">\n<p>Temperatura de processamento<\/p>\n<\/td>\n<td valign=\"center\">\n<p>2500(\u2103)<\/p>\n<\/td>\n<\/tr>\n<\/tbody>\n<\/table><\/div>\n<\/p><\/div>\n<\/p><\/div>\n<\/p><\/div>\n<\/p><\/div>\n<\/p><\/div>\n<div class=\"fl-col-group fl-node-657002ffd6882\" data-node=\"657002ffd6882\">\n<div class=\"fl-col fl-node-657002ffd68bf\" data-node=\"657002ffd68bf\" style=\"width: 100%;\">\n<div class=\"fl-col-content fl-node-content\">\n<div class=\"fl-module fl-module-rich-text fl-node-657002ffd68fc\" data-animation-delay=\"0.0\" data-node=\"657002ffd68fc\">\n<div class=\"fl-module-content fl-node-content\">\n<div class=\"fl-rich-text\">\n<p>Atualmente dispon\u00edvel em quatro especifica\u00e7\u00f5es, cada uma dispon\u00edvel em rolos, pe\u00e7as e tubos de feltro pr\u00e9-laminados:<br \/>SCSF: feltro de grafite de alta pureza, melhor condutividade t\u00e9rmica, temperatura de tratamento t\u00e9rmico de mais de 1900\u2103<br \/>SCSF-P: Ultra-High Purity SCSF-B Feel de grafite<br \/>SCSF-V: feltro de grafite de alta pureza, temperatura de tratamento t\u00e9rmico de mais de 2650 \u2103, baixa condutividade t\u00e9rmica<br \/>SCSF-VP: Ultra-alta pureza SCSF-D Feel de grafite<\/p>\n<\/p><\/div>\n<\/p><\/div>\n<\/p><\/div>\n<\/p><\/div>\n<\/p><\/div>\n<\/p><\/div>\n<div class=\"fl-col-group fl-node-657002ffd6938\" data-node=\"657002ffd6938\">\n<div class=\"fl-col fl-node-657002ffd6977\" data-node=\"657002ffd6977\" style=\"width: 100%;\">\n<div class=\"fl-col-content fl-node-content\">\n<div class=\"fl-module fl-module-photo fl-node-657002ffd69b4\" data-animation-delay=\"0.0\" data-node=\"657002ffd69b4\">\n<div class=\"fl-module-content fl-node-content\">\n<div class=\"fl-photo fl-photo-align-center\" itemscope=\"\" itemtype=\"http:\/\/schema.org\/ImageObject\">\n<div class=\"fl-photo-content fl-photo-img-png\"> <img decoding=\"async\" alt=\"WeChat ScreenShot_20231206112113\" class=\"fl-photo-img wp-image-5393\" itemprop=\"image\" src=\"\/wp-content\/uploads\/2025\/09\/06bef272babefc1e.webp\"> <\/img><\/div>\n<\/p><\/div>\n<\/p><\/div>\n<\/p><\/div>\n<\/p><\/div>\n<\/p><\/div>\n<\/p><\/div>\n<div class=\"fl-col-group fl-node-657002ffd69f2\" data-node=\"657002ffd69f2\">\n<div class=\"fl-col fl-node-657002ffd6a2f fl-col-small\" data-node=\"657002ffd6a2f\" style=\"width: 50%;\">\n<div class=\"fl-col-content fl-node-content\">\n<div class=\"fl-module fl-module-rich-text fl-node-657002ffd674b\" data-animation-delay=\"0.0\" data-node=\"657002ffd674b\">\n<div class=\"fl-module-content fl-node-content\">\n<div class=\"fl-rich-text\">\n<p><strong>Propriedades :<\/strong><br \/>-Excelente estabilidade t\u00e9rmica<br \/>-Alta resist\u00eancia mec\u00e2nica<br \/>-Boa condutividade el\u00e9trica e t\u00e9rmica<br \/>-Excelente resist\u00eancia ao choque t\u00e9rmico e corros\u00e3o<br \/>-Alta pureza do material<br \/>-Alta capacidade de carga el\u00e9trica<br \/>-Perfil de temperatura uniforme<\/p>\n<\/p><\/div>\n<\/p><\/div>\n<\/p><\/div>\n<\/p><\/div>\n<\/p><\/div>\n<div class=\"fl-col fl-node-657002ffd6a6c fl-col-small\" data-node=\"657002ffd6a6c\" style=\"width: 50%;\">\n<div class=\"fl-col-content fl-node-content\">\n<div class=\"fl-module fl-module-photo fl-node-657002ffd6aab\" data-animation-delay=\"0.0\" data-node=\"657002ffd6aab\">\n<div class=\"fl-module-content fl-node-content\">\n<div class=\"fl-photo fl-photo-align-center\" itemscope=\"\" itemtype=\"http:\/\/schema.org\/ImageObject\">\n<div class=\"fl-photo-content fl-photo-img-png\"> <img decoding=\"async\" alt=\"WeChat ScreenShot_20231206112141\" class=\"fl-photo-img wp-image-5394\" itemprop=\"image\" src=\"\/wp-content\/uploads\/2025\/09\/c0fde29a528d2d7a.webp\"> <\/img><\/div>\n<\/p><\/div>\n<\/p><\/div>\n<\/p><\/div>\n<\/p><\/div>\n<\/p><\/div>\n<\/p><\/div>\n<div class=\"fl-col-group fl-node-657002ffd6ae9\" data-node=\"657002ffd6ae9\">\n<div class=\"fl-col fl-node-657002ffd6bab fl-col-small\" data-node=\"657002ffd6bab\" style=\"width: 50%;\">\n<div class=\"fl-col-content fl-node-content\">\n<div class=\"fl-module fl-module-photo fl-node-657002ffd6b6d\" data-animation-delay=\"0.0\" data-node=\"657002ffd6b6d\">\n<div class=\"fl-module-content fl-node-content\">\n<div class=\"fl-photo fl-photo-align-center\" itemscope=\"\" itemtype=\"http:\/\/schema.org\/ImageObject\">\n<div class=\"fl-photo-content fl-photo-img-png\"> <img decoding=\"async\" alt=\"Feel de grafite (1)\" class=\"fl-photo-img wp-image-5395\" itemprop=\"image\" src=\"\/wp-content\/uploads\/2025\/09\/998a0d4f5cbf8804.webp\"> <\/img><\/div>\n<\/p><\/div>\n<\/p><\/div>\n<\/p><\/div>\n<\/p><\/div>\n<\/p><\/div>\n<div class=\"fl-col fl-node-657002ffd6b25 fl-col-small\" data-node=\"657002ffd6b25\" style=\"width: 50%;\">\n<div class=\"fl-col-content fl-node-content\">\n<div class=\"fl-module fl-module-rich-text fl-node-657002ffd678a\" data-animation-delay=\"0.0\" data-node=\"657002ffd678a\">\n<div class=\"fl-module-content fl-node-content\">\n<div class=\"fl-rich-text\">\n<p><strong>Campos de aplica\u00e7\u00f5es:<\/strong><br \/>-Fornos a v\u00e1cuo<br \/>-Fornos de g\u00e1s inerte<br \/>-Tratamento t\u00e9rmico<br \/>(endurecimento, carboniza\u00e7\u00e3o, brasagem, etc.)<br \/>-Produ\u00e7\u00e3o de fibra de carbono<br \/>-Produ\u00e7\u00e3o de metal duro<br \/>-Aplica\u00e7\u00f5es de sinteriza\u00e7\u00e3o<br \/>-Produ\u00e7\u00e3o de cer\u00e2mica t\u00e9cnica<br \/>-CVD\/PVD Costa<\/p>\n<\/p><\/div>\n<\/p><\/div>\n<\/p><\/div>\n<\/p><\/div>\n<\/p><\/div>\n<\/p><\/div>\n<div class=\"fl-col-group fl-node-657002ffd67c7\" data-node=\"657002ffd67c7\">\n<div class=\"fl-col fl-node-657002ffd6806\" data-node=\"657002ffd6806\" style=\"width: 100%;\">\n<div class=\"fl-col-content fl-node-content\">\n<div class=\"fl-module fl-module-gallery fl-node-657002ffd6845\" data-animation-delay=\"0.0\" data-node=\"657002ffd6845\">\n<div class=\"fl-module-content fl-node-content\">\n<div class=\"fl-mosaicflow\">\n<div class=\"fl-mosaicflow-content\">\n<div class=\"fl-mosaicflow-item\">\n<div class=\"fl-photo fl-photo-align-center\" itemscope=\"\" itemtype=\"http:\/\/schema.org\/ImageObject\">\n<div class=\"fl-photo-content fl-photo-img-jpg\"> <a href=\"\/pt\/uploads\/Soft-Felt-5.webp\/\" itemprop=\"url\" target=\"_self\"> <img decoding=\"async\" alt=\"Soft Felt (5)\" class=\"fl-photo-img wp-image-2364\" itemprop=\"image\" src=\"\/wp-content\/uploads\/2025\/09\/90023093f967c7bc.webp\"> <\/img><\/a> <\/div>\n<\/p><\/div>\n<\/p><\/div>\n<div class=\"fl-mosaicflow-item\">\n<div class=\"fl-photo fl-photo-align-center\" itemscope=\"\" itemtype=\"http:\/\/schema.org\/ImageObject\">\n<div class=\"fl-photo-content fl-photo-img-jpg\"> <a href=\"\/pt\/uploads\/Soft-Felt-7.webp\/\" itemprop=\"url\" target=\"_self\"> <img decoding=\"async\" alt=\"Soft Felt (7)\" class=\"fl-photo-img wp-image-2366\" itemprop=\"image\" src=\"\/wp-content\/uploads\/2025\/09\/4d2a0ce8de54e8af.webp\"> <\/img><\/a> <\/div>\n<\/p><\/div>\n<\/p><\/div>\n<div class=\"fl-mosaicflow-item\">\n<div class=\"fl-photo fl-photo-align-center\" itemscope=\"\" itemtype=\"http:\/\/schema.org\/ImageObject\">\n<div class=\"fl-photo-content fl-photo-img-jpg\"> <a href=\"\/pt\/uploads\/Soft-Felt-4.webp\/\" itemprop=\"url\" target=\"_self\"> <img decoding=\"async\" alt=\"Soft Felt (4)\" class=\"fl-photo-img wp-image-2367\" itemprop=\"image\" src=\"\/wp-content\/uploads\/2025\/09\/778e08640f4e2401.webp\"> <\/img><\/a> <\/div>\n<\/p><\/div>\n<\/p><\/div>\n<\/p><\/div>\n<div class=\"fl-clear\"><\/div>\n<\/p><\/div>\n<\/p><\/div>\n<\/p><\/div>\n<\/p><\/div>\n<\/p><\/div>\n<\/p><\/div>\n<div class=\"fl-col-group fl-node-66177d3f4a6c6\" data-node=\"66177d3f4a6c6\">\n<div class=\"fl-col fl-node-66177d3f4a87e\" data-node=\"66177d3f4a87e\" style=\"width: 100%;\">\n<div class=\"fl-col-content fl-node-content\">\n<div class=\"fl-module fl-module-photo fl-node-66177d3f4a568\" data-animation-delay=\"0.0\" data-node=\"66177d3f4a568\">\n<div class=\"fl-module-content fl-node-content\">\n<div class=\"fl-photo fl-photo-align-center\" itemscope=\"\" itemtype=\"http:\/\/schema.org\/ImageObject\">\n<div class=\"fl-photo-content fl-photo-img-jpg\"> <img decoding=\"async\" alt=\"Local de trabalho semicera\" class=\"fl-photo-img wp-image-7286\" itemprop=\"image\" src=\"\/wp-content\/uploads\/2025\/09\/b1dd0bcab1675ff4.webp\"> <\/img><\/div>\n<\/p><\/div>\n<\/p><\/div>\n<\/p><\/div>\n<div class=\"fl-module fl-module-photo fl-node-66177d4aa4bcd\" data-animation-delay=\"0.0\" data-node=\"66177d4aa4bcd\">\n<div class=\"fl-module-content fl-node-content\">\n<div class=\"fl-photo fl-photo-align-center\" itemscope=\"\" itemtype=\"http:\/\/schema.org\/ImageObject\">\n<div class=\"fl-photo-content fl-photo-img-jpg\"> <img decoding=\"async\" alt=\"Local de trabalho semicera 2\" class=\"fl-photo-img wp-image-7287\" itemprop=\"image\" src=\"\/wp-content\/uploads\/2025\/09\/2b946d2b4b61306d.webp\"> <\/img><\/div>\n<\/p><\/div>\n<\/p><\/div>\n<\/p><\/div>\n<div class=\"fl-module fl-module-photo fl-node-66177d49c7849\" data-animation-delay=\"0.0\" data-node=\"66177d49c7849\">\n<div class=\"fl-module-content fl-node-content\">\n<div class=\"fl-photo fl-photo-align-center\" itemscope=\"\" itemtype=\"http:\/\/schema.org\/ImageObject\">\n<div class=\"fl-photo-content fl-photo-img-jpg\"> <img decoding=\"async\" alt=\"M\u00e1quina de equipamentos\" class=\"fl-photo-img wp-image-7288\" itemprop=\"image\" src=\"\/wp-content\/uploads\/2025\/09\/081b6529d68ead23.webp\"\/> <\/div>\n<\/p><\/div>\n<\/p><\/div>\n<\/p><\/div>\n<div class=\"fl-module fl-module-photo fl-node-66177d48f3128\" data-animation-delay=\"0.0\" data-node=\"66177d48f3128\">\n<div class=\"fl-module-content fl-node-content\">\n<div class=\"fl-photo fl-photo-align-center\" itemscope=\"\" itemtype=\"http:\/\/schema.org\/ImageObject\">\n<div class=\"fl-photo-content fl-photo-img-jpg\"> <img decoding=\"async\" alt=\"Processamento da CNN, limpeza qu\u00edmica, revestimento de CVD\" class=\"fl-photo-img wp-image-7289\" itemprop=\"image\" src=\"\/wp-content\/uploads\/2025\/09\/a4132b2b399abbac.webp\"\/> <\/div>\n<\/p><\/div>\n<\/p><\/div>\n<\/p><\/div>\n<div class=\"fl-module fl-module-photo fl-node-66177d47dbb38\" data-animation-delay=\"0.0\" data-node=\"66177d47dbb38\">\n<div class=\"fl-module-content fl-node-content\">\n<div class=\"fl-photo fl-photo-align-center\" itemscope=\"\" itemtype=\"http:\/\/schema.org\/ImageObject\">\n<div class=\"fl-photo-content fl-photo-img-jpg\"> <img decoding=\"async\" alt=\"Nosso servi\u00e7o\" class=\"fl-photo-img wp-image-7290\" itemprop=\"image\" src=\"\/wp-content\/uploads\/2025\/09\/b07f222c0ec0ab8d.webp\"\/> <\/div>\n<\/p><\/div>\n<\/p><\/div>\n<\/p><\/div>\n<\/p><\/div>\n<\/p><\/div>\n<\/p><\/div>\n<\/p><\/div>\n<\/p><\/div>\n<\/p><\/div>\n<\/div>","protected":false},"excerpt":{"rendered":"<p>Semicera\u00a0Energy Technology Co., Ltd. is a leading supplier specializing in wafer and advanced semiconductor consumables.We are dedicated to providing high-quality, reliable, and innovative products to semiconductor manufacturing,photovoltaic industryand other related fields.Our product line includes SiC\/TaC coated graphite products and ceramic products, encompassing various materials such as silicon carbide, silicon nitride, and aluminum oxide and etc.As a trusted supplier, we understand the importance of consumables in the manufacturing process, and we are committed to delivering products that meet the highest quality standards to fulfill our customers\u2019 needs.<\/p>","protected":false},"featured_media":798,"comment_status":"closed","ping_status":"open","template":"","meta":[],"product_brand":[],"product_cat":[29,43],"product_tag":[],"class_list":{"0":"post-2189","1":"product","2":"type-product","3":"status-publish","4":"has-post-thumbnail","6":"product_cat-carbon-fiber","7":"product_cat-soft-felt","9":"first","10":"instock","11":"product-type-simple"},"_links":{"self":[{"href":"https:\/\/www.cn-semiconductorparts.com\/pt\/wp-json\/wp\/v2\/product\/2189","targetHints":{"allow":["GET"]}}],"collection":[{"href":"https:\/\/www.cn-semiconductorparts.com\/pt\/wp-json\/wp\/v2\/product"}],"about":[{"href":"https:\/\/www.cn-semiconductorparts.com\/pt\/wp-json\/wp\/v2\/types\/product"}],"replies":[{"embeddable":true,"href":"https:\/\/www.cn-semiconductorparts.com\/pt\/wp-json\/wp\/v2\/comments?post=2189"}],"wp:featuredmedia":[{"embeddable":true,"href":"https:\/\/www.cn-semiconductorparts.com\/pt\/wp-json\/wp\/v2\/media\/798"}],"wp:attachment":[{"href":"https:\/\/www.cn-semiconductorparts.com\/pt\/wp-json\/wp\/v2\/media?parent=2189"}],"wp:term":[{"taxonomy":"product_brand","embeddable":true,"href":"https:\/\/www.cn-semiconductorparts.com\/pt\/wp-json\/wp\/v2\/product_brand?post=2189"},{"taxonomy":"product_cat","embeddable":true,"href":"https:\/\/www.cn-semiconductorparts.com\/pt\/wp-json\/wp\/v2\/product_cat?post=2189"},{"taxonomy":"product_tag","embeddable":true,"href":"https:\/\/www.cn-semiconductorparts.com\/pt\/wp-json\/wp\/v2\/product_tag?post=2189"}],"curies":[{"name":"wp","href":"https:\/\/api.w.org\/{rel}","templated":true}]}}