{"id":2205,"date":"2025-09-11T05:33:20","date_gmt":"2025-09-11T05:33:20","guid":{"rendered":"https:\/\/weitai2.globaldeepsea.site\/product\/high-temperature-resistant-silicon-carbide-ceramic-saggar\/"},"modified":"2026-04-29T15:28:20","modified_gmt":"2026-04-29T07:28:20","slug":"high-temperature-resistant-silicon-carbide-ceramic-saggar","status":"publish","type":"product","link":"https:\/\/www.cn-semiconductorparts.com\/pt\/product\/high-temperature-resistant-silicon-carbide-ceramic-saggar\/","title":{"rendered":"High temperature resistant silicon carbide ceramic saggar"},"content":{"rendered":"<div class=\"fl-builder-content fl-builder-content-3451 fl-builder-content-primary fl-builder-global-templates-locked\" data-post-id=\"3451\">\n<div class=\"fl-row fl-row-full-width fl-row-bg-none fl-node-64e5b76c7a136\" data-node=\"64e5b76c7a136\">\n<div class=\"fl-row-content-wrap\">\n<div class=\"fl-row-content fl-row-full-width fl-node-content\">\n<div class=\"fl-col-group fl-node-64e5b76c7a177\" data-node=\"64e5b76c7a177\">\n<div class=\"fl-col fl-node-64e5b76c7a1b5\" data-node=\"64e5b76c7a1b5\" style=\"width: 100%;\">\n<div class=\"fl-col-content fl-node-content\">\n<div class=\"fl-module fl-module-rich-text fl-node-64e5b76c7a1f2\" data-animation-delay=\"0.0\" data-node=\"64e5b76c7a1f2\">\n<div class=\"fl-module-content fl-node-content\">\n<div class=\"fl-rich-text\">\n<p>O carboneto de sil\u00edcio \u00e9 um novo tipo de cer\u00e2mica com desempenho de alto custo e excelentes propriedades materiais. Devido a caracter\u00edsticas como alta resist\u00eancia e dureza, alta resist\u00eancia \u00e0 temperatura, grande condutividade t\u00e9rmica e resist\u00eancia \u00e0 corros\u00e3o qu\u00edmica, o carboneto de sil\u00edcio pode quase suportar todo o meio qu\u00edmico. Portanto, o SIC \u00e9 amplamente utilizado na minera\u00e7\u00e3o de petr\u00f3leo, qu\u00edmica, m\u00e1quinas e espa\u00e7o a\u00e9reo, at\u00e9 a energia nuclear e os militares t\u00eam suas demandas especiais ao SIC. Alguma aplica\u00e7\u00e3o normal que podemos oferecer s\u00e3o an\u00e9is de veda\u00e7\u00e3o para bomba, v\u00e1lvula e armadura de prote\u00e7\u00e3o etc.<\/p>\n<p>Somos capazes de projetar e fabricar de acordo com suas dimens\u00f5es espec\u00edficas, com boa qualidade e entrega razo\u00e1vel de tempo.\u00a0<\/p>\n<\/p><\/div>\n<\/p><\/div>\n<\/p><\/div>\n<\/p><\/div>\n<\/p><\/div>\n<\/p><\/div>\n<div class=\"fl-col-group fl-node-64e5b76c7a3e1\" data-node=\"64e5b76c7a3e1\">\n<div class=\"fl-col fl-node-64e5b76c7a405\" data-node=\"64e5b76c7a405\" style=\"width: 100%;\">\n<div class=\"fl-col-content fl-node-content\">\n<div class=\"fl-module fl-module-photo fl-node-64e5b76c7a443\" data-animation-delay=\"0.0\" data-node=\"64e5b76c7a443\">\n<div class=\"fl-module-content fl-node-content\">\n<div class=\"fl-photo fl-photo-align-center\" itemscope=\"\" itemtype=\"http:\/\/schema.org\/ImageObject\">\n<div class=\"fl-photo-content fl-photo-img-png\"> <img decoding=\"async\" alt=\"Silicon Carbide Sagger (3)\" class=\"fl-photo-img wp-image-3462\" itemprop=\"image\" src=\"\/wp-content\/uploads\/2025\/09\/56f344ad44030037.webp\"> <\/img><\/div>\n<\/p><\/div>\n<\/p><\/div>\n<\/p><\/div>\n<\/p><\/div>\n<\/p><\/div>\n<\/p><\/div>\n<div class=\"fl-col-group fl-node-64e5b76c7a230\" data-node=\"64e5b76c7a230\">\n<div class=\"fl-col fl-node-64e5b76c7a26d\" data-node=\"64e5b76c7a26d\" style=\"width: 100%;\">\n<div class=\"fl-col-content fl-node-content\">\n<div class=\"fl-module fl-module-rich-text fl-node-64e5b76c7a2aa\" data-animation-delay=\"0.0\" data-node=\"64e5b76c7a2aa\">\n<div class=\"fl-module-content fl-node-content\">\n<div class=\"fl-rich-text\">\n<p><span style=\"font-family: Calibri;\">Aplica\u00e7\u00f5es:<\/span><\/p>\n<p><span style=\"font-family: Calibri;\">-Campo resistente ao desgaste: bucha, placa, bico de areia, forro de ciclone, barril de moagem, etc.\u2026<\/span><\/p>\n<p><span style=\"font-family: Calibri;\">-Campo de alta temperatura: laje SiC, tubo do forno de extin\u00e7\u00e3o, tubo radiante, cadinho, elemento de aquecimento, rolo, feixe, trocador de calor, tubo de ar frio, bico de queimador, tubo de prote\u00e7\u00e3o de termoples, barco sic, estrutura do carro do forno, setter, etc.<\/span><\/p>\n<p><span style=\"font-family: Calibri;\">-Campo de balas militar<\/span><\/p>\n<p><span style=\"font-family: Calibri;\">-Semicondutor de carboneto de sil\u00edcio: barco de bolacha sic, chuck sic, sic paddle, cassete sic, tubo de difus\u00e3o sic, garfo de wafer, placa de suc\u00e7\u00e3o, guia, etc.<\/span><\/p>\n<p><span style=\"font-family: Calibri;\">-Campo de veda\u00e7\u00e3o de carboneto de sil\u00edcio: todos os tipos de anel de veda\u00e7\u00e3o, rolamento, bucha, etc.<\/span><\/p>\n<p><span style=\"font-family: Calibri;\">-Campo fotovoltaico: remar em cantilever, barril de moagem, rolo de carboneto de sil\u00edcio, etc.<\/span><\/p>\n<p><span style=\"font-family: Calibri;\">-Campo da bateria de l\u00edtio<\/span><\/p>\n<\/p><\/div>\n<\/p><\/div>\n<\/p><\/div>\n<\/p><\/div>\n<\/p><\/div>\n<\/p><\/div>\n<div class=\"fl-col-group fl-node-64e5b76c7a480\" data-node=\"64e5b76c7a480\">\n<div class=\"fl-col fl-node-64e5b76c7a4bd\" data-node=\"64e5b76c7a4bd\" style=\"width: 100%;\">\n<div class=\"fl-col-content fl-node-content\">\n<div class=\"fl-module fl-module-gallery fl-node-64e5b76c7a4fa\" data-animation-delay=\"0.0\" data-node=\"64e5b76c7a4fa\">\n<div class=\"fl-module-content fl-node-content\">\n<div class=\"fl-mosaicflow\">\n<div class=\"fl-mosaicflow-content\">\n<div class=\"fl-mosaicflow-item\">\n<div class=\"fl-photo fl-photo-align-center\" itemscope=\"\" itemtype=\"http:\/\/schema.org\/ImageObject\">\n<div class=\"fl-photo-content fl-photo-img-png\"> <a href=\"\/pt\/uploads\/28ff221e11.webp\/\" itemprop=\"url\" target=\"_self\"> <img decoding=\"async\" alt=\"\u672a\u6807\u9898-1\" class=\"fl-photo-img wp-image-2492\" itemprop=\"image\" src=\"\/wp-content\/uploads\/2025\/09\/7d66089f241eb2fc.webp\"> <\/img><\/a> <\/div>\n<\/p><\/div>\n<\/p><\/div>\n<div class=\"fl-mosaicflow-item\">\n<div class=\"fl-photo fl-photo-align-center\" itemscope=\"\" itemtype=\"http:\/\/schema.org\/ImageObject\">\n<div class=\"fl-photo-content fl-photo-img-png\"> <a href=\"\/pt\/uploads\/52e9658a1.webp\/\" itemprop=\"url\" target=\"_self\"> <img decoding=\"async\" alt=\"\u672a\u6807\u9898-2\" class=\"fl-photo-img wp-image-2493\" itemprop=\"image\" src=\"\/wp-content\/uploads\/2025\/09\/215e03cfbaafb311.webp\"> <\/img><\/a> <\/div>\n<\/p><\/div>\n<\/p><\/div>\n<div class=\"fl-mosaicflow-item\">\n<div class=\"fl-photo fl-photo-align-center\" itemscope=\"\" itemtype=\"http:\/\/schema.org\/ImageObject\">\n<div class=\"fl-photo-content fl-photo-img-png\"> <a href=\"\/pt\/uploads\/ff7efb55.webp\/\" itemprop=\"url\" target=\"_self\"> <img decoding=\"async\" alt=\"\u672a\u6807\u9898-3\" class=\"fl-photo-img wp-image-2494\" itemprop=\"image\" src=\"\/wp-content\/uploads\/2025\/09\/778f96ab4cfc0733.webp\"> <\/img><\/a> <\/div>\n<\/p><\/div>\n<\/p><\/div>\n<\/p><\/div>\n<div class=\"fl-clear\"><\/div>\n<\/p><\/div>\n<\/p><\/div>\n<\/p><\/div>\n<\/p><\/div>\n<\/p><\/div>\n<\/p><\/div>\n<div class=\"fl-col-group fl-node-64e5b76c7a538\" data-node=\"64e5b76c7a538\">\n<div class=\"fl-col fl-node-64e5b76c7a575\" data-node=\"64e5b76c7a575\" style=\"width: 100%;\">\n<div class=\"fl-col-content fl-node-content\">\n<div class=\"fl-module fl-module-rich-text fl-node-64e5b76c7a5b2\" data-animation-delay=\"0.0\" data-node=\"64e5b76c7a5b2\">\n<div class=\"fl-module-content fl-node-content\">\n<div class=\"fl-rich-text\">\n<p data-section=\"0\">1, outstanding high thermal conductivity: thermal conductivity is much higher than other corrosion resistant materials; Use less heat exchange area for the same heat exchange efficiency; Allows for smaller heat exchanger sizes; Greatly reduce the occupied space and reduce the use cost;<\/p>\n<p data-section=\"1\">2, outstanding corrosion resistance: with very high corrosion resistance, oxidation resistance and erosion resistance can withstand high concentration of sulfuric acid, nitric acid, phosphoric acid, mixed acid, strong alkali, oxidant, etc., with excellent service life;<\/p>\n<p data-section=\"2\">3, excellent thermodynamic properties: excellent thermodynamic properties with high strength and high hardness; Strong wear resistance and permeability resistance under extreme high temperature and pressure; Allow medium to pass at high speed; It can be used normally at high temperature of 1300\u2103.<\/p>\n<\/p><\/div>\n<\/p><\/div>\n<\/p><\/div>\n<\/p><\/div>\n<\/p><\/div>\n<\/p><\/div>\n<div class=\"fl-col-group fl-node-64e5b76c7a2e9\" data-node=\"64e5b76c7a2e9\">\n<div class=\"fl-col fl-node-64e5b76c7a326\" data-node=\"64e5b76c7a326\" style=\"width: 100%;\">\n<div class=\"fl-col-content fl-node-content\">\n<div class=\"fl-module fl-module-heading fl-node-64e5b76c7a3a0\" data-animation-delay=\"0.0\" data-node=\"64e5b76c7a3a0\">\n<div class=\"fl-module-content fl-node-content\">\n<h3 class=\"fl-heading\"> <span class=\"fl-heading-text\">Par\u00e2metros t\u00e9cnicos<\/span> <\/h3>\n<\/p><\/div>\n<\/p><\/div>\n<div class=\"fl-module fl-module-photo fl-node-64e5b76c7a363\" data-animation-delay=\"0.0\" data-node=\"64e5b76c7a363\">\n<div class=\"fl-module-content fl-node-content\">\n<div class=\"fl-photo fl-photo-align-center\" itemscope=\"\" itemtype=\"http:\/\/schema.org\/ImageObject\">\n<div class=\"fl-photo-content fl-photo-img-png\"> <img decoding=\"async\" alt=\"\u56fe\u72471\" class=\"fl-photo-img wp-image-2429\" itemprop=\"image\" src=\"\/wp-content\/uploads\/2025\/09\/e16a8a56d25ff317.webp\"> <\/img><\/div>\n<\/p><\/div>\n<\/p><\/div>\n<\/p><\/div>\n<\/p><\/div>\n<\/p><\/div>\n<\/p><\/div>\n<\/p><\/div>\n<\/p><\/div>\n<\/p><\/div>\n<\/div>","protected":false},"excerpt":{"rendered":"<p>Semicera\u2019s high temperature resistant silicon carbide ceramic saggers are carefully designed to withstand extreme thermal environments and are ideal for a variety of high temperature applications. Made of high-quality silicon carbide, the saggers have excellent durability and thermal stability to ensure reliable performance in the most demanding processes. Semicera prides itself on providing high-quality customized solutions that meet your specific needs. Semicera looks forward to being your long-term partner in China.<\/p>","protected":false},"featured_media":930,"comment_status":"closed","ping_status":"open","template":"","meta":[],"product_brand":[],"product_cat":[25,24],"product_tag":[],"class_list":{"0":"post-2205","1":"product","2":"type-product","3":"status-publish","4":"has-post-thumbnail","6":"product_cat-more-sic-product","7":"product_cat-silicon-carbide-ceramic","9":"first","10":"instock","11":"product-type-simple"},"_links":{"self":[{"href":"https:\/\/www.cn-semiconductorparts.com\/pt\/wp-json\/wp\/v2\/product\/2205","targetHints":{"allow":["GET"]}}],"collection":[{"href":"https:\/\/www.cn-semiconductorparts.com\/pt\/wp-json\/wp\/v2\/product"}],"about":[{"href":"https:\/\/www.cn-semiconductorparts.com\/pt\/wp-json\/wp\/v2\/types\/product"}],"replies":[{"embeddable":true,"href":"https:\/\/www.cn-semiconductorparts.com\/pt\/wp-json\/wp\/v2\/comments?post=2205"}],"wp:featuredmedia":[{"embeddable":true,"href":"https:\/\/www.cn-semiconductorparts.com\/pt\/wp-json\/wp\/v2\/media\/930"}],"wp:attachment":[{"href":"https:\/\/www.cn-semiconductorparts.com\/pt\/wp-json\/wp\/v2\/media?parent=2205"}],"wp:term":[{"taxonomy":"product_brand","embeddable":true,"href":"https:\/\/www.cn-semiconductorparts.com\/pt\/wp-json\/wp\/v2\/product_brand?post=2205"},{"taxonomy":"product_cat","embeddable":true,"href":"https:\/\/www.cn-semiconductorparts.com\/pt\/wp-json\/wp\/v2\/product_cat?post=2205"},{"taxonomy":"product_tag","embeddable":true,"href":"https:\/\/www.cn-semiconductorparts.com\/pt\/wp-json\/wp\/v2\/product_tag?post=2205"}],"curies":[{"name":"wp","href":"https:\/\/api.w.org\/{rel}","templated":true}]}}