{"id":2207,"date":"2025-09-11T05:33:20","date_gmt":"2025-09-11T05:33:20","guid":{"rendered":"https:\/\/weitai2.globaldeepsea.site\/product\/semiconductor-recrystallized-silicon-carbide-boat\/"},"modified":"2026-04-29T15:28:20","modified_gmt":"2026-04-29T07:28:20","slug":"semiconductor-recrystallized-silicon-carbide-boat","status":"publish","type":"product","link":"https:\/\/www.cn-semiconductorparts.com\/pt\/product\/semiconductor-recrystallized-silicon-carbide-boat\/","title":{"rendered":"Semiconductor recrystallized silicon carbide boat"},"content":{"rendered":"<div class=\"fl-builder-content fl-builder-content-3517 fl-builder-content-primary fl-builder-global-templates-locked\" data-post-id=\"3517\">\n<div class=\"fl-row fl-row-full-width fl-row-bg-none fl-node-64e713f0cbbc0\" data-node=\"64e713f0cbbc0\">\n<div class=\"fl-row-content-wrap\">\n<div class=\"fl-row-content fl-row-full-width fl-node-content\">\n<div class=\"fl-col-group fl-node-64e713f0cbe0a\" data-node=\"64e713f0cbe0a\">\n<div class=\"fl-col fl-node-64e713f0cbe4c\" data-node=\"64e713f0cbe4c\" style=\"width: 100%;\">\n<div class=\"fl-col-content fl-node-content\">\n<div class=\"fl-module fl-module-rich-text fl-node-64e713f0cbe8f\" data-animation-delay=\"0.0\" data-node=\"64e713f0cbe8f\">\n<div class=\"fl-module-content fl-node-content\">\n<div class=\"fl-rich-text\">\n<p>O carboneto de sil\u00edcio \u00e9 um novo tipo de cer\u00e2mica com desempenho de alto custo e excelentes propriedades materiais. Devido a caracter\u00edsticas como alta resist\u00eancia e dureza, alta resist\u00eancia \u00e0 temperatura, grande condutividade t\u00e9rmica e resist\u00eancia \u00e0 corros\u00e3o qu\u00edmica, o carboneto de sil\u00edcio pode quase suportar todo o meio qu\u00edmico. Portanto, o SIC \u00e9 amplamente utilizado na minera\u00e7\u00e3o de petr\u00f3leo, qu\u00edmica, m\u00e1quinas e espa\u00e7o a\u00e9reo, at\u00e9 a energia nuclear e os militares t\u00eam suas demandas especiais ao SIC. Alguma aplica\u00e7\u00e3o normal que podemos oferecer s\u00e3o an\u00e9is de veda\u00e7\u00e3o para bomba, v\u00e1lvula e armadura de prote\u00e7\u00e3o etc.<\/p>\n<p>Somos capazes de projetar e fabricar de acordo com suas dimens\u00f5es espec\u00edficas, com boa qualidade e entrega razo\u00e1vel de tempo.\u00a0<\/p>\n<\/p><\/div>\n<\/p><\/div>\n<\/p><\/div>\n<\/p><\/div>\n<\/p><\/div>\n<\/p><\/div>\n<div class=\"fl-col-group fl-node-64e713f0cbed1\" data-node=\"64e713f0cbed1\">\n<div class=\"fl-col fl-node-64e713f0cbf14\" data-node=\"64e713f0cbf14\" style=\"width: 100%;\">\n<div class=\"fl-col-content fl-node-content\">\n<div class=\"fl-module fl-module-photo fl-node-64e713f0cbf57\" data-animation-delay=\"0.0\" data-node=\"64e713f0cbf57\">\n<div class=\"fl-module-content fl-node-content\">\n<div class=\"fl-photo fl-photo-align-center\" itemscope=\"\" itemtype=\"http:\/\/schema.org\/ImageObject\">\n<div class=\"fl-photo-content fl-photo-img-jpg\"> <img decoding=\"async\" alt=\"\u5fae\u4fe1\u56fe\u7247_20230719092847\" class=\"fl-photo-img wp-image-2331\" itemprop=\"image\" src=\"\/wp-content\/uploads\/2025\/09\/9cb15e6ca591879f.webp\"> <\/img><\/div>\n<\/p><\/div>\n<\/p><\/div>\n<\/p><\/div>\n<\/p><\/div>\n<\/p><\/div>\n<\/p><\/div>\n<div class=\"fl-col-group fl-node-64e713f0cbd43\" data-node=\"64e713f0cbd43\">\n<div class=\"fl-col fl-node-64e713f0cbd85 fl-col-small\" data-node=\"64e713f0cbd85\" style=\"width: 50%;\">\n<div class=\"fl-col-content fl-node-content\">\n<div class=\"fl-module fl-module-rich-text fl-node-64e713f0cbdc8\" data-animation-delay=\"0.0\" data-node=\"64e713f0cbdc8\">\n<div class=\"fl-module-content fl-node-content\">\n<div class=\"fl-rich-text\">\n<p><span style=\"font-family: Calibri;\">A<\/span>DVANTAGES:<\/p>\n<p>Resist\u00eancia a oxida\u00e7\u00e3o de alta temperatura<\/p>\n<p>Excelente resist\u00eancia \u00e0 corros\u00e3o<\/p>\n<p>Boa resist\u00eancia \u00e0 abras\u00e3o<\/p>\n<p>Alto coeficiente de condutividade t\u00e9rmica<br \/>Auto-lubrifica\u00e7\u00e3o, baixa densidade<br \/>Alta dureza<br \/>Design personalizado.<\/p>\n<\/p><\/div>\n<\/p><\/div>\n<\/p><\/div>\n<\/p><\/div>\n<\/p><\/div>\n<div class=\"fl-col fl-node-64e7141840ab5 fl-col-small\" data-node=\"64e7141840ab5\" style=\"width: 50%;\">\n<div class=\"fl-col-content fl-node-content\">\n<div class=\"fl-module fl-module-photo fl-node-64e713f0cc2d3\" data-animation-delay=\"0.0\" data-node=\"64e713f0cc2d3\">\n<div class=\"fl-module-content fl-node-content\">\n<div class=\"fl-photo fl-photo-align-center\" itemscope=\"\" itemtype=\"http:\/\/schema.org\/ImageObject\">\n<div class=\"fl-photo-content fl-photo-img-png\"> <img decoding=\"async\" alt=\"silicon carbide boat (8)\" class=\"fl-photo-img wp-image-3539\" itemprop=\"image\" src=\"\/wp-content\/uploads\/2025\/09\/32afce203576862d.webp\"> <\/img><\/div>\n<\/p><\/div>\n<\/p><\/div>\n<\/p><\/div>\n<\/p><\/div>\n<\/p><\/div>\n<\/p><\/div>\n<div class=\"fl-col-group fl-node-64e713f0cc246\" data-node=\"64e713f0cc246\">\n<div class=\"fl-col fl-node-64e71423ed33a\" data-node=\"64e71423ed33a\" style=\"width: 100%;\">\n<div class=\"fl-col-content fl-node-content\">\n<div class=\"fl-module fl-module-rich-text fl-node-64e71418404b7\" data-animation-delay=\"0.0\" data-node=\"64e71418404b7\">\n<div class=\"fl-module-content fl-node-content\">\n<div class=\"fl-rich-text\">\n<p>Aplica\u00e7\u00f5es:<\/p>\n<p>-Campo resistente ao desgaste: bucha, placa, bico de areia, forro de ciclone, barril de moagem, etc.\u2026<\/p>\n<p>-Campo de alta temperatura: laje SiC, tubo do forno de extin\u00e7\u00e3o, tubo radiante, cadinho, elemento de aquecimento, rolo, feixe, trocador de calor, tubo de ar frio, bico de queimador, tubo de prote\u00e7\u00e3o de termoples, barco sic, estrutura do carro do forno, setter, etc.<\/p>\n<p>-Campo de balas militar<\/p>\n<p>-Semicondutor de carboneto de sil\u00edcio: barco de bolacha sic, chuck sic, sic paddle, cassete sic, tubo de difus\u00e3o sic, garfo de wafer, placa de suc\u00e7\u00e3o, guia, etc.<\/p>\n<p>-Campo de veda\u00e7\u00e3o de carboneto de sil\u00edcio: todos os tipos de anel de veda\u00e7\u00e3o, rolamento, bucha, etc.<\/p>\n<p>-Campo fotovoltaico: remar em cantilever, barril de moagem, rolo de carboneto de sil\u00edcio, etc.<\/p>\n<p>-Campo da bateria de l\u00edtio<\/p>\n<\/p><\/div>\n<\/p><\/div>\n<\/p><\/div>\n<\/p><\/div>\n<\/p><\/div>\n<\/p><\/div>\n<div class=\"fl-col-group fl-node-64e713f0cc062\" data-node=\"64e713f0cc062\">\n<div class=\"fl-col fl-node-64e713f0cc0a2\" data-node=\"64e713f0cc0a2\" style=\"width: 100%;\">\n<div class=\"fl-col-content fl-node-content\">\n<div class=\"fl-module fl-module-heading fl-node-64e713f0cc0eb\" data-animation-delay=\"0.0\" data-node=\"64e713f0cc0eb\">\n<div class=\"fl-module-content fl-node-content\">\n<h3 class=\"fl-heading\"> <span class=\"fl-heading-text\">Par\u00e2metros t\u00e9cnicos:<\/span> <\/h3>\n<\/p><\/div>\n<\/p><\/div>\n<\/p><\/div>\n<\/p><\/div>\n<\/p><\/div>\n<div class=\"fl-col-group fl-node-64e713f0cbf9a\" data-node=\"64e713f0cbf9a\">\n<div class=\"fl-col fl-node-64e713f0cbfdc\" data-node=\"64e713f0cbfdc\" style=\"width: 100%;\">\n<div class=\"fl-col-content fl-node-content\">\n<div class=\"fl-module fl-module-photo fl-node-64e713f0cc01f\" data-animation-delay=\"0.0\" data-node=\"64e713f0cc01f\">\n<div class=\"fl-module-content fl-node-content\">\n<div class=\"fl-photo fl-photo-align-center\" itemscope=\"\" itemtype=\"http:\/\/schema.org\/ImageObject\">\n<div class=\"fl-photo-content fl-photo-img-png\"> <img decoding=\"async\" alt=\"Figura 2\" class=\"fl-photo-img wp-image-2332\" itemprop=\"image\" src=\"\/wp-content\/uploads\/2025\/09\/e16a8a56d25ff317.webp\"> <\/img><\/div>\n<\/p><\/div>\n<\/p><\/div>\n<\/p><\/div>\n<\/p><\/div>\n<\/p><\/div>\n<\/p><\/div>\n<div class=\"fl-col-group fl-node-64e713f0cbc8e\" data-node=\"64e713f0cbc8e\">\n<div class=\"fl-col fl-node-64e713f0cbcbd\" data-node=\"64e713f0cbcbd\" style=\"width: 100%;\">\n<div class=\"fl-col-content fl-node-content\">\n<div class=\"fl-module fl-module-gallery fl-node-64e713f0cbcff\" data-animation-delay=\"0.0\" data-node=\"64e713f0cbcff\">\n<div class=\"fl-module-content fl-node-content\">\n<div class=\"fl-mosaicflow\">\n<div class=\"fl-mosaicflow-content\">\n<div class=\"fl-mosaicflow-item\">\n<div class=\"fl-photo fl-photo-align-center\" itemscope=\"\" itemtype=\"http:\/\/schema.org\/ImageObject\">\n<div class=\"fl-photo-content fl-photo-img-png\"> <a href=\"\/pt\/uploads\/Silicon-carbide-crystal-boat-1.webp\/\" itemprop=\"url\" target=\"_self\"> <img decoding=\"async\" alt=\"Silicon carbide crystal boat (1)\" class=\"fl-photo-img wp-image-2806\" itemprop=\"image\" src=\"\/wp-content\/uploads\/2025\/09\/f2e8070ee2238675.webp\"> <\/img><\/a> <\/div>\n<\/p><\/div>\n<\/p><\/div>\n<div class=\"fl-mosaicflow-item\">\n<div class=\"fl-photo fl-photo-align-center\" itemscope=\"\" itemtype=\"http:\/\/schema.org\/ImageObject\">\n<div class=\"fl-photo-content fl-photo-img-png\"> <a href=\"\/pt\/uploads\/Silicon-carbide-crystal-boat-51.webp\/\" itemprop=\"url\" target=\"_self\"> <img decoding=\"async\" alt=\"Silicon carbide crystal boat (5)\" class=\"fl-photo-img wp-image-2808\" itemprop=\"image\" src=\"\/wp-content\/uploads\/2025\/09\/b647901442b4e11e.webp\"> <\/img><\/a> <\/div>\n<\/p><\/div>\n<\/p><\/div>\n<\/p><\/div>\n<div class=\"fl-clear\"><\/div>\n<\/p><\/div>\n<\/p><\/div>\n<\/p><\/div>\n<\/p><\/div>\n<\/p><\/div>\n<\/p><\/div>\n<div class=\"fl-col-group fl-node-64e713f0cc131\" data-node=\"64e713f0cc131\">\n<div class=\"fl-col fl-node-64e713f0cc176\" data-node=\"64e713f0cc176\" style=\"width: 100%;\">\n<div class=\"fl-col-content fl-node-content\">\n<div class=\"fl-module fl-module-heading fl-node-64e713f0cbc4a\" data-animation-delay=\"0.0\" data-node=\"64e713f0cbc4a\">\n<div class=\"fl-module-content fl-node-content\">\n<h3 class=\"fl-heading\"> <span class=\"fl-heading-text\">Material Datasheet<\/span> <\/h3>\n<\/p><\/div>\n<\/p><\/div>\n<\/p><\/div>\n<\/p><\/div>\n<\/p><\/div>\n<div class=\"fl-col-group fl-node-64e713f0cc1bb\" data-node=\"64e713f0cc1bb\">\n<div class=\"fl-col fl-node-64e713f0cc200\" data-node=\"64e713f0cc200\" style=\"width: 100%;\">\n<div class=\"fl-col-content fl-node-content\">\n<div class=\"fl-module fl-module-rich-text fl-node-64e713f0cbc06\" data-animation-delay=\"0.0\" data-node=\"64e713f0cbc06\">\n<div class=\"fl-module-content fl-node-content\">\n<div class=\"fl-rich-text\">\n<table border=\"0\" cellspacing=\"0\">\n<tbody>\n<tr>\n<td valign=\"center\" width=\"373\">\n<p><span style=\"font-family: \u5b8b\u4f53;\">\u6750\u6599<\/span><span style=\"font-family: Calibri;\">Material<\/span><\/p>\n<\/td>\n<td valign=\"center\" width=\"294\">\n<p>R-SiC<\/p>\n<\/td>\n<\/tr>\n<tr>\n<td valign=\"center\" width=\"373\">\n<p><span style=\"font-family: \u5b8b\u4f53;\">\u4f7f\u7528\u6e29\u5ea6<\/span><span style=\"font-family: Calibri;\">Working temperature (<\/span><span style=\"font-family: \u5b8b\u4f53;\">\u00b0<\/span><span style=\"font-family: Calibri;\">C)<\/span><\/p>\n<\/td>\n<td valign=\"center\" width=\"294\">\n<p>1600\u00b0C (\u00a0<span style=\"font-family: \u5b8b\u4f53;\">\u6c27\u5316\u6c14\u6c1b<\/span><span style=\"font-family: Calibri;\">Oxidizing environment)<\/span><\/p>\n<p>1700\u00b0C (\u00a0<span style=\"font-family: \u5b8b\u4f53;\">\u8fd8\u539f\u6c14\u6c1b<\/span><span style=\"font-family: Calibri;\">Reducing environment)<\/span><\/p>\n<\/td>\n<\/tr>\n<tr>\n<td valign=\"center\" width=\"373\">\n<p>SiC<span style=\"font-family: \u5b8b\u4f53;\">\u542b\u91cf<\/span><span style=\"font-family: Calibri;\">SiC content (%)<\/span><\/p>\n<\/td>\n<td valign=\"center\" width=\"294\">\n<p>&gt; 99<\/p>\n<\/td>\n<\/tr>\n<tr>\n<td valign=\"center\" width=\"373\">\n<p><span style=\"font-family: \u5b8b\u4f53;\">\u81ea\u7531<\/span><span style=\"font-family: Calibri;\">Si\u00a0<\/span><span style=\"font-family: \u5b8b\u4f53;\">\u542b\u91cf<\/span><span style=\"font-family: Calibri;\">Free Si content (%)<\/span><\/p>\n<\/td>\n<td valign=\"center\" width=\"294\">\n<p>&lt; 0.1<\/p>\n<\/td>\n<\/tr>\n<tr>\n<td valign=\"center\" width=\"373\">\n<p><span style=\"font-family: \u5b8b\u4f53;\">\u4f53\u79ef\u5bc6\u5ea6<\/span><span style=\"font-family: Calibri;\">Densidade em massa (g\/cm3)<\/span><\/p>\n<\/td>\n<td valign=\"center\" width=\"294\">\n<p>2.60-2.70<\/p>\n<\/td>\n<\/tr>\n<tr>\n<td valign=\"center\" width=\"373\">\n<p><span style=\"font-family: \u5b8b\u4f53;\">\u6c14\u5b54\u7387<\/span><span style=\"font-family: Calibri;\">Apparent porosity (%)<\/span><\/p>\n<\/td>\n<td valign=\"center\" width=\"294\">\n<p>&lt; 16<\/p>\n<\/td>\n<\/tr>\n<tr>\n<td valign=\"center\" width=\"373\">\n<p><span style=\"font-family: \u5b8b\u4f53;\">\u6297\u538b\u5f3a\u5ea6<\/span><span style=\"font-family: Calibri;\">Crushing strength (MPa)<\/span><\/p>\n<\/td>\n<td valign=\"center\" width=\"294\">\n<p>&gt; 600<\/p>\n<\/td>\n<\/tr>\n<tr>\n<td valign=\"center\" width=\"373\">\n<p><span style=\"font-family: \u5b8b\u4f53;\">\u5e38\u6e29\u6297\u5f2f\u5f3a\u5ea6<\/span><span style=\"font-family: Calibri;\">Cold bending strength (MPa)<\/span><\/p>\n<\/td>\n<td valign=\"center\" width=\"294\">\n<p>80-90 (20\u00b0C)<\/p>\n<\/td>\n<\/tr>\n<tr>\n<td valign=\"center\" width=\"373\">\n<p><span style=\"font-family: \u5b8b\u4f53;\">\u9ad8\u6e29\u6297\u5f2f\u5f3a\u5ea6<\/span><span style=\"font-family: Calibri;\">Hot bending strength (MPa)<\/span><\/p>\n<\/td>\n<td valign=\"center\" width=\"294\">\n<p>90-100 (1400\u00b0C)<\/p>\n<\/td>\n<\/tr>\n<tr>\n<td valign=\"center\" width=\"373\">\n<p><span style=\"font-family: \u5b8b\u4f53;\">\u70ed\u81a8\u80c0\u7cfb\u6570<\/span><\/p>\n<p>Thermal expansion coefficient @1500\u00b0C (10-6\/\u00b0C)<\/p>\n<\/td>\n<td valign=\"center\" width=\"294\">\n<p>4.70<\/p>\n<\/td>\n<\/tr>\n<tr>\n<td valign=\"center\" width=\"373\">\n<p><span style=\"font-family: \u5b8b\u4f53;\">\u5bfc\u70ed\u7cfb\u6570<\/span><span style=\"font-family: Calibri;\">Thermal conductivity @1200<\/span><span style=\"font-family: \u5b8b\u4f53;\">\u00b0<\/span><span style=\"font-family: Calibri;\">C (W\/m<\/span><span style=\"font-family: \u5b8b\u4f53;\">\u2022<\/span><span style=\"font-family: Calibri;\">K)<\/span><\/p>\n<\/td>\n<td valign=\"center\" width=\"294\">\n<p>23<\/p>\n<\/td>\n<\/tr>\n<tr>\n<td valign=\"center\" width=\"373\">\n<p><span style=\"font-family: \u5b8b\u4f53;\">\u6768\u6c0f\u6a21\u91cf<\/span><span style=\"font-family: Calibri;\">Elastic modulus (GPa)<\/span><\/p>\n<\/td>\n<td valign=\"center\" width=\"294\">\n<p>240<\/p>\n<\/td>\n<\/tr>\n<tr>\n<td valign=\"center\" width=\"373\">\n<p><span style=\"font-family: \u5b8b\u4f53;\">\u6297\u70ed\u9707\u6027<\/span><span style=\"font-family: Calibri;\">Resist\u00eancia ao choque t\u00e9rmico<\/span><\/p>\n<\/td>\n<td valign=\"center\" width=\"294\">\n<p><span style=\"font-family: \u5b8b\u4f53;\">\u5f88\u597d<\/span><span style=\"font-family: Calibri;\">Extremamente bom<\/span><\/p>\n<\/td>\n<\/tr>\n<\/tbody>\n<\/table><\/div>\n<\/p><\/div>\n<\/p><\/div>\n<\/p><\/div>\n<\/p><\/div>\n<\/p><\/div>\n<\/p><\/div>\n<\/p><\/div>\n<\/p><\/div>\n<\/div>","protected":false},"excerpt":{"rendered":"<p>Semicera\u00a0Energy Technology Co., Ltd. is a leading supplier specializing in wafer and advanced semiconductor consumables.We are dedicated to providing high-quality, reliable, and innovative products to semiconductor manufacturing,photovoltaic industryand other related fields.Our product line includes SiC\/TaC coated graphite products and ceramic products, encompassing various materials such as silicon carbide, silicon nitride, and aluminum oxide and etc.As a trusted supplier, we understand the importance of consumables in the manufacturing process, and we are committed to delivering products that meet the highest quality standards to fulfill our customers\u2019 needs.<\/p>","protected":false},"featured_media":1028,"comment_status":"closed","ping_status":"open","template":"","meta":[],"product_brand":[],"product_cat":[25,24],"product_tag":[],"class_list":{"0":"post-2207","1":"product","2":"type-product","3":"status-publish","4":"has-post-thumbnail","6":"product_cat-more-sic-product","7":"product_cat-silicon-carbide-ceramic","9":"first","10":"instock","11":"product-type-simple"},"_links":{"self":[{"href":"https:\/\/www.cn-semiconductorparts.com\/pt\/wp-json\/wp\/v2\/product\/2207","targetHints":{"allow":["GET"]}}],"collection":[{"href":"https:\/\/www.cn-semiconductorparts.com\/pt\/wp-json\/wp\/v2\/product"}],"about":[{"href":"https:\/\/www.cn-semiconductorparts.com\/pt\/wp-json\/wp\/v2\/types\/product"}],"replies":[{"embeddable":true,"href":"https:\/\/www.cn-semiconductorparts.com\/pt\/wp-json\/wp\/v2\/comments?post=2207"}],"wp:featuredmedia":[{"embeddable":true,"href":"https:\/\/www.cn-semiconductorparts.com\/pt\/wp-json\/wp\/v2\/media\/1028"}],"wp:attachment":[{"href":"https:\/\/www.cn-semiconductorparts.com\/pt\/wp-json\/wp\/v2\/media?parent=2207"}],"wp:term":[{"taxonomy":"product_brand","embeddable":true,"href":"https:\/\/www.cn-semiconductorparts.com\/pt\/wp-json\/wp\/v2\/product_brand?post=2207"},{"taxonomy":"product_cat","embeddable":true,"href":"https:\/\/www.cn-semiconductorparts.com\/pt\/wp-json\/wp\/v2\/product_cat?post=2207"},{"taxonomy":"product_tag","embeddable":true,"href":"https:\/\/www.cn-semiconductorparts.com\/pt\/wp-json\/wp\/v2\/product_tag?post=2207"}],"curies":[{"name":"wp","href":"https:\/\/api.w.org\/{rel}","templated":true}]}}