{"id":2208,"date":"2025-09-11T05:33:20","date_gmt":"2025-09-11T05:33:20","guid":{"rendered":"https:\/\/weitai2.globaldeepsea.site\/product\/high-precision-sic-ceramic-effector\/"},"modified":"2026-04-29T15:28:21","modified_gmt":"2026-04-29T07:28:21","slug":"high-precision-sic-ceramic-effector","status":"publish","type":"product","link":"https:\/\/www.cn-semiconductorparts.com\/pt\/product\/high-precision-sic-ceramic-effector\/","title":{"rendered":"High precision SiC ceramic effector"},"content":{"rendered":"<div class=\"fl-builder-content fl-builder-content-3385 fl-builder-content-primary fl-builder-global-templates-locked\" data-post-id=\"3385\">\n<div class=\"fl-row fl-row-full-width fl-row-bg-none fl-node-65531dac71da2\" data-node=\"65531dac71da2\">\n<div class=\"fl-row-content-wrap\">\n<div class=\"fl-row-content fl-row-full-width fl-node-content\">\n<div class=\"fl-col-group fl-node-65531dac71f5c\" data-node=\"65531dac71f5c\">\n<div class=\"fl-col fl-node-65531dac71f9b\" data-node=\"65531dac71f9b\" style=\"width: 100%;\">\n<div class=\"fl-col-content fl-node-content\">\n<div class=\"fl-module fl-module-photo fl-node-65531dac72018\" data-animation-delay=\"0.0\" data-node=\"65531dac72018\">\n<div class=\"fl-module-content fl-node-content\">\n<div class=\"fl-photo fl-photo-align-center\" itemscope=\"\" itemtype=\"http:\/\/schema.org\/ImageObject\">\n<div class=\"fl-photo-content fl-photo-img-png\"> <img decoding=\"async\" alt=\"12\" class=\"fl-photo-img wp-image-5126\" itemprop=\"image\" src=\"\/wp-content\/uploads\/2025\/09\/cbccbeaad20106b5.webp\"> <\/img><\/div>\n<\/p><\/div>\n<\/p><\/div>\n<\/p><\/div>\n<\/p><\/div>\n<\/p><\/div>\n<\/p><\/div>\n<div class=\"fl-col-group fl-node-65531dac72059\" data-node=\"65531dac72059\">\n<div class=\"fl-col fl-node-65531dac72097\" data-node=\"65531dac72097\" style=\"width: 100%;\">\n<div class=\"fl-col-content fl-node-content\">\n<div class=\"fl-module fl-module-rich-text fl-node-65531dac720d5\" data-animation-delay=\"0.0\" data-node=\"65531dac720d5\">\n<div class=\"fl-module-content fl-node-content\">\n<div class=\"fl-rich-text\">\n<p style=\"text-align: center;\">Caracter\u00edsticas e vantagens<\/p>\n<p>1.Precise Dimens\u00f5es e estabilidade t\u00e9rmica<\/p>\n<p>2. Alta rigidez espec\u00edfica e excelente uniformidade t\u00e9rmica, o uso a longo prazo n\u00e3o \u00e9 f\u00e1cil de dobrar deforma\u00e7\u00e3o;<\/p>\n<p>3. Tem uma superf\u00edcie lisa e boa resist\u00eancia ao desgaste, manuseando com seguran\u00e7a o chip sem contamina\u00e7\u00e3o por part\u00edculas.<\/p>\n<p>4. Resistividade de carboneto de sil\u00edcio em 106-108\u03a9, n\u00e3o magn\u00e9tico, de acordo com os requisitos de especifica\u00e7\u00e3o anti-ESD; Pode impedir o ac\u00famulo de eletricidade est\u00e1tica na superf\u00edcie do chip<\/p>\n<p>5. Boa condutividade t\u00e9rmica, baixo coeficiente de expans\u00e3o.<\/p>\n<\/p><\/div>\n<\/p><\/div>\n<\/p><\/div>\n<\/p><\/div>\n<\/p><\/div>\n<\/p><\/div>\n<div class=\"fl-col-group fl-node-65531dac72113\" data-node=\"65531dac72113\">\n<div class=\"fl-col fl-node-65531dac721ce fl-col-small\" data-node=\"65531dac721ce\" style=\"width: 50%;\">\n<div class=\"fl-col-content fl-node-content\">\n<div class=\"fl-module fl-module-photo fl-node-65531dac71fd9\" data-animation-delay=\"0.0\" data-node=\"65531dac71fd9\">\n<div class=\"fl-module-content fl-node-content\">\n<div class=\"fl-photo fl-photo-align-center\" itemscope=\"\" itemtype=\"http:\/\/schema.org\/ImageObject\">\n<div class=\"fl-photo-content fl-photo-img-png\"> <img decoding=\"async\" alt=\"Robot ARM EFEITOR\" class=\"fl-photo-img wp-image-5121\" itemprop=\"image\" src=\"\/wp-content\/uploads\/2025\/09\/41c37c626d219401.webp\"> <\/img><\/div>\n<\/p><\/div>\n<\/p><\/div>\n<\/p><\/div>\n<\/p><\/div>\n<\/p><\/div>\n<div class=\"fl-col fl-node-65531dac72152 fl-col-small\" data-node=\"65531dac72152\" style=\"width: 50%;\">\n<div class=\"fl-col-content fl-node-content\">\n<div class=\"fl-module fl-module-photo fl-node-65531dac72190\" data-animation-delay=\"0.0\" data-node=\"65531dac72190\">\n<div class=\"fl-module-content fl-node-content\">\n<div class=\"fl-photo fl-photo-align-center\" itemscope=\"\" itemtype=\"http:\/\/schema.org\/ImageObject\">\n<div class=\"fl-photo-content fl-photo-img-png\"> <img decoding=\"async\" alt=\"SiC End Eficetor\" class=\"fl-photo-img wp-image-5119\" itemprop=\"image\" src=\"\/wp-content\/uploads\/2025\/09\/7fbb185fd9c28a20.webp\"> <\/img><\/div>\n<\/p><\/div>\n<\/p><\/div>\n<\/p><\/div>\n<\/p><\/div>\n<\/p><\/div>\n<\/p><\/div>\n<div class=\"fl-col-group fl-node-65531dac71edf\" data-node=\"65531dac71edf\">\n<div class=\"fl-col fl-node-65531dac71f1e\" data-node=\"65531dac71f1e\" style=\"width: 100%;\">\n<div class=\"fl-col-content fl-node-content\">\n<div class=\"fl-module fl-module-photo fl-node-65531dac71de3\" data-animation-delay=\"0.0\" data-node=\"65531dac71de3\">\n<div class=\"fl-module-content fl-node-content\">\n<div class=\"fl-photo fl-photo-align-center\" itemscope=\"\" itemtype=\"http:\/\/schema.org\/ImageObject\">\n<div class=\"fl-photo-content fl-photo-img-png\"> <img decoding=\"async\" alt=\"Compara\u00e7\u00e3o de materiais de cer\u00e2mica sic\" class=\"fl-photo-img wp-image-2082\" itemprop=\"image\" src=\"\/wp-content\/uploads\/2025\/09\/56525b05fddbd22a.webp\"> <\/img><\/div>\n<\/p><\/div>\n<\/p><\/div>\n<\/p><\/div>\n<\/p><\/div>\n<\/p><\/div>\n<\/p><\/div>\n<div class=\"fl-col-group fl-node-65531dac71e22\" data-node=\"65531dac71e22\">\n<div class=\"fl-col fl-node-65531dac71e61\" data-node=\"65531dac71e61\" style=\"width: 100%;\">\n<div class=\"fl-col-content fl-node-content\">\n<div class=\"fl-module fl-module-photo fl-node-65531dac71ea0\" data-animation-delay=\"0.0\" data-node=\"65531dac71ea0\">\n<div class=\"fl-module-content fl-node-content\">\n<div class=\"fl-photo fl-photo-align-center\" itemscope=\"\" itemtype=\"http:\/\/schema.org\/ImageObject\">\n<div class=\"fl-photo-content fl-photo-img-png\"> <img decoding=\"async\" alt=\"ADFVZCVXCD\" class=\"fl-photo-img wp-image-1732\" itemprop=\"image\" src=\"\/wp-content\/uploads\/2025\/09\/b2c38ce1672f5a38.webp\"> <\/img><\/div>\n<\/p><\/div>\n<\/p><\/div>\n<\/p><\/div>\n<\/p><\/div>\n<\/p><\/div>\n<\/p><\/div>\n<\/p><\/div>\n<\/p><\/div>\n<\/p><\/div>\n<\/div>","protected":false},"excerpt":{"rendered":"<p>WeiTai Energy Technology Co., Ltd. is a leading supplier specializing in wafer and advanced semiconductor consumables.We are dedicated to providing high-quality, reliable, and innovative products to semiconductor manufacturing,photovoltaic industryand other related fields.Our product line includes SiC\/TaC coated graphite products and ceramic products, encompassing various materials such as silicon carbide, silicon nitride, and \u00d3xido de alum\u00ednio e etc. Como fornecedor confi\u00e1vel, entendemos a import\u00e2ncia dos consum\u00edveis no processo de fabrica\u00e7\u00e3o e estamos comprometidos em fornecer produtos que atendam aos padr\u00f5es da mais alta qualidade para atender \u00e0s necessidades de nossos clientes.<\/p>","protected":false},"featured_media":1249,"comment_status":"closed","ping_status":"open","template":"","meta":[],"product_brand":[],"product_cat":[25,24],"product_tag":[],"class_list":{"0":"post-2208","1":"product","2":"type-product","3":"status-publish","4":"has-post-thumbnail","6":"product_cat-more-sic-product","7":"product_cat-silicon-carbide-ceramic","9":"first","10":"instock","11":"product-type-simple"},"_links":{"self":[{"href":"https:\/\/www.cn-semiconductorparts.com\/pt\/wp-json\/wp\/v2\/product\/2208","targetHints":{"allow":["GET"]}}],"collection":[{"href":"https:\/\/www.cn-semiconductorparts.com\/pt\/wp-json\/wp\/v2\/product"}],"about":[{"href":"https:\/\/www.cn-semiconductorparts.com\/pt\/wp-json\/wp\/v2\/types\/product"}],"replies":[{"embeddable":true,"href":"https:\/\/www.cn-semiconductorparts.com\/pt\/wp-json\/wp\/v2\/comments?post=2208"}],"wp:featuredmedia":[{"embeddable":true,"href":"https:\/\/www.cn-semiconductorparts.com\/pt\/wp-json\/wp\/v2\/media\/1249"}],"wp:attachment":[{"href":"https:\/\/www.cn-semiconductorparts.com\/pt\/wp-json\/wp\/v2\/media?parent=2208"}],"wp:term":[{"taxonomy":"product_brand","embeddable":true,"href":"https:\/\/www.cn-semiconductorparts.com\/pt\/wp-json\/wp\/v2\/product_brand?post=2208"},{"taxonomy":"product_cat","embeddable":true,"href":"https:\/\/www.cn-semiconductorparts.com\/pt\/wp-json\/wp\/v2\/product_cat?post=2208"},{"taxonomy":"product_tag","embeddable":true,"href":"https:\/\/www.cn-semiconductorparts.com\/pt\/wp-json\/wp\/v2\/product_tag?post=2208"}],"curies":[{"name":"wp","href":"https:\/\/api.w.org\/{rel}","templated":true}]}}