{"id":2214,"date":"2025-09-11T05:33:27","date_gmt":"2025-09-11T05:33:27","guid":{"rendered":"https:\/\/weitai2.globaldeepsea.site\/product\/reaction-sintered-silicon-carbide-rolls\/"},"modified":"2026-04-29T15:28:07","modified_gmt":"2026-04-29T07:28:07","slug":"reaction-sintered-silicon-carbide-rolls","status":"publish","type":"product","link":"https:\/\/www.cn-semiconductorparts.com\/pt\/product\/reaction-sintered-silicon-carbide-rolls\/","title":{"rendered":"Reaction sintered silicon carbide rolls"},"content":{"rendered":"<div class=\"fl-builder-content fl-builder-content-3413 fl-builder-content-primary fl-builder-global-templates-locked\" data-post-id=\"3413\">\n<div class=\"fl-row fl-row-full-width fl-row-bg-none fl-node-64e5a83d8cf27\" data-node=\"64e5a83d8cf27\">\n<div class=\"fl-row-content-wrap\">\n<div class=\"fl-row-content fl-row-full-width fl-node-content\">\n<div class=\"fl-col-group fl-node-64e5a83d8cf66\" data-node=\"64e5a83d8cf66\">\n<div class=\"fl-col fl-node-64e5a83d8d099 fl-col-small\" data-node=\"64e5a83d8d099\" style=\"width: 43.33%;\">\n<div class=\"fl-col-content fl-node-content\">\n<div class=\"fl-module fl-module-photo fl-node-64e5a83d8d0d2\" data-animation-delay=\"0.0\" data-node=\"64e5a83d8d0d2\">\n<div class=\"fl-module-content fl-node-content\">\n<div class=\"fl-photo fl-photo-align-center\" itemscope=\"\" itemtype=\"http:\/\/schema.org\/ImageObject\">\n<div class=\"fl-photo-content fl-photo-img-png\"> <img decoding=\"async\" alt=\"Silicon Carbide Roller (3)\" class=\"fl-photo-img wp-image-3423\" itemprop=\"image\" src=\"\/wp-content\/uploads\/2025\/09\/9180d2d2d538e770.webp\"> <\/img><\/div>\n<\/p><\/div>\n<\/p><\/div>\n<\/p><\/div>\n<\/p><\/div>\n<\/p><\/div>\n<div class=\"fl-col fl-node-64e5a83d8cfa4\" data-node=\"64e5a83d8cfa4\" style=\"width: 56.67%;\">\n<div class=\"fl-col-content fl-node-content\">\n<div class=\"fl-module fl-module-rich-text fl-node-64e5a83d8d18a\" data-animation-delay=\"0.0\" data-node=\"64e5a83d8d18a\">\n<div class=\"fl-module-content fl-node-content\">\n<div class=\"fl-rich-text\">\n<p>O carboneto de sil\u00edcio \u00e9 um novo tipo de cer\u00e2mica com desempenho de alto custo e excelentes propriedades materiais. Devido a caracter\u00edsticas como alta resist\u00eancia e dureza, alta resist\u00eancia \u00e0 temperatura, grande condutividade t\u00e9rmica e resist\u00eancia \u00e0 corros\u00e3o qu\u00edmica, o carboneto de sil\u00edcio pode quase suportar todo o meio qu\u00edmico. Portanto, o SIC \u00e9 amplamente utilizado na minera\u00e7\u00e3o de petr\u00f3leo, qu\u00edmica, m\u00e1quinas e espa\u00e7o a\u00e9reo, at\u00e9 a energia nuclear e os militares t\u00eam suas demandas especiais ao SIC. Alguma aplica\u00e7\u00e3o normal que podemos oferecer s\u00e3o an\u00e9is de veda\u00e7\u00e3o para bomba, v\u00e1lvula e armadura de prote\u00e7\u00e3o etc.<\/p>\n<p>Somos capazes de projetar e fabricar de acordo com suas dimens\u00f5es espec\u00edficas, com boa qualidade e entrega razo\u00e1vel de tempo.\u00a0<\/p>\n<\/p><\/div>\n<\/p><\/div>\n<\/p><\/div>\n<\/p><\/div>\n<\/p><\/div>\n<\/p><\/div>\n<div class=\"fl-col-group fl-node-64e5a83d8d1c7\" data-node=\"64e5a83d8d1c7\">\n<div class=\"fl-col fl-node-64e5a83d8d204\" data-node=\"64e5a83d8d204\" style=\"width: 100%;\">\n<div class=\"fl-col-content fl-node-content\">\n<div class=\"fl-module fl-module-rich-text fl-node-64e5a83d8d14d\" data-animation-delay=\"0.0\" data-node=\"64e5a83d8d14d\">\n<div class=\"fl-module-content fl-node-content\">\n<div class=\"fl-rich-text\">\n<p data-section=\"0\">Rolo de carboneto de sil\u00edcio sinterizado sem press\u00e3o, Produtos de cer\u00e2mica de carboneto de sil\u00edcio sinterizado por press\u00e3o atmosf\u00e9rica, o uso de p\u00f3 de carboneto de sil\u00edcio de alta pureza de alta pureza, sinterizado a 2450 \u2103 Alta temperatura, carboneto de silicone n\u00e3o mais de 99.11, como densidade do produto \u22653.10g\/CM3.<\/p>\n<p data-section=\"2\">\u25ba Conte\u00fado de carboneto de sil\u00edcio - \u226599%;<\/p>\n<p data-section=\"4\">\u25ba Resist\u00eancia a alta temperatura - uso normal em 1800 \u2103;<\/p>\n<p data-section=\"6\">\u25ba Alta condutividade t\u00e9rmica - compar\u00e1vel \u00e0 condutividade t\u00e9rmica de materiais de grafite;<\/p>\n<p data-section=\"8\">\u25ba Alta dureza - dureza, segundo apenas para diamante, nitreto de boro c\u00fabico;<\/p>\n<p data-section=\"10\">\u25ba Resist\u00eancia \u00e0 corros\u00e3o - O \u00e1cido forte e os \u00e1lcalis n\u00e3o apresentam corros\u00e3o, a resist\u00eancia \u00e0 corros\u00e3o \u00e9 melhor que o carboneto de tungst\u00eanio e a alumina;<\/p>\n<p data-section=\"12\">\u25ba Peso leve - densidade 3,10g\/cm3, pr\u00f3ximo ao alum\u00ednio;<\/p>\n<p data-section=\"14\">\u25ba Nenhuma deforma\u00e7\u00e3o - coeficiente muito pequeno de expans\u00e3o t\u00e9rmica;<\/p>\n<p data-section=\"16\">\u25ba Resist\u00eancia ao choque t\u00e9rmico - O material pode suportar mudan\u00e7as r\u00e1pidas de temperatura, resist\u00eancia ao choque t\u00e9rmico, resist\u00eancia ao frio e calor, desempenho est\u00e1vel.<\/p>\n<\/p><\/div>\n<\/p><\/div>\n<\/p><\/div>\n<\/p><\/div>\n<\/p><\/div>\n<\/p><\/div>\n<div class=\"fl-col-group fl-node-64e5a854bb849\" data-node=\"64e5a854bb849\">\n<div class=\"fl-col fl-node-64e5a854bb9da\" data-node=\"64e5a854bb9da\" style=\"width: 100%;\">\n<div class=\"fl-col-content fl-node-content\">\n<div class=\"fl-module fl-module-gallery fl-node-64e5a854bb6f9\" data-animation-delay=\"0.0\" data-node=\"64e5a854bb6f9\">\n<div class=\"fl-module-content fl-node-content\">\n<div class=\"fl-mosaicflow\">\n<div class=\"fl-mosaicflow-content\">\n<div class=\"fl-mosaicflow-item\">\n<div class=\"fl-photo fl-photo-align-center\" itemscope=\"\" itemtype=\"http:\/\/schema.org\/ImageObject\">\n<div class=\"fl-photo-content fl-photo-img-png\"> <a href=\"\/pt\/uploads\/Silicon-Carbide-Roller-2.webp\/\" itemprop=\"url\" target=\"_self\"> <img decoding=\"async\" alt=\"Silicon Carbide Roller (2)\" class=\"fl-photo-img wp-image-3425\" itemprop=\"image\" src=\"\/wp-content\/uploads\/2025\/09\/caac4d299af333fd.webp\"> <\/img><\/a> <\/div>\n<\/p><\/div>\n<\/p><\/div>\n<div class=\"fl-mosaicflow-item\">\n<div class=\"fl-photo fl-photo-align-center\" itemscope=\"\" itemtype=\"http:\/\/schema.org\/ImageObject\">\n<div class=\"fl-photo-content fl-photo-img-png\"> <a href=\"\/pt\/uploads\/Silicon-Carbide-Roller-31.webp\/\" itemprop=\"url\" target=\"_self\"> <img decoding=\"async\" alt=\"Silicon Carbide Roller (3)\" class=\"fl-photo-img wp-image-3426\" itemprop=\"image\" src=\"\/wp-content\/uploads\/2025\/09\/b429da6b6ebfccba.webp\"> <\/img><\/a> <\/div>\n<\/p><\/div>\n<\/p><\/div>\n<\/p><\/div>\n<div class=\"fl-clear\"><\/div>\n<\/p><\/div>\n<\/p><\/div>\n<\/p><\/div>\n<\/p><\/div>\n<\/p><\/div>\n<\/p><\/div>\n<div class=\"fl-col-group fl-node-64e5a83d8cfe1\" data-node=\"64e5a83d8cfe1\">\n<div class=\"fl-col fl-node-64e5a83d8d01e fl-col-has-cols\" data-node=\"64e5a83d8d01e\" style=\"width: 100%;\">\n<div class=\"fl-col-content fl-node-content\">\n<div class=\"fl-module fl-module-heading fl-node-64e5a83d8d05c\" data-animation-delay=\"0.0\" data-node=\"64e5a83d8d05c\">\n<div class=\"fl-module-content fl-node-content\">\n<h3 class=\"fl-heading\"> <span class=\"fl-heading-text\">Par\u00e2metros t\u00e9cnicos:<\/span> <\/h3>\n<\/p><\/div>\n<\/p><\/div>\n<div class=\"fl-col-group fl-node-64e5a83d8d241 fl-col-group-nested\" data-node=\"64e5a83d8d241\">\n<div class=\"fl-col fl-node-64e5a83d8d110\" data-node=\"64e5a83d8d110\" style=\"width: 100%;\">\n<div class=\"fl-col-content fl-node-content\">\n<div class=\"fl-module fl-module-photo fl-node-64e5a87fc1a96\" data-animation-delay=\"0.0\" data-node=\"64e5a87fc1a96\">\n<div class=\"fl-module-content fl-node-content\">\n<div class=\"fl-photo fl-photo-align-center\" itemscope=\"\" itemtype=\"http:\/\/schema.org\/ImageObject\">\n<div class=\"fl-photo-content fl-photo-img-png\"> <img decoding=\"async\" alt=\"Par\u00e2metros de carboneto de sil\u00edcio\" class=\"fl-photo-img wp-image-3336\" itemprop=\"image\" src=\"\/wp-content\/uploads\/2025\/09\/bd315bb4aa989ceb.webp\"> <\/img><\/div>\n<\/p><\/div>\n<\/p><\/div>\n<\/p><\/div>\n<\/p><\/div>\n<\/p><\/div>\n<\/p><\/div>\n<\/p><\/div>\n<\/p><\/div>\n<\/p><\/div>\n<\/p><\/div>\n<\/p><\/div>\n<\/p><\/div>\n<\/div>","protected":false},"excerpt":{"rendered":"<p>Semicera\u2019s reaction-sintered silicon carbide rollers are designed for high-performance applications and have excellent wear resistance and thermal stability. These rollers are manufactured using advanced sintering technology to ensure excellent durability and service life in demanding environments. Semicera is committed to providing high-quality products that meet your specific needs, making these silicon carbide rollers a reliable choice for a variety of industrial applications. Semicera looks forward to being your long-term partner in China.<\/p>","protected":false},"featured_media":634,"comment_status":"closed","ping_status":"open","template":"","meta":[],"product_brand":[],"product_cat":[54,26],"product_tag":[],"class_list":{"0":"post-2214","1":"product","2":"type-product","3":"status-publish","4":"has-post-thumbnail","6":"product_cat-gallium-oxide-ga203","7":"product_cat-wafer","9":"first","10":"instock","11":"product-type-simple"},"_links":{"self":[{"href":"https:\/\/www.cn-semiconductorparts.com\/pt\/wp-json\/wp\/v2\/product\/2214","targetHints":{"allow":["GET"]}}],"collection":[{"href":"https:\/\/www.cn-semiconductorparts.com\/pt\/wp-json\/wp\/v2\/product"}],"about":[{"href":"https:\/\/www.cn-semiconductorparts.com\/pt\/wp-json\/wp\/v2\/types\/product"}],"replies":[{"embeddable":true,"href":"https:\/\/www.cn-semiconductorparts.com\/pt\/wp-json\/wp\/v2\/comments?post=2214"}],"wp:featuredmedia":[{"embeddable":true,"href":"https:\/\/www.cn-semiconductorparts.com\/pt\/wp-json\/wp\/v2\/media\/634"}],"wp:attachment":[{"href":"https:\/\/www.cn-semiconductorparts.com\/pt\/wp-json\/wp\/v2\/media?parent=2214"}],"wp:term":[{"taxonomy":"product_brand","embeddable":true,"href":"https:\/\/www.cn-semiconductorparts.com\/pt\/wp-json\/wp\/v2\/product_brand?post=2214"},{"taxonomy":"product_cat","embeddable":true,"href":"https:\/\/www.cn-semiconductorparts.com\/pt\/wp-json\/wp\/v2\/product_cat?post=2214"},{"taxonomy":"product_tag","embeddable":true,"href":"https:\/\/www.cn-semiconductorparts.com\/pt\/wp-json\/wp\/v2\/product_tag?post=2214"}],"curies":[{"name":"wp","href":"https:\/\/api.w.org\/{rel}","templated":true}]}}