{"id":2218,"date":"2025-09-11T05:33:27","date_gmt":"2025-09-11T05:33:27","guid":{"rendered":"https:\/\/weitai2.globaldeepsea.site\/product\/laser-microjet-cutting-lmj-equipment-can-be-used-in-the-semiconductor-industry\/"},"modified":"2026-04-29T15:28:09","modified_gmt":"2026-04-29T07:28:09","slug":"laser-microjet-cutting-lmj-equipment-can-be-used-in-the-semiconductor-industry","status":"publish","type":"product","link":"https:\/\/www.cn-semiconductorparts.com\/pt\/product\/laser-microjet-cutting-lmj-equipment-can-be-used-in-the-semiconductor-industry\/","title":{"rendered":"Laser microjet cutting (LMJ) equipment can be used in the semiconductor industry"},"content":{"rendered":"<p><?xml encoding=\"utf-8\" ?><\/p>\n<div class=\"fl-builder-content fl-builder-content-3144 fl-builder-content-primary fl-builder-global-templates-locked\" data-post-id=\"3144\">\n<div class=\"fl-row fl-row-full-width fl-row-bg-none fl-node-64dedb058e013\" data-node=\"64dedb058e013\">\n<div class=\"fl-row-content-wrap\">\n<div class=\"fl-row-content fl-row-full-width fl-node-content\">\n<div class=\"fl-col-group fl-node-64dedb058e052\" data-node=\"64dedb058e052\">\n<div class=\"fl-col fl-node-64dedb058e06d\" data-node=\"64dedb058e06d\" style=\"width: 100%;\">\n<div class=\"fl-col-content fl-node-content\">\n<div class=\"fl-module fl-module-heading fl-node-64dedb058e0e7\" data-animation-delay=\"0.0\" data-node=\"64dedb058e0e7\">\n<div class=\"fl-module-content fl-node-content\">\n<h3 class=\"fl-heading\"> <span class=\"fl-heading-text\">Vantagens do processamento de LMJ<\/span> <\/h3>\n<\/p><\/div>\n<\/p><\/div>\n<div class=\"fl-module fl-module-rich-text fl-node-64dedb058e0aa\" data-animation-delay=\"0.0\" data-node=\"64dedb058e0aa\">\n<div class=\"fl-module-content fl-node-content\">\n<div class=\"fl-rich-text\">\n<p>Os defeitos inerentes ao processamento regular a laser podem ser superados pelo uso inteligente da tecnologia Micro Jet (LMJ) a laser a laser para propagar as caracter\u00edsticas \u00f3pticas da \u00e1gua e do ar. Essa tecnologia permite que os pulsos a laser refletiram totalmente no jato de \u00e1gua de alta pureza processado de maneira n\u00e3o perturbada para atingir a superf\u00edcie da usinagem como na fibra \u00f3ptica.&nbsp;<\/p>\n<\/p><\/div>\n<\/p><\/div>\n<\/p><\/div>\n<\/p><\/div>\n<\/p><\/div>\n<\/p><\/div>\n<div class=\"fl-col-group fl-node-64dedb058e63a\" data-node=\"64dedb058e63a\">\n<div class=\"fl-col fl-node-64dedb058e677\" data-node=\"64dedb058e677\" style=\"width: 100%;\">\n<div class=\"fl-col-content fl-node-content\">\n<div class=\"fl-module fl-module-photo fl-node-64dedb058e6b4\" data-animation-delay=\"0.0\" data-node=\"64dedb058e6b4\">\n<div class=\"fl-module-content fl-node-content\">\n<div class=\"fl-photo fl-photo-align-center\" itemscope=\"\" itemtype=\"http:\/\/schema.org\/ImageObject\">\n<div class=\"fl-photo-content fl-photo-img-png\"> <img decoding=\"async\" alt=\"Equipamento de processamento a laser de microjet-3-3\" class=\"fl-photo-img wp-image-3159\" itemprop=\"image\" src=\"\/wp-content\/uploads\/2025\/09\/746c53b80ded3f79.webp\"> <\/div>\n<\/p><\/div>\n<\/p><\/div>\n<\/p><\/div>\n<\/p><\/div>\n<\/p><\/div>\n<\/p><\/div>\n<div class=\"fl-col-group fl-node-64dedb058e1db\" data-node=\"64dedb058e1db\">\n<div class=\"fl-col fl-node-64dedb058e218\" data-node=\"64dedb058e218\" style=\"width: 100%;\">\n<div class=\"fl-col-content fl-node-content\">\n<div class=\"fl-module fl-module-photo fl-node-64dedb058e255\" data-animation-delay=\"0.0\" data-node=\"64dedb058e255\">\n<div class=\"fl-module-content fl-node-content\">\n<div class=\"fl-photo fl-photo-align-center\" itemscope=\"\" itemtype=\"http:\/\/schema.org\/ImageObject\">\n<div class=\"fl-photo-content fl-photo-img-png\"> <img decoding=\"async\" alt=\"fcghjdxfrg\" class=\"fl-photo-img wp-image-3155\" itemprop=\"image\" src=\"\/wp-content\/uploads\/2025\/09\/ebb692f96f04de41.webp\"> <\/div>\n<\/p><\/div>\n<\/p><\/div>\n<\/p><\/div>\n<\/p><\/div>\n<\/p><\/div>\n<\/p><\/div>\n<div class=\"fl-col-group fl-node-64dedb058e124\" data-node=\"64dedb058e124\">\n<div class=\"fl-col fl-node-64dedb058e161\" data-node=\"64dedb058e161\" style=\"width: 55.89%;\">\n<div class=\"fl-col-content fl-node-content\">\n<div class=\"fl-module fl-module-rich-text fl-node-64dedb058e19e\" data-animation-delay=\"0.0\" data-node=\"64dedb058e19e\">\n<div class=\"fl-module-content fl-node-content\">\n<div class=\"fl-rich-text\">\n<p>As principais caracter\u00edsticas da tecnologia LMJ s\u00e3o:<\/p>\n<p>1. O feixe de laser \u00e9 uma estrutura colunar (paralela).<\/p>\n<p>2. O pulso do laser \u00e9 transmitido no jato de \u00e1gua como uma fibra \u00f3ptica, sem nenhuma interfer\u00eancia ambiental.<\/p>\n<p>3. O feixe de laser est\u00e1 focado no equipamento LMJ, e a altura da superf\u00edcie usinada n\u00e3o muda durante todo o processo de processamento, portanto, n\u00e3o precisa continuar se concentrando na mudan\u00e7a da profundidade do processamento durante o processamento.<\/p>\n<p>4. Limpe a superf\u00edcie continuamente.<\/p>\n<\/p><\/div>\n<\/p><\/div>\n<\/p><\/div>\n<\/p><\/div>\n<\/p><\/div>\n<div class=\"fl-col fl-node-64dedb058e453 fl-col-small\" data-node=\"64dedb058e453\" style=\"width: 44.11%;\">\n<div class=\"fl-col-content fl-node-content\">\n<div class=\"fl-module fl-module-photo fl-node-64dedb058e402\" data-animation-delay=\"0.0\" data-node=\"64dedb058e402\">\n<div class=\"fl-module-content fl-node-content\">\n<div class=\"fl-photo fl-photo-align-center\" itemscope=\"\" itemtype=\"http:\/\/schema.org\/ImageObject\">\n<div class=\"fl-photo-content fl-photo-img-jpg\"> <img decoding=\"async\" alt=\"Micro-Jet Laser Cutting Technolgoy (1)\" class=\"fl-photo-img wp-image-3145\" itemprop=\"image\" src=\"\/wp-content\/uploads\/2025\/09\/f1b000816445a0fe.webp\"> <\/div>\n<\/p><\/div>\n<\/p><\/div>\n<\/p><\/div>\n<\/p><\/div>\n<\/p><\/div>\n<\/p><\/div>\n<div class=\"fl-col-group fl-node-64dedb058e491\" data-node=\"64dedb058e491\">\n<div class=\"fl-col fl-node-64dedb058e4ce\" data-node=\"64dedb058e4ce\" style=\"width: 100%;\">\n<div class=\"fl-col-content fl-node-content\">\n<div class=\"fl-module fl-module-rich-text fl-node-64dedb058e50a\" data-animation-delay=\"0.0\" data-node=\"64dedb058e50a\">\n<div class=\"fl-module-content fl-node-content\">\n<div class=\"fl-rich-text\">\n<p>5. Al\u00e9m da abla\u00e7\u00e3o do material da pe\u00e7a de trabalho por cada pulso do laser, a cada tempo unit\u00e1rio desde o in\u00edcio de cada pulso at\u00e9 o pr\u00f3ximo pulso, o material processado est\u00e1 no estado de \u00e1gua de resfriamento em tempo real por cerca de 99% da \u00e9poca, o que quase elimina a zona afetada pelo calor e a camada de remando, mas mant\u00e9m a alta efici\u00eancia do processamento.<\/p>\n<\/p><\/div>\n<\/p><\/div>\n<\/p><\/div>\n<\/p><\/div>\n<\/p><\/div>\n<\/p><\/div>\n<div class=\"fl-col-group fl-node-64dedb058e292\" data-node=\"64dedb058e292\">\n<div class=\"fl-col fl-node-64dedb058e2d0\" data-node=\"64dedb058e2d0\" style=\"width: 100%;\">\n<div class=\"fl-col-content fl-node-content\">\n<div class=\"fl-module fl-module-photo fl-node-64dedb058e30d\" data-animation-delay=\"0.0\" data-node=\"64dedb058e30d\">\n<div class=\"fl-module-content fl-node-content\">\n<div class=\"fl-photo fl-photo-align-center\" itemscope=\"\" itemtype=\"http:\/\/schema.org\/ImageObject\">\n<div class=\"fl-photo-content fl-photo-img-png\"> <img decoding=\"async\" alt=\"ZSDFGAFDEG\" class=\"fl-photo-img wp-image-3154\" itemprop=\"image\" src=\"\/wp-content\/uploads\/2025\/09\/03ed4326892069ac.webp\"> <\/div>\n<\/p><\/div>\n<\/p><\/div>\n<\/p><\/div>\n<\/p><\/div>\n<\/p><\/div>\n<\/p><\/div>\n<div class=\"fl-col-group fl-node-64dedc07aa47d\" data-node=\"64dedc07aa47d\">\n<div class=\"fl-col fl-node-64dedc07aa64a\" data-node=\"64dedc07aa64a\" style=\"width: 100%;\">\n<div class=\"fl-col-content fl-node-content\">\n<div class=\"fl-module fl-module-rich-text fl-node-64dedc07aa323\" data-animation-delay=\"0.0\" data-node=\"64dedc07aa323\">\n<div class=\"fl-module-content fl-node-content\">\n<div class=\"fl-rich-text\">\n<table border=\"1\" cellspacing=\"0\">\n<tbody>\n<tr>\n<td valign=\"top\" width=\"215\">\n<p align=\"center\">Especifica\u00e7\u00e3o geral<\/p>\n<\/td>\n<td valign=\"top\" width=\"275\">\n<p align=\"center\"><span style=\"font-family: Calibri;\">LCSA-100<\/span><\/p>\n<\/td>\n<td valign=\"top\" width=\"224\">\n<p align=\"center\"><span style=\"font-family: Calibri;\">LCSA-200<\/span><\/p>\n<\/td>\n<\/tr>\n<tr>\n<td valign=\"top\" width=\"215\">\n<p align=\"center\"><span style=\"font-family: 'Segoe UI';\">Volume de bancada<\/span><\/p>\n<\/td>\n<td valign=\"top\" width=\"275\">\n<p align=\"center\"><span style=\"font-family: 'Segoe UI';\">125 x 200 x 100<\/span><\/p>\n<\/td>\n<td valign=\"top\" width=\"224\">\n<p align=\"center\"><span style=\"font-family: 'Segoe UI';\">460&times;460&times;300<\/span><\/p>\n<\/td>\n<\/tr>\n<tr>\n<td valign=\"top\" width=\"215\">\n<p align=\"center\"><span style=\"font-family: 'Segoe UI';\">Eixo linear XY<\/span><\/p>\n<\/td>\n<td valign=\"top\" width=\"275\">\n<p align=\"center\"><span style=\"font-family: 'Segoe UI';\">Motor linear. Motor linear<\/span><\/p>\n<\/td>\n<td valign=\"top\" width=\"224\">\n<p align=\"center\"><span style=\"font-family: 'Segoe UI';\">Motor linear. Motor linear<\/span><\/p>\n<\/td>\n<\/tr>\n<tr>\n<td valign=\"top\" width=\"215\">\n<p align=\"center\"><span style=\"font-family: 'Segoe UI';\">Eixo linear z<\/span><\/p>\n<\/td>\n<td valign=\"top\" width=\"275\">\n<p align=\"center\"><span style=\"font-family: 'Segoe UI';\">100<\/span><\/p>\n<\/td>\n<td valign=\"top\" width=\"224\">\n<p align=\"center\"><span style=\"font-family: 'Segoe UI';\">300<\/span><\/p>\n<\/td>\n<\/tr>\n<tr>\n<td valign=\"top\" width=\"215\">\n<p align=\"center\"><span style=\"font-family: 'Segoe UI';\">Positioning accuracy &mu;m<\/span><\/p>\n<\/td>\n<td valign=\"top\" width=\"275\">\n<p align=\"center\"><span style=\"font-family: 'Segoe UI';\">+ \/ &#8211; 5<\/span><\/p>\n<\/td>\n<td valign=\"top\" width=\"224\">\n<p align=\"center\"><span style=\"font-family: 'Segoe UI';\">+ \/ &#8211; 3<\/span><\/p>\n<\/td>\n<\/tr>\n<tr>\n<td valign=\"top\" width=\"215\">\n<p align=\"center\"><span style=\"font-family: 'Segoe UI';\">Repeated positioning accuracy &mu;m<\/span><\/p>\n<\/td>\n<td valign=\"top\" width=\"275\">\n<p align=\"center\"><span style=\"font-family: 'Segoe UI';\">+ \/ &#8211; 2<\/span><\/p>\n<\/td>\n<td valign=\"top\" width=\"224\">\n<p align=\"center\"><span style=\"font-family: 'Segoe UI';\">+ \/ &#8211; 1<\/span><\/p>\n<\/td>\n<\/tr>\n<tr>\n<td valign=\"top\" width=\"215\">\n<p align=\"center\"><span style=\"font-family: 'Segoe UI';\">Acelera\u00e7\u00e3o g<\/span><\/p>\n<\/td>\n<td valign=\"top\" width=\"275\">\n<p align=\"center\"><span style=\"font-family: 'Segoe UI';\">0.5<\/span><\/p>\n<\/td>\n<td valign=\"top\" width=\"224\">\n<p align=\"center\"><span style=\"font-family: Calibri;\">1<\/span><\/p>\n<\/td>\n<\/tr>\n<tr>\n<td valign=\"top\" width=\"215\">\n<p align=\"center\"><span style=\"font-family: 'Segoe UI';\">Controle num\u00e9rico<\/span><\/p>\n<\/td>\n<td valign=\"top\" width=\"275\">\n<p align=\"center\"><span style=\"font-family: 'Segoe UI';\">3-axis<\/span><\/p>\n<\/td>\n<td valign=\"top\" width=\"224\">\n<p align=\"center\"><span style=\"font-family: 'Segoe UI';\">3-axis<\/span><\/p>\n<\/td>\n<\/tr>\n<tr>\n<td valign=\"top\" width=\"215\">\n<p align=\"center\"><span style=\"font-family: 'Segoe UI';\">L<\/span><span style=\"font-family: 'Segoe UI';\">ASER<\/span><\/p>\n<\/td>\n<td valign=\"top\" width=\"275\">\n<p align=\"center\">&nbsp;<\/p>\n<\/td>\n<td valign=\"top\" width=\"224\">\n<p align=\"center\">&nbsp;<\/p>\n<\/td>\n<\/tr>\n<tr>\n<td valign=\"top\" width=\"215\">\n<p align=\"center\"><span style=\"font-family: 'Segoe UI';\">Tipo de laser<\/span><\/p>\n<\/td>\n<td valign=\"top\" width=\"275\">\n<p align=\"center\"><span style=\"font-family: 'Segoe UI';\">DPSS ND: YAG<\/span><\/p>\n<\/td>\n<td valign=\"top\" width=\"224\">\n<p align=\"center\"><span style=\"font-family: 'Segoe UI';\">DPSS nd: yag, pulso<\/span><\/p>\n<\/td>\n<\/tr>\n<tr>\n<td valign=\"top\" width=\"215\">\n<p align=\"center\"><span style=\"font-family: 'Segoe UI';\">Comprimento de onda nm<\/span><\/p>\n<\/td>\n<td valign=\"top\" width=\"275\">\n<p align=\"center\"><span style=\"font-family: 'Segoe UI';\">532\/1064<\/span><\/p>\n<\/td>\n<td valign=\"top\" width=\"224\">\n<p align=\"center\"><span style=\"font-family: 'Segoe UI';\">532\/1064<\/span><\/p>\n<\/td>\n<\/tr>\n<tr>\n<td valign=\"top\" width=\"215\">\n<p align=\"center\"><span style=\"font-family: 'Segoe UI';\">Poder nominal w<\/span><\/p>\n<\/td>\n<td valign=\"top\" width=\"275\">\n<p align=\"center\"><span style=\"font-family: 'Segoe UI';\">50\/100\/200<\/span><\/p>\n<\/td>\n<td valign=\"top\" width=\"224\">\n<p align=\"center\"><span style=\"font-family: 'Segoe UI';\">200\/400<\/span><\/p>\n<\/td>\n<\/tr>\n<tr>\n<td valign=\"top\" width=\"215\">\n<p align=\"center\"><span style=\"font-family: 'Segoe UI';\">Jato de \u00e1gua<\/span><\/p>\n<\/td>\n<td valign=\"top\" width=\"275\">\n<p align=\"center\">&nbsp;<\/p>\n<\/td>\n<td valign=\"top\" width=\"224\">\n<p align=\"center\">&nbsp;<\/p>\n<\/td>\n<\/tr>\n<tr>\n<td valign=\"top\" width=\"215\">\n<p align=\"center\"><span style=\"font-family: 'Segoe UI';\">Nozzle diameter &mu;m<\/span><\/p>\n<\/td>\n<td valign=\"top\" width=\"275\">\n<p align=\"center\"><span style=\"font-family: 'Segoe UI';\">25-80<\/span><\/p>\n<\/td>\n<td valign=\"top\" width=\"224\">\n<p align=\"center\"><span style=\"font-family: 'Segoe UI';\">25-80<\/span><\/p>\n<\/td>\n<\/tr>\n<tr>\n<td valign=\"top\" width=\"215\">\n<p align=\"center\"><span style=\"font-family: 'Segoe UI';\">Barra de press\u00e3o do bico<\/span><\/p>\n<\/td>\n<td valign=\"top\" width=\"275\">\n<p align=\"center\"><span style=\"font-family: 'Segoe UI';\">100-600<\/span><\/p>\n<\/td>\n<td valign=\"top\" width=\"224\">\n<p align=\"center\"><span style=\"font-family: 'Segoe UI';\">0-600<\/span><\/p>\n<\/td>\n<\/tr>\n<tr>\n<td valign=\"top\" width=\"215\">\n<p align=\"center\"><span style=\"font-family: 'Segoe UI';\">Tamanho\/peso<\/span><\/p>\n<\/td>\n<td valign=\"top\" width=\"275\">\n<p align=\"center\">&nbsp;<\/p>\n<\/td>\n<td valign=\"top\" width=\"224\">\n<p align=\"center\">&nbsp;<\/p>\n<\/td>\n<\/tr>\n<tr>\n<td valign=\"top\" width=\"215\">\n<p align=\"center\"><span style=\"font-family: 'Segoe UI';\">Dimens\u00f5es (m\u00e1quina)<\/span>&nbsp;<span style=\"font-family: 'Segoe UI';\">(W x l x h)<\/span><\/p>\n<\/td>\n<td valign=\"top\" width=\"275\">\n<p align=\"center\"><span style=\"font-family: 'Segoe UI';\">1050 x 800 x 1870<\/span><\/p>\n<\/td>\n<td valign=\"top\" width=\"224\">\n<p align=\"center\"><span style=\"font-family: 'Segoe UI';\">1200 x 1200 x 2000<\/span><\/p>\n<\/td>\n<\/tr>\n<tr>\n<td valign=\"top\" width=\"215\">\n<p align=\"center\"><span style=\"font-family: 'Segoe UI';\">Dimens\u00f5es (gabinete de controle) (w x l x h)<\/span><\/p>\n<\/td>\n<td valign=\"top\" width=\"275\">\n<p align=\"center\"><span style=\"font-family: 'Segoe UI';\">700 x 2300 x 1600<\/span><\/p>\n<\/td>\n<td valign=\"top\" width=\"224\">\n<p align=\"center\"><span style=\"font-family: 'Segoe UI';\">700 x 2300 x 1600<\/span><\/p>\n<\/td>\n<\/tr>\n<tr>\n<td valign=\"top\" width=\"215\">\n<p align=\"center\"><span style=\"font-family: 'Segoe UI';\">Peso (equipamento) kg<\/span><\/p>\n<\/td>\n<td valign=\"top\" width=\"275\">\n<p align=\"center\"><span style=\"font-family: 'Segoe UI';\">1170<\/span><\/p>\n<\/td>\n<td valign=\"top\" width=\"224\">\n<p align=\"center\"><span style=\"font-family: 'Segoe UI';\">2500-3000<\/span><\/p>\n<\/td>\n<\/tr>\n<tr>\n<td valign=\"top\" width=\"215\">\n<p align=\"center\"><span style=\"font-family: 'Segoe UI';\">Peso (gabinete de controle) kg<\/span><\/p>\n<\/td>\n<td valign=\"top\" width=\"275\">\n<p align=\"center\"><span style=\"font-family: 'Segoe UI';\">700-750<\/span><\/p>\n<\/td>\n<td valign=\"top\" width=\"224\">\n<p align=\"center\"><span style=\"font-family: 'Segoe UI';\">700-750<\/span><\/p>\n<\/td>\n<\/tr>\n<tr>\n<td valign=\"top\" width=\"215\">\n<p align=\"center\"><span style=\"font-family: 'Segoe UI';\">Consumo abrangente de energia<\/span><\/p>\n<\/td>\n<td valign=\"top\" width=\"275\">\n<p align=\"center\">&nbsp;<\/p>\n<\/td>\n<td valign=\"top\" width=\"224\">\n<p align=\"center\">&nbsp;<\/p>\n<\/td>\n<\/tr>\n<tr>\n<td valign=\"top\" width=\"215\">\n<p align=\"center\"><span style=\"font-family: Calibri;\">I<\/span><span style=\"font-family: 'Segoe UI';\">nput<\/span><\/p>\n<\/td>\n<td valign=\"top\" width=\"275\">\n<p align=\"center\"><span style=\"font-family: 'Segoe UI';\">AC 230 V +6%\/ -10%, unidirectional 50\/60 Hz &plusmn;1%<\/span><\/p>\n<\/td>\n<td valign=\"top\" width=\"224\">\n<p align=\"center\"><span style=\"font-family: 'Segoe UI';\">AC 400 V +6%\/-10%, 3-phase50\/60 Hz &plusmn;1%<\/span><\/p>\n<\/td>\n<\/tr>\n<tr>\n<td valign=\"top\" width=\"215\">\n<p align=\"center\"><span style=\"font-family: 'Segoe UI';\">Valor de pico<\/span><\/p>\n<\/td>\n<td valign=\"top\" width=\"275\">\n<p align=\"center\"><span style=\"font-family: 'Segoe UI';\">2.5kVA<\/span><\/p>\n<\/td>\n<td valign=\"top\" width=\"224\">\n<p align=\"center\"><span style=\"font-family: 'Segoe UI';\">2.5kVA<\/span><\/p>\n<\/td>\n<\/tr>\n<tr>\n<td valign=\"top\" width=\"215\">\n<p align=\"center\"><span style=\"font-family: Calibri;\">J<\/span><span style=\"font-family: 'Segoe UI';\">oin<\/span><\/p>\n<\/td>\n<td valign=\"top\" width=\"275\">\n<p align=\"center\"><span style=\"font-family: 'Segoe UI';\">Cabo de energia de 10 m: p+n+e, 1,5 mm2<\/span><\/p>\n<\/td>\n<td valign=\"top\" width=\"224\">\n<p align=\"center\"><span style=\"font-family: 'Segoe UI';\">Cabo de energia de 10 m: p+n+e, 1,5 mm2<\/span><\/p>\n<\/td>\n<\/tr>\n<tr>\n<td valign=\"top\" width=\"215\">\n<p align=\"center\"><span style=\"font-family: 'Segoe UI';\">Faixa de aplicativos de usu\u00e1rios do setor de semicondutores<\/span><\/p>\n<\/td>\n<td valign=\"top\" width=\"275\">\n<p align=\"center\"><span style=\"font-family: 'Segoe UI';\">&le;4 inches round ingot<\/span><\/p>\n<p align=\"center\"><span style=\"font-family: 'Segoe UI';\">&le;4 inches ingot slices<\/span><\/p>\n<p align=\"center\"><span style=\"font-family: 'Segoe UI';\">&le;4 inches ingot scribing<\/span><\/p>\n<p align=\"center\">&nbsp;<\/p>\n<\/td>\n<td valign=\"top\" width=\"224\">\n<p align=\"center\"><span style=\"font-family: 'Segoe UI';\">&le;6 inches round ingot<\/span><\/p>\n<p align=\"center\"><span style=\"font-family: 'Segoe UI';\">&le;6 inch ingot slices<\/span><\/p>\n<p align=\"center\"><span style=\"font-family: 'Segoe UI';\">&le;6 inches ingot scribing<\/span><\/p>\n<p align=\"center\">A m\u00e1quina atende ao valor te\u00f3rico circular\/fatiando\/fatiamento de 8 polegadas, e os resultados pr\u00e1ticos espec\u00edficos precisam ser otimizados de estrat\u00e9gia de corte<\/p>\n<\/td>\n<\/tr>\n<\/tbody>\n<\/table><\/div>\n<\/p><\/div>\n<\/p><\/div>\n<\/p><\/div>\n<\/p><\/div>\n<\/p><\/div>\n<div class=\"fl-col-group fl-node-64dedb058e584\" data-node=\"64dedb058e584\">\n<div class=\"fl-col fl-node-64dedb058e5c0\" data-node=\"64dedb058e5c0\" style=\"width: 100%;\">\n<div class=\"fl-col-content fl-node-content\">\n<div class=\"fl-module fl-module-photo fl-node-64dedb058e5fd\" data-animation-delay=\"0.0\" data-node=\"64dedb058e5fd\">\n<div class=\"fl-module-content fl-node-content\">\n<div class=\"fl-photo fl-photo-align-center\" itemscope=\"\" itemtype=\"http:\/\/schema.org\/ImageObject\">\n<div class=\"fl-photo-content fl-photo-img-png\"> <img decoding=\"async\" alt=\"ZFVBSDF\" class=\"fl-photo-img wp-image-3156\" itemprop=\"image\" src=\"\/wp-content\/uploads\/2025\/09\/4261e21f7fccaf5c.webp\"> <\/div>\n<\/p><\/div>\n<\/p><\/div>\n<\/p><\/div>\n<\/p><\/div>\n<\/p><\/div>\n<\/p><\/div>\n<div class=\"fl-col-group fl-node-64dedb058e34b\" data-node=\"64dedb058e34b\">\n<div class=\"fl-col fl-node-64dedb058e388 fl-col-small\" data-node=\"64dedb058e388\" style=\"width: 50%;\">\n<div class=\"fl-col-content fl-node-content\">\n<div class=\"fl-module fl-module-photo fl-node-64dedb058e440\" data-animation-delay=\"0.0\" data-node=\"64dedb058e440\">\n<div class=\"fl-module-content fl-node-content\">\n<div class=\"fl-photo fl-photo-align-center\" itemscope=\"\" itemtype=\"http:\/\/schema.org\/ImageObject\">\n<div class=\"fl-photo-content fl-photo-img-png\"> <img decoding=\"async\" alt=\"Micro-Jet Laser Cutting Technolgoy (1)\" class=\"fl-photo-img wp-image-3146\" itemprop=\"image\" src=\"\/wp-content\/uploads\/2025\/09\/31c25558cd3d9598.webp\"> <\/div>\n<\/p><\/div>\n<\/p><\/div>\n<\/p><\/div>\n<\/p><\/div>\n<\/p><\/div>\n<div class=\"fl-col fl-node-64dedb0c2191e fl-col-small\" data-node=\"64dedb0c2191e\" style=\"width: 50%;\">\n<div class=\"fl-col-content fl-node-content\">\n<div class=\"fl-module fl-module-photo fl-node-64dedb058e3c5\" data-animation-delay=\"0.0\" data-node=\"64dedb058e3c5\">\n<div class=\"fl-module-content fl-node-content\">\n<div class=\"fl-photo fl-photo-align-center\" itemscope=\"\" itemtype=\"http:\/\/schema.org\/ImageObject\">\n<div class=\"fl-photo-content fl-photo-img-png\"> <img decoding=\"async\" alt=\"Micro-Jet Laser Cutting Technolgoy (2)\" class=\"fl-photo-img wp-image-3147\" itemprop=\"image\" src=\"\/wp-content\/uploads\/2025\/09\/a5c4a1b2072199e6.webp\"> <\/div>\n<\/p><\/div>\n<\/p><\/div>\n<\/p><\/div>\n<\/p><\/div>\n<\/p><\/div>\n<\/p><\/div>\n<div class=\"fl-col-group fl-node-6617798218af3\" data-node=\"6617798218af3\">\n<div class=\"fl-col fl-node-6617798218cd5\" data-node=\"6617798218cd5\" style=\"width: 100%;\">\n<div class=\"fl-col-content fl-node-content\">\n<div class=\"fl-module fl-module-rich-text fl-node-661779821898a\" data-animation-delay=\"0.0\" data-node=\"661779821898a\">\n<div class=\"fl-module-content fl-node-content\">\n<div class=\"fl-rich-text\">\n<\/p><\/div>\n<\/p><\/div>\n<\/p><\/div>\n<\/p><\/div>\n<\/p><\/div>\n<\/p><\/div>\n<\/p><\/div>\n<\/p><\/div>\n<\/p><\/div>\n<\/div>","protected":false},"excerpt":{"rendered":"<p><?xml encoding=\"utf-8\" ?><\/p>\n<p>Laser microjet technology (LMJ) is a laser processing method that combines laser with a water jet &ldquo;as thin as a hair&rdquo;, and precisely guides the laser beam to the processing position through the pulse total reflection in the micro-water jet in a way similar to traditional optical fiber. The water jet continuously cools the cutting area and effectively removes processing debris.<\/p>","protected":false},"featured_media":636,"comment_status":"closed","ping_status":"open","template":"","meta":[],"product_brand":[],"product_cat":[31,40],"product_tag":[],"class_list":{"0":"post-2218","1":"product","2":"type-product","3":"status-publish","4":"has-post-thumbnail","6":"product_cat-more-ceramic-products","7":"product_cat-more-products","9":"first","10":"instock","11":"product-type-simple"},"_links":{"self":[{"href":"https:\/\/www.cn-semiconductorparts.com\/pt\/wp-json\/wp\/v2\/product\/2218","targetHints":{"allow":["GET"]}}],"collection":[{"href":"https:\/\/www.cn-semiconductorparts.com\/pt\/wp-json\/wp\/v2\/product"}],"about":[{"href":"https:\/\/www.cn-semiconductorparts.com\/pt\/wp-json\/wp\/v2\/types\/product"}],"replies":[{"embeddable":true,"href":"https:\/\/www.cn-semiconductorparts.com\/pt\/wp-json\/wp\/v2\/comments?post=2218"}],"wp:featuredmedia":[{"embeddable":true,"href":"https:\/\/www.cn-semiconductorparts.com\/pt\/wp-json\/wp\/v2\/media\/636"}],"wp:attachment":[{"href":"https:\/\/www.cn-semiconductorparts.com\/pt\/wp-json\/wp\/v2\/media?parent=2218"}],"wp:term":[{"taxonomy":"product_brand","embeddable":true,"href":"https:\/\/www.cn-semiconductorparts.com\/pt\/wp-json\/wp\/v2\/product_brand?post=2218"},{"taxonomy":"product_cat","embeddable":true,"href":"https:\/\/www.cn-semiconductorparts.com\/pt\/wp-json\/wp\/v2\/product_cat?post=2218"},{"taxonomy":"product_tag","embeddable":true,"href":"https:\/\/www.cn-semiconductorparts.com\/pt\/wp-json\/wp\/v2\/product_tag?post=2218"}],"curies":[{"name":"wp","href":"https:\/\/api.w.org\/{rel}","templated":true}]}}