{"id":2219,"date":"2025-09-11T05:33:27","date_gmt":"2025-09-11T05:33:27","guid":{"rendered":"https:\/\/weitai2.globaldeepsea.site\/product\/soi-wafers\/"},"modified":"2026-04-29T15:28:09","modified_gmt":"2026-04-29T07:28:09","slug":"soi-wafers","status":"publish","type":"product","link":"https:\/\/www.cn-semiconductorparts.com\/pt\/product\/soi-wafers\/","title":{"rendered":"Soi Wafers"},"content":{"rendered":"<p><?xml encoding=\"utf-8\" ?><\/p>\n<div class=\"fl-builder-content fl-builder-content-3276 fl-builder-content-primary fl-builder-global-templates-locked\" data-post-id=\"3276\">\n<div class=\"fl-row fl-row-full-width fl-row-bg-none fl-node-661776a896673\" data-node=\"661776a896673\">\n<div class=\"fl-row-content-wrap\">\n<div class=\"fl-row-content fl-row-full-width fl-node-content\">\n<div class=\"fl-col-group fl-node-661776a896d1d\" data-node=\"661776a896d1d\">\n<div class=\"fl-col fl-node-661776a896ea4\" data-node=\"661776a896ea4\" style=\"width: 100%;\">\n<div class=\"fl-col-content fl-node-content\">\n<div class=\"fl-module fl-module-rich-text fl-node-661776a8982fa\" data-animation-delay=\"0.0\" data-node=\"661776a8982fa\">\n<div class=\"fl-module-content fl-node-content\">\n<div class=\"fl-rich-text\">\n<p><img decoding=\"async\" alt=\"Soi Wafers (1)\" itemprop=\"image\" src=\"\/wp-content\/uploads\/2025\/09\/9150810a999d882c.webp\"><\/p>\n<p data-section=\"0\">Campo de aplica\u00e7\u00e3o<\/p>\n<p data-section=\"1\">1. Circuito integrado de alta velocidade<\/p>\n<p data-section=\"2\">2. Dispositivos de microondas<\/p>\n<p data-section=\"3\">3. Circuito integrado de alta temperatura<\/p>\n<p data-section=\"4\">4. Dispositivos de energia<\/p>\n<p data-section=\"5\">5. Circuito integrado de baixa pot\u00eancia<\/p>\n<p data-section=\"6\">6. Mems<\/p>\n<p data-section=\"7\">7. Circuito integrado de baixa tens\u00e3o<\/p>\n<table border=\"1\" cellspacing=\"0\">\n<tbody>\n<tr>\n<td colspan=\"2\" valign=\"center\">\n<p>Item<\/p>\n<\/td>\n<td valign=\"center\">\n<p>Argumento<\/p>\n<\/td>\n<\/tr>\n<tr>\n<td rowspan=\"5\" valign=\"center\">\n<p>Geral<\/p>\n<\/td>\n<td valign=\"center\">\n<p>Di\u00e2metro da bolacha<br \/>&#26230;&#22278;&#23610;&#23544;(mm)<\/p>\n<\/td>\n<td valign=\"center\">\n<p>50\/75\/100\/125\/150\/200mm&plusmn;25um<\/p>\n<\/td>\n<\/tr>\n<tr>\n<td valign=\"center\">\n<p>Arco\/urdidura<br \/>&#32728;&#26354;&#24230;(&lt;um)<\/p>\n<\/td>\n<td valign=\"center\">\n<p>&lt;10um<\/p>\n<\/td>\n<\/tr>\n<tr>\n<td valign=\"center\">\n<p>Part\u00edculas<br \/>&#39063;&#31890;&#24230;(&lt;ea)<\/p>\n<\/td>\n<td valign=\"center\">\n<p>0,3um &lt;30ea<\/p>\n<\/td>\n<\/tr>\n<tr>\n<td valign=\"center\">\n<p>Apartamentos\/entalhe<br \/>&#23450;&#20301;&#36793;\/&#23450;&#20301;&#27133;<\/p>\n<\/td>\n<td valign=\"center\">\n<p>Plano ou entalhe<\/p>\n<\/td>\n<\/tr>\n<tr>\n<td valign=\"center\">\n<p>Exclus\u00e3o de borda<br \/>&#36793;&#32536;&#21435;&#38500;(mm)<\/p>\n<\/td>\n<td valign=\"center\">\n<p>\/<\/p>\n<\/td>\n<\/tr>\n<tr>\n<td rowspan=\"7\" valign=\"center\">\n<p>Camada de dispositivo<br \/>&#22120;&#20214;&#23618;<\/p>\n<\/td>\n<td valign=\"center\">\n<p>Tipo de camada de dispositivo\/dopante<br \/>&#22120;&#20214;&#23618;&#25530;&#26434;&#31867;&#22411;<\/p>\n<\/td>\n<td valign=\"center\">\n<p>N-TYPE\/P-TYPE<br \/>B\/ P\/ SB\/ AS<\/p>\n<\/td>\n<\/tr>\n<tr>\n<td valign=\"center\">\n<p>Orienta\u00e7\u00e3o da camada de dispositivo<br \/>&#22120;&#20214;&#23618;&#26230;&#21521;<\/p>\n<\/td>\n<td valign=\"center\">\n<p>\/  \/<\/p>\n<\/td>\n<\/tr>\n<tr>\n<td valign=\"center\">\n<p>Espessura da camada de dispositivo<br \/>&#22120;&#20214;&#23618;&#21402;&#24230;(um)<\/p>\n<\/td>\n<td valign=\"center\">\n<p>0,1 ~ 300um<\/p>\n<\/td>\n<\/tr>\n<tr>\n<td valign=\"center\">\n<p>Resistividade da camada de dispositivo<br \/>&#22120;&#20214;&#23618;&#30005;&#38459;&#29575;(ohm&bull;cm)<\/p>\n<\/td>\n<td valign=\"center\">\n<p>0,001 ~ 100.000 ohm-cm<\/p>\n<\/td>\n<\/tr>\n<tr>\n<td valign=\"center\">\n<p>Part\u00edculas da camada de dispositivo<br \/>&#22120;&#20214;&#23618;&#39063;&#31890;&#24230;(&lt;ea)<\/p>\n<\/td>\n<td valign=\"center\">\n<p>&lt;30ea@0.3<\/p>\n<\/td>\n<\/tr>\n<tr>\n<td valign=\"center\">\n<p>Camada de dispositivo TTV<br \/>&#22120;&#20214;&#23618;TTV(&lt;um)<\/p>\n<\/td>\n<td valign=\"center\">\n<p>&lt;10um<\/p>\n<\/td>\n<\/tr>\n<tr>\n<td valign=\"center\">\n<p>Acabamento da camada do dispositivo<br \/>&#22120;&#20214;&#23618;&#34920;&#38754;&#22788;&#29702;<\/p>\n<\/td>\n<td valign=\"center\">\n<p>Polido<\/p>\n<\/td>\n<\/tr>\n<tr>\n<td valign=\"center\">\n<p>CAIXA<\/p>\n<\/td>\n<td valign=\"center\">\n<p>Espessura de \u00f3xido t\u00e9rmico enterrado<br \/>&#22475;&#27687;&#23618;&#21402;&#24230;(um)<\/p>\n<\/td>\n<td valign=\"center\">\n<p>50nm(500&Aring;)~15um<\/p>\n<\/td>\n<\/tr>\n<tr>\n<td rowspan=\"5\" valign=\"center\">\n<p>Manuseie a camada<br \/>&#34924;&#24213;<\/p>\n<\/td>\n<td valign=\"center\">\n<p>Manuseie o tipo de wafer\/dopante<br \/>&#34924;&#24213;&#23618;&#31867;&#22411;<\/p>\n<\/td>\n<td valign=\"center\">\n<p>N-TYPE\/P-TYPE<br \/>B\/ P\/ SB\/ AS<\/p>\n<\/td>\n<\/tr>\n<tr>\n<td valign=\"center\">\n<p>Manuseie a orienta\u00e7\u00e3o da wafer<br \/>&#34924;&#24213;&#26230;&#21521;<\/p>\n<\/td>\n<td valign=\"center\">\n<p>\/  \/<\/p>\n<\/td>\n<\/tr>\n<tr>\n<td valign=\"center\">\n<p>Manuseie a resistividade da wafer<br \/>&#34924;&#24213;&#30005;&#38459;&#29575;(ohm&bull;cm)<\/p>\n<\/td>\n<td valign=\"center\">\n<p>0,001 ~ 100.000 ohm-cm<\/p>\n<\/td>\n<\/tr>\n<tr>\n<td valign=\"center\">\n<p>Manuseie a espessura da bolacha<br \/>&#34924;&#24213;&#21402;&#24230;(um)<\/p>\n<\/td>\n<td valign=\"center\">\n<p>&gt; 100um<\/p>\n<\/td>\n<\/tr>\n<tr>\n<td valign=\"center\">\n<p>Manuseie o acabamento da wafer<br \/>&#34924;&#24213;&#34920;&#38754;&#22788;&#29702;<\/p>\n<\/td>\n<td valign=\"center\">\n<p>Polido<\/p>\n<\/td>\n<\/tr>\n<tr>\n<td colspan=\"3\" valign=\"center\">\n<p>As bolachas SOI das especifica\u00e7\u00f5es do destino podem ser personalizadas de acordo com os requisitos do cliente.<\/p>\n<\/td>\n<\/tr>\n<\/tbody>\n<\/table><\/div>\n<\/p><\/div>\n<\/p><\/div>\n<\/p><\/div>\n<\/p><\/div>\n<\/p><\/div>\n<div class=\"fl-col-group fl-node-661779b398a47\" data-node=\"661779b398a47\">\n<div class=\"fl-col fl-node-661779b398bea\" data-node=\"661779b398bea\" style=\"width: 100%;\">\n<div class=\"fl-col-content fl-node-content\">\n<div class=\"fl-module fl-module-rich-text fl-node-661779b398900\" data-animation-delay=\"0.0\" data-node=\"661779b398900\">\n<div class=\"fl-module-content fl-node-content\">\n<div class=\"fl-rich-text\">\n<p style=\"text-align: center;\">\n<p><img decoding=\"async\" alt=\"Processamento da CNN, limpeza qu\u00edmica, revestimento de CVD\" class=\"size-full wp-image-7289 aligncenter\" src=\"\/wp-content\/uploads\/2025\/09\/a4132b2b399abbac.webp\"><\/p>\n<\/p><\/div>\n<\/p><\/div>\n<\/p><\/div>\n<\/p><\/div>\n<\/p><\/div>\n<\/p><\/div>\n<\/p><\/div>\n<\/p><\/div>\n<\/p><\/div>\n<\/div>","protected":false},"excerpt":{"rendered":"<p><?xml encoding=\"utf-8\" ?><\/p>\n<p>A bolacha SOI \u00e9 uma estrutura semelhante a um sandu\u00edche com tr\u00eas camadas; Incluindo a camada superior (camada de dispositivo), o meio da camada de oxig\u00eanio enterrada (para a camada SiO2 isolante) e o substrato inferior (sil\u00edcio a granel). As bolachas SOI s\u00e3o produzidas usando o m\u00e9todo SIMOX e a tecnologia de liga\u00e7\u00e3o de wafer, que permite camadas mais finas e mais precisas, espessura uniforme e baixa densidade de defeitos.<\/p>","protected":false},"featured_media":963,"comment_status":"closed","ping_status":"open","template":"","meta":[],"product_brand":[],"product_cat":[41,26],"product_tag":[],"class_list":{"0":"post-2219","1":"product","2":"type-product","3":"status-publish","4":"has-post-thumbnail","6":"product_cat-sol-wafer","7":"product_cat-wafer","9":"first","10":"instock","11":"product-type-simple"},"_links":{"self":[{"href":"https:\/\/www.cn-semiconductorparts.com\/pt\/wp-json\/wp\/v2\/product\/2219","targetHints":{"allow":["GET"]}}],"collection":[{"href":"https:\/\/www.cn-semiconductorparts.com\/pt\/wp-json\/wp\/v2\/product"}],"about":[{"href":"https:\/\/www.cn-semiconductorparts.com\/pt\/wp-json\/wp\/v2\/types\/product"}],"replies":[{"embeddable":true,"href":"https:\/\/www.cn-semiconductorparts.com\/pt\/wp-json\/wp\/v2\/comments?post=2219"}],"wp:featuredmedia":[{"embeddable":true,"href":"https:\/\/www.cn-semiconductorparts.com\/pt\/wp-json\/wp\/v2\/media\/963"}],"wp:attachment":[{"href":"https:\/\/www.cn-semiconductorparts.com\/pt\/wp-json\/wp\/v2\/media?parent=2219"}],"wp:term":[{"taxonomy":"product_brand","embeddable":true,"href":"https:\/\/www.cn-semiconductorparts.com\/pt\/wp-json\/wp\/v2\/product_brand?post=2219"},{"taxonomy":"product_cat","embeddable":true,"href":"https:\/\/www.cn-semiconductorparts.com\/pt\/wp-json\/wp\/v2\/product_cat?post=2219"},{"taxonomy":"product_tag","embeddable":true,"href":"https:\/\/www.cn-semiconductorparts.com\/pt\/wp-json\/wp\/v2\/product_tag?post=2219"}],"curies":[{"name":"wp","href":"https:\/\/api.w.org\/{rel}","templated":true}]}}