{"id":2229,"date":"2025-09-11T13:33:34","date_gmt":"2025-09-11T05:33:34","guid":{"rendered":"https:\/\/weitai2.globaldeepsea.site\/product\/graphite-heating-elements-for-vaccum-furnaces\/"},"modified":"2026-04-29T15:27:42","modified_gmt":"2026-04-29T07:27:42","slug":"graphite-heating-elements-for-vaccum-furnaces","status":"publish","type":"product","link":"https:\/\/www.cn-semiconductorparts.com\/pt\/product\/graphite-heating-elements-for-vaccum-furnaces\/","title":{"rendered":"Graphite Heating Elements for Vaccum Furnaces"},"content":{"rendered":"<div class=\"fl-builder-content fl-builder-content-2913 fl-builder-content-primary fl-builder-global-templates-locked\" data-post-id=\"2913\">\n<div class=\"fl-row fl-row-full-width fl-row-bg-none fl-node-64db2aff64e8a\" data-node=\"64db2aff64e8a\">\n<div class=\"fl-row-content-wrap\">\n<div class=\"fl-row-content fl-row-full-width fl-node-content\">\n<div class=\"fl-col-group fl-node-64db2b7ae3971\" data-node=\"64db2b7ae3971\">\n<div class=\"fl-col fl-node-64db2b7ae3b8f fl-col-small\" style=\"width: 50%\" data-node=\"64db2b7ae3b8f\">\n<div class=\"fl-col-content fl-node-content\">\n<div class=\"fl-module fl-module-rich-text fl-node-64db2b2fd681c\" data-animation-delay=\"0.0\" data-node=\"64db2b2fd681c\">\n<div class=\"fl-module-content fl-node-content\">\n<div class=\"fl-rich-text\">\n<p>Principais caracter\u00edsticas do aquecedor de grafite:<\/p>\n<p>1. Uniformidade da estrutura de aquecimento.<\/p>\n<p>2. Boa condutividade el\u00e9trica e alta carga el\u00e9trica.<\/p>\n<p>3. Resist\u00eancia \u00e0 corros\u00e3o.<\/p>\n<p>4. Inoxidizabilidade.<\/p>\n<p>5. Alta pureza qu\u00edmica.<\/p>\n<p>6. Alta resist\u00eancia mec\u00e2nica.<\/p>\n<p>A vantagem \u00e9 eficiente em termos de energia, alto valor e baixa manuten\u00e7\u00e3o. Podemos produzir antioxida\u00e7\u00e3o e cadinho de grafite de longa dura\u00e7\u00e3o, molde de grafite e todas as partes do aquecedor de grafite.<\/p>\n<p>&nbsp;<\/p>\n<\/div>\n<p>&nbsp;<\/p>\n<\/div>\n<p>&nbsp;<\/p>\n<\/div>\n<p>&nbsp;<\/p>\n<\/div>\n<p>&nbsp;<\/p>\n<\/div>\n<div class=\"fl-col fl-node-64db2b8a05eee fl-col-small\" style=\"width: 50%\" data-node=\"64db2b8a05eee\">\n<div class=\"fl-col-content fl-node-content\">\n<div class=\"fl-module fl-module-photo fl-node-64db2b6623362\" data-animation-delay=\"0.0\" data-node=\"64db2b6623362\">\n<div class=\"fl-module-content fl-node-content\">\n<div class=\"fl-photo fl-photo-align-center\">\n<div class=\"fl-photo-content fl-photo-img-png\"><img decoding=\"async\" class=\"fl-photo-img wp-image-2919\" src=\"\/wp-content\/uploads\/2025\/09\/a0e76a7468bc7adf.webp\" alt=\"Aquecedor de grafite (1) (1)\"><\/div>\n<p>&nbsp;<\/p>\n<\/div>\n<p>&nbsp;<\/p>\n<\/div>\n<p>&nbsp;<\/p>\n<\/div>\n<p>&nbsp;<\/p>\n<\/div>\n<p>&nbsp;<\/p>\n<\/div>\n<p>&nbsp;<\/p>\n<\/div>\n<div class=\"fl-col-group fl-node-64db2aff65c82\" data-node=\"64db2aff65c82\">\n<div class=\"fl-col fl-node-64db2aff65e02\" style=\"width: 100%\" data-node=\"64db2aff65e02\">\n<div class=\"fl-col-content fl-node-content\">\n<div class=\"fl-module fl-module-heading fl-node-64db2b116e65b\" data-animation-delay=\"0.0\" data-node=\"64db2b116e65b\">\n<div class=\"fl-module-content fl-node-content\">\n<h3 class=\"fl-heading\"><span class=\"fl-heading-text\">Principais par\u00e2metros do aquecedor de grafite<\/span><\/h3>\n<p>&nbsp;<\/p>\n<\/div>\n<p>&nbsp;<\/p>\n<\/div>\n<div class=\"fl-module fl-module-rich-text fl-node-64db2aff64d4d\" data-animation-delay=\"0.0\" data-node=\"64db2aff64d4d\">\n<div class=\"fl-module-content fl-node-content\">\n<div class=\"fl-rich-text\">\n<table border=\"1\" cellspacing=\"0\">\n<tbody>\n<tr>\n<td valign=\"center\" width=\"398\">\n<p>Especifica\u00e7\u00e3o t\u00e9cnica<\/p>\n<\/td>\n<td valign=\"center\" width=\"281\">\n<p>Semicera-M3<\/p>\n<\/td>\n<\/tr>\n<tr>\n<td valign=\"center\">\n<p>Densidade em massa (g\/cm3)<\/p>\n<\/td>\n<td valign=\"center\">\n<p>&ge;1.85<\/p>\n<\/td>\n<\/tr>\n<tr>\n<td valign=\"center\">\n<p>Conte\u00fado de cinzas (ppm)<\/p>\n<\/td>\n<td valign=\"center\">\n<p>&le;500<\/p>\n<\/td>\n<\/tr>\n<tr>\n<td valign=\"center\">\n<p>Dureza da costa<\/p>\n<\/td>\n<td valign=\"center\">\n<p>&ge;45<\/p>\n<\/td>\n<\/tr>\n<tr>\n<td valign=\"center\">\n<p>Specific Resistance (&mu;.&Omega;.m)<\/p>\n<\/td>\n<td valign=\"center\">\n<p>&le;12<\/p>\n<\/td>\n<\/tr>\n<tr>\n<td valign=\"center\">\n<p>For\u00e7a de flex\u00e3o (MPA)<\/p>\n<\/td>\n<td valign=\"center\">\n<p>&ge;40<\/p>\n<\/td>\n<\/tr>\n<tr>\n<td valign=\"center\">\n<p>For\u00e7a de compress\u00e3o (MPA)<\/p>\n<\/td>\n<td valign=\"center\">\n<p>&ge;70<\/p>\n<\/td>\n<\/tr>\n<tr>\n<td valign=\"center\">\n<p>Max. Grain Size (&mu;m)<\/p>\n<\/td>\n<td valign=\"center\">\n<p>&le;43<\/p>\n<\/td>\n<\/tr>\n<tr>\n<td valign=\"center\">\n<p>Coefficient of Thermal Expansion Mm\/&deg;C<\/p>\n<\/td>\n<td valign=\"center\">\n<p>&le;4.4*10-6<\/p>\n<\/td>\n<\/tr>\n<\/tbody>\n<\/table>\n<\/div>\n<p>&nbsp;<\/p>\n<\/div>\n<p>&nbsp;<\/p>\n<\/div>\n<p>&nbsp;<\/p>\n<\/div>\n<p>&nbsp;<\/p>\n<\/div>\n<p>&nbsp;<\/p>\n<\/div>\n<div class=\"fl-col-group fl-node-64db2c1d00a79\" data-node=\"64db2c1d00a79\">\n<div class=\"fl-col fl-node-64db2c1d00c02\" style=\"width: 100%\" data-node=\"64db2c1d00c02\">\n<div class=\"fl-col-content fl-node-content\">\n<div class=\"fl-module fl-module-gallery fl-node-64db2c1d00955\" data-animation-delay=\"0.0\" data-node=\"64db2c1d00955\">\n<div class=\"fl-module-content fl-node-content\">\n<div class=\"fl-mosaicflow\">\n<div class=\"fl-mosaicflow-content\">\n<div class=\"fl-mosaicflow-item\">\n<div class=\"fl-photo fl-photo-align-center\">\n<div class=\"fl-photo-content fl-photo-img-png\"><a href=\"\/pt\/uploads\/Graphite-heater-5.webp\/\" target=\"_self\"> <img decoding=\"async\" class=\"fl-photo-img wp-image-2922\" src=\"\/wp-content\/uploads\/2025\/09\/0738970b27dc3b12.webp\" alt=\"Aquecedor de grafite (5)\"> <\/a><\/div>\n<p>&nbsp;<\/p>\n<\/div>\n<p>&nbsp;<\/p>\n<\/div>\n<div class=\"fl-mosaicflow-item\">\n<div class=\"fl-photo fl-photo-align-center\">\n<div class=\"fl-photo-content fl-photo-img-png\"><a href=\"\/pt\/uploads\/Graphite-heater-6.webp\/\" target=\"_self\"> <img decoding=\"async\" class=\"fl-photo-img wp-image-2923\" src=\"\/wp-content\/uploads\/2025\/09\/6234125f7c2c154c.webp\" alt=\"Aquecedor de grafite (6)\"> <\/a><\/div>\n<p>&nbsp;<\/p>\n<\/div>\n<p>&nbsp;<\/p>\n<\/div>\n<p>&nbsp;<\/p>\n<\/div>\n<div class=\"fl-clear\">&nbsp;<\/div>\n<p>&nbsp;<\/p>\n<\/div>\n<p>&nbsp;<\/p>\n<\/div>\n<p>&nbsp;<\/p>\n<\/div>\n<p>&nbsp;<\/p>\n<\/div>\n<p>&nbsp;<\/p>\n<\/div>\n<p>&nbsp;<\/p>\n<\/div>\n<div class=\"fl-col-group fl-node-661755efa4178\" data-node=\"661755efa4178\">\n<div class=\"fl-col fl-node-661755efa431a\" style=\"width: 100%\" data-node=\"661755efa431a\">\n<div class=\"fl-col-content fl-node-content\">\n<div class=\"fl-module fl-module-photo fl-node-661755efa403a\" data-animation-delay=\"0.0\" data-node=\"661755efa403a\">\n<div class=\"fl-module-content fl-node-content\">\n<div class=\"fl-photo fl-photo-align-center\">\n<div class=\"fl-photo-content fl-photo-img-jpg\"><img decoding=\"async\" class=\"fl-photo-img wp-image-7286 size-full\" src=\"\/wp-content\/uploads\/2025\/09\/b1dd0bcab1675ff4.webp\" alt=\"Local de trabalho semicera\"><\/div>\n<p>&nbsp;<\/p>\n<\/div>\n<p>&nbsp;<\/p>\n<\/div>\n<p>&nbsp;<\/p>\n<\/div>\n<div class=\"fl-module fl-module-photo fl-node-66175604c6ad3\" data-animation-delay=\"0.0\" data-node=\"66175604c6ad3\">\n<div class=\"fl-module-content fl-node-content\">\n<div class=\"fl-photo fl-photo-align-center\">\n<div class=\"fl-photo-content fl-photo-img-jpg\"><img decoding=\"async\" class=\"fl-photo-img wp-image-7287\" src=\"\/wp-content\/uploads\/2025\/09\/2b946d2b4b61306d.webp\" alt=\"Local de trabalho semicera 2\"><\/div>\n<p>&nbsp;<\/p>\n<\/div>\n<p>&nbsp;<\/p>\n<\/div>\n<p>&nbsp;<\/p>\n<\/div>\n<div class=\"fl-module fl-module-photo fl-node-661756040a470\" data-animation-delay=\"0.0\" data-node=\"661756040a470\">\n<div class=\"fl-module-content fl-node-content\">\n<div class=\"fl-photo fl-photo-align-center\">\n<div class=\"fl-photo-content fl-photo-img-jpg\"><img decoding=\"async\" class=\"fl-photo-img wp-image-7288\" src=\"\/wp-content\/uploads\/2025\/09\/081b6529d68ead23.webp\" alt=\"M\u00e1quina de equipamentos\"><\/div>\n<p>&nbsp;<\/p>\n<\/div>\n<p>&nbsp;<\/p>\n<\/div>\n<p>&nbsp;<\/p>\n<\/div>\n<div class=\"fl-module fl-module-photo fl-node-661756036eca9\" data-animation-delay=\"0.0\" data-node=\"661756036eca9\">\n<div class=\"fl-module-content fl-node-content\">\n<div class=\"fl-photo fl-photo-align-center\">\n<div class=\"fl-photo-content fl-photo-img-jpg\"><img decoding=\"async\" class=\"fl-photo-img wp-image-7289\" src=\"\/wp-content\/uploads\/2025\/09\/a4132b2b399abbac.webp\" alt=\"Processamento da CNN, limpeza qu\u00edmica, revestimento de CVD\"><\/div>\n<p>&nbsp;<\/p>\n<\/div>\n<p>&nbsp;<\/p>\n<\/div>\n<p>&nbsp;<\/p>\n<\/div>\n<div class=\"fl-module fl-module-photo fl-node-66175602af49b\" data-animation-delay=\"0.0\" data-node=\"66175602af49b\">\n<div class=\"fl-module-content fl-node-content\">\n<div class=\"fl-photo fl-photo-align-center\">\n<div class=\"fl-photo-content fl-photo-img-jpg\"><img decoding=\"async\" class=\"fl-photo-img wp-image-7290\" src=\"\/wp-content\/uploads\/2025\/09\/b07f222c0ec0ab8d.webp\" alt=\"Nosso servi\u00e7o\"><\/div>\n<p>&nbsp;<\/p>\n<\/div>\n<p>&nbsp;<\/p>\n<\/div>\n<p>&nbsp;<\/p>\n<\/div>\n<p>&nbsp;<\/p>\n<\/div>\n<p>&nbsp;<\/p>\n<\/div>\n<p>&nbsp;<\/p>\n<\/div>\n<p>&nbsp;<\/p>\n<\/div>\n<p>&nbsp;<\/p>\n<\/div>\n<p>&nbsp;<\/p>\n<\/div>\n<\/div>","protected":false},"excerpt":{"rendered":"<p>Semicera&rsquo;s Graphite Heating Elements for Vacuum Furnaces are designed to deliver superior thermal efficiency and reliability in high-temperature environments. Made from high-quality graphite, these heating elements offer excellent heat distribution, chemical resistance, and long-lasting performance. Ideal for use in vacuum furnaces for industries such as semiconductors, metallurgy, and material processing, Semicera&rsquo;s graphite heating elements ensure precise temperature control and optimal heating efficiency, even under the most demanding conditions.<\/p>","protected":false},"featured_media":4591,"comment_status":"closed","ping_status":"open","template":"","meta":[],"product_brand":[],"product_cat":[67,16],"product_tag":[],"class_list":{"0":"post-2229","1":"product","2":"type-product","3":"status-publish","4":"has-post-thumbnail","6":"product_cat-custom-parts","7":"product_cat-cvd-sic","9":"first","10":"instock","11":"product-type-simple"},"_links":{"self":[{"href":"https:\/\/www.cn-semiconductorparts.com\/pt\/wp-json\/wp\/v2\/product\/2229","targetHints":{"allow":["GET"]}}],"collection":[{"href":"https:\/\/www.cn-semiconductorparts.com\/pt\/wp-json\/wp\/v2\/product"}],"about":[{"href":"https:\/\/www.cn-semiconductorparts.com\/pt\/wp-json\/wp\/v2\/types\/product"}],"replies":[{"embeddable":true,"href":"https:\/\/www.cn-semiconductorparts.com\/pt\/wp-json\/wp\/v2\/comments?post=2229"}],"wp:featuredmedia":[{"embeddable":true,"href":"https:\/\/www.cn-semiconductorparts.com\/pt\/wp-json\/wp\/v2\/media\/4591"}],"wp:attachment":[{"href":"https:\/\/www.cn-semiconductorparts.com\/pt\/wp-json\/wp\/v2\/media?parent=2229"}],"wp:term":[{"taxonomy":"product_brand","embeddable":true,"href":"https:\/\/www.cn-semiconductorparts.com\/pt\/wp-json\/wp\/v2\/product_brand?post=2229"},{"taxonomy":"product_cat","embeddable":true,"href":"https:\/\/www.cn-semiconductorparts.com\/pt\/wp-json\/wp\/v2\/product_cat?post=2229"},{"taxonomy":"product_tag","embeddable":true,"href":"https:\/\/www.cn-semiconductorparts.com\/pt\/wp-json\/wp\/v2\/product_tag?post=2229"}],"curies":[{"name":"wp","href":"https:\/\/api.w.org\/{rel}","templated":true}]}}