{"id":2230,"date":"2025-09-11T13:33:34","date_gmt":"2025-09-11T05:33:34","guid":{"rendered":"https:\/\/weitai2.globaldeepsea.site\/product\/custom-graphite-heater-for-hot-zone\/"},"modified":"2026-04-29T15:27:43","modified_gmt":"2026-04-29T07:27:43","slug":"custom-graphite-heater-for-hot-zone","status":"publish","type":"product","link":"https:\/\/www.cn-semiconductorparts.com\/pt\/product\/custom-graphite-heater-for-hot-zone\/","title":{"rendered":"Custom Graphite Heater for Hot Zone"},"content":{"rendered":"<div class=\"fl-builder-content fl-builder-content-2915 fl-builder-content-primary fl-builder-global-templates-locked\" data-post-id=\"2915\">\n<div class=\"fl-row fl-row-full-width fl-row-bg-none fl-node-64db2f17579f1\" data-node=\"64db2f17579f1\">\n<div class=\"fl-row-content-wrap\">\n<div class=\"fl-row-content fl-row-full-width fl-node-content\">\n<div class=\"fl-col-group fl-node-64db2f1757ba1\" data-node=\"64db2f1757ba1\">\n<div class=\"fl-col fl-node-64db2f1757bde fl-col-small\" style=\"width: 50%\" data-node=\"64db2f1757bde\">\n<div class=\"fl-col-content fl-node-content\">\n<div class=\"fl-module fl-module-rich-text fl-node-64db2f1757b26\" data-animation-delay=\"0.0\" data-node=\"64db2f1757b26\">\n<div class=\"fl-module-content fl-node-content\">\n<div class=\"fl-rich-text\">\n<p>Principais caracter\u00edsticas do aquecedor de grafite:<\/p>\n<p>1. Uniformidade da estrutura de aquecimento.<\/p>\n<p>2. Boa condutividade el\u00e9trica e alta carga el\u00e9trica.<\/p>\n<p>3. Resist\u00eancia \u00e0 corros\u00e3o.<\/p>\n<p>4. Inoxidizabilidade.<\/p>\n<p>5. Alta pureza qu\u00edmica.<\/p>\n<p>6. Alta resist\u00eancia mec\u00e2nica.<\/p>\n<p>A vantagem \u00e9 eficiente em termos de energia, alto valor e baixa manuten\u00e7\u00e3o. Podemos produzir antioxida\u00e7\u00e3o e cadinho de grafite de longa dura\u00e7\u00e3o, molde de grafite e todas as partes do aquecedor de grafite.<\/p>\n<p>&nbsp;<\/p>\n<\/div>\n<p>&nbsp;<\/p>\n<\/div>\n<p>&nbsp;<\/p>\n<\/div>\n<p>&nbsp;<\/p>\n<\/div>\n<p>&nbsp;<\/p>\n<\/div>\n<div class=\"fl-col fl-node-64db2f1757c1b fl-col-small\" style=\"width: 50%\" data-node=\"64db2f1757c1b\">\n<div class=\"fl-col-content fl-node-content\">\n<div class=\"fl-module fl-module-photo fl-node-64db2f1757b64\" data-animation-delay=\"0.0\" data-node=\"64db2f1757b64\">\n<div class=\"fl-module-content fl-node-content\">\n<div class=\"fl-photo fl-photo-align-center\">\n<div class=\"fl-photo-content fl-photo-img-png\"><img decoding=\"async\" class=\"fl-photo-img wp-image-2931\" src=\"\/wp-content\/uploads\/2025\/09\/f7df2e4396e0a677.webp\" alt=\"Graphite heater (1)\"><\/div>\n<p>&nbsp;<\/p>\n<\/div>\n<p>&nbsp;<\/p>\n<\/div>\n<p>&nbsp;<\/p>\n<\/div>\n<p>&nbsp;<\/p>\n<\/div>\n<p>&nbsp;<\/p>\n<\/div>\n<p>&nbsp;<\/p>\n<\/div>\n<div class=\"fl-col-group fl-node-64db2f1757a32\" data-node=\"64db2f1757a32\">\n<div class=\"fl-col fl-node-64db2f1757a70\" style=\"width: 100%\" data-node=\"64db2f1757a70\">\n<div class=\"fl-col-content fl-node-content\">\n<div class=\"fl-module fl-module-heading fl-node-64db2f1757ae9\" data-animation-delay=\"0.0\" data-node=\"64db2f1757ae9\">\n<div class=\"fl-module-content fl-node-content\">\n<h3 class=\"fl-heading\"><span class=\"fl-heading-text\">Principais par\u00e2metros do aquecedor de grafite<\/span><\/h3>\n<p>&nbsp;<\/p>\n<\/div>\n<p>&nbsp;<\/p>\n<\/div>\n<div class=\"fl-module fl-module-rich-text fl-node-64db2f1757aad\" data-animation-delay=\"0.0\" data-node=\"64db2f1757aad\">\n<div class=\"fl-module-content fl-node-content\">\n<div class=\"fl-rich-text\">\n<table border=\"1\" cellspacing=\"0\">\n<tbody>\n<tr>\n<td valign=\"center\" width=\"398\">\n<p>Especifica\u00e7\u00e3o t\u00e9cnica<\/p>\n<\/td>\n<td valign=\"center\" width=\"281\">\n<p>Semicera-M3<\/p>\n<\/td>\n<\/tr>\n<tr>\n<td valign=\"center\">\n<p>Densidade em massa (g\/cm3)<\/p>\n<\/td>\n<td valign=\"center\">\n<p>&ge;1.85<\/p>\n<\/td>\n<\/tr>\n<tr>\n<td valign=\"center\">\n<p>Conte\u00fado de cinzas (ppm)<\/p>\n<\/td>\n<td valign=\"center\">\n<p>&le;500<\/p>\n<\/td>\n<\/tr>\n<tr>\n<td valign=\"center\">\n<p>Dureza da costa<\/p>\n<\/td>\n<td valign=\"center\">\n<p>&ge;45<\/p>\n<\/td>\n<\/tr>\n<tr>\n<td valign=\"center\">\n<p>Specific Resistance (&mu;.&Omega;.m)<\/p>\n<\/td>\n<td valign=\"center\">\n<p>&le;12<\/p>\n<\/td>\n<\/tr>\n<tr>\n<td valign=\"center\">\n<p>For\u00e7a de flex\u00e3o (MPA)<\/p>\n<\/td>\n<td valign=\"center\">\n<p>&ge;40<\/p>\n<\/td>\n<\/tr>\n<tr>\n<td valign=\"center\">\n<p>For\u00e7a de compress\u00e3o (MPA)<\/p>\n<\/td>\n<td valign=\"center\">\n<p>&ge;70<\/p>\n<\/td>\n<\/tr>\n<tr>\n<td valign=\"center\">\n<p>Max. Grain Size (&mu;m)<\/p>\n<\/td>\n<td valign=\"center\">\n<p>&le;43<\/p>\n<\/td>\n<\/tr>\n<tr>\n<td valign=\"center\">\n<p>Coefficient of Thermal Expansion Mm\/&deg;C<\/p>\n<\/td>\n<td valign=\"center\">\n<p>&le;4.4*10-6<\/p>\n<\/td>\n<\/tr>\n<\/tbody>\n<\/table>\n<\/div>\n<p>&nbsp;<\/p>\n<\/div>\n<p>&nbsp;<\/p>\n<\/div>\n<p>&nbsp;<\/p>\n<\/div>\n<p>&nbsp;<\/p>\n<\/div>\n<p>&nbsp;<\/p>\n<\/div>\n<div class=\"fl-col-group fl-node-64db2f1757c58\" data-node=\"64db2f1757c58\">\n<div class=\"fl-col fl-node-64db2f1757c95\" style=\"width: 100%\" data-node=\"64db2f1757c95\">\n<div class=\"fl-col-content fl-node-content\">\n<div class=\"fl-module fl-module-gallery fl-node-64db2f1757cd2\" data-animation-delay=\"0.0\" data-node=\"64db2f1757cd2\">\n<div class=\"fl-module-content fl-node-content\">\n<div class=\"fl-mosaicflow\">\n<div class=\"fl-mosaicflow-content\">\n<div class=\"fl-mosaicflow-item\">\n<div class=\"fl-photo fl-photo-align-center\">\n<div class=\"fl-photo-content fl-photo-img-png\"><a href=\"\/pt\/uploads\/Graphite-heater-5.webp\/\" target=\"_self\"> <img decoding=\"async\" class=\"fl-photo-img wp-image-2922\" src=\"\/wp-content\/uploads\/2025\/09\/0738970b27dc3b12.webp\" alt=\"Aquecedor de grafite (5)\"> <\/a><\/div>\n<p>&nbsp;<\/p>\n<\/div>\n<p>&nbsp;<\/p>\n<\/div>\n<div class=\"fl-mosaicflow-item\">\n<div class=\"fl-photo fl-photo-align-center\">\n<div class=\"fl-photo-content fl-photo-img-png\"><a href=\"\/pt\/uploads\/Graphite-heater-6.webp\/\" target=\"_self\"> <img decoding=\"async\" class=\"fl-photo-img wp-image-2923\" src=\"\/wp-content\/uploads\/2025\/09\/6234125f7c2c154c.webp\" alt=\"Aquecedor de grafite (6)\"> <\/a><\/div>\n<p>&nbsp;<\/p>\n<\/div>\n<p>&nbsp;<\/p>\n<\/div>\n<p>&nbsp;<\/p>\n<\/div>\n<div class=\"fl-clear\">&nbsp;<\/div>\n<p>&nbsp;<\/p>\n<\/div>\n<p>&nbsp;<\/p>\n<\/div>\n<p>&nbsp;<\/p>\n<\/div>\n<div class=\"fl-module fl-module-gallery fl-node-64db300535b39\" data-animation-delay=\"0.0\" data-node=\"64db300535b39\">\n<div class=\"fl-module-content fl-node-content\">\n<div class=\"fl-mosaicflow\">\n<div class=\"fl-mosaicflow-content\">\n<div class=\"fl-mosaicflow-item\">\n<div class=\"fl-photo fl-photo-align-center\">\n<div class=\"fl-photo-content fl-photo-img-jpg\"><a href=\"\/pt\/uploads\/Customized-Electric-Graphite-Heater-for-Vacuum-Furnace-1.webp\/\" target=\"_self\"> <img decoding=\"async\" class=\"fl-photo-img wp-image-2927\" src=\"\/wp-content\/uploads\/2025\/09\/00d91d3ddb21d897.webp\" alt=\"Customized Electric Graphite Heater for Vacuum Furnace (1)\"> <\/a><\/div>\n<p>&nbsp;<\/p>\n<\/div>\n<p>&nbsp;<\/p>\n<\/div>\n<div class=\"fl-mosaicflow-item\">\n<div class=\"fl-photo fl-photo-align-center\">\n<div class=\"fl-photo-content fl-photo-img-jpg\"><a href=\"\/pt\/uploads\/Customized-Electric-Graphite-Heater-for-Vacuum-Furnace-2.webp\/\" target=\"_self\"> <img decoding=\"async\" class=\"fl-photo-img wp-image-2928\" src=\"\/wp-content\/uploads\/2025\/09\/21c6bededca54bd5.webp\" alt=\"Customized Electric Graphite Heater for Vacuum Furnace (2)\"> <\/a><\/div>\n<p>&nbsp;<\/p>\n<\/div>\n<p>&nbsp;<\/p>\n<\/div>\n<p>&nbsp;<\/p>\n<\/div>\n<div class=\"fl-clear\">&nbsp;<\/div>\n<p>&nbsp;<\/p>\n<\/div>\n<p>&nbsp;<\/p>\n<\/div>\n<p>&nbsp;<\/p>\n<\/div>\n<p>&nbsp;<\/p>\n<\/div>\n<p>&nbsp;<\/p>\n<\/div>\n<p>&nbsp;<\/p>\n<\/div>\n<div class=\"fl-col-group fl-node-661755b42048c\" data-node=\"661755b42048c\">\n<div class=\"fl-col fl-node-661755b420616\" style=\"width: 100%\" data-node=\"661755b420616\">\n<div class=\"fl-col-content fl-node-content\">\n<div class=\"fl-module fl-module-photo fl-node-661755b420367\" data-animation-delay=\"0.0\" data-node=\"661755b420367\">\n<div class=\"fl-module-content fl-node-content\">\n<div class=\"fl-photo fl-photo-align-center\">\n<div class=\"fl-photo-content fl-photo-img-jpg\"><img decoding=\"async\" class=\"fl-photo-img wp-image-7286\" src=\"\/wp-content\/uploads\/2025\/09\/b1dd0bcab1675ff4.webp\" alt=\"Local de trabalho semicera\"><\/div>\n<p>&nbsp;<\/p>\n<\/div>\n<p>&nbsp;<\/p>\n<\/div>\n<p>&nbsp;<\/p>\n<\/div>\n<div class=\"fl-module fl-module-photo fl-node-661755c60c48b\" data-animation-delay=\"0.0\" data-node=\"661755c60c48b\">\n<div class=\"fl-module-content fl-node-content\">\n<div class=\"fl-photo fl-photo-align-center\">\n<div class=\"fl-photo-content fl-photo-img-jpg\"><img decoding=\"async\" class=\"fl-photo-img wp-image-7287\" src=\"\/wp-content\/uploads\/2025\/09\/2b946d2b4b61306d.webp\" alt=\"Local de trabalho semicera 2\"><\/div>\n<p>&nbsp;<\/p>\n<\/div>\n<p>&nbsp;<\/p>\n<\/div>\n<p>&nbsp;<\/p>\n<\/div>\n<div class=\"fl-module fl-module-photo fl-node-661755c43183b\" data-animation-delay=\"0.0\" data-node=\"661755c43183b\">\n<div class=\"fl-module-content fl-node-content\">\n<div class=\"fl-photo fl-photo-align-center\">\n<div class=\"fl-photo-content fl-photo-img-jpg\"><img decoding=\"async\" class=\"fl-photo-img wp-image-7288\" src=\"\/wp-content\/uploads\/2025\/09\/081b6529d68ead23.webp\" alt=\"M\u00e1quina de equipamentos\"><\/div>\n<p>&nbsp;<\/p>\n<\/div>\n<p>&nbsp;<\/p>\n<\/div>\n<p>&nbsp;<\/p>\n<\/div>\n<div class=\"fl-module fl-module-photo fl-node-661755c309c7c\" data-animation-delay=\"0.0\" data-node=\"661755c309c7c\">\n<div class=\"fl-module-content fl-node-content\">\n<div class=\"fl-photo fl-photo-align-center\">\n<div class=\"fl-photo-content fl-photo-img-jpg\"><img decoding=\"async\" class=\"fl-photo-img wp-image-7289\" src=\"\/wp-content\/uploads\/2025\/09\/a4132b2b399abbac.webp\" alt=\"Processamento da CNN, limpeza qu\u00edmica, revestimento de CVD\"><\/div>\n<p>&nbsp;<\/p>\n<\/div>\n<p>&nbsp;<\/p>\n<\/div>\n<p>&nbsp;<\/p>\n<\/div>\n<div class=\"fl-module fl-module-photo fl-node-661755c206175\" data-animation-delay=\"0.0\" data-node=\"661755c206175\">\n<div class=\"fl-module-content fl-node-content\">\n<div class=\"fl-photo fl-photo-align-center\">\n<div class=\"fl-photo-content fl-photo-img-jpg\"><img decoding=\"async\" class=\"fl-photo-img wp-image-7290\" src=\"\/wp-content\/uploads\/2025\/09\/b07f222c0ec0ab8d.webp\" alt=\"Nosso servi\u00e7o\"><\/div>\n<p>&nbsp;<\/p>\n<\/div>\n<p>&nbsp;<\/p>\n<\/div>\n<p>&nbsp;<\/p>\n<\/div>\n<p>&nbsp;<\/p>\n<\/div>\n<p>&nbsp;<\/p>\n<\/div>\n<p>&nbsp;<\/p>\n<\/div>\n<p>&nbsp;<\/p>\n<\/div>\n<p>&nbsp;<\/p>\n<\/div>\n<p>&nbsp;<\/p>\n<\/div>\n<\/div>","protected":false},"excerpt":{"rendered":"<p>Semicera&rsquo;s Custom Graphite Heater for Hot Zone is specially designed to provide efficient and precise heating solutions for high-temperature applications. Tailored to meet the specific needs of your hot zone environment, this graphite heater offers superior thermal conductivity, durability, and resistance to thermal shock. Ideal for industries such as semiconductors, metallurgy, and materials processing, Semicera&rsquo;s custom graphite heaters ensure consistent performance and reliability, even in the most demanding conditions.<\/p>","protected":false},"featured_media":4592,"comment_status":"closed","ping_status":"open","template":"","meta":[],"product_brand":[],"product_cat":[67,16],"product_tag":[],"class_list":{"0":"post-2230","1":"product","2":"type-product","3":"status-publish","4":"has-post-thumbnail","6":"product_cat-custom-parts","7":"product_cat-cvd-sic","9":"first","10":"instock","11":"product-type-simple"},"_links":{"self":[{"href":"https:\/\/www.cn-semiconductorparts.com\/pt\/wp-json\/wp\/v2\/product\/2230","targetHints":{"allow":["GET"]}}],"collection":[{"href":"https:\/\/www.cn-semiconductorparts.com\/pt\/wp-json\/wp\/v2\/product"}],"about":[{"href":"https:\/\/www.cn-semiconductorparts.com\/pt\/wp-json\/wp\/v2\/types\/product"}],"replies":[{"embeddable":true,"href":"https:\/\/www.cn-semiconductorparts.com\/pt\/wp-json\/wp\/v2\/comments?post=2230"}],"wp:featuredmedia":[{"embeddable":true,"href":"https:\/\/www.cn-semiconductorparts.com\/pt\/wp-json\/wp\/v2\/media\/4592"}],"wp:attachment":[{"href":"https:\/\/www.cn-semiconductorparts.com\/pt\/wp-json\/wp\/v2\/media?parent=2230"}],"wp:term":[{"taxonomy":"product_brand","embeddable":true,"href":"https:\/\/www.cn-semiconductorparts.com\/pt\/wp-json\/wp\/v2\/product_brand?post=2230"},{"taxonomy":"product_cat","embeddable":true,"href":"https:\/\/www.cn-semiconductorparts.com\/pt\/wp-json\/wp\/v2\/product_cat?post=2230"},{"taxonomy":"product_tag","embeddable":true,"href":"https:\/\/www.cn-semiconductorparts.com\/pt\/wp-json\/wp\/v2\/product_tag?post=2230"}],"curies":[{"name":"wp","href":"https:\/\/api.w.org\/{rel}","templated":true}]}}