{"id":2232,"date":"2025-09-11T13:33:34","date_gmt":"2025-09-11T05:33:34","guid":{"rendered":"https:\/\/weitai2.globaldeepsea.site\/product\/lmj-microjet-technology-laser-cutting-equipment\/"},"modified":"2026-04-29T15:27:43","modified_gmt":"2026-04-29T07:27:43","slug":"lmj-microjet-technology-laser-cutting-equipment","status":"publish","type":"product","link":"https:\/\/www.cn-semiconductorparts.com\/pt\/product\/lmj-microjet-technology-laser-cutting-equipment\/","title":{"rendered":"LMJ microjet technology laser cutting equipment"},"content":{"rendered":"<p><!--?xml encoding=\"utf-8\" ?--><\/p>\n<div class=\"fl-builder-content fl-builder-content-3142 fl-builder-content-primary fl-builder-global-templates-locked\" data-post-id=\"3142\">\n<div class=\"fl-row fl-row-full-width fl-row-bg-none fl-node-66177e845fe08\" data-node=\"66177e845fe08\">\n<div class=\"fl-row-content-wrap\">\n<div class=\"fl-row-content fl-row-full-width fl-node-content\">\n<div class=\"fl-col-group fl-node-66177e846058a\" data-node=\"66177e846058a\">\n<div class=\"fl-col fl-node-66177e8460717\" style=\"width: 100%\" data-node=\"66177e8460717\">\n<div class=\"fl-col-content fl-node-content\">\n<div class=\"fl-module fl-module-rich-text fl-node-66177e8461e5b\" data-animation-delay=\"0.0\" data-node=\"66177e8461e5b\">\n<div class=\"fl-module-content fl-node-content\">\n<div class=\"fl-rich-text\">\n<h3>Vantagens do processamento de LMJ<\/h3>\n<p>Os defeitos inerentes ao processamento regular a laser podem ser superados pelo uso inteligente da tecnologia Micro Jet (LMJ) a laser a laser para propagar as caracter\u00edsticas \u00f3pticas da \u00e1gua e do ar. Essa tecnologia permite que os pulsos a laser refletiram totalmente no jato de \u00e1gua de alta pureza processado de maneira n\u00e3o perturbada para atingir a superf\u00edcie da usinagem como na fibra \u00f3ptica.&nbsp;<\/p>\n<p><img decoding=\"async\" src=\"\/wp-content\/uploads\/2025\/09\/6ed4019b906b3d25.webp\" alt=\"Equipamento de processamento a laser de microjet-3-3\"><br \/><img decoding=\"async\" src=\"\/wp-content\/uploads\/2025\/09\/4cff6158cc071067.webp\" alt=\"fcghjdxfrg\"><\/p>\n<p>As principais caracter\u00edsticas da tecnologia LMJ s\u00e3o:<\/p>\n<p>1. O feixe de laser \u00e9 uma estrutura colunar (paralela).<\/p>\n<p>2. O pulso do laser \u00e9 transmitido no jato de \u00e1gua como uma fibra \u00f3ptica, sem nenhuma interfer\u00eancia ambiental.<\/p>\n<p>3. O feixe de laser est\u00e1 focado no equipamento LMJ, e a altura da superf\u00edcie usinada n\u00e3o muda durante todo o processo de processamento, portanto, n\u00e3o precisa continuar se concentrando na mudan\u00e7a da profundidade do processamento durante o processamento.<\/p>\n<p>4. Limpe a superf\u00edcie continuamente.<\/p>\n<p><img decoding=\"async\" src=\"\/wp-content\/uploads\/2025\/09\/e713604f9c929c94.webp\" alt=\"Micro-Jet Laser Cutting Technolgoy (2)\"><\/p>\n<p>5. Al\u00e9m da abla\u00e7\u00e3o do material da pe\u00e7a de trabalho por cada pulso do laser, a cada tempo unit\u00e1rio desde o in\u00edcio de cada pulso at\u00e9 o pr\u00f3ximo pulso, o material processado est\u00e1 no estado de \u00e1gua de resfriamento em tempo real por cerca de 99% da \u00e9poca, o que quase elimina a zona afetada pelo calor e a camada de remando, mas mant\u00e9m a alta efici\u00eancia do processamento.<\/p>\n<p><img decoding=\"async\" src=\"\/wp-content\/uploads\/2025\/09\/ef727d48784ce1ef.webp\" alt=\"ZSDFGAFDEG\"><\/p>\n<table border=\"1\" cellspacing=\"0\">\n<tbody>\n<tr>\n<td valign=\"top\" width=\"215\">\n<p align=\"center\">Especifica\u00e7\u00e3o geral<\/p>\n<\/td>\n<td valign=\"top\" width=\"275\">\n<p align=\"center\">LCSA-100<\/p>\n<\/td>\n<td valign=\"top\" width=\"224\">\n<p align=\"center\">LCSA-200<\/p>\n<\/td>\n<\/tr>\n<tr>\n<td valign=\"top\" width=\"215\">\n<p align=\"center\">Volume de bancada<\/p>\n<\/td>\n<td valign=\"top\" width=\"275\">\n<p align=\"center\">125 x 200 x 100<\/p>\n<\/td>\n<td valign=\"top\" width=\"224\">\n<p align=\"center\">460&times;460&times;300<\/p>\n<\/td>\n<\/tr>\n<tr>\n<td valign=\"top\" width=\"215\">\n<p align=\"center\">Eixo linear XY<\/p>\n<\/td>\n<td valign=\"top\" width=\"275\">\n<p align=\"center\">Motor linear. Motor linear<\/p>\n<\/td>\n<td valign=\"top\" width=\"224\">\n<p align=\"center\">Motor linear. Motor linear<\/p>\n<\/td>\n<\/tr>\n<tr>\n<td valign=\"top\" width=\"215\">\n<p align=\"center\">Eixo linear z<\/p>\n<\/td>\n<td valign=\"top\" width=\"275\">\n<p align=\"center\">100<\/p>\n<\/td>\n<td valign=\"top\" width=\"224\">\n<p align=\"center\">300<\/p>\n<\/td>\n<\/tr>\n<tr>\n<td valign=\"top\" width=\"215\">\n<p align=\"center\">Positioning accuracy &mu;m<\/p>\n<\/td>\n<td valign=\"top\" width=\"275\">\n<p align=\"center\">+ \/ &#8211; 5<\/p>\n<\/td>\n<td valign=\"top\" width=\"224\">\n<p align=\"center\">+ \/ &#8211; 3<\/p>\n<\/td>\n<\/tr>\n<tr>\n<td valign=\"top\" width=\"215\">\n<p align=\"center\">Repeated positioning accuracy &mu;m<\/p>\n<\/td>\n<td valign=\"top\" width=\"275\">\n<p align=\"center\">+ \/ &#8211; 2<\/p>\n<\/td>\n<td valign=\"top\" width=\"224\">\n<p align=\"center\">+ \/ &#8211; 1<\/p>\n<\/td>\n<\/tr>\n<tr>\n<td valign=\"top\" width=\"215\">\n<p align=\"center\">Acelera\u00e7\u00e3o g<\/p>\n<\/td>\n<td valign=\"top\" width=\"275\">\n<p align=\"center\">0.5<\/p>\n<\/td>\n<td valign=\"top\" width=\"224\">\n<p align=\"center\">1<\/p>\n<\/td>\n<\/tr>\n<tr>\n<td valign=\"top\" width=\"215\">\n<p align=\"center\">Controle num\u00e9rico<\/p>\n<\/td>\n<td valign=\"top\" width=\"275\">\n<p align=\"center\">3-axis<\/p>\n<\/td>\n<td valign=\"top\" width=\"224\">\n<p align=\"center\">3-axis<\/p>\n<\/td>\n<\/tr>\n<tr>\n<td valign=\"top\" width=\"215\">\n<p align=\"center\">Laser<\/p>\n<\/td>\n<td valign=\"top\" width=\"275\">\n<p align=\"center\">&nbsp;<\/p>\n<\/td>\n<td valign=\"top\" width=\"224\">\n<p align=\"center\">&nbsp;<\/p>\n<\/td>\n<\/tr>\n<tr>\n<td valign=\"top\" width=\"215\">\n<p align=\"center\">Tipo de laser<\/p>\n<\/td>\n<td valign=\"top\" width=\"275\">\n<p align=\"center\">DPSS ND: YAG<\/p>\n<\/td>\n<td valign=\"top\" width=\"224\">\n<p align=\"center\">DPSS nd: yag, pulso<\/p>\n<\/td>\n<\/tr>\n<tr>\n<td valign=\"top\" width=\"215\">\n<p align=\"center\">Comprimento de onda nm<\/p>\n<\/td>\n<td valign=\"top\" width=\"275\">\n<p align=\"center\">532\/1064<\/p>\n<\/td>\n<td valign=\"top\" width=\"224\">\n<p align=\"center\">532\/1064<\/p>\n<\/td>\n<\/tr>\n<tr>\n<td valign=\"top\" width=\"215\">\n<p align=\"center\">Poder nominal w<\/p>\n<\/td>\n<td valign=\"top\" width=\"275\">\n<p align=\"center\">50\/100\/200<\/p>\n<\/td>\n<td valign=\"top\" width=\"224\">\n<p align=\"center\">200\/400<\/p>\n<\/td>\n<\/tr>\n<tr>\n<td valign=\"top\" width=\"215\">\n<p align=\"center\">Jato de \u00e1gua<\/p>\n<\/td>\n<td valign=\"top\" width=\"275\">\n<p align=\"center\">&nbsp;<\/p>\n<\/td>\n<td valign=\"top\" width=\"224\">\n<p align=\"center\">&nbsp;<\/p>\n<\/td>\n<\/tr>\n<tr>\n<td valign=\"top\" width=\"215\">\n<p align=\"center\">Nozzle diameter &mu;m<\/p>\n<\/td>\n<td valign=\"top\" width=\"275\">\n<p align=\"center\">25-80<\/p>\n<\/td>\n<td valign=\"top\" width=\"224\">\n<p align=\"center\">25-80<\/p>\n<\/td>\n<\/tr>\n<tr>\n<td valign=\"top\" width=\"215\">\n<p align=\"center\">Barra de press\u00e3o do bico<\/p>\n<\/td>\n<td valign=\"top\" width=\"275\">\n<p align=\"center\">100-600<\/p>\n<\/td>\n<td valign=\"top\" width=\"224\">\n<p align=\"center\">0-600<\/p>\n<\/td>\n<\/tr>\n<tr>\n<td valign=\"top\" width=\"215\">\n<p align=\"center\">Tamanho\/peso<\/p>\n<\/td>\n<td valign=\"top\" width=\"275\">\n<p align=\"center\">&nbsp;<\/p>\n<\/td>\n<td valign=\"top\" width=\"224\">\n<p align=\"center\">&nbsp;<\/p>\n<\/td>\n<\/tr>\n<tr>\n<td valign=\"top\" width=\"215\">\n<p align=\"center\">Dimensions (Machine)&nbsp;(W x L x H)<\/p>\n<\/td>\n<td valign=\"top\" width=\"275\">\n<p align=\"center\">1050 x 800 x 1870<\/p>\n<\/td>\n<td valign=\"top\" width=\"224\">\n<p align=\"center\">1200 x 1200 x 2000<\/p>\n<\/td>\n<\/tr>\n<tr>\n<td valign=\"top\" width=\"215\">\n<p align=\"center\">Dimens\u00f5es (gabinete de controle) (w x l x h)<\/p>\n<\/td>\n<td valign=\"top\" width=\"275\">\n<p align=\"center\">700 x 2300 x 1600<\/p>\n<\/td>\n<td valign=\"top\" width=\"224\">\n<p align=\"center\">700 x 2300 x 1600<\/p>\n<\/td>\n<\/tr>\n<tr>\n<td valign=\"top\" width=\"215\">\n<p align=\"center\">Peso (equipamento) kg<\/p>\n<\/td>\n<td valign=\"top\" width=\"275\">\n<p align=\"center\">1170<\/p>\n<\/td>\n<td valign=\"top\" width=\"224\">\n<p align=\"center\">2500-3000<\/p>\n<\/td>\n<\/tr>\n<tr>\n<td valign=\"top\" width=\"215\">\n<p align=\"center\">Peso (gabinete de controle) kg<\/p>\n<\/td>\n<td valign=\"top\" width=\"275\">\n<p align=\"center\">700-750<\/p>\n<\/td>\n<td valign=\"top\" width=\"224\">\n<p align=\"center\">700-750<\/p>\n<\/td>\n<\/tr>\n<tr>\n<td valign=\"top\" width=\"215\">\n<p align=\"center\">Consumo abrangente de energia<\/p>\n<\/td>\n<td valign=\"top\" width=\"275\">\n<p align=\"center\">&nbsp;<\/p>\n<\/td>\n<td valign=\"top\" width=\"224\">\n<p align=\"center\">&nbsp;<\/p>\n<\/td>\n<\/tr>\n<tr>\n<td valign=\"top\" width=\"215\">\n<p align=\"center\">Entrada<\/p>\n<\/td>\n<td valign=\"top\" width=\"275\">\n<p align=\"center\">AC 230 V +6%\/ -10%, unidirectional 50\/60 Hz &plusmn;1%<\/p>\n<\/td>\n<td valign=\"top\" width=\"224\">\n<p align=\"center\">AC 400 V +6%\/-10%, 3-phase50\/60 Hz &plusmn;1%<\/p>\n<\/td>\n<\/tr>\n<tr>\n<td valign=\"top\" width=\"215\">\n<p align=\"center\">Valor de pico<\/p>\n<\/td>\n<td valign=\"top\" width=\"275\">\n<p align=\"center\">2.5kVA<\/p>\n<\/td>\n<td valign=\"top\" width=\"224\">\n<p align=\"center\">2.5kVA<\/p>\n<\/td>\n<\/tr>\n<tr>\n<td valign=\"top\" width=\"215\">\n<p align=\"center\">Juntar<\/p>\n<\/td>\n<td valign=\"top\" width=\"275\">\n<p align=\"center\">Cabo de energia de 10 m: p+n+e, 1,5 mm2<\/p>\n<\/td>\n<td valign=\"top\" width=\"224\">\n<p align=\"center\">Cabo de energia de 10 m: p+n+e, 1,5 mm2<\/p>\n<\/td>\n<\/tr>\n<tr>\n<td valign=\"top\" width=\"215\">\n<p align=\"center\">Faixa de aplicativos de usu\u00e1rios do setor de semicondutores<\/p>\n<\/td>\n<td valign=\"top\" width=\"275\">\n<p align=\"center\">&le;4 inches round ingot<\/p>\n<p align=\"center\">&le;4 inches ingot slices<\/p>\n<p align=\"center\">&le;4 inches ingot scribing<\/p>\n<p align=\"center\">&nbsp;<\/p>\n<\/td>\n<td valign=\"top\" width=\"224\">\n<p align=\"center\">&le;6 inches round ingot<\/p>\n<p align=\"center\">&le;6 inch ingot slices<\/p>\n<p align=\"center\">&le;6 inches ingot scribing<\/p>\n<p align=\"center\">A m\u00e1quina atende ao valor te\u00f3rico circular\/fatiando\/fatiamento de 8 polegadas, e os resultados pr\u00e1ticos espec\u00edficos precisam ser otimizados de estrat\u00e9gia de corte<\/p>\n<\/td>\n<\/tr>\n<\/tbody>\n<\/table>\n<p><img decoding=\"async\" src=\"\/wp-content\/uploads\/2025\/09\/b34e64e90d14ea5a.webp\" alt=\"ZFVBSDF\"><br \/><img decoding=\"async\" src=\"\/wp-content\/uploads\/2025\/09\/7ba229914db0e9b2.webp\" alt=\"Micro-Jet Laser Cutting Technolgoy (1)\"><br \/><img decoding=\"async\" src=\"\/wp-content\/uploads\/2025\/09\/47501cb0b6fd274e.webp\" alt=\"Micro-Jet Laser Cutting Technolgoy (1)\"><\/p>\n<p>&nbsp;<\/p>\n<\/div>\n<p>&nbsp;<\/p>\n<\/div>\n<p>&nbsp;<\/p>\n<\/div>\n<p>&nbsp;<\/p>\n<\/div>\n<p>&nbsp;<\/p>\n<\/div>\n<p>&nbsp;<\/p>\n<\/div>\n<div class=\"fl-col-group fl-node-66177efe87e5e\" data-node=\"66177efe87e5e\">\n<div class=\"fl-col fl-node-66177efe87fdf\" style=\"width: 100%\" data-node=\"66177efe87fdf\">\n<div class=\"fl-col-content fl-node-content\">\n<div class=\"fl-module fl-module-rich-text fl-node-66177efe87d16\" data-animation-delay=\"0.0\" data-node=\"66177efe87d16\">\n<div class=\"fl-module-content fl-node-content\">\n<div class=\"fl-rich-text\">\n<p>&nbsp;<\/p>\n<\/div>\n<p>&nbsp;<\/p>\n<\/div>\n<p>&nbsp;<\/p>\n<\/div>\n<p>&nbsp;<\/p>\n<\/div>\n<p>&nbsp;<\/p>\n<\/div>\n<p>&nbsp;<\/p>\n<\/div>\n<p>&nbsp;<\/p>\n<\/div>\n<p>&nbsp;<\/p>\n<\/div>\n<p>&nbsp;<\/p>\n<\/div>\n<\/div>","protected":false},"excerpt":{"rendered":"<p><!--?xml encoding=\"utf-8\" ?--><\/p>\n<p>Laser microjet technology (LMJ) is a laser processing method that combines laser with a water jet &ldquo;as thin as a hair&rdquo;, and precisely guides the laser beam to the processing position through the pulse total reflection in the micro-water jet in a way similar to traditional optical fiber. The water jet continuously cools the cutting area and effectively removes processing debris.<\/p>","protected":false},"featured_media":4594,"comment_status":"closed","ping_status":"open","template":"","meta":[],"product_brand":[],"product_cat":[31,40],"product_tag":[],"class_list":{"0":"post-2232","1":"product","2":"type-product","3":"status-publish","4":"has-post-thumbnail","6":"product_cat-more-ceramic-products","7":"product_cat-more-products","9":"first","10":"instock","11":"product-type-simple"},"_links":{"self":[{"href":"https:\/\/www.cn-semiconductorparts.com\/pt\/wp-json\/wp\/v2\/product\/2232","targetHints":{"allow":["GET"]}}],"collection":[{"href":"https:\/\/www.cn-semiconductorparts.com\/pt\/wp-json\/wp\/v2\/product"}],"about":[{"href":"https:\/\/www.cn-semiconductorparts.com\/pt\/wp-json\/wp\/v2\/types\/product"}],"replies":[{"embeddable":true,"href":"https:\/\/www.cn-semiconductorparts.com\/pt\/wp-json\/wp\/v2\/comments?post=2232"}],"wp:featuredmedia":[{"embeddable":true,"href":"https:\/\/www.cn-semiconductorparts.com\/pt\/wp-json\/wp\/v2\/media\/4594"}],"wp:attachment":[{"href":"https:\/\/www.cn-semiconductorparts.com\/pt\/wp-json\/wp\/v2\/media?parent=2232"}],"wp:term":[{"taxonomy":"product_brand","embeddable":true,"href":"https:\/\/www.cn-semiconductorparts.com\/pt\/wp-json\/wp\/v2\/product_brand?post=2232"},{"taxonomy":"product_cat","embeddable":true,"href":"https:\/\/www.cn-semiconductorparts.com\/pt\/wp-json\/wp\/v2\/product_cat?post=2232"},{"taxonomy":"product_tag","embeddable":true,"href":"https:\/\/www.cn-semiconductorparts.com\/pt\/wp-json\/wp\/v2\/product_tag?post=2232"}],"curies":[{"name":"wp","href":"https:\/\/api.w.org\/{rel}","templated":true}]}}