{"id":2236,"date":"2025-09-11T13:33:34","date_gmt":"2025-09-11T05:33:34","guid":{"rendered":"https:\/\/weitai2.globaldeepsea.site\/product\/custom-carbon-fiber-graphite-hard-felt\/"},"modified":"2026-04-29T15:27:44","modified_gmt":"2026-04-29T07:27:44","slug":"custom-carbon-fiber-graphite-hard-felt","status":"publish","type":"product","link":"https:\/\/www.cn-semiconductorparts.com\/pt\/product\/custom-carbon-fiber-graphite-hard-felt\/","title":{"rendered":"Custom carbon fiber graphite hard felt"},"content":{"rendered":"<p><!--?xml encoding=\"utf-8\" ?--><\/p>\n<div class=\"fl-builder-content fl-builder-content-2858 fl-builder-content-primary fl-builder-global-templates-locked\" data-post-id=\"2858\">\n<div class=\"fl-row fl-row-full-width fl-row-bg-none fl-node-64db1d2aa7f4f\" data-node=\"64db1d2aa7f4f\">\n<div class=\"fl-row-content-wrap\">\n<div class=\"fl-row-content fl-row-full-width fl-node-content\">\n<div class=\"fl-col-group fl-node-64db1d2aa7f92\" data-node=\"64db1d2aa7f92\">\n<div class=\"fl-col fl-node-64db1d2aa7fd3\" style=\"width: 100%\" data-node=\"64db1d2aa7fd3\">\n<div class=\"fl-col-content fl-node-content\">\n<div class=\"fl-module fl-module-heading fl-node-64db1d2aa8053\" data-animation-delay=\"0.0\" data-node=\"64db1d2aa8053\">\n<div class=\"fl-module-content fl-node-content\">\n<h3 class=\"fl-heading\"><span class=\"fl-heading-text\">Detalhes do produto<\/span><\/h3>\n<p>&nbsp;<\/p>\n<\/div>\n<p>&nbsp;<\/p>\n<\/div>\n<div class=\"fl-module fl-module-rich-text fl-node-64db1d2aa8013\" data-animation-delay=\"0.0\" data-node=\"64db1d2aa8013\">\n<div class=\"fl-module-content fl-node-content\">\n<div class=\"fl-rich-text\">\n<table border=\"0\" cellspacing=\"0\">\n<tbody>\n<tr>\n<td valign=\"center\" width=\"337\">\n<p>Nome do produto<\/p>\n<\/td>\n<td valign=\"center\" width=\"330\">\n<p>Feel de grafite<\/p>\n<\/td>\n<\/tr>\n<tr>\n<td valign=\"center\" width=\"337\">\n<p>Composi\u00e7\u00e3o qu\u00edmica<\/p>\n<\/td>\n<td valign=\"center\" width=\"330\">\n<p>Fibra de carbono<\/p>\n<\/td>\n<\/tr>\n<tr>\n<td valign=\"center\" width=\"337\">\n<p>Densidade a granel<\/p>\n<\/td>\n<td valign=\"center\" width=\"330\">\n<p>0.12-0.14g\/cm3<\/p>\n<\/td>\n<\/tr>\n<tr>\n<td valign=\"center\" width=\"337\">\n<p>Teor de carbono<\/p>\n<\/td>\n<td valign=\"center\" width=\"330\">\n<p>&gt; = 99%<\/p>\n<\/td>\n<\/tr>\n<tr>\n<td valign=\"center\" width=\"337\">\n<p>Resist\u00eancia \u00e0 trac\u00e7\u00e3o<\/p>\n<\/td>\n<td valign=\"center\" width=\"330\">\n<p>0.14Mpa<\/p>\n<\/td>\n<\/tr>\n<tr>\n<td valign=\"center\" width=\"337\">\n<p>Condutividade t\u00e9rmica (1150 \u2103)<\/p>\n<\/td>\n<td valign=\"center\" width=\"330\">\n<p>0,08 ~ 0,14w\/mk<\/p>\n<\/td>\n<\/tr>\n<tr>\n<td valign=\"center\" width=\"337\">\n<p>Cinzas<\/p>\n<\/td>\n<td valign=\"center\" width=\"330\">\n<p>&lt;= 0,005%<\/p>\n<\/td>\n<\/tr>\n<tr>\n<td valign=\"center\" width=\"337\">\n<p>Estresse esmagador<\/p>\n<\/td>\n<td valign=\"center\" width=\"330\">\n<p>8-10N\/cm<\/p>\n<\/td>\n<\/tr>\n<tr>\n<td valign=\"center\" width=\"337\">\n<p>Grossura<\/p>\n<\/td>\n<td valign=\"center\" width=\"330\">\n<p>1-10mm<\/p>\n<\/td>\n<\/tr>\n<tr>\n<td valign=\"center\" width=\"337\">\n<p>Temperatura de processamento<\/p>\n<\/td>\n<td valign=\"center\" width=\"330\">\n<p>2500(\u2103)<\/p>\n<\/td>\n<\/tr>\n<\/tbody>\n<\/table>\n<\/div>\n<p>&nbsp;<\/p>\n<\/div>\n<p>&nbsp;<\/p>\n<\/div>\n<p>&nbsp;<\/p>\n<\/div>\n<p>&nbsp;<\/p>\n<\/div>\n<p>&nbsp;<\/p>\n<\/div>\n<div class=\"fl-col-group fl-node-64db1d3860a30\" data-node=\"64db1d3860a30\">\n<div class=\"fl-col fl-node-64db1d3860bd9 fl-col-small\" style=\"width: 29.56%\" data-node=\"64db1d3860bd9\">\n<div class=\"fl-col-content fl-node-content\">\n<div class=\"fl-module fl-module-photo fl-node-64db1d38608e2\" data-animation-delay=\"0.0\" data-node=\"64db1d38608e2\">\n<div class=\"fl-module-content fl-node-content\">\n<div class=\"fl-photo fl-photo-align-center\">\n<div class=\"fl-photo-content fl-photo-img-png\"><img decoding=\"async\" class=\"fl-photo-img wp-image-2868\" src=\"\/wp-content\/uploads\/2025\/09\/54bc8b58975a3622.webp\" alt=\"Rigid Felt-3\"><\/div>\n<p>&nbsp;<\/p>\n<\/div>\n<p>&nbsp;<\/p>\n<\/div>\n<p>&nbsp;<\/p>\n<\/div>\n<p>&nbsp;<\/p>\n<\/div>\n<p>&nbsp;<\/p>\n<\/div>\n<div class=\"fl-col fl-node-64db1d4cb740b\" style=\"width: 70.44%\" data-node=\"64db1d4cb740b\">\n<div class=\"fl-col-content fl-node-content\">\n<div class=\"fl-module fl-module-rich-text fl-node-64db1d2aa80d2\" data-animation-delay=\"0.0\" data-node=\"64db1d2aa80d2\">\n<div class=\"fl-module-content fl-node-content\">\n<div class=\"fl-rich-text\">\n<p>Campos de aplica\u00e7\u00f5es:<br \/><span style=\"font-family: Calibri\">&bull;Vacuum furnaces<\/span><br \/><span style=\"font-family: Calibri\">&bull;Inert gas furnaces<\/span><br \/><span style=\"font-family: Calibri\">&bull;Heat treatment&nbsp;<\/span>(endurecimento, carboniza\u00e7\u00e3o, brasagem, etc.)<br \/><span style=\"font-family: Calibri\">&bull;Carbon fiber production<\/span><br \/><span style=\"font-family: Calibri\">&bull;Hard metal production<\/span><br \/><span style=\"font-family: Calibri\">&bull;Sintering applications<\/span><br \/><span style=\"font-family: Calibri\">&bull;Technical ceramic production<\/span><br \/><span style=\"font-family: Calibri\">&bull;CVD\/PVD coasting<\/span><\/p>\n<p>&nbsp;<\/p>\n<\/div>\n<p>&nbsp;<\/p>\n<\/div>\n<p>&nbsp;<\/p>\n<\/div>\n<p>&nbsp;<\/p>\n<\/div>\n<p>&nbsp;<\/p>\n<\/div>\n<p>&nbsp;<\/p>\n<\/div>\n<div class=\"fl-col-group fl-node-64db1d2aa8112\" data-node=\"64db1d2aa8112\">\n<div class=\"fl-col fl-node-64db1d2aa8151\" style=\"width: 67.33%\" data-node=\"64db1d2aa8151\">\n<div class=\"fl-col-content fl-node-content\">\n<div class=\"fl-module fl-module-rich-text fl-node-64db1d2aa8092\" data-animation-delay=\"0.0\" data-node=\"64db1d2aa8092\">\n<div class=\"fl-module-content fl-node-content\">\n<div class=\"fl-rich-text\">\n<p>Densidade do volume (g\/cm3): 0,22-0,28<br \/>Resist\u00eancia \u00e0 tra\u00e7\u00e3o (MPA): 2.5 (deforma\u00e7\u00e3o 5%)<br \/>Condutividade t\u00e9rmica (W\/MK): 0,15-0,25 (25) 0,40-0,45 (1400)<br \/>Resist\u00eancia espec\u00edfica (Ohm.cm): 0.18-0.22<br \/>Carbon Content (%): &ge;99<br \/>Ash Content (%): &le;0.6<br \/>Moisture Absorption (%): &le;1.6<br \/>Escala de purifica\u00e7\u00e3o: pureza Hight<br \/>Temperatura de processamento: 1450-2000<\/p>\n<p>&nbsp;<\/p>\n<\/div>\n<p>&nbsp;<\/p>\n<\/div>\n<p>&nbsp;<\/p>\n<\/div>\n<p>&nbsp;<\/p>\n<\/div>\n<p>&nbsp;<\/p>\n<\/div>\n<div class=\"fl-col fl-node-64db1d2aa8192 fl-col-small\" style=\"width: 32.67%\" data-node=\"64db1d2aa8192\">\n<div class=\"fl-col-content fl-node-content\">\n<div class=\"fl-module fl-module-photo fl-node-64db1d816ceca\" data-animation-delay=\"0.0\" data-node=\"64db1d816ceca\">\n<div class=\"fl-module-content fl-node-content\">\n<div class=\"fl-photo fl-photo-align-center\">\n<div class=\"fl-photo-content fl-photo-img-png\"><img decoding=\"async\" class=\"fl-photo-img wp-image-2869\" src=\"\/wp-content\/uploads\/2025\/09\/86fe550842bc2b70.webp\" alt=\"Rigid Felt-4\"><\/div>\n<p>&nbsp;<\/p>\n<\/div>\n<p>&nbsp;<\/p>\n<\/div>\n<p>&nbsp;<\/p>\n<\/div>\n<p>&nbsp;<\/p>\n<\/div>\n<p>&nbsp;<\/p>\n<\/div>\n<p>&nbsp;<\/p>\n<\/div>\n<div class=\"fl-col-group fl-node-64db1d2aa8355\" data-node=\"64db1d2aa8355\">\n<div class=\"fl-col fl-node-64db1d2aa8395 fl-col-small\" style=\"width: 50%\" data-node=\"64db1d2aa8395\">\n<div class=\"fl-col-content fl-node-content\">\n<div class=\"fl-module fl-module-photo fl-node-64db1d2aa83d4\" data-animation-delay=\"0.0\" data-node=\"64db1d2aa83d4\">\n<div class=\"fl-module-content fl-node-content\">\n<div class=\"fl-photo fl-photo-align-center\">\n<div class=\"fl-photo-content fl-photo-img-jpg\"><img decoding=\"async\" class=\"fl-photo-img wp-image-2870\" src=\"\/wp-content\/uploads\/2025\/09\/a9b288cb39577346.webp\" alt=\"Rigid Felt (4)\"><\/div>\n<p>&nbsp;<\/p>\n<\/div>\n<p>&nbsp;<\/p>\n<\/div>\n<p>&nbsp;<\/p>\n<\/div>\n<p>&nbsp;<\/p>\n<\/div>\n<p>&nbsp;<\/p>\n<\/div>\n<div class=\"fl-col fl-node-64db1d2aa8454 fl-col-small\" style=\"width: 50%\" data-node=\"64db1d2aa8454\">\n<div class=\"fl-col-content fl-node-content\">\n<div class=\"fl-module fl-module-photo fl-node-64db1d2aa8414\" data-animation-delay=\"0.0\" data-node=\"64db1d2aa8414\">\n<div class=\"fl-module-content fl-node-content\">\n<div class=\"fl-photo fl-photo-align-center\">\n<div class=\"fl-photo-content fl-photo-img-jpg\"><img decoding=\"async\" class=\"fl-photo-img wp-image-2871\" src=\"\/wp-content\/uploads\/2025\/09\/84a74ef38340875f.webp\" alt=\"Main-03\"><\/div>\n<p>&nbsp;<\/p>\n<\/div>\n<p>&nbsp;<\/p>\n<\/div>\n<p>&nbsp;<\/p>\n<\/div>\n<p>&nbsp;<\/p>\n<\/div>\n<p>&nbsp;<\/p>\n<\/div>\n<p>&nbsp;<\/p>\n<\/div>\n<div class=\"fl-col-group fl-node-64db1dc36a1bb\" data-node=\"64db1dc36a1bb\">\n<div class=\"fl-col fl-node-64db1dc36a423\" style=\"width: 100%\" data-node=\"64db1dc36a423\">\n<div class=\"fl-col-content fl-node-content\">\n<div class=\"fl-module fl-module-rich-text fl-node-64db1d2aa81d2\" data-animation-delay=\"0.0\" data-node=\"64db1d2aa81d2\">\n<div class=\"fl-module-content fl-node-content\">\n<div class=\"fl-rich-text\">\n<p>Tamanho dispon\u00edvel:<br \/>Placa: 1500*1800 (m\u00e1ximo) espessura 20-200mm<br \/>Tambor redondo: 1500*2000 (m\u00e1x) espessura 20-150mm<br \/>Tambor quadrado: 1500*1500*2000 (m\u00e1ximo) espessura 60-120mm<br \/>Faixa de temperatura aplicativa: 1250-2600<\/p>\n<p>&nbsp;<\/p>\n<\/div>\n<p>&nbsp;<\/p>\n<\/div>\n<p>&nbsp;<\/p>\n<\/div>\n<p>&nbsp;<\/p>\n<\/div>\n<p>&nbsp;<\/p>\n<\/div>\n<p>&nbsp;<\/p>\n<\/div>\n<div class=\"fl-col-group fl-node-64db1d2aa8294\" data-node=\"64db1d2aa8294\">\n<div class=\"fl-col fl-node-64db1d2aa82d5\" style=\"width: 100%\" data-node=\"64db1d2aa82d5\">\n<div class=\"fl-col-content fl-node-content\">\n<div class=\"fl-module fl-module-photo fl-node-64db1d2aa8315\" data-animation-delay=\"0.0\" data-node=\"64db1d2aa8315\">\n<div class=\"fl-module-content fl-node-content\">\n<div class=\"fl-photo fl-photo-align-center\">\n<div class=\"fl-photo-content fl-photo-img-png\"><img decoding=\"async\" class=\"fl-photo-img wp-image-2397\" src=\"\/wp-content\/uploads\/2025\/09\/26eb965d6cf57638.webp\" alt=\"sdfs\"><\/div>\n<p>&nbsp;<\/p>\n<\/div>\n<p>&nbsp;<\/p>\n<\/div>\n<p>&nbsp;<\/p>\n<\/div>\n<p>&nbsp;<\/p>\n<\/div>\n<p>&nbsp;<\/p>\n<\/div>\n<p>&nbsp;<\/p>\n<\/div>\n<div class=\"fl-col-group fl-node-66177f75910d1\" data-node=\"66177f75910d1\">\n<div class=\"fl-col fl-node-66177f75912b4\" style=\"width: 100%\" data-node=\"66177f75912b4\">\n<div class=\"fl-col-content fl-node-content\">\n<div class=\"fl-module fl-module-rich-text fl-node-66177f7590f51\" data-animation-delay=\"0.0\" data-node=\"66177f7590f51\">\n<div class=\"fl-module-content fl-node-content\">\n<div class=\"fl-rich-text\">\n<p>&nbsp;<\/p>\n<\/div>\n<p>&nbsp;<\/p>\n<\/div>\n<p>&nbsp;<\/p>\n<\/div>\n<p>&nbsp;<\/p>\n<\/div>\n<p>&nbsp;<\/p>\n<\/div>\n<p>&nbsp;<\/p>\n<\/div>\n<p>&nbsp;<\/p>\n<\/div>\n<p>&nbsp;<\/p>\n<\/div>\n<p>&nbsp;<\/p>\n<\/div>\n<\/div>","protected":false},"excerpt":{"rendered":"<p><!--?xml encoding=\"utf-8\" ?--><\/p>\n<p>Semicera&rsquo;s Custom Carbon Fiber Graphite Hard Felt combines the strength of carbon fiber with the superior thermal and mechanical properties of graphite. Engineered for high-performance applications, this material offers excellent heat resistance, durability, and dimensional stability. Ideal for industries such as aerospace, electronics, and energy, Semicera&rsquo;s custom graphite hard felt provides tailored solutions for demanding environments, ensuring maximum efficiency and reliability.<\/p>","protected":false},"featured_media":4596,"comment_status":"closed","ping_status":"open","template":"","meta":[],"product_brand":[],"product_cat":[29,30],"product_tag":[],"class_list":{"0":"post-2236","1":"product","2":"type-product","3":"status-publish","4":"has-post-thumbnail","6":"product_cat-carbon-fiber","7":"product_cat-hard-felt","9":"first","10":"instock","11":"product-type-simple"},"_links":{"self":[{"href":"https:\/\/www.cn-semiconductorparts.com\/pt\/wp-json\/wp\/v2\/product\/2236","targetHints":{"allow":["GET"]}}],"collection":[{"href":"https:\/\/www.cn-semiconductorparts.com\/pt\/wp-json\/wp\/v2\/product"}],"about":[{"href":"https:\/\/www.cn-semiconductorparts.com\/pt\/wp-json\/wp\/v2\/types\/product"}],"replies":[{"embeddable":true,"href":"https:\/\/www.cn-semiconductorparts.com\/pt\/wp-json\/wp\/v2\/comments?post=2236"}],"wp:featuredmedia":[{"embeddable":true,"href":"https:\/\/www.cn-semiconductorparts.com\/pt\/wp-json\/wp\/v2\/media\/4596"}],"wp:attachment":[{"href":"https:\/\/www.cn-semiconductorparts.com\/pt\/wp-json\/wp\/v2\/media?parent=2236"}],"wp:term":[{"taxonomy":"product_brand","embeddable":true,"href":"https:\/\/www.cn-semiconductorparts.com\/pt\/wp-json\/wp\/v2\/product_brand?post=2236"},{"taxonomy":"product_cat","embeddable":true,"href":"https:\/\/www.cn-semiconductorparts.com\/pt\/wp-json\/wp\/v2\/product_cat?post=2236"},{"taxonomy":"product_tag","embeddable":true,"href":"https:\/\/www.cn-semiconductorparts.com\/pt\/wp-json\/wp\/v2\/product_tag?post=2236"}],"curies":[{"name":"wp","href":"https:\/\/api.w.org\/{rel}","templated":true}]}}