{"id":2242,"date":"2025-09-11T13:33:34","date_gmt":"2025-09-11T05:33:34","guid":{"rendered":"https:\/\/weitai2.globaldeepsea.site\/product\/custom-silicon-carbide-semiconductor-wafer-boat-carrier-holder\/"},"modified":"2026-04-29T15:27:46","modified_gmt":"2026-04-29T07:27:46","slug":"custom-silicon-carbide-semiconductor-wafer-boat-carrier-holder","status":"publish","type":"product","link":"https:\/\/www.cn-semiconductorparts.com\/pt\/product\/custom-silicon-carbide-semiconductor-wafer-boat-carrier-holder\/","title":{"rendered":"Custom Silicon Carbide Semiconductor Wafer Boat Carrier\/Holder"},"content":{"rendered":"<div class=\"fl-builder-content fl-builder-content-2787 fl-builder-content-primary fl-builder-global-templates-locked\" data-post-id=\"2787\">\n<div class=\"fl-row fl-row-full-width fl-row-bg-none fl-node-64daec2eeb863\" data-node=\"64daec2eeb863\">\n<div class=\"fl-row-content-wrap\">\n<div class=\"fl-row-content fl-row-full-width fl-node-content\">\n<div class=\"fl-col-group fl-node-64daec2eeb886\" data-node=\"64daec2eeb886\">\n<div class=\"fl-col fl-node-64daec2eeb8c4\" style=\"width: 100%\" data-node=\"64daec2eeb8c4\">\n<div class=\"fl-col-content fl-node-content\">\n<div class=\"fl-module fl-module-rich-text fl-node-64daec2eeb901\" data-animation-delay=\"0.0\" data-node=\"64daec2eeb901\">\n<div class=\"fl-module-content fl-node-content\">\n<div class=\"fl-rich-text\">\n<p>Silicon Carbide is a new type of ceramic with high cost performance and excellent material properties.&nbsp;Due to features like high strength and hardness, high temperature resistance, great thermal conductivity and chemical corrosion resistance, Silicon Carbide can almost withstand all chemical medium. Therefore, SiC are widely used in oil mining, chemical, machinery and airspace, even nuclear energy and the military have their special demands on SiC. Some normal application we can offer are seal rings for pump, valve and protective armor etc.<\/p>\n<p>Somos capazes de projetar e fabricar de acordo com suas dimens\u00f5es espec\u00edficas com boa qualidade e tempo de entrega razo\u00e1vel.&nbsp;<\/p>\n<p>&nbsp;<\/p>\n<\/div>\n<p>&nbsp;<\/p>\n<\/div>\n<p>&nbsp;<\/p>\n<\/div>\n<p>&nbsp;<\/p>\n<\/div>\n<p>&nbsp;<\/p>\n<\/div>\n<p>&nbsp;<\/p>\n<\/div>\n<div class=\"fl-col-group fl-node-64daec2eeb93f\" data-node=\"64daec2eeb93f\">\n<div class=\"fl-col fl-node-64daec2eeb97c fl-col-small\" style=\"width: 50%\" data-node=\"64daec2eeb97c\">\n<div class=\"fl-col-content fl-node-content\">\n<div class=\"fl-module fl-module-photo fl-node-64daec2eeb9b9\" data-animation-delay=\"0.0\" data-node=\"64daec2eeb9b9\">\n<div class=\"fl-module-content fl-node-content\">\n<div class=\"fl-photo fl-photo-align-center\">\n<div class=\"fl-photo-content fl-photo-img-png\"><img decoding=\"async\" class=\"fl-photo-img wp-image-2800\" src=\"\/wp-content\/uploads\/2025\/09\/ff3ad4e176d05096.webp\" alt=\"transportadora de carboneto de sil\u00edcio (1)\"><\/div>\n<p>&nbsp;<\/p>\n<\/div>\n<p>&nbsp;<\/p>\n<\/div>\n<p>&nbsp;<\/p>\n<\/div>\n<p>&nbsp;<\/p>\n<\/div>\n<p>&nbsp;<\/p>\n<\/div>\n<div class=\"fl-col fl-node-64daec2eeba33 fl-col-small\" style=\"width: 50%\" data-node=\"64daec2eeba33\">\n<div class=\"fl-col-content fl-node-content\">\n<div class=\"fl-module fl-module-photo fl-node-64daec2eeb9f6\" data-animation-delay=\"0.0\" data-node=\"64daec2eeb9f6\">\n<div class=\"fl-module-content fl-node-content\">\n<div class=\"fl-photo fl-photo-align-center\">\n<div class=\"fl-photo-content fl-photo-img-png\"><img decoding=\"async\" class=\"fl-photo-img wp-image-2802\" src=\"\/wp-content\/uploads\/2025\/09\/32322d0896eb09c9.webp\" alt=\"transportadora de carboneto de sil\u00edcio (2)\"><\/div>\n<p>&nbsp;<\/p>\n<\/div>\n<p>&nbsp;<\/p>\n<\/div>\n<p>&nbsp;<\/p>\n<\/div>\n<p>&nbsp;<\/p>\n<\/div>\n<p>&nbsp;<\/p>\n<\/div>\n<p>&nbsp;<\/p>\n<\/div>\n<div class=\"fl-col-group fl-node-64daec2eeba77\" data-node=\"64daec2eeba77\">\n<div class=\"fl-col fl-node-64daec2eebab4\" style=\"width: 100%\" data-node=\"64daec2eebab4\">\n<div class=\"fl-col-content fl-node-content\">\n<div class=\"fl-module fl-module-rich-text fl-node-64daec2eebaf1\" data-animation-delay=\"0.0\" data-node=\"64daec2eebaf1\">\n<div class=\"fl-module-content fl-node-content\">\n<div class=\"fl-rich-text\">\n<p><span style=\"font-family: Calibri\">A<\/span>DVANTAGES:<\/p>\n<p>Resist\u00eancia a oxida\u00e7\u00e3o de alta temperatura<\/p>\n<p>Excelente resist\u00eancia \u00e0 corros\u00e3o<\/p>\n<p>Boa resist\u00eancia \u00e0 abras\u00e3o<\/p>\n<p>Alto coeficiente de condutividade t\u00e9rmica<br \/>Auto-lubrifica\u00e7\u00e3o, baixa densidade<br \/>Alta dureza<br \/>Design personalizado.<\/p>\n<p>&nbsp;<\/p>\n<p><span style=\"font-family: Calibri\">Aplica\u00e7\u00f5es:<\/span><\/p>\n<p><span style=\"font-family: Calibri\">-Campo resistente ao desgaste: bucha, placa, bico de areia, forro de ciclone, barril de moagem, etc.\u2026<\/span><\/p>\n<p><span style=\"font-family: Calibri\">-Campo de alta temperatura: laje SiC, tubo do forno de extin\u00e7\u00e3o, tubo radiante, cadinho, elemento de aquecimento, rolo, feixe, trocador de calor, tubo de ar frio, bico de queimador, tubo de prote\u00e7\u00e3o de termoples, barco sic, estrutura do carro do forno, setter, etc.<\/span><\/p>\n<p><span style=\"font-family: Calibri\">-Campo de balas militar<\/span><\/p>\n<p><span style=\"font-family: Calibri\">-Semicondutor de carboneto de sil\u00edcio: barco de bolacha sic, chuck sic, sic paddle, cassete sic, tubo de difus\u00e3o sic, garfo de wafer, placa de suc\u00e7\u00e3o, guia, etc.<\/span><\/p>\n<p><span style=\"font-family: Calibri\">-Campo de veda\u00e7\u00e3o de carboneto de sil\u00edcio: todos os tipos de anel de veda\u00e7\u00e3o, rolamento, bucha, etc.<\/span><\/p>\n<p><span style=\"font-family: Calibri\">-Campo fotovoltaico: remar em cantilever, barril de moagem, rolo de carboneto de sil\u00edcio, etc.<\/span><\/p>\n<p><span style=\"font-family: Calibri\">-Campo da bateria de l\u00edtio<\/span><\/p>\n<p>&nbsp;<\/p>\n<\/div>\n<p>&nbsp;<\/p>\n<\/div>\n<p>&nbsp;<\/p>\n<\/div>\n<p>&nbsp;<\/p>\n<\/div>\n<p>&nbsp;<\/p>\n<\/div>\n<p>&nbsp;<\/p>\n<\/div>\n<div class=\"fl-col-group fl-node-64daec2eebb2e\" data-node=\"64daec2eebb2e\">\n<div class=\"fl-col fl-node-64daec2eebb6b\" style=\"width: 100%\" data-node=\"64daec2eebb6b\">\n<div class=\"fl-col-content fl-node-content\">\n<div class=\"fl-module fl-module-heading fl-node-64daec2eebbe5\" data-animation-delay=\"0.0\" data-node=\"64daec2eebbe5\">\n<div class=\"fl-module-content fl-node-content\">\n<h3 class=\"fl-heading\"><span class=\"fl-heading-text\">Par\u00e2metros t\u00e9cnicos<\/span><\/h3>\n<p>&nbsp;<\/p>\n<\/div>\n<p>&nbsp;<\/p>\n<\/div>\n<div class=\"fl-module fl-module-photo fl-node-64daec2eebba8\" data-animation-delay=\"0.0\" data-node=\"64daec2eebba8\">\n<div class=\"fl-module-content fl-node-content\">\n<div class=\"fl-photo fl-photo-align-center\">\n<div class=\"fl-photo-content fl-photo-img-png\"><img decoding=\"async\" class=\"fl-photo-img wp-image-2776\" src=\"\/wp-content\/uploads\/2025\/09\/bd315bb4aa989ceb.webp\" alt=\"Par\u00e2metros de carboneto de sil\u00edcio\"><\/div>\n<p>&nbsp;<\/p>\n<\/div>\n<p>&nbsp;<\/p>\n<\/div>\n<p>&nbsp;<\/p>\n<\/div>\n<p>&nbsp;<\/p>\n<\/div>\n<p>&nbsp;<\/p>\n<\/div>\n<p>&nbsp;<\/p>\n<\/div>\n<div class=\"fl-col-group fl-node-661757a2f1226\" data-node=\"661757a2f1226\">\n<div class=\"fl-col fl-node-661757a2f13ad\" style=\"width: 100%\" data-node=\"661757a2f13ad\">\n<div class=\"fl-col-content fl-node-content\">\n<div class=\"fl-module fl-module-photo fl-node-661757a2f10de\" data-animation-delay=\"0.0\" data-node=\"661757a2f10de\">\n<div class=\"fl-module-content fl-node-content\">\n<div class=\"fl-photo fl-photo-align-center\">\n<div class=\"fl-photo-content fl-photo-img-jpg\"><img decoding=\"async\" class=\"fl-photo-img wp-image-7286\" src=\"\/wp-content\/uploads\/2025\/09\/b1dd0bcab1675ff4.webp\" alt=\"Local de trabalho semicera\"><\/div>\n<p>&nbsp;<\/p>\n<\/div>\n<p>&nbsp;<\/p>\n<\/div>\n<p>&nbsp;<\/p>\n<\/div>\n<div class=\"fl-module fl-module-photo fl-node-661757ae92501\" data-animation-delay=\"0.0\" data-node=\"661757ae92501\">\n<div class=\"fl-module-content fl-node-content\">\n<div class=\"fl-photo fl-photo-align-center\">\n<div class=\"fl-photo-content fl-photo-img-jpg\"><img decoding=\"async\" class=\"fl-photo-img wp-image-7287\" src=\"\/wp-content\/uploads\/2025\/09\/2b946d2b4b61306d.webp\" alt=\"Local de trabalho semicera 2\"><\/div>\n<p>&nbsp;<\/p>\n<\/div>\n<p>&nbsp;<\/p>\n<\/div>\n<p>&nbsp;<\/p>\n<\/div>\n<div class=\"fl-module fl-module-photo fl-node-661757adb7256\" data-animation-delay=\"0.0\" data-node=\"661757adb7256\">\n<div class=\"fl-module-content fl-node-content\">\n<div class=\"fl-photo fl-photo-align-center\">\n<div class=\"fl-photo-content fl-photo-img-jpg\"><img decoding=\"async\" class=\"fl-photo-img wp-image-7288\" src=\"\/wp-content\/uploads\/2025\/09\/081b6529d68ead23.webp\" alt=\"M\u00e1quina de equipamentos\"><\/div>\n<p>&nbsp;<\/p>\n<\/div>\n<p>&nbsp;<\/p>\n<\/div>\n<p>&nbsp;<\/p>\n<\/div>\n<div class=\"fl-module fl-module-photo fl-node-661757acddedd\" data-animation-delay=\"0.0\" data-node=\"661757acddedd\">\n<div class=\"fl-module-content fl-node-content\">\n<div class=\"fl-photo fl-photo-align-center\">\n<div class=\"fl-photo-content fl-photo-img-jpg\"><img decoding=\"async\" class=\"fl-photo-img wp-image-7289\" src=\"\/wp-content\/uploads\/2025\/09\/a4132b2b399abbac.webp\" alt=\"Processamento da CNN, limpeza qu\u00edmica, revestimento de CVD\"><\/div>\n<p>&nbsp;<\/p>\n<\/div>\n<p>&nbsp;<\/p>\n<\/div>\n<p>&nbsp;<\/p>\n<\/div>\n<div class=\"fl-module fl-module-photo fl-node-661757abcd42c\" data-animation-delay=\"0.0\" data-node=\"661757abcd42c\">\n<div class=\"fl-module-content fl-node-content\">\n<div class=\"fl-photo fl-photo-align-center\">\n<div class=\"fl-photo-content fl-photo-img-jpg\"><img decoding=\"async\" class=\"fl-photo-img wp-image-7290\" src=\"\/wp-content\/uploads\/2025\/09\/b07f222c0ec0ab8d.webp\" alt=\"Nosso servi\u00e7o\"><\/div>\n<p>&nbsp;<\/p>\n<\/div>\n<p>&nbsp;<\/p>\n<\/div>\n<p>&nbsp;<\/p>\n<\/div>\n<p>&nbsp;<\/p>\n<\/div>\n<p>&nbsp;<\/p>\n<\/div>\n<p>&nbsp;<\/p>\n<\/div>\n<p>&nbsp;<\/p>\n<\/div>\n<p>&nbsp;<\/p>\n<\/div>\n<p>&nbsp;<\/p>\n<\/div>\n<\/div>","protected":false},"excerpt":{"rendered":"<p>A Semicera Energy Technology Co., Ltd. \u00e9 um fornecedor l\u00edder de cer\u00e2mica avan\u00e7ada de semicondutores e o \u00fanico fabricante na China que pode simultaneamente fornecer cer\u00e2mica de carboneto de sil\u00edcio de alta pureza (especialmente telonizada) e revestimento CVD sic. Al\u00e9m disso, nossa empresa tamb\u00e9m est\u00e1 comprometida com campos de cer\u00e2mica, como alumina, nitreto de alum\u00ednio, zirc\u00f4nia e nitreto de sil\u00edcio, etc.<\/p>","protected":false},"featured_media":4600,"comment_status":"closed","ping_status":"open","template":"","meta":[],"product_brand":[],"product_cat":[67,16],"product_tag":[],"class_list":{"0":"post-2242","1":"product","2":"type-product","3":"status-publish","4":"has-post-thumbnail","6":"product_cat-custom-parts","7":"product_cat-cvd-sic","9":"first","10":"instock","11":"product-type-simple"},"_links":{"self":[{"href":"https:\/\/www.cn-semiconductorparts.com\/pt\/wp-json\/wp\/v2\/product\/2242","targetHints":{"allow":["GET"]}}],"collection":[{"href":"https:\/\/www.cn-semiconductorparts.com\/pt\/wp-json\/wp\/v2\/product"}],"about":[{"href":"https:\/\/www.cn-semiconductorparts.com\/pt\/wp-json\/wp\/v2\/types\/product"}],"replies":[{"embeddable":true,"href":"https:\/\/www.cn-semiconductorparts.com\/pt\/wp-json\/wp\/v2\/comments?post=2242"}],"wp:featuredmedia":[{"embeddable":true,"href":"https:\/\/www.cn-semiconductorparts.com\/pt\/wp-json\/wp\/v2\/media\/4600"}],"wp:attachment":[{"href":"https:\/\/www.cn-semiconductorparts.com\/pt\/wp-json\/wp\/v2\/media?parent=2242"}],"wp:term":[{"taxonomy":"product_brand","embeddable":true,"href":"https:\/\/www.cn-semiconductorparts.com\/pt\/wp-json\/wp\/v2\/product_brand?post=2242"},{"taxonomy":"product_cat","embeddable":true,"href":"https:\/\/www.cn-semiconductorparts.com\/pt\/wp-json\/wp\/v2\/product_cat?post=2242"},{"taxonomy":"product_tag","embeddable":true,"href":"https:\/\/www.cn-semiconductorparts.com\/pt\/wp-json\/wp\/v2\/product_tag?post=2242"}],"curies":[{"name":"wp","href":"https:\/\/api.w.org\/{rel}","templated":true}]}}