{"id":2245,"date":"2025-09-11T13:33:34","date_gmt":"2025-09-11T05:33:34","guid":{"rendered":"https:\/\/weitai2.globaldeepsea.site\/product\/high-wear-resistant-silicon-carbide-saggar\/"},"modified":"2026-04-29T15:27:47","modified_gmt":"2026-04-29T07:27:47","slug":"high-wear-resistant-silicon-carbide-saggar","status":"publish","type":"product","link":"https:\/\/www.cn-semiconductorparts.com\/pt\/product\/high-wear-resistant-silicon-carbide-saggar\/","title":{"rendered":"High wear resistant silicon carbide saggar"},"content":{"rendered":"<div class=\"fl-builder-content fl-builder-content-2488 fl-builder-content-primary fl-builder-global-templates-locked\" data-post-id=\"2488\">\n<div class=\"fl-row fl-row-full-width fl-row-bg-none fl-node-64d71548e5518\" data-node=\"64d71548e5518\">\n<div class=\"fl-row-content-wrap\">\n<div class=\"fl-row-content fl-row-full-width fl-node-content\">\n<div class=\"fl-col-group fl-node-64d71548e5559\" data-node=\"64d71548e5559\">\n<div class=\"fl-col fl-node-64d71548e5598\" style=\"width: 100%\" data-node=\"64d71548e5598\">\n<div class=\"fl-col-content fl-node-content\">\n<div class=\"fl-module fl-module-rich-text fl-node-64d71548e55d7\" data-animation-delay=\"0.0\" data-node=\"64d71548e55d7\">\n<div class=\"fl-module-content fl-node-content\">\n<div class=\"fl-rich-text\">\n<p>Silicon carbide is a new type of ceramics with high cost performance and excellent material properties.&nbsp;Due to features like high strength and hardness, high temperature resistance, great thermal conductivity and chemical corrosion resistance, Silicon Carbide can almost withstand all chemical medium. Therefore, SiC are widely used in oil mining, chemical, machinery and airspace, even nuclear energy and the military have their special demands on SIC. Some normal application we can offer are seal rings for pump, valve and protective armor etc.<\/p>\n<p>Somos capazes de projetar e fabricar de acordo com suas dimens\u00f5es espec\u00edficas, com boa qualidade e entrega razo\u00e1vel de tempo.&nbsp;<\/p>\n<p>&nbsp;<\/p>\n<\/div>\n<p>&nbsp;<\/p>\n<\/div>\n<p>&nbsp;<\/p>\n<\/div>\n<p>&nbsp;<\/p>\n<\/div>\n<p>&nbsp;<\/p>\n<\/div>\n<p>&nbsp;<\/p>\n<\/div>\n<div class=\"fl-col-group fl-node-64d71548e57d4\" data-node=\"64d71548e57d4\">\n<div class=\"fl-col fl-node-64d71548e5813\" style=\"width: 100%\" data-node=\"64d71548e5813\">\n<div class=\"fl-col-content fl-node-content\">\n<div class=\"fl-module fl-module-photo fl-node-64d71548e5852\" data-animation-delay=\"0.0\" data-node=\"64d71548e5852\">\n<div class=\"fl-module-content fl-node-content\">\n<div class=\"fl-photo fl-photo-align-center\">\n<div class=\"fl-photo-content fl-photo-img-png\"><img decoding=\"async\" class=\"fl-photo-img wp-image-2491\" src=\"\/wp-content\/uploads\/2025\/09\/0cb9f85fb2e31e10.webp\" alt=\"\u5fae\u4fe1\u622a\u56fe_20230812130511\"><\/div>\n<p>&nbsp;<\/p>\n<\/div>\n<p>&nbsp;<\/p>\n<\/div>\n<p>&nbsp;<\/p>\n<\/div>\n<p>&nbsp;<\/p>\n<\/div>\n<p>&nbsp;<\/p>\n<\/div>\n<p>&nbsp;<\/p>\n<\/div>\n<div class=\"fl-col-group fl-node-64d71548e5615\" data-node=\"64d71548e5615\">\n<div class=\"fl-col fl-node-64d71548e5654\" style=\"width: 100%\" data-node=\"64d71548e5654\">\n<div class=\"fl-col-content fl-node-content\">\n<div class=\"fl-module fl-module-rich-text fl-node-64d71548e5693\" data-animation-delay=\"0.0\" data-node=\"64d71548e5693\">\n<div class=\"fl-module-content fl-node-content\">\n<div class=\"fl-rich-text\">\n<p><span style=\"font-family: Calibri\">Aplica\u00e7\u00f5es:<\/span><\/p>\n<p><span style=\"font-family: Calibri\">-Campo resistente ao desgaste: bucha, placa, bico de areia, forro de ciclone, barril de moagem, etc.\u2026<\/span><\/p>\n<p><span style=\"font-family: Calibri\">-Campo de alta temperatura: laje SiC, tubo do forno de extin\u00e7\u00e3o, tubo radiante, cadinho, elemento de aquecimento, rolo, feixe, trocador de calor, tubo de ar frio, bico de queimador, tubo de prote\u00e7\u00e3o de termoples, barco sic, estrutura do carro do forno, setter, etc.<\/span><\/p>\n<p><span style=\"font-family: Calibri\">-Campo de balas militar<\/span><\/p>\n<p><span style=\"font-family: Calibri\">-Semicondutor de carboneto de sil\u00edcio: barco de bolacha sic, chuck sic, sic paddle, cassete sic, tubo de difus\u00e3o sic, garfo de wafer, placa de suc\u00e7\u00e3o, guia, etc.<\/span><\/p>\n<p><span style=\"font-family: Calibri\">-Campo de veda\u00e7\u00e3o de carboneto de sil\u00edcio: todos os tipos de anel de veda\u00e7\u00e3o, rolamento, bucha, etc.<\/span><\/p>\n<p><span style=\"font-family: Calibri\">-Campo fotovoltaico: remar em cantilever, barril de moagem, rolo de carboneto de sil\u00edcio, etc.<\/span><\/p>\n<p><span style=\"font-family: Calibri\">-Campo da bateria de l\u00edtio<\/span><\/p>\n<p>&nbsp;<\/p>\n<\/div>\n<p>&nbsp;<\/p>\n<\/div>\n<p>&nbsp;<\/p>\n<\/div>\n<p>&nbsp;<\/p>\n<\/div>\n<p>&nbsp;<\/p>\n<\/div>\n<p>&nbsp;<\/p>\n<\/div>\n<div class=\"fl-col-group fl-node-64d715676bb3f\" data-node=\"64d715676bb3f\">\n<div class=\"fl-col fl-node-64d715676bcd1\" style=\"width: 100%\" data-node=\"64d715676bcd1\">\n<div class=\"fl-col-content fl-node-content\">\n<div class=\"fl-module fl-module-gallery fl-node-64d715676b9f3\" data-animation-delay=\"0.0\" data-node=\"64d715676b9f3\">\n<div class=\"fl-module-content fl-node-content\">\n<div class=\"fl-mosaicflow\">\n<div class=\"fl-mosaicflow-content\">\n<div class=\"fl-mosaicflow-item\">\n<div class=\"fl-photo fl-photo-align-center\">\n<div class=\"fl-photo-content fl-photo-img-png\"><a href=\"\/pt\/uploads\/28ff221e11.webp\/\" target=\"_self\"> <img decoding=\"async\" class=\"fl-photo-img wp-image-2492\" src=\"\/wp-content\/uploads\/2025\/09\/7d66089f241eb2fc.webp\" alt=\"\u672a\u6807\u9898-1\"> <\/a><\/div>\n<p>&nbsp;<\/p>\n<\/div>\n<p>&nbsp;<\/p>\n<\/div>\n<div class=\"fl-mosaicflow-item\">\n<div class=\"fl-photo fl-photo-align-center\">\n<div class=\"fl-photo-content fl-photo-img-png\"><a href=\"\/pt\/uploads\/52e9658a1.webp\/\" target=\"_self\"> <img decoding=\"async\" class=\"fl-photo-img wp-image-2493\" src=\"\/wp-content\/uploads\/2025\/09\/215e03cfbaafb311.webp\" alt=\"\u672a\u6807\u9898-2\"> <\/a><\/div>\n<p>&nbsp;<\/p>\n<\/div>\n<p>&nbsp;<\/p>\n<\/div>\n<div class=\"fl-mosaicflow-item\">\n<div class=\"fl-photo fl-photo-align-center\">\n<div class=\"fl-photo-content fl-photo-img-png\"><a href=\"\/pt\/uploads\/ff7efb55.webp\/\" target=\"_self\"> <img decoding=\"async\" class=\"fl-photo-img wp-image-2494\" src=\"\/wp-content\/uploads\/2025\/09\/778f96ab4cfc0733.webp\" alt=\"\u672a\u6807\u9898-3\"> <\/a><\/div>\n<p>&nbsp;<\/p>\n<\/div>\n<p>&nbsp;<\/p>\n<\/div>\n<p>&nbsp;<\/p>\n<\/div>\n<div class=\"fl-clear\">&nbsp;<\/div>\n<p>&nbsp;<\/p>\n<\/div>\n<p>&nbsp;<\/p>\n<\/div>\n<p>&nbsp;<\/p>\n<\/div>\n<p>&nbsp;<\/p>\n<\/div>\n<p>&nbsp;<\/p>\n<\/div>\n<p>&nbsp;<\/p>\n<\/div>\n<div class=\"fl-col-group fl-node-64d71c154ea8f\" data-node=\"64d71c154ea8f\">\n<div class=\"fl-col fl-node-64d71c154ec22\" style=\"width: 100%\" data-node=\"64d71c154ec22\">\n<div class=\"fl-col-content fl-node-content\">\n<div class=\"fl-module fl-module-rich-text fl-node-64d71c154e948\" data-animation-delay=\"0.0\" data-node=\"64d71c154e948\">\n<div class=\"fl-module-content fl-node-content\">\n<div class=\"fl-rich-text\">\n<p data-section=\"0\">1, outstanding high thermal conductivity: thermal conductivity is much higher than other corrosion resistant materials; Use less heat exchange area for the same heat exchange efficiency; Allows for smaller heat exchanger sizes; Greatly reduce the occupied space and reduce the use cost;<\/p>\n<p data-section=\"1\">2, outstanding corrosion resistance: with very high corrosion resistance, oxidation resistance and erosion resistance can withstand high concentration of sulfuric acid, nitric acid, phosphoric acid, mixed acid, strong alkali, oxidant, etc., with excellent service life;<\/p>\n<p data-section=\"2\">3, excellent thermodynamic properties: excellent thermodynamic properties with high strength and high hardness; Strong wear resistance and permeability resistance under extreme high temperature and pressure; Allow medium to pass at high speed; It can be used normally at high temperature of 1300\u2103.<\/p>\n<p>&nbsp;<\/p>\n<\/div>\n<p>&nbsp;<\/p>\n<\/div>\n<p>&nbsp;<\/p>\n<\/div>\n<p>&nbsp;<\/p>\n<\/div>\n<p>&nbsp;<\/p>\n<\/div>\n<p>&nbsp;<\/p>\n<\/div>\n<div class=\"fl-col-group fl-node-64d71548e56d1\" data-node=\"64d71548e56d1\">\n<div class=\"fl-col fl-node-64d71548e5718\" style=\"width: 100%\" data-node=\"64d71548e5718\">\n<div class=\"fl-col-content fl-node-content\">\n<div class=\"fl-module fl-module-heading fl-node-64d71548e5795\" data-animation-delay=\"0.0\" data-node=\"64d71548e5795\">\n<div class=\"fl-module-content fl-node-content\">\n<h3 class=\"fl-heading\"><span class=\"fl-heading-text\">Par\u00e2metros t\u00e9cnicos<\/span><\/h3>\n<p>&nbsp;<\/p>\n<\/div>\n<p>&nbsp;<\/p>\n<\/div>\n<div class=\"fl-module fl-module-photo fl-node-64d71548e5757\" data-animation-delay=\"0.0\" data-node=\"64d71548e5757\">\n<div class=\"fl-module-content fl-node-content\">\n<div class=\"fl-photo fl-photo-align-center\">\n<div class=\"fl-photo-content fl-photo-img-png\"><img decoding=\"async\" class=\"fl-photo-img wp-image-2429\" src=\"\/wp-content\/uploads\/2025\/09\/e16a8a56d25ff317.webp\" alt=\"\u56fe\u72471\"><\/div>\n<p>&nbsp;<\/p>\n<\/div>\n<p>&nbsp;<\/p>\n<\/div>\n<p>&nbsp;<\/p>\n<\/div>\n<p>&nbsp;<\/p>\n<\/div>\n<p>&nbsp;<\/p>\n<\/div>\n<p>&nbsp;<\/p>\n<\/div>\n<p>&nbsp;<\/p>\n<\/div>\n<p>&nbsp;<\/p>\n<\/div>\n<p>&nbsp;<\/p>\n<\/div>\n<\/div>","protected":false},"excerpt":{"rendered":"<p>Semicera&rsquo;s highly wear-resistant silicon carbide saggers are carefully crafted to provide excellent performance in high temperature and high wear environments. Made of high-quality silicon carbide, this sagger ensures excellent durability and wear resistance, making it an ideal choice for a variety of applications in ceramic and semiconductor manufacturing. Semicera looks forward to being your long-term partner in China.<\/p>","protected":false},"featured_media":4603,"comment_status":"closed","ping_status":"open","template":"","meta":[],"product_brand":[],"product_cat":[25,24],"product_tag":[],"class_list":{"0":"post-2245","1":"product","2":"type-product","3":"status-publish","4":"has-post-thumbnail","6":"product_cat-more-sic-product","7":"product_cat-silicon-carbide-ceramic","9":"first","10":"instock","11":"product-type-simple"},"_links":{"self":[{"href":"https:\/\/www.cn-semiconductorparts.com\/pt\/wp-json\/wp\/v2\/product\/2245","targetHints":{"allow":["GET"]}}],"collection":[{"href":"https:\/\/www.cn-semiconductorparts.com\/pt\/wp-json\/wp\/v2\/product"}],"about":[{"href":"https:\/\/www.cn-semiconductorparts.com\/pt\/wp-json\/wp\/v2\/types\/product"}],"replies":[{"embeddable":true,"href":"https:\/\/www.cn-semiconductorparts.com\/pt\/wp-json\/wp\/v2\/comments?post=2245"}],"wp:featuredmedia":[{"embeddable":true,"href":"https:\/\/www.cn-semiconductorparts.com\/pt\/wp-json\/wp\/v2\/media\/4603"}],"wp:attachment":[{"href":"https:\/\/www.cn-semiconductorparts.com\/pt\/wp-json\/wp\/v2\/media?parent=2245"}],"wp:term":[{"taxonomy":"product_brand","embeddable":true,"href":"https:\/\/www.cn-semiconductorparts.com\/pt\/wp-json\/wp\/v2\/product_brand?post=2245"},{"taxonomy":"product_cat","embeddable":true,"href":"https:\/\/www.cn-semiconductorparts.com\/pt\/wp-json\/wp\/v2\/product_cat?post=2245"},{"taxonomy":"product_tag","embeddable":true,"href":"https:\/\/www.cn-semiconductorparts.com\/pt\/wp-json\/wp\/v2\/product_tag?post=2245"}],"curies":[{"name":"wp","href":"https:\/\/api.w.org\/{rel}","templated":true}]}}