{"id":2247,"date":"2025-09-11T13:33:34","date_gmt":"2025-09-11T05:33:34","guid":{"rendered":"https:\/\/weitai2.globaldeepsea.site\/product\/silicon-carbide-wafer-boat-2\/"},"modified":"2026-04-29T15:27:48","modified_gmt":"2026-04-29T07:27:48","slug":"silicon-carbide-wafer-boat-2","status":"publish","type":"product","link":"https:\/\/www.cn-semiconductorparts.com\/pt\/product\/silicon-carbide-wafer-boat-2\/","title":{"rendered":"Silicon carbide wafer boat"},"content":{"rendered":"<div class=\"fl-builder-content fl-builder-content-2423 fl-builder-content-primary fl-builder-global-templates-locked\" data-post-id=\"2423\">\n<div class=\"fl-row fl-row-full-width fl-row-bg-none fl-node-64d59ad4aae98\" data-node=\"64d59ad4aae98\">\n<div class=\"fl-row-content-wrap\">\n<div class=\"fl-row-content fl-row-full-width fl-node-content\">\n<div class=\"fl-col-group fl-node-64d59ad4abbfe\" data-node=\"64d59ad4abbfe\">\n<div class=\"fl-col fl-node-64d59ad4abd80 fl-col-small\" style=\"width: 50%\" data-node=\"64d59ad4abd80\">\n<div class=\"fl-col-content fl-node-content\">\n<div class=\"fl-module fl-module-photo fl-node-64d59c55e0a5e\" data-animation-delay=\"0.0\" data-node=\"64d59c55e0a5e\">\n<div class=\"fl-module-content fl-node-content\">\n<div class=\"fl-photo fl-photo-align-center\">\n<div class=\"fl-photo-content fl-photo-img-png\"><img decoding=\"async\" class=\"fl-photo-img wp-image-2426\" src=\"\/wp-content\/uploads\/2025\/09\/08891bf310d647b2.webp\" alt=\"Sic Boat Tow (3)\"><\/div>\n<p>&nbsp;<\/p>\n<\/div>\n<p>&nbsp;<\/p>\n<\/div>\n<p>&nbsp;<\/p>\n<\/div>\n<p>&nbsp;<\/p>\n<\/div>\n<p>&nbsp;<\/p>\n<\/div>\n<div class=\"fl-col fl-node-64d59c6b337bc fl-col-small\" style=\"width: 50%\" data-node=\"64d59c6b337bc\">\n<div class=\"fl-col-content fl-node-content\">\n<div class=\"fl-module fl-module-photo fl-node-64d59c63475d7\" data-animation-delay=\"0.0\" data-node=\"64d59c63475d7\">\n<div class=\"fl-module-content fl-node-content\">\n<div class=\"fl-photo fl-photo-align-center\">\n<div class=\"fl-photo-content fl-photo-img-png\"><img decoding=\"async\" class=\"fl-photo-img wp-image-2425\" src=\"\/wp-content\/uploads\/2025\/09\/1b52f0b0667afd39.webp\" alt=\"Sic Boat Tow (1)\"><\/div>\n<p>&nbsp;<\/p>\n<\/div>\n<p>&nbsp;<\/p>\n<\/div>\n<p>&nbsp;<\/p>\n<\/div>\n<p>&nbsp;<\/p>\n<\/div>\n<p>&nbsp;<\/p>\n<\/div>\n<p>&nbsp;<\/p>\n<\/div>\n<div class=\"fl-col-group fl-node-64d59d9fc3900\" data-node=\"64d59d9fc3900\">\n<div class=\"fl-col fl-node-64d59d9fc3aba\" style=\"width: 100%\" data-node=\"64d59d9fc3aba\">\n<div class=\"fl-col-content fl-node-content\">\n<div class=\"fl-module fl-module-rich-text fl-node-64d59d9fc37a0\" data-animation-delay=\"0.0\" data-node=\"64d59d9fc37a0\">\n<div class=\"fl-module-content fl-node-content\">\n<div class=\"fl-rich-text\">\n<p><strong>Recursos do produto SIC<\/strong><\/p>\n<p>High temperature and corrosion resistant, improving wafer quality and&nbsp; productivity<\/p>\n<p>Sic refere -se ao carboneto de sil\u00edcio. O carboneto de sil\u00edcio (sic) \u00e9 feito de areia de quartzo, coca -cola e outras mat\u00e9rias -primas atrav\u00e9s do derretimento do forno de alta temperatura. A atual produ\u00e7\u00e3o industrial de carboneto de sil\u00edcio tem dois tipos, carboneto de sil\u00edcio preto e carboneto de sil\u00edcio verde. Ambos s\u00e3o cristais hexagonais, a gravidade espec\u00edfica de 3,21g \/ cm3, micro dureza de 2840 ~ 3320kg \/ mm2.<\/p>\n<p>At least 70 kinds of crystalline silicon carbide, due to its low gravity 3.21g\/cm3 and high temperature strength, it is suitable for bearings or high temperature furnace raw materials.&nbsp; at any pressure can not be reached, and have a considerable low chemical activity.<\/p>\n<p>Ao mesmo tempo, muitas pessoas tentaram substituir o sil\u00edcio por carboneto de sil\u00edcio devido \u00e0 sua alta condutividade t\u00e9rmica, for\u00e7a de campo el\u00e9trico de alta esmagamento e alta densidade de corrente m\u00e1xima. Recentemente, na aplica\u00e7\u00e3o de componentes de alta pot\u00eancia semicondutores. De fato, o substrato do carboneto de sil\u00edcio na condutividade t\u00e9rmica, mais de 10 vezes maior que o substrato de safira, de modo que o uso de componentes LED de substrato do substrato de carboneto de sil\u00edcio, com boa condutividade e condutividade t\u00e9rmica, relativamente prop\u00edcios para a produ\u00e7\u00e3o de LED de alta pot\u00eancia.<\/p>\n<p>&nbsp;<\/p>\n<\/div>\n<p>&nbsp;<\/p>\n<\/div>\n<p>&nbsp;<\/p>\n<\/div>\n<p>&nbsp;<\/p>\n<\/div>\n<p>&nbsp;<\/p>\n<\/div>\n<p>&nbsp;<\/p>\n<\/div>\n<div class=\"fl-col-group fl-node-64d59e7c429c0\" data-node=\"64d59e7c429c0\">\n<div class=\"fl-col fl-node-64d59e7c42b84\" style=\"width: 100%\" data-node=\"64d59e7c42b84\">\n<div class=\"fl-col-content fl-node-content\">\n<div class=\"fl-module fl-module-heading fl-node-64d59e7c42852\" data-animation-delay=\"0.0\" data-node=\"64d59e7c42852\">\n<div class=\"fl-module-content fl-node-content\">\n<h3 class=\"fl-heading\"><span class=\"fl-heading-text\">Par\u00e2metros t\u00e9cnicos<\/span><\/h3>\n<p>&nbsp;<\/p>\n<\/div>\n<p>&nbsp;<\/p>\n<\/div>\n<p>&nbsp;<\/p>\n<\/div>\n<p>&nbsp;<\/p>\n<\/div>\n<p>&nbsp;<\/p>\n<\/div>\n<div class=\"fl-col-group fl-node-64d59e118bf75\" data-node=\"64d59e118bf75\">\n<div class=\"fl-col fl-node-64d59e118c12f\" style=\"width: 100%\" data-node=\"64d59e118c12f\">\n<div class=\"fl-col-content fl-node-content\">\n<div class=\"fl-module fl-module-photo fl-node-64d59e118be1f\" data-animation-delay=\"0.0\" data-node=\"64d59e118be1f\">\n<div class=\"fl-module-content fl-node-content\">\n<div class=\"fl-photo fl-photo-align-center\">\n<div class=\"fl-photo-content fl-photo-img-png\"><img decoding=\"async\" class=\"fl-photo-img wp-image-2429\" src=\"\/wp-content\/uploads\/2025\/09\/e16a8a56d25ff317.webp\" alt=\"\u56fe\u72471\"><\/div>\n<p>&nbsp;<\/p>\n<\/div>\n<p>&nbsp;<\/p>\n<\/div>\n<p>&nbsp;<\/p>\n<\/div>\n<p>&nbsp;<\/p>\n<\/div>\n<p>&nbsp;<\/p>\n<\/div>\n<p>&nbsp;<\/p>\n<\/div>\n<div class=\"fl-col-group fl-node-6617573587d3e\" data-node=\"6617573587d3e\">\n<div class=\"fl-col fl-node-6617573587ef1\" style=\"width: 100%\" data-node=\"6617573587ef1\">\n<div class=\"fl-col-content fl-node-content\">\n<div class=\"fl-module fl-module-photo fl-node-6617573587bdc\" data-animation-delay=\"0.0\" data-node=\"6617573587bdc\">\n<div class=\"fl-module-content fl-node-content\">\n<div class=\"fl-photo fl-photo-align-center\">\n<div class=\"fl-photo-content fl-photo-img-jpg\"><img decoding=\"async\" class=\"fl-photo-img wp-image-7286\" src=\"\/wp-content\/uploads\/2025\/09\/b1dd0bcab1675ff4.webp\" alt=\"Local de trabalho semicera\"><\/div>\n<p>&nbsp;<\/p>\n<\/div>\n<p>&nbsp;<\/p>\n<\/div>\n<p>&nbsp;<\/p>\n<\/div>\n<div class=\"fl-module fl-module-photo fl-node-6617573f93747\" data-animation-delay=\"0.0\" data-node=\"6617573f93747\">\n<div class=\"fl-module-content fl-node-content\">\n<div class=\"fl-photo fl-photo-align-center\">\n<div class=\"fl-photo-content fl-photo-img-jpg\"><img decoding=\"async\" class=\"fl-photo-img wp-image-7287\" src=\"\/wp-content\/uploads\/2025\/09\/2b946d2b4b61306d.webp\" alt=\"Local de trabalho semicera 2\"><\/div>\n<p>&nbsp;<\/p>\n<\/div>\n<p>&nbsp;<\/p>\n<\/div>\n<p>&nbsp;<\/p>\n<\/div>\n<div class=\"fl-module fl-module-photo fl-node-6617573ec0110\" data-animation-delay=\"0.0\" data-node=\"6617573ec0110\">\n<div class=\"fl-module-content fl-node-content\">\n<div class=\"fl-photo fl-photo-align-center\">\n<div class=\"fl-photo-content fl-photo-img-jpg\"><img decoding=\"async\" class=\"fl-photo-img wp-image-7288\" src=\"\/wp-content\/uploads\/2025\/09\/081b6529d68ead23.webp\" alt=\"M\u00e1quina de equipamentos\"><\/div>\n<p>&nbsp;<\/p>\n<\/div>\n<p>&nbsp;<\/p>\n<\/div>\n<p>&nbsp;<\/p>\n<\/div>\n<div class=\"fl-module fl-module-photo fl-node-6617573de9fa4\" data-animation-delay=\"0.0\" data-node=\"6617573de9fa4\">\n<div class=\"fl-module-content fl-node-content\">\n<div class=\"fl-photo fl-photo-align-center\">\n<div class=\"fl-photo-content fl-photo-img-jpg\"><img decoding=\"async\" class=\"fl-photo-img wp-image-7289\" src=\"\/wp-content\/uploads\/2025\/09\/a4132b2b399abbac.webp\" alt=\"Processamento da CNN, limpeza qu\u00edmica, revestimento de CVD\"><\/div>\n<p>&nbsp;<\/p>\n<\/div>\n<p>&nbsp;<\/p>\n<\/div>\n<p>&nbsp;<\/p>\n<\/div>\n<div class=\"fl-module fl-module-photo fl-node-6617573d17e5c\" data-animation-delay=\"0.0\" data-node=\"6617573d17e5c\">\n<div class=\"fl-module-content fl-node-content\">\n<div class=\"fl-photo fl-photo-align-center\">\n<div class=\"fl-photo-content fl-photo-img-jpg\"><img decoding=\"async\" class=\"fl-photo-img wp-image-7290\" src=\"\/wp-content\/uploads\/2025\/09\/b07f222c0ec0ab8d.webp\" alt=\"Nosso servi\u00e7o\"><\/div>\n<p>&nbsp;<\/p>\n<\/div>\n<p>&nbsp;<\/p>\n<\/div>\n<p>&nbsp;<\/p>\n<\/div>\n<p>&nbsp;<\/p>\n<\/div>\n<p>&nbsp;<\/p>\n<\/div>\n<p>&nbsp;<\/p>\n<\/div>\n<p>&nbsp;<\/p>\n<\/div>\n<p>&nbsp;<\/p>\n<\/div>\n<p>&nbsp;<\/p>\n<\/div>\n<\/div>","protected":false},"excerpt":{"rendered":"<p>A Semicera Energy Technology Co., Ltd. \u00e9 um fornecedor l\u00edder de cer\u00e2mica avan\u00e7ada de semicondutores e o \u00fanico fabricante na China que pode simultaneamente fornecer cer\u00e2mica de carboneto de sil\u00edcio de alta pureza (especialmente telonizada) e revestimento CVD sic. Al\u00e9m disso, nossa empresa tamb\u00e9m est\u00e1 comprometida com campos de cer\u00e2mica, como alumina, nitreto de alum\u00ednio, zirc\u00f4nia e nitreto de sil\u00edcio, etc.<\/p>","protected":false},"featured_media":4605,"comment_status":"closed","ping_status":"open","template":"","meta":[],"product_brand":[],"product_cat":[67,16],"product_tag":[],"class_list":{"0":"post-2247","1":"product","2":"type-product","3":"status-publish","4":"has-post-thumbnail","6":"product_cat-custom-parts","7":"product_cat-cvd-sic","9":"first","10":"instock","11":"product-type-simple"},"_links":{"self":[{"href":"https:\/\/www.cn-semiconductorparts.com\/pt\/wp-json\/wp\/v2\/product\/2247","targetHints":{"allow":["GET"]}}],"collection":[{"href":"https:\/\/www.cn-semiconductorparts.com\/pt\/wp-json\/wp\/v2\/product"}],"about":[{"href":"https:\/\/www.cn-semiconductorparts.com\/pt\/wp-json\/wp\/v2\/types\/product"}],"replies":[{"embeddable":true,"href":"https:\/\/www.cn-semiconductorparts.com\/pt\/wp-json\/wp\/v2\/comments?post=2247"}],"wp:featuredmedia":[{"embeddable":true,"href":"https:\/\/www.cn-semiconductorparts.com\/pt\/wp-json\/wp\/v2\/media\/4605"}],"wp:attachment":[{"href":"https:\/\/www.cn-semiconductorparts.com\/pt\/wp-json\/wp\/v2\/media?parent=2247"}],"wp:term":[{"taxonomy":"product_brand","embeddable":true,"href":"https:\/\/www.cn-semiconductorparts.com\/pt\/wp-json\/wp\/v2\/product_brand?post=2247"},{"taxonomy":"product_cat","embeddable":true,"href":"https:\/\/www.cn-semiconductorparts.com\/pt\/wp-json\/wp\/v2\/product_cat?post=2247"},{"taxonomy":"product_tag","embeddable":true,"href":"https:\/\/www.cn-semiconductorparts.com\/pt\/wp-json\/wp\/v2\/product_tag?post=2247"}],"curies":[{"name":"wp","href":"https:\/\/api.w.org\/{rel}","templated":true}]}}