{"id":2248,"date":"2025-09-11T13:33:34","date_gmt":"2025-09-11T05:33:34","guid":{"rendered":"https:\/\/weitai2.globaldeepsea.site\/product\/c-c-composites-with-high-thermal-conductivity\/"},"modified":"2026-04-29T15:27:48","modified_gmt":"2026-04-29T07:27:48","slug":"c-c-composites-with-high-thermal-conductivity","status":"publish","type":"product","link":"https:\/\/www.cn-semiconductorparts.com\/pt\/product\/c-c-composites-with-high-thermal-conductivity\/","title":{"rendered":"C\/C composites with high thermal conductivity"},"content":{"rendered":"<p><!--?xml encoding=\"utf-8\" ?--><\/p>\n<div class=\"fl-builder-content fl-builder-content-2416 fl-builder-content-primary fl-builder-global-templates-locked\" data-post-id=\"2416\">\n<div class=\"fl-row fl-row-full-width fl-row-bg-none fl-node-64d3082b318c8\" data-node=\"64d3082b318c8\">\n<div class=\"fl-row-content-wrap\">\n<div class=\"fl-row-content fl-row-full-width fl-node-content\">\n<div class=\"fl-col-group fl-node-64d3085a797a2\" data-node=\"64d3085a797a2\">\n<div class=\"fl-col fl-node-64d3085a799de\" style=\"width: 100%\" data-node=\"64d3085a799de\">\n<div class=\"fl-col-content fl-node-content\">\n<div class=\"fl-module fl-module-rich-text fl-node-64d3082b31a3a\" data-animation-delay=\"0.0\" data-node=\"64d3082b31a3a\">\n<div class=\"fl-module-content fl-node-content\">\n<div class=\"fl-rich-text\">\n<p><strong>Comp\u00f3sitos de carbono:<\/strong><\/p>\n<p>Os comp\u00f3sitos de carbono\/carbono s\u00e3o comp\u00f3sitos de matriz de carbono refor\u00e7ados pelas fibras de carbono e seus tecidos. Com baixa densidade (&lt;2,0g\/cm3), alta resist\u00eancia, alto m\u00f3dulo espec\u00edfico, alta condutividade t\u00e9rmica, baixo coeficiente de expans\u00e3o, bom desempenho de atrito, boa resist\u00eancia ao choque t\u00e9rmico, alta estabilidade dimensional, est\u00e1 agora na aplica\u00e7\u00e3o de mais de 1650 \u2103, a temperatura mais alta te\u00f3rica at\u00e9 2600 \u2103, portanto, \u00e9 considerada uma alta de 1650 \u2103, a mais alta a temperatura te\u00f3rica de 2600 \u2103, \u00e9 considerada uma alta de 1650 \u2103.<\/p>\n<p>&nbsp;<\/p>\n<\/div>\n<p>&nbsp;<\/p>\n<\/div>\n<p>&nbsp;<\/p>\n<\/div>\n<p>&nbsp;<\/p>\n<\/div>\n<p>&nbsp;<\/p>\n<\/div>\n<p>&nbsp;<\/p>\n<\/div>\n<div class=\"fl-col-group fl-node-64d3082b31908\" data-node=\"64d3082b31908\">\n<div class=\"fl-col fl-node-64d3082b31946\" style=\"width: 100%\" data-node=\"64d3082b31946\">\n<div class=\"fl-col-content fl-node-content\">\n<div class=\"fl-module fl-module-rich-text fl-node-64d3082b31983\" data-animation-delay=\"0.0\" data-node=\"64d3082b31983\">\n<div class=\"fl-module-content fl-node-content\">\n<div class=\"fl-rich-text\">\n<table border=\"0\" cellspacing=\"0\">\n<tbody>\n<tr>\n<td colspan=\"3\" valign=\"center\" width=\"615\">\n<p align=\"center\"><strong>Dados t\u00e9cnicos de composto de carbono\/carbono<\/strong><\/p>\n<\/td>\n<td valign=\"center\" width=\"10\">\n<p>&nbsp;<\/p>\n<\/td>\n<\/tr>\n<tr>\n<td valign=\"center\" width=\"205\">\n<p>\u00cdndice<\/p>\n<\/td>\n<td valign=\"center\" width=\"126\">\n<p align=\"center\">Unidade<\/p>\n<\/td>\n<td valign=\"center\" width=\"283\">\n<p align=\"center\">Valor<\/p>\n<\/td>\n<td valign=\"center\" width=\"10\">\n<p>&nbsp;<\/p>\n<\/td>\n<\/tr>\n<tr>\n<td valign=\"center\" width=\"205\">\n<p>Densidade a granel<\/p>\n<\/td>\n<td valign=\"center\" width=\"126\">\n<p align=\"center\">g\/cm3<\/p>\n<\/td>\n<td valign=\"center\" width=\"283\">\n<p align=\"center\">1.40~1.50<\/p>\n<\/td>\n<td valign=\"center\" width=\"10\">\n<p>&nbsp;<\/p>\n<\/td>\n<\/tr>\n<tr>\n<td valign=\"center\" width=\"205\">\n<p>Teor de carbono<\/p>\n<\/td>\n<td valign=\"center\" width=\"126\">\n<p align=\"center\">%<\/p>\n<\/td>\n<td valign=\"center\" width=\"283\">\n<p align=\"center\">&ge;98.5~99.9<\/p>\n<\/td>\n<td valign=\"center\" width=\"10\">\n<p>&nbsp;<\/p>\n<\/td>\n<\/tr>\n<tr>\n<td valign=\"center\" width=\"205\">\n<p>Cinzas<\/p>\n<\/td>\n<td valign=\"center\" width=\"126\">\n<p align=\"center\">Ppm<\/p>\n<\/td>\n<td valign=\"center\" width=\"283\">\n<p align=\"center\">&le;65<\/p>\n<\/td>\n<td valign=\"center\" width=\"10\">\n<p>&nbsp;<\/p>\n<\/td>\n<\/tr>\n<tr>\n<td valign=\"center\" width=\"205\">\n<p>Condutividade t\u00e9rmica (1150 \u2103)<\/p>\n<\/td>\n<td valign=\"center\" width=\"126\">\n<p align=\"center\">W\/mk<\/p>\n<\/td>\n<td valign=\"center\" width=\"283\">\n<p align=\"center\">10~30<\/p>\n<\/td>\n<td valign=\"center\" width=\"10\">\n<p>&nbsp;<\/p>\n<\/td>\n<\/tr>\n<tr>\n<td valign=\"center\" width=\"205\">\n<p>Resist\u00eancia \u00e0 trac\u00e7\u00e3o<\/p>\n<\/td>\n<td valign=\"center\" width=\"126\">\n<p align=\"center\">MPA<\/p>\n<\/td>\n<td valign=\"center\" width=\"283\">\n<p align=\"center\">90~130<\/p>\n<\/td>\n<td valign=\"center\" width=\"10\">\n<p>&nbsp;<\/p>\n<\/td>\n<\/tr>\n<tr>\n<td valign=\"center\" width=\"205\">\n<p>For\u00e7a de flex\u00e3o<\/p>\n<\/td>\n<td valign=\"center\" width=\"126\">\n<p align=\"center\">MPA<\/p>\n<\/td>\n<td valign=\"center\" width=\"283\">\n<p align=\"center\">100~150<\/p>\n<\/td>\n<td valign=\"center\" width=\"10\">\n<p>&nbsp;<\/p>\n<\/td>\n<\/tr>\n<tr>\n<td valign=\"center\" width=\"205\">\n<p>For\u00e7a de compress\u00e3o<\/p>\n<\/td>\n<td valign=\"center\" width=\"126\">\n<p align=\"center\">MPA<\/p>\n<\/td>\n<td valign=\"center\" width=\"283\">\n<p align=\"center\">130~170<\/p>\n<\/td>\n<td valign=\"center\" width=\"10\">\n<p>&nbsp;<\/p>\n<\/td>\n<\/tr>\n<tr>\n<td valign=\"center\" width=\"205\">\n<p>For\u00e7a de cisalhamento<\/p>\n<\/td>\n<td valign=\"center\" width=\"126\">\n<p align=\"center\">MPA<\/p>\n<\/td>\n<td valign=\"center\" width=\"283\">\n<p align=\"center\">50~60<\/p>\n<\/td>\n<td valign=\"center\" width=\"10\">\n<p>&nbsp;<\/p>\n<\/td>\n<\/tr>\n<tr>\n<td valign=\"center\" width=\"205\">\n<p>For\u00e7a de cisalhamento interlaminar<\/p>\n<\/td>\n<td valign=\"center\" width=\"126\">\n<p align=\"center\">MPA<\/p>\n<\/td>\n<td valign=\"center\" width=\"283\">\n<p align=\"center\">&ge;13<\/p>\n<\/td>\n<td valign=\"center\" width=\"10\">\n<p>&nbsp;<\/p>\n<\/td>\n<\/tr>\n<tr>\n<td valign=\"center\" width=\"205\">\n<p>Resistividade el\u00e9trica<\/p>\n<\/td>\n<td valign=\"center\" width=\"126\">\n<p align=\"center\">&Omega;.mm2\/m<\/p>\n<\/td>\n<td valign=\"center\" width=\"283\">\n<p align=\"center\">30~43<\/p>\n<\/td>\n<td valign=\"center\" width=\"10\">\n<p>&nbsp;<\/p>\n<\/td>\n<\/tr>\n<tr>\n<td valign=\"center\" width=\"205\">\n<p>Coeficiente de expans\u00e3o t\u00e9rmica<\/p>\n<\/td>\n<td valign=\"center\" width=\"126\">\n<p align=\"center\">106\/K<\/p>\n<\/td>\n<td valign=\"center\" width=\"283\">\n<p align=\"center\">0.3~1.2<\/p>\n<\/td>\n<td valign=\"center\" width=\"10\">\n<p>&nbsp;<\/p>\n<\/td>\n<\/tr>\n<tr>\n<td valign=\"center\" width=\"205\">\n<p>Temperatura de processamento<\/p>\n<\/td>\n<td valign=\"center\" width=\"126\">\n<p align=\"center\">\u2103<\/p>\n<\/td>\n<td valign=\"center\" width=\"283\">\n<p align=\"center\">&ge;2400\u2103<\/p>\n<\/td>\n<td valign=\"center\" width=\"10\">\n<p>&nbsp;<\/p>\n<\/td>\n<\/tr>\n<tr>\n<td colspan=\"3\" rowspan=\"2\" valign=\"center\" width=\"615\">\n<p>Qualidade militar, deposi\u00e7\u00e3o de forno de deposi\u00e7\u00e3o de vapor qu\u00edmico completo, importa\u00e7\u00e3o de fibra de carbono Toray T700 tric\u00f4 de agulha 3D pr\u00e9-tecido<br \/>Especifica\u00e7\u00f5es do material: di\u00e2metro externo m\u00e1ximo 2000 mm, espessura da parede 8-25mm, altura 1600 mm<\/p>\n<\/td>\n<td valign=\"center\">\n<p>&nbsp;<\/p>\n<\/td>\n<\/tr>\n<tr>\n<td valign=\"center\">&nbsp;<\/td>\n<\/tr>\n<\/tbody>\n<\/table>\n<\/div>\n<p>&nbsp;<\/p>\n<\/div>\n<p>&nbsp;<\/p>\n<\/div>\n<p>&nbsp;<\/p>\n<\/div>\n<p>&nbsp;<\/p>\n<\/div>\n<p>&nbsp;<\/p>\n<\/div>\n<div class=\"fl-col-group fl-node-64d3082b31af2\" data-node=\"64d3082b31af2\">\n<div class=\"fl-col fl-node-64d3082b31b2e fl-col-small\" style=\"width: 50%\" data-node=\"64d3082b31b2e\">\n<div class=\"fl-col-content fl-node-content\">\n<div class=\"fl-module fl-module-rich-text fl-node-64d3082b319c0\" data-animation-delay=\"0.0\" data-node=\"64d3082b319c0\">\n<div class=\"fl-module-content fl-node-content\">\n<div class=\"fl-rich-text\">\n<p>Pode ser amplamente utilizado no ambiente de alta temperatura de v\u00e1rias estrutura, aquecedor e vaso. Comparado com os materiais de engenharia tradicionais, o composto de carbono tem as seguintes vantagens:<\/p>\n<p>1) alta resist\u00eancia<\/p>\n<p>2) alta temperatura at\u00e9 2000\u2103<\/p>\n<p>3) Resist\u00eancia ao choque t\u00e9rmico<\/p>\n<p>4) baixo coeficiente de expans\u00e3o t\u00e9rmica<\/p>\n<p>5) Pequena capacidade t\u00e9rmica<\/p>\n<p>6) Excelente resist\u00eancia \u00e0 corros\u00e3o e resist\u00eancia \u00e0 radia\u00e7\u00e3o<\/p>\n<p>&nbsp;<\/p>\n<\/div>\n<p>&nbsp;<\/p>\n<\/div>\n<p>&nbsp;<\/p>\n<\/div>\n<p>&nbsp;<\/p>\n<\/div>\n<p>&nbsp;<\/p>\n<\/div>\n<div class=\"fl-col fl-node-64d3082b31b6b fl-col-small\" style=\"width: 50%\" data-node=\"64d3082b31b6b\">\n<div class=\"fl-col-content fl-node-content\">\n<div class=\"fl-module fl-module-rich-text fl-node-64d3082b319fd\" data-animation-delay=\"0.0\" data-node=\"64d3082b319fd\">\n<div class=\"fl-module-content fl-node-content\">\n<div class=\"fl-rich-text\">\n<p><strong>Aplicativo:<\/strong><br \/>1. Aeroespacial. Devido ao material composto, tem boa estabilidade t\u00e9rmica, alta resist\u00eancia e rigidez espec\u00edficas. Pode ser usado para fabricar freios a aeronaves, asa e fuselagem, antena de sat\u00e9lite e uma estrutura de suporte, asa solar e concha, concha de foguete grande portadora, casca do motor, etc.<\/p>\n<p>2. A ind\u00fastria automobil\u00edstica.<\/p>\n<p>3. O campo m\u00e9dico.<\/p>\n<p>4. Isolamento de calor<\/p>\n<p>5. Unidade de aquecimento<\/p>\n<p>6. Insulula\u00e7\u00e3o de raios<\/p>\n<p>&nbsp;<\/p>\n<\/div>\n<p>&nbsp;<\/p>\n<\/div>\n<p>&nbsp;<\/p>\n<\/div>\n<p>&nbsp;<\/p>\n<\/div>\n<p>&nbsp;<\/p>\n<\/div>\n<p>&nbsp;<\/p>\n<\/div>\n<div class=\"fl-col-group fl-node-64d3082b31ba9\" data-node=\"64d3082b31ba9\">\n<div class=\"fl-col fl-node-64d3082b31bdd\" style=\"width: 100%\" data-node=\"64d3082b31bdd\">\n<div class=\"fl-col-content fl-node-content\">\n<div class=\"fl-module fl-module-gallery fl-node-64d3082b31c1a\" data-animation-delay=\"0.0\" data-node=\"64d3082b31c1a\">\n<div class=\"fl-module-content fl-node-content\">\n<div class=\"fl-mosaicflow\">\n<div class=\"fl-mosaicflow-content\">\n<div class=\"fl-mosaicflow-item\">\n<div class=\"fl-photo fl-photo-align-center\">\n<div class=\"fl-photo-content fl-photo-img-jpg\"><a href=\"\/pt\/uploads\/Main-015.webp\/\" target=\"_self\"> <img decoding=\"async\" class=\"fl-photo-img wp-image-2412\" src=\"\/wp-content\/uploads\/2025\/09\/8b5bc07db6f86acd.webp\" alt=\"Main-01\"> <\/a><\/div>\n<p>&nbsp;<\/p>\n<\/div>\n<p>&nbsp;<\/p>\n<\/div>\n<div class=\"fl-mosaicflow-item\">\n<div class=\"fl-photo fl-photo-align-center\">\n<div class=\"fl-photo-content fl-photo-img-jpg\"><a href=\"\/pt\/uploads\/Main-022.webp\/\" target=\"_self\"> <img decoding=\"async\" class=\"fl-photo-img wp-image-2413\" src=\"\/wp-content\/uploads\/2025\/09\/b8f96da4b9f6f20b.webp\" alt=\"Main-02\"> <\/a><\/div>\n<p>&nbsp;<\/p>\n<\/div>\n<p>&nbsp;<\/p>\n<\/div>\n<div class=\"fl-mosaicflow-item\">\n<div class=\"fl-photo fl-photo-align-center\">\n<div class=\"fl-photo-content fl-photo-img-jpg\"><a href=\"\/pt\/uploads\/Main-033.webp\/\" target=\"_self\"> <img decoding=\"async\" class=\"fl-photo-img wp-image-2414\" src=\"\/wp-content\/uploads\/2025\/09\/5e9d5ea14306a866.webp\" alt=\"Main-03\"> <\/a><\/div>\n<p>&nbsp;<\/p>\n<\/div>\n<p>&nbsp;<\/p>\n<\/div>\n<p>&nbsp;<\/p>\n<\/div>\n<div class=\"fl-clear\">&nbsp;<\/div>\n<p>&nbsp;<\/p>\n<\/div>\n<p>&nbsp;<\/p>\n<\/div>\n<p>&nbsp;<\/p>\n<\/div>\n<p>&nbsp;<\/p>\n<\/div>\n<p>&nbsp;<\/p>\n<\/div>\n<p>&nbsp;<\/p>\n<\/div>\n<div class=\"fl-col-group fl-node-6617809a785d0\" data-node=\"6617809a785d0\">\n<div class=\"fl-col fl-node-6617809a7878b\" style=\"width: 100%\" data-node=\"6617809a7878b\">\n<div class=\"fl-col-content fl-node-content\">\n<div class=\"fl-module fl-module-rich-text fl-node-6617809a78476\" data-animation-delay=\"0.0\" data-node=\"6617809a78476\">\n<div class=\"fl-module-content fl-node-content\">\n<div class=\"fl-rich-text\">\n<p>&nbsp;<\/p>\n<\/div>\n<p>&nbsp;<\/p>\n<\/div>\n<p>&nbsp;<\/p>\n<\/div>\n<p>&nbsp;<\/p>\n<\/div>\n<p>&nbsp;<\/p>\n<\/div>\n<p>&nbsp;<\/p>\n<\/div>\n<p>&nbsp;<\/p>\n<\/div>\n<p>&nbsp;<\/p>\n<\/div>\n<p>&nbsp;<\/p>\n<\/div>\n<\/div>","protected":false},"excerpt":{"rendered":"<p><!--?xml encoding=\"utf-8\" ?--><\/p>\n<p>Semicera&nbsp;Energy Technology Co., Ltd.&nbsp;is a leading supplier of advanced semiconductor ceramics and the only manufacturer in China that can simultaneously provide high-purity silicon carbide ceramic(especially the&nbsp;Recrystallized&nbsp;SiC) and CVD SiC coating. In addition, our company is also committed to ceramic fields such as alumina, aluminum nitride, zirconia, and silicon nitride, etc.<\/p>","protected":false},"featured_media":4606,"comment_status":"closed","ping_status":"open","template":"","meta":[],"product_brand":[],"product_cat":[38,29],"product_tag":[],"class_list":{"0":"post-2248","1":"product","2":"type-product","3":"status-publish","4":"has-post-thumbnail","6":"product_cat-c-c-composite-cfc","7":"product_cat-carbon-fiber","9":"first","10":"instock","11":"product-type-simple"},"_links":{"self":[{"href":"https:\/\/www.cn-semiconductorparts.com\/pt\/wp-json\/wp\/v2\/product\/2248","targetHints":{"allow":["GET"]}}],"collection":[{"href":"https:\/\/www.cn-semiconductorparts.com\/pt\/wp-json\/wp\/v2\/product"}],"about":[{"href":"https:\/\/www.cn-semiconductorparts.com\/pt\/wp-json\/wp\/v2\/types\/product"}],"replies":[{"embeddable":true,"href":"https:\/\/www.cn-semiconductorparts.com\/pt\/wp-json\/wp\/v2\/comments?post=2248"}],"wp:featuredmedia":[{"embeddable":true,"href":"https:\/\/www.cn-semiconductorparts.com\/pt\/wp-json\/wp\/v2\/media\/4606"}],"wp:attachment":[{"href":"https:\/\/www.cn-semiconductorparts.com\/pt\/wp-json\/wp\/v2\/media?parent=2248"}],"wp:term":[{"taxonomy":"product_brand","embeddable":true,"href":"https:\/\/www.cn-semiconductorparts.com\/pt\/wp-json\/wp\/v2\/product_brand?post=2248"},{"taxonomy":"product_cat","embeddable":true,"href":"https:\/\/www.cn-semiconductorparts.com\/pt\/wp-json\/wp\/v2\/product_cat?post=2248"},{"taxonomy":"product_tag","embeddable":true,"href":"https:\/\/www.cn-semiconductorparts.com\/pt\/wp-json\/wp\/v2\/product_tag?post=2248"}],"curies":[{"name":"wp","href":"https:\/\/api.w.org\/{rel}","templated":true}]}}