{"id":2250,"date":"2025-09-11T13:33:40","date_gmt":"2025-09-11T05:33:40","guid":{"rendered":"https:\/\/weitai2.globaldeepsea.site\/product\/graphite-insulation-felt-carbon-hard-felt-for-heat-preservation\/"},"modified":"2026-04-29T15:27:38","modified_gmt":"2026-04-29T07:27:38","slug":"graphite-insulation-felt-carbon-hard-felt-for-heat-preservation","status":"publish","type":"product","link":"https:\/\/www.cn-semiconductorparts.com\/pt\/product\/graphite-insulation-felt-carbon-hard-felt-for-heat-preservation\/","title":{"rendered":"Graphite Insulation Felt, Carbon Hard Felt for Heat Preservation"},"content":{"rendered":"<p><!--?xml encoding=\"utf-8\" ?--><\/p>\n<div class=\"fl-builder-content fl-builder-content-2390 fl-builder-content-primary fl-builder-global-templates-locked\" data-post-id=\"2390\">\n<div class=\"fl-row fl-row-full-width fl-row-bg-none fl-node-657028b7df479\" data-node=\"657028b7df479\">\n<div class=\"fl-row-content-wrap\">\n<div class=\"fl-row-content fl-row-full-width fl-node-content\">\n<div class=\"fl-col-group fl-node-657028b7df4bd\" data-node=\"657028b7df4bd\">\n<div class=\"fl-col fl-node-657028b7df4fd\" style=\"width: 100%\" data-node=\"657028b7df4fd\">\n<div class=\"fl-col-content fl-node-content\">\n<div class=\"fl-module fl-module-heading fl-node-657028b7df584\" data-animation-delay=\"0.0\" data-node=\"657028b7df584\">\n<div class=\"fl-module-content fl-node-content\">\n<h3 class=\"fl-heading\"><span class=\"fl-heading-text\">Detalhes do produto<\/span><\/h3>\n<p>&nbsp;<\/p>\n<\/div>\n<p>&nbsp;<\/p>\n<\/div>\n<div class=\"fl-module fl-module-rich-text fl-node-657028b7df543\" data-animation-delay=\"0.0\" data-node=\"657028b7df543\">\n<div class=\"fl-module-content fl-node-content\">\n<div class=\"fl-rich-text\">\n<table border=\"0\" cellspacing=\"0\">\n<tbody>\n<tr>\n<td valign=\"center\" width=\"337\">\n<p>Nome do produto<\/p>\n<\/td>\n<td valign=\"center\" width=\"330\">\n<p>Feel de grafite<\/p>\n<\/td>\n<\/tr>\n<tr>\n<td valign=\"center\" width=\"337\">\n<p>Composi\u00e7\u00e3o qu\u00edmica<\/p>\n<\/td>\n<td valign=\"center\" width=\"330\">\n<p>Fibra de carbono<\/p>\n<\/td>\n<\/tr>\n<tr>\n<td valign=\"center\" width=\"337\">\n<p>Densidade a granel<\/p>\n<\/td>\n<td valign=\"center\" width=\"330\">\n<p>0.12-0.14g\/cm3<\/p>\n<\/td>\n<\/tr>\n<tr>\n<td valign=\"center\" width=\"337\">\n<p>Teor de carbono<\/p>\n<\/td>\n<td valign=\"center\" width=\"330\">\n<p>&gt; = 99%<\/p>\n<\/td>\n<\/tr>\n<tr>\n<td valign=\"center\" width=\"337\">\n<p>Resist\u00eancia \u00e0 trac\u00e7\u00e3o<\/p>\n<\/td>\n<td valign=\"center\" width=\"330\">\n<p>0.14Mpa<\/p>\n<\/td>\n<\/tr>\n<tr>\n<td valign=\"center\" width=\"337\">\n<p>Condutividade t\u00e9rmica (1150 \u2103)<\/p>\n<\/td>\n<td valign=\"center\" width=\"330\">\n<p>0,08 ~ 0,14w\/mk<\/p>\n<\/td>\n<\/tr>\n<tr>\n<td valign=\"center\" width=\"337\">\n<p>Cinzas<\/p>\n<\/td>\n<td valign=\"center\" width=\"330\">\n<p>&lt;= 0,005%<\/p>\n<\/td>\n<\/tr>\n<tr>\n<td valign=\"center\" width=\"337\">\n<p>Estresse esmagador<\/p>\n<\/td>\n<td valign=\"center\" width=\"330\">\n<p>8-10N\/cm<\/p>\n<\/td>\n<\/tr>\n<tr>\n<td valign=\"center\" width=\"337\">\n<p>Grossura<\/p>\n<\/td>\n<td valign=\"center\" width=\"330\">\n<p>1-10mm<\/p>\n<\/td>\n<\/tr>\n<tr>\n<td valign=\"center\" width=\"337\">\n<p>Temperatura de processamento<\/p>\n<\/td>\n<td valign=\"center\" width=\"330\">\n<p>2500(\u2103)<\/p>\n<\/td>\n<\/tr>\n<\/tbody>\n<\/table>\n<\/div>\n<p>&nbsp;<\/p>\n<\/div>\n<p>&nbsp;<\/p>\n<\/div>\n<p>&nbsp;<\/p>\n<\/div>\n<p>&nbsp;<\/p>\n<\/div>\n<p>&nbsp;<\/p>\n<\/div>\n<div class=\"fl-col-group fl-node-657028b7df643\" data-node=\"657028b7df643\">\n<div class=\"fl-col fl-node-657028b7df683 fl-col-small\" style=\"width: 50%\" data-node=\"657028b7df683\">\n<div class=\"fl-col-content fl-node-content\">\n<div class=\"fl-module fl-module-rich-text fl-node-657028b7df5c4\" data-animation-delay=\"0.0\" data-node=\"657028b7df5c4\">\n<div class=\"fl-module-content fl-node-content\">\n<div class=\"fl-rich-text\">\n<p>Densidade do volume (g\/cm3): 0,22-0,28<br \/>Resist\u00eancia \u00e0 tra\u00e7\u00e3o (MPA): 2.5 (deforma\u00e7\u00e3o 5%)<br \/>Condutividade t\u00e9rmica (W\/MK): 0,15-0,25 (25) 0,40-0,45 (1400)<br \/>Resist\u00eancia espec\u00edfica (Ohm.cm): 0.18-0.22<br \/>Carbon Content (%): &ge;99<br \/>Ash Content (%): &le;0.6<br \/>Moisture Absorption (%): &le;1.6<br \/>Escala de purifica\u00e7\u00e3o: pureza Hight<br \/>Temperatura de processamento: 1450-2000<\/p>\n<p>&nbsp;<\/p>\n<\/div>\n<p>&nbsp;<\/p>\n<\/div>\n<p>&nbsp;<\/p>\n<\/div>\n<p>&nbsp;<\/p>\n<\/div>\n<p>&nbsp;<\/p>\n<\/div>\n<div class=\"fl-col fl-node-657028b7df9c1 fl-col-small\" style=\"width: 50%\" data-node=\"657028b7df9c1\">\n<div class=\"fl-col-content fl-node-content\">\n<div class=\"fl-module fl-module-photo fl-node-657028b7dfa01\" data-animation-delay=\"0.0\" data-node=\"657028b7dfa01\">\n<div class=\"fl-module-content fl-node-content\">\n<div class=\"fl-photo fl-photo-align-center\">\n<div class=\"fl-photo-content fl-photo-img-png\"><img decoding=\"async\" class=\"fl-photo-img wp-image-5469\" src=\"\/wp-content\/uploads\/2025\/09\/a0b4a0f68ee12bac.webp\" alt=\"\u5fae\u4fe1\u622a\u56fe_20231206153325(1)\"><\/div>\n<p>&nbsp;<\/p>\n<\/div>\n<p>&nbsp;<\/p>\n<\/div>\n<p>&nbsp;<\/p>\n<\/div>\n<p>&nbsp;<\/p>\n<\/div>\n<p>&nbsp;<\/p>\n<\/div>\n<p>&nbsp;<\/p>\n<\/div>\n<div class=\"fl-col-group fl-node-657028b7df902\" data-node=\"657028b7df902\">\n<div class=\"fl-col fl-node-657028b7df941\" style=\"width: 50.89%\" data-node=\"657028b7df941\">\n<div class=\"fl-col-content fl-node-content\">\n<div class=\"fl-module fl-module-rich-text fl-node-657028b7df981\" data-animation-delay=\"0.0\" data-node=\"657028b7df981\">\n<div class=\"fl-module-content fl-node-content\">\n<div class=\"fl-rich-text\">\n<p>Atualmente, existem quatro s\u00e9ries dispon\u00edveis para fornecer produtos brutos ou processados:<br \/>SCRF: Purified cured graphite fiber hard felt, heat treatment temperature above 1900\u2103<br \/>SCRF-P: Highly purified RGB hard felt<br \/>SCRF-LTC: Purified solidified graphite fiber hard felt, heat treatment temperature above 1900\u2103, with better thermal insulation performance<br \/>SCRF-LTC-P: Highly purified RGB-LTC hard felt<\/p>\n<p>&nbsp;<\/p>\n<\/div>\n<p>&nbsp;<\/p>\n<\/div>\n<p>&nbsp;<\/p>\n<\/div>\n<p>&nbsp;<\/p>\n<\/div>\n<p>&nbsp;<\/p>\n<\/div>\n<div class=\"fl-col fl-node-657028b7dfb40 fl-col-small\" style=\"width: 49.11%\" data-node=\"657028b7dfb40\">\n<div class=\"fl-col-content fl-node-content\">\n<div class=\"fl-module fl-module-rich-text fl-node-657028b7df6c4\" data-animation-delay=\"0.0\" data-node=\"657028b7df6c4\">\n<div class=\"fl-module-content fl-node-content\">\n<div class=\"fl-rich-text\">\n<p>Tamanho dispon\u00edvel:<br \/>Placa: 1500*1800 (m\u00e1ximo) espessura 20-200mm<br \/>Tambor redondo: 1500*2000 (m\u00e1x) espessura 20-150mm<br \/>Tambor quadrado: 1500*1500*2000 (m\u00e1ximo) espessura 60-120mm<br \/>Faixa de temperatura aplicativa: 1250-2600<\/p>\n<p>&nbsp;<\/p>\n<\/div>\n<p>&nbsp;<\/p>\n<\/div>\n<p>&nbsp;<\/p>\n<\/div>\n<p>&nbsp;<\/p>\n<\/div>\n<p>&nbsp;<\/p>\n<\/div>\n<p>&nbsp;<\/p>\n<\/div>\n<div class=\"fl-col-group fl-node-657028b7dfa41\" data-node=\"657028b7dfa41\">\n<div class=\"fl-col fl-node-657028b7dfa81 fl-col-small\" style=\"width: 50%\" data-node=\"657028b7dfa81\">\n<div class=\"fl-col-content fl-node-content\">\n<div class=\"fl-module fl-module-photo fl-node-657028b7dfac0\" data-animation-delay=\"0.0\" data-node=\"657028b7dfac0\">\n<div class=\"fl-module-content fl-node-content\">\n<div class=\"fl-photo fl-photo-align-center\">\n<div class=\"fl-photo-content fl-photo-img-png\"><img decoding=\"async\" class=\"fl-photo-img wp-image-5462\" src=\"\/wp-content\/uploads\/2025\/09\/e464b3c8a8f02914.webp\" alt=\"Feel de fibra de carbono composto de grafite resistente \u00e0 corros\u00e3o\"><\/div>\n<p>&nbsp;<\/p>\n<\/div>\n<p>&nbsp;<\/p>\n<\/div>\n<p>&nbsp;<\/p>\n<\/div>\n<p>&nbsp;<\/p>\n<\/div>\n<p>&nbsp;<\/p>\n<\/div>\n<div class=\"fl-col fl-node-657028b7dfb00 fl-col-small\" style=\"width: 50%\" data-node=\"657028b7dfb00\">\n<div class=\"fl-col-content fl-node-content\">\n<div class=\"fl-module fl-module-rich-text fl-node-657028b7df603\" data-animation-delay=\"0.0\" data-node=\"657028b7df603\">\n<div class=\"fl-module-content fl-node-content\">\n<div class=\"fl-rich-text\">\n<p>Campos de aplica\u00e7\u00f5es:<br \/><span style=\"font-family: Calibri\">&bull;Vacuum furnaces<\/span><br \/><span style=\"font-family: Calibri\">&bull;Inert gas furnaces<\/span><br \/><span style=\"font-family: Calibri\">&bull;Heat treatment&nbsp;<\/span>(endurecimento, carboniza\u00e7\u00e3o, brasagem, etc.)<br \/><span style=\"font-family: Calibri\">&bull;Carbon fiber production<\/span><br \/><span style=\"font-family: Calibri\">&bull;Hard metal production<\/span><br \/><span style=\"font-family: Calibri\">&bull;Sintering applications<\/span><br \/><span style=\"font-family: Calibri\">&bull;Technical ceramic production<\/span><br \/><span style=\"font-family: Calibri\">&bull;CVD\/PVD coasting<\/span><\/p>\n<p>&nbsp;<\/p>\n<\/div>\n<p>&nbsp;<\/p>\n<\/div>\n<p>&nbsp;<\/p>\n<\/div>\n<p>&nbsp;<\/p>\n<\/div>\n<p>&nbsp;<\/p>\n<\/div>\n<p>&nbsp;<\/p>\n<\/div>\n<div class=\"fl-col-group fl-node-657028b7df7c3\" data-node=\"657028b7df7c3\">\n<div class=\"fl-col fl-node-657028b7df803 fl-col-small\" style=\"width: 50%\" data-node=\"657028b7df803\">\n<div class=\"fl-col-content fl-node-content\">\n<div class=\"fl-module fl-module-photo fl-node-657028b7df842\" data-animation-delay=\"0.0\" data-node=\"657028b7df842\">\n<div class=\"fl-module-content fl-node-content\">\n<div class=\"fl-photo fl-photo-align-center\">\n<div class=\"fl-photo-content fl-photo-img-png\"><img decoding=\"async\" class=\"fl-photo-img wp-image-5456\" src=\"\/wp-content\/uploads\/2025\/09\/9d70c5193301a8eb.webp\" alt=\"High-Performance Graphite Composite Carbon Fiber Felt\"><\/div>\n<p>&nbsp;<\/p>\n<\/div>\n<p>&nbsp;<\/p>\n<\/div>\n<p>&nbsp;<\/p>\n<\/div>\n<p>&nbsp;<\/p>\n<\/div>\n<p>&nbsp;<\/p>\n<\/div>\n<div class=\"fl-col fl-node-657028b7df8c2 fl-col-small\" style=\"width: 50%\" data-node=\"657028b7df8c2\">\n<div class=\"fl-col-content fl-node-content\">\n<div class=\"fl-module fl-module-photo fl-node-657028b7df882\" data-animation-delay=\"0.0\" data-node=\"657028b7df882\">\n<div class=\"fl-module-content fl-node-content\">\n<div class=\"fl-photo fl-photo-align-center\">\n<div class=\"fl-photo-content fl-photo-img-png\"><img decoding=\"async\" class=\"fl-photo-img wp-image-5441\" src=\"\/wp-content\/uploads\/2025\/09\/8017096f567a1956.webp\" alt=\"High Quality Graphite Rigid Felt\"><\/div>\n<p>&nbsp;<\/p>\n<\/div>\n<p>&nbsp;<\/p>\n<\/div>\n<p>&nbsp;<\/p>\n<\/div>\n<p>&nbsp;<\/p>\n<\/div>\n<p>&nbsp;<\/p>\n<\/div>\n<p>&nbsp;<\/p>\n<\/div>\n<div class=\"fl-col-group fl-node-657028b7df703\" data-node=\"657028b7df703\">\n<div class=\"fl-col fl-node-657028b7df743\" style=\"width: 100%\" data-node=\"657028b7df743\">\n<div class=\"fl-col-content fl-node-content\">\n<div class=\"fl-module fl-module-photo fl-node-657028b7df783\" data-animation-delay=\"0.0\" data-node=\"657028b7df783\">\n<div class=\"fl-module-content fl-node-content\">\n<div class=\"fl-photo fl-photo-align-center\">\n<div class=\"fl-photo-content fl-photo-img-png\"><img decoding=\"async\" class=\"fl-photo-img wp-image-2397\" src=\"\/wp-content\/uploads\/2025\/09\/26eb965d6cf57638.webp\" alt=\"sdfs\"><\/div>\n<p>&nbsp;<\/p>\n<\/div>\n<p>&nbsp;<\/p>\n<\/div>\n<p>&nbsp;<\/p>\n<\/div>\n<p>&nbsp;<\/p>\n<\/div>\n<p>&nbsp;<\/p>\n<\/div>\n<p>&nbsp;<\/p>\n<\/div>\n<div class=\"fl-col-group fl-node-6617812451149\" data-node=\"6617812451149\">\n<div class=\"fl-col fl-node-6617812451310\" style=\"width: 100%\" data-node=\"6617812451310\">\n<div class=\"fl-col-content fl-node-content\">\n<div class=\"fl-module fl-module-rich-text fl-node-6617812450ff5\" data-animation-delay=\"0.0\" data-node=\"6617812450ff5\">\n<div class=\"fl-module-content fl-node-content\">\n<div class=\"fl-rich-text\">\n<p>&nbsp;<\/p>\n<\/div>\n<p>&nbsp;<\/p>\n<\/div>\n<p>&nbsp;<\/p>\n<\/div>\n<p>&nbsp;<\/p>\n<\/div>\n<p>&nbsp;<\/p>\n<\/div>\n<p>&nbsp;<\/p>\n<\/div>\n<p>&nbsp;<\/p>\n<\/div>\n<p>&nbsp;<\/p>\n<\/div>\n<p>&nbsp;<\/p>\n<\/div>\n<\/div>","protected":false},"excerpt":{"rendered":"<p><!--?xml encoding=\"utf-8\" ?--><\/p>\n<p>Semicera&nbsp;Energy Technology Co., Ltd.&nbsp;is a leading supplier of advanced semiconductor ceramics and the only manufacturer in China that can simultaneously provide high-purity silicon carbide ceramic(especially the&nbsp;Recrystallized&nbsp;SiC) and CVD SiC coating. In addition, our company is also committed to ceramic fields such as alumina, aluminum nitride, zirconia, and silicon nitride, etc.<\/p>","protected":false},"featured_media":4584,"comment_status":"closed","ping_status":"open","template":"","meta":[],"product_brand":[],"product_cat":[29,30],"product_tag":[],"class_list":{"0":"post-2250","1":"product","2":"type-product","3":"status-publish","4":"has-post-thumbnail","6":"product_cat-carbon-fiber","7":"product_cat-hard-felt","9":"first","10":"instock","11":"product-type-simple"},"_links":{"self":[{"href":"https:\/\/www.cn-semiconductorparts.com\/pt\/wp-json\/wp\/v2\/product\/2250","targetHints":{"allow":["GET"]}}],"collection":[{"href":"https:\/\/www.cn-semiconductorparts.com\/pt\/wp-json\/wp\/v2\/product"}],"about":[{"href":"https:\/\/www.cn-semiconductorparts.com\/pt\/wp-json\/wp\/v2\/types\/product"}],"replies":[{"embeddable":true,"href":"https:\/\/www.cn-semiconductorparts.com\/pt\/wp-json\/wp\/v2\/comments?post=2250"}],"wp:featuredmedia":[{"embeddable":true,"href":"https:\/\/www.cn-semiconductorparts.com\/pt\/wp-json\/wp\/v2\/media\/4584"}],"wp:attachment":[{"href":"https:\/\/www.cn-semiconductorparts.com\/pt\/wp-json\/wp\/v2\/media?parent=2250"}],"wp:term":[{"taxonomy":"product_brand","embeddable":true,"href":"https:\/\/www.cn-semiconductorparts.com\/pt\/wp-json\/wp\/v2\/product_brand?post=2250"},{"taxonomy":"product_cat","embeddable":true,"href":"https:\/\/www.cn-semiconductorparts.com\/pt\/wp-json\/wp\/v2\/product_cat?post=2250"},{"taxonomy":"product_tag","embeddable":true,"href":"https:\/\/www.cn-semiconductorparts.com\/pt\/wp-json\/wp\/v2\/product_tag?post=2250"}],"curies":[{"name":"wp","href":"https:\/\/api.w.org\/{rel}","templated":true}]}}