{"id":2251,"date":"2025-09-11T05:33:40","date_gmt":"2025-09-11T05:33:40","guid":{"rendered":"https:\/\/weitai2.globaldeepsea.site\/product\/graphite-rigid-felt-for-vacuum-furnace\/"},"modified":"2026-04-29T15:28:00","modified_gmt":"2026-04-29T07:28:00","slug":"graphite-rigid-felt-for-vacuum-furnace","status":"publish","type":"product","link":"https:\/\/www.cn-semiconductorparts.com\/pt\/product\/graphite-rigid-felt-for-vacuum-furnace\/","title":{"rendered":"Feel r\u00edgido de grafite para forno a v\u00e1cuo"},"content":{"rendered":"<p><?xml encoding=\"utf-8\" ?><\/p>\n<div class=\"fl-builder-content fl-builder-content-2389 fl-builder-content-primary fl-builder-global-templates-locked\" data-post-id=\"2389\">\n<div class=\"fl-row fl-row-full-width fl-row-bg-none fl-node-657028bf37faa\" data-node=\"657028bf37faa\">\n<div class=\"fl-row-content-wrap\">\n<div class=\"fl-row-content fl-row-full-width fl-node-content\">\n<div class=\"fl-col-group fl-node-657028bf37fe9\" data-node=\"657028bf37fe9\">\n<div class=\"fl-col fl-node-657028bf38021\" data-node=\"657028bf38021\" style=\"width: 100%;\">\n<div class=\"fl-col-content fl-node-content\">\n<div class=\"fl-module fl-module-heading fl-node-657028bf3809b\" data-animation-delay=\"0.0\" data-node=\"657028bf3809b\">\n<div class=\"fl-module-content fl-node-content\">\n<h3 class=\"fl-heading\"> <span class=\"fl-heading-text\">Detalhes do produto<\/span> <\/h3>\n<\/p><\/div>\n<\/p><\/div>\n<div class=\"fl-module fl-module-rich-text fl-node-657028bf3805e\" data-animation-delay=\"0.0\" data-node=\"657028bf3805e\">\n<div class=\"fl-module-content fl-node-content\">\n<div class=\"fl-rich-text\">\n<table border=\"0\" cellspacing=\"0\">\n<tbody>\n<tr>\n<td valign=\"center\" width=\"337\">\n<p>Nome do produto<\/p>\n<\/td>\n<td valign=\"center\" width=\"330\">\n<p>Feel de grafite<\/p>\n<\/td>\n<\/tr>\n<tr>\n<td valign=\"center\" width=\"337\">\n<p>Composi\u00e7\u00e3o qu\u00edmica<\/p>\n<\/td>\n<td valign=\"center\" width=\"330\">\n<p>Fibra de carbono<\/p>\n<\/td>\n<\/tr>\n<tr>\n<td valign=\"center\" width=\"337\">\n<p>Densidade a granel<\/p>\n<\/td>\n<td valign=\"center\" width=\"330\">\n<p>0.12-0.14g\/cm3<\/p>\n<\/td>\n<\/tr>\n<tr>\n<td valign=\"center\" width=\"337\">\n<p>Teor de carbono<\/p>\n<\/td>\n<td valign=\"center\" width=\"330\">\n<p>&gt; = 99%<\/p>\n<\/td>\n<\/tr>\n<tr>\n<td valign=\"center\" width=\"337\">\n<p>Resist\u00eancia \u00e0 trac\u00e7\u00e3o<\/p>\n<\/td>\n<td valign=\"center\" width=\"330\">\n<p>0.14Mpa<\/p>\n<\/td>\n<\/tr>\n<tr>\n<td valign=\"center\" width=\"337\">\n<p>Thermal conductivity(1150&#8451;)<\/p>\n<\/td>\n<td valign=\"center\" width=\"330\">\n<p>0,08 ~ 0,14w\/mk<\/p>\n<\/td>\n<\/tr>\n<tr>\n<td valign=\"center\" width=\"337\">\n<p>Cinzas<\/p>\n<\/td>\n<td valign=\"center\" width=\"330\">\n<p>&lt;= 0,005%<\/p>\n<\/td>\n<\/tr>\n<tr>\n<td valign=\"center\" width=\"337\">\n<p>Estresse esmagador<\/p>\n<\/td>\n<td valign=\"center\" width=\"330\">\n<p>8-10N\/cm<\/p>\n<\/td>\n<\/tr>\n<tr>\n<td valign=\"center\" width=\"337\">\n<p>Grossura<\/p>\n<\/td>\n<td valign=\"center\" width=\"330\">\n<p>1-10mm<\/p>\n<\/td>\n<\/tr>\n<tr>\n<td valign=\"center\" width=\"337\">\n<p>Temperatura de processamento<\/p>\n<\/td>\n<td valign=\"center\" width=\"330\">\n<p>2500(&#8451;)<\/p>\n<\/td>\n<\/tr>\n<\/tbody>\n<\/table><\/div>\n<\/p><\/div>\n<\/p><\/div>\n<\/p><\/div>\n<\/p><\/div>\n<\/p><\/div>\n<div class=\"fl-col-group fl-node-657028bf38153\" data-node=\"657028bf38153\">\n<div class=\"fl-col fl-node-657028bf38190 fl-col-small\" data-node=\"657028bf38190\" style=\"width: 50%;\">\n<div class=\"fl-col-content fl-node-content\">\n<div class=\"fl-module fl-module-rich-text fl-node-657028bf380d8\" data-animation-delay=\"0.0\" data-node=\"657028bf380d8\">\n<div class=\"fl-module-content fl-node-content\">\n<div class=\"fl-rich-text\">\n<p>Densidade do volume (g\/cm3): 0,22-0,28<br \/>Resist\u00eancia \u00e0 tra\u00e7\u00e3o (MPA): 2.5 (deforma\u00e7\u00e3o 5%)<br \/>Condutividade t\u00e9rmica (W\/MK): 0,15-0,25 (25) 0,40-0,45 (1400)<br \/>Resist\u00eancia espec\u00edfica (Ohm.cm): 0.18-0.22<br \/>Carbon Content (%): &ge;99<br \/>Ash Content (%): &le;0.6<br \/>Moisture Absorption (%): &le;1.6<br \/>Escala de purifica\u00e7\u00e3o: pureza Hight<br \/>Temperatura de processamento: 1450-2000<\/p>\n<\/p><\/div>\n<\/p><\/div>\n<\/p><\/div>\n<\/p><\/div>\n<\/p><\/div>\n<div class=\"fl-col fl-node-657028bf38481 fl-col-small\" data-node=\"657028bf38481\" style=\"width: 50%;\">\n<div class=\"fl-col-content fl-node-content\">\n<div class=\"fl-module fl-module-photo fl-node-657028bf384be\" data-animation-delay=\"0.0\" data-node=\"657028bf384be\">\n<div class=\"fl-module-content fl-node-content\">\n<div class=\"fl-photo fl-photo-align-center\" itemscope=\"\" itemtype=\"http:\/\/schema.org\/ImageObject\">\n<div class=\"fl-photo-content fl-photo-img-png\"> <img decoding=\"async\" alt=\"&#24494;&#20449;&#25130;&#22270;_20231206153325(1)\" class=\"fl-photo-img wp-image-5469\" itemprop=\"image\" src=\"\/wp-content\/uploads\/2025\/09\/a0b4a0f68ee12bac.webp\"> <\/div>\n<\/p><\/div>\n<\/p><\/div>\n<\/p><\/div>\n<\/p><\/div>\n<\/p><\/div>\n<\/p><\/div>\n<div class=\"fl-col-group fl-node-657028bf383f1\" data-node=\"657028bf383f1\">\n<div class=\"fl-col fl-node-657028bf38408\" data-node=\"657028bf38408\" style=\"width: 50.89%;\">\n<div class=\"fl-col-content fl-node-content\">\n<div class=\"fl-module fl-module-rich-text fl-node-657028bf38445\" data-animation-delay=\"0.0\" data-node=\"657028bf38445\">\n<div class=\"fl-module-content fl-node-content\">\n<div class=\"fl-rich-text\">\n<p>Atualmente, existem quatro s\u00e9ries dispon\u00edveis para fornecer produtos brutos ou processados:<br \/>SCRF: Purified cured graphite fiber hard felt, heat treatment temperature above 1900&#8451;<br \/>SCRF-P: Highly purified RGB hard felt<br \/>SCRF-LTC: Purified solidified graphite fiber hard felt, heat treatment temperature above 1900&#8451;, with better thermal insulation performance<br \/>SCRF-LTC-P: Highly purified RGB-LTC hard felt<\/p>\n<\/p><\/div>\n<\/p><\/div>\n<\/p><\/div>\n<\/p><\/div>\n<\/p><\/div>\n<div class=\"fl-col fl-node-657028bf385ef fl-col-small\" data-node=\"657028bf385ef\" style=\"width: 49.11%;\">\n<div class=\"fl-col-content fl-node-content\">\n<div class=\"fl-module fl-module-rich-text fl-node-657028bf381ce\" data-animation-delay=\"0.0\" data-node=\"657028bf381ce\">\n<div class=\"fl-module-content fl-node-content\">\n<div class=\"fl-rich-text\">\n<p>Tamanho dispon\u00edvel:<br \/>Placa: 1500*1800 (m\u00e1ximo) espessura 20-200mm<br \/>Tambor redondo: 1500*2000 (m\u00e1x) espessura 20-150mm<br \/>Tambor quadrado: 1500*1500*2000 (m\u00e1ximo) espessura 60-120mm<br \/>Faixa de temperatura aplicativa: 1250-2600<\/p>\n<\/p><\/div>\n<\/p><\/div>\n<\/p><\/div>\n<\/p><\/div>\n<\/p><\/div>\n<\/p><\/div>\n<div class=\"fl-col-group fl-node-657028bf384fb\" data-node=\"657028bf384fb\">\n<div class=\"fl-col fl-node-657028bf38538 fl-col-small\" data-node=\"657028bf38538\" style=\"width: 50%;\">\n<div class=\"fl-col-content fl-node-content\">\n<div class=\"fl-module fl-module-photo fl-node-657028bf38575\" data-animation-delay=\"0.0\" data-node=\"657028bf38575\">\n<div class=\"fl-module-content fl-node-content\">\n<div class=\"fl-photo fl-photo-align-center\" itemscope=\"\" itemtype=\"http:\/\/schema.org\/ImageObject\">\n<div class=\"fl-photo-content fl-photo-img-png\"> <img decoding=\"async\" alt=\"Feel de fibra de carbono composto de grafite resistente \u00e0 corros\u00e3o\" class=\"fl-photo-img wp-image-5462\" itemprop=\"image\" src=\"\/wp-content\/uploads\/2025\/09\/e464b3c8a8f02914.webp\"> <\/div>\n<\/p><\/div>\n<\/p><\/div>\n<\/p><\/div>\n<\/p><\/div>\n<\/p><\/div>\n<div class=\"fl-col fl-node-657028bf385b2 fl-col-small\" data-node=\"657028bf385b2\" style=\"width: 50%;\">\n<div class=\"fl-col-content fl-node-content\">\n<div class=\"fl-module fl-module-rich-text fl-node-657028bf38116\" data-animation-delay=\"0.0\" data-node=\"657028bf38116\">\n<div class=\"fl-module-content fl-node-content\">\n<div class=\"fl-rich-text\">\n<p>Campos de aplica\u00e7\u00f5es:<br \/><span style=\"font-family: Calibri;\">&bull;Vacuum furnaces<\/span><br \/><span style=\"font-family: Calibri;\">&bull;Inert gas furnaces<\/span><br \/><span style=\"font-family: Calibri;\">&bull;Heat treatment&nbsp;<\/span>(endurecimento, carboniza\u00e7\u00e3o, brasagem, etc.)<br \/><span style=\"font-family: Calibri;\">&bull;Carbon fiber production<\/span><br \/><span style=\"font-family: Calibri;\">&bull;Hard metal production<\/span><br \/><span style=\"font-family: Calibri;\">&bull;Sintering applications<\/span><br \/><span style=\"font-family: Calibri;\">&bull;Technical ceramic production<\/span><br \/><span style=\"font-family: Calibri;\">&bull;CVD\/PVD coasting<\/span><\/p>\n<\/p><\/div>\n<\/p><\/div>\n<\/p><\/div>\n<\/p><\/div>\n<\/p><\/div>\n<\/p><\/div>\n<div class=\"fl-col-group fl-node-657028bf382c1\" data-node=\"657028bf382c1\">\n<div class=\"fl-col fl-node-657028bf382fd fl-col-small\" data-node=\"657028bf382fd\" style=\"width: 50%;\">\n<div class=\"fl-col-content fl-node-content\">\n<div class=\"fl-module fl-module-photo fl-node-657028bf3833a\" data-animation-delay=\"0.0\" data-node=\"657028bf3833a\">\n<div class=\"fl-module-content fl-node-content\">\n<div class=\"fl-photo fl-photo-align-center\" itemscope=\"\" itemtype=\"http:\/\/schema.org\/ImageObject\">\n<div class=\"fl-photo-content fl-photo-img-png\"> <img decoding=\"async\" alt=\"High-Performance Graphite Composite Carbon Fiber Felt\" class=\"fl-photo-img wp-image-5456\" itemprop=\"image\" src=\"\/wp-content\/uploads\/2025\/09\/9d70c5193301a8eb.webp\"> <\/div>\n<\/p><\/div>\n<\/p><\/div>\n<\/p><\/div>\n<\/p><\/div>\n<\/p><\/div>\n<div class=\"fl-col fl-node-657028bf383b4 fl-col-small\" data-node=\"657028bf383b4\" style=\"width: 50%;\">\n<div class=\"fl-col-content fl-node-content\">\n<div class=\"fl-module fl-module-photo fl-node-657028bf38377\" data-animation-delay=\"0.0\" data-node=\"657028bf38377\">\n<div class=\"fl-module-content fl-node-content\">\n<div class=\"fl-photo fl-photo-align-center\" itemscope=\"\" itemtype=\"http:\/\/schema.org\/ImageObject\">\n<div class=\"fl-photo-content fl-photo-img-png\"> <img decoding=\"async\" alt=\"High Quality Graphite Rigid Felt\" class=\"fl-photo-img wp-image-5441\" itemprop=\"image\" src=\"\/wp-content\/uploads\/2025\/09\/8017096f567a1956.webp\"> <\/div>\n<\/p><\/div>\n<\/p><\/div>\n<\/p><\/div>\n<\/p><\/div>\n<\/p><\/div>\n<\/p><\/div>\n<div class=\"fl-col-group fl-node-657028bf3820a\" data-node=\"657028bf3820a\">\n<div class=\"fl-col fl-node-657028bf38247\" data-node=\"657028bf38247\" style=\"width: 100%;\">\n<div class=\"fl-col-content fl-node-content\">\n<div class=\"fl-module fl-module-photo fl-node-657028bf38284\" data-animation-delay=\"0.0\" data-node=\"657028bf38284\">\n<div class=\"fl-module-content fl-node-content\">\n<div class=\"fl-photo fl-photo-align-center\" itemscope=\"\" itemtype=\"http:\/\/schema.org\/ImageObject\">\n<div class=\"fl-photo-content fl-photo-img-png\"> <img decoding=\"async\" alt=\"sdfs\" class=\"fl-photo-img wp-image-2397\" itemprop=\"image\" src=\"\/wp-content\/uploads\/2025\/09\/26eb965d6cf57638.webp\"> <\/div>\n<\/p><\/div>\n<\/p><\/div>\n<\/p><\/div>\n<\/p><\/div>\n<\/p><\/div>\n<\/p><\/div>\n<div class=\"fl-col-group fl-node-6617815714ea5\" data-node=\"6617815714ea5\">\n<div class=\"fl-col fl-node-6617815715074\" data-node=\"6617815715074\" style=\"width: 100%;\">\n<div class=\"fl-col-content fl-node-content\">\n<div class=\"fl-module fl-module-rich-text fl-node-6617815714d17\" data-animation-delay=\"0.0\" data-node=\"6617815714d17\">\n<div class=\"fl-module-content fl-node-content\">\n<div class=\"fl-rich-text\">\n<\/p><\/div>\n<\/p><\/div>\n<\/p><\/div>\n<\/p><\/div>\n<\/p><\/div>\n<\/p><\/div>\n<\/p><\/div>\n<\/p><\/div>\n<\/p><\/div>\n<\/div>","protected":false},"excerpt":{"rendered":"<p><?xml encoding=\"utf-8\" ?><\/p>\n<p>Semicera&rsquo;s Graphite Rigid Felt for Vacuum Furnace is specifically engineered for high-performance use in vacuum furnace applications. Offering excellent thermal conductivity, chemical resistance, and structural stability, this high-quality graphite material ensures optimal heat management and durability. Ideal for industries such as metallurgy, semiconductor, and material processing, Semicera&rsquo;s graphite rigid felt delivers reliable performance and efficiency under extreme conditions, making it the perfect solution for your vacuum furnace needs.<\/p>","protected":false},"featured_media":573,"comment_status":"closed","ping_status":"open","template":"","meta":[],"product_brand":[],"product_cat":[29,30],"product_tag":[],"class_list":{"0":"post-2251","1":"product","2":"type-product","3":"status-publish","4":"has-post-thumbnail","6":"product_cat-carbon-fiber","7":"product_cat-hard-felt","9":"first","10":"instock","11":"product-type-simple"},"_links":{"self":[{"href":"https:\/\/www.cn-semiconductorparts.com\/pt\/wp-json\/wp\/v2\/product\/2251","targetHints":{"allow":["GET"]}}],"collection":[{"href":"https:\/\/www.cn-semiconductorparts.com\/pt\/wp-json\/wp\/v2\/product"}],"about":[{"href":"https:\/\/www.cn-semiconductorparts.com\/pt\/wp-json\/wp\/v2\/types\/product"}],"replies":[{"embeddable":true,"href":"https:\/\/www.cn-semiconductorparts.com\/pt\/wp-json\/wp\/v2\/comments?post=2251"}],"wp:featuredmedia":[{"embeddable":true,"href":"https:\/\/www.cn-semiconductorparts.com\/pt\/wp-json\/wp\/v2\/media\/573"}],"wp:attachment":[{"href":"https:\/\/www.cn-semiconductorparts.com\/pt\/wp-json\/wp\/v2\/media?parent=2251"}],"wp:term":[{"taxonomy":"product_brand","embeddable":true,"href":"https:\/\/www.cn-semiconductorparts.com\/pt\/wp-json\/wp\/v2\/product_brand?post=2251"},{"taxonomy":"product_cat","embeddable":true,"href":"https:\/\/www.cn-semiconductorparts.com\/pt\/wp-json\/wp\/v2\/product_cat?post=2251"},{"taxonomy":"product_tag","embeddable":true,"href":"https:\/\/www.cn-semiconductorparts.com\/pt\/wp-json\/wp\/v2\/product_tag?post=2251"}],"curies":[{"name":"wp","href":"https:\/\/api.w.org\/{rel}","templated":true}]}}