{"id":2259,"date":"2025-09-11T13:33:40","date_gmt":"2025-09-11T05:33:40","guid":{"rendered":"https:\/\/weitai2.globaldeepsea.site\/product\/semiconductor-silicon-based-gan-epitaxy\/"},"modified":"2026-04-29T15:27:40","modified_gmt":"2026-04-29T07:27:40","slug":"semiconductor-silicon-based-gan-epitaxy","status":"publish","type":"product","link":"https:\/\/www.cn-semiconductorparts.com\/pt\/product\/semiconductor-silicon-based-gan-epitaxy\/","title":{"rendered":"Semiconductor Silicon based GaN epitaxy"},"content":{"rendered":"<div class=\"fl-builder-content fl-builder-content-2351 fl-builder-content-primary fl-builder-global-templates-locked\" data-post-id=\"2351\">\n<div class=\"fl-row fl-row-full-width fl-row-bg-none fl-node-64d2f2ff07dbb\" data-node=\"64d2f2ff07dbb\">\n<div class=\"fl-row-content-wrap\">\n<div class=\"fl-row-content fl-row-full-width fl-node-content\">\n<div class=\"fl-col-group fl-node-64d2f2ff08b7a\" data-node=\"64d2f2ff08b7a\">\n<div class=\"fl-col fl-node-64d2f2ff08cf9\" style=\"width: 100%\" data-node=\"64d2f2ff08cf9\">\n<div class=\"fl-col-content fl-node-content\">\n<div class=\"fl-module fl-module-photo fl-node-64d2f2ff07c73\" data-animation-delay=\"0.0\" data-node=\"64d2f2ff07c73\">\n<div class=\"fl-module-content fl-node-content\">\n<div class=\"fl-photo fl-photo-align-center\">\n<div class=\"fl-photo-content fl-photo-img-png\"><img decoding=\"async\" class=\"fl-photo-img wp-image-2353\" src=\"\/wp-content\/uploads\/2025\/09\/adc6f58bf897bce5.webp\" alt=\"Silicon-based GaN epitaxy\"><\/div>\n<p>&nbsp;<\/p>\n<\/div>\n<p>&nbsp;<\/p>\n<\/div>\n<p>&nbsp;<\/p>\n<\/div>\n<div class=\"fl-module fl-module-rich-text fl-node-64d2f3483bb2c\" data-animation-delay=\"0.0\" data-node=\"64d2f3483bb2c\">\n<div class=\"fl-module-content fl-node-content\">\n<div class=\"fl-rich-text\">\n<p>Descri\u00e7\u00e3o do produto<\/p>\n<p>Our company provides SiC coating process services by CVD method on the surface of graphite, ceramics and other materials, so that special gases containing carbon and silicon react at high temperature to obtain high purity SiC molecules, molecules deposited on the surface of the coated materials, forming SIC protective layer.<\/p>\n<p>Principais caracter\u00edsticas:<\/p>\n<p>1. Resist\u00eancia a oxida\u00e7\u00e3o de alta temperatura:<\/p>\n<p>A resist\u00eancia da oxida\u00e7\u00e3o ainda \u00e9 muito boa quando a temperatura \u00e9 t\u00e3o alta quanto 1600 C.<\/p>\n<p>2. High purity : made by chemical vapor deposition under high temperature chlorination condition.<\/p>\n<p>3. Resist\u00eancia \u00e0 eros\u00e3o: alta dureza, superf\u00edcie compacta, part\u00edculas finas.<\/p>\n<p>4. Resist\u00eancia \u00e0 corros\u00e3o: \u00e1cido, \u00e1lcalis, sal e reagentes org\u00e2nicos.<\/p>\n<p>&nbsp;<\/p>\n<\/div>\n<p>&nbsp;<\/p>\n<\/div>\n<p>&nbsp;<\/p>\n<\/div>\n<p>&nbsp;<\/p>\n<\/div>\n<p>&nbsp;<\/p>\n<\/div>\n<p>&nbsp;<\/p>\n<\/div>\n<div class=\"fl-col-group fl-node-64d2f31e2eac1\" data-node=\"64d2f31e2eac1\">\n<div class=\"fl-col fl-node-64d2f31e2ec40\" style=\"width: 100%\" data-node=\"64d2f31e2ec40\">\n<div class=\"fl-col-content fl-node-content\">\n<div class=\"fl-module fl-module-heading fl-node-64d2f339766c4\" data-animation-delay=\"0.0\" data-node=\"64d2f339766c4\">\n<div class=\"fl-module-content fl-node-content\">\n<h3 class=\"fl-heading\"><span class=\"fl-heading-text\">Principais especifica\u00e7\u00f5es do revestimento CVD-SIC<\/span><\/h3>\n<p>&nbsp;<\/p>\n<\/div>\n<p>&nbsp;<\/p>\n<\/div>\n<div class=\"fl-module fl-module-rich-text fl-node-64d2f31e2e999\" data-animation-delay=\"0.0\" data-node=\"64d2f31e2e999\">\n<div class=\"fl-module-content fl-node-content\">\n<div class=\"fl-rich-text\">\n<table border=\"0\" cellspacing=\"0\">\n<tbody>\n<tr>\n<td style=\"text-align: center\" colspan=\"3\" valign=\"center\" width=\"100.0000%\">\n<p>Propriedades SIC-CVD<\/p>\n<\/td>\n<\/tr>\n<tr>\n<td style=\"text-align: center\" valign=\"center\" width=\"30.9000%\">\n<p>Estrutura cristalina<\/p>\n<\/td>\n<td style=\"text-align: center\" colspan=\"2\" valign=\"center\" width=\"69.0800%\">\n<p>FCC&nbsp;&beta;&nbsp;phase<\/p>\n<\/td>\n<\/tr>\n<tr>\n<td valign=\"center\" width=\"30.9000%\">\n<p>Densidade<\/p>\n<\/td>\n<td valign=\"center\" width=\"30.2600%\">\n<p>g\/cm&nbsp;&sup3;<\/p>\n<\/td>\n<td valign=\"center\" width=\"38.8600%\">\n<p>3.21<\/p>\n<\/td>\n<\/tr>\n<tr>\n<td valign=\"center\" width=\"30.9000%\">\n<p>Dureza<\/p>\n<\/td>\n<td valign=\"center\" width=\"30.2600%\">\n<p>Vickers dureza<\/p>\n<\/td>\n<td valign=\"center\" width=\"38.8600%\">\n<p>2500<\/p>\n<\/td>\n<\/tr>\n<tr>\n<td valign=\"center\" width=\"30.9000%\">\n<p>Tamanho de gr\u00e3o<\/p>\n<\/td>\n<td valign=\"center\" width=\"30.2600%\">\n<p>&mu;m<\/p>\n<\/td>\n<td valign=\"center\" width=\"38.8600%\">\n<p>2~10<\/p>\n<\/td>\n<\/tr>\n<tr>\n<td valign=\"center\" width=\"30.9000%\">\n<p>Pureza qu\u00edmica<\/p>\n<\/td>\n<td valign=\"center\" width=\"30.2600%\">\n<p>%<\/p>\n<\/td>\n<td valign=\"bottom\" width=\"38.8600%\">\n<p>99.99995<\/p>\n<\/td>\n<\/tr>\n<tr>\n<td valign=\"center\" width=\"30.9000%\">\n<p>Capacidade de calor<\/p>\n<\/td>\n<td valign=\"center\" width=\"30.2600%\">\n<p>J&middot;kg-1&nbsp;&middot;K-1<\/p>\n<\/td>\n<td valign=\"bottom\" width=\"38.8600%\">\n<p>640<\/p>\n<\/td>\n<\/tr>\n<tr>\n<td valign=\"center\" width=\"30.9000%\">\n<p>Temperatura da sublima\u00e7\u00e3o<\/p>\n<\/td>\n<td valign=\"center\" width=\"30.2600%\">\n<p>\u2103<\/p>\n<\/td>\n<td valign=\"bottom\" width=\"38.8600%\">\n<p>2700<\/p>\n<\/td>\n<\/tr>\n<tr>\n<td valign=\"center\" width=\"30.9000%\">\n<p>For\u00e7a felexural<\/p>\n<\/td>\n<td valign=\"center\" width=\"30.2600%\">\n<p>MPa&nbsp; (RT 4-point)<\/p>\n<\/td>\n<td valign=\"bottom\" width=\"38.8600%\">\n<p>415<\/p>\n<\/td>\n<\/tr>\n<tr>\n<td valign=\"center\" width=\"30.9000%\">\n<p>Young&#8217; s Modulus<\/p>\n<\/td>\n<td valign=\"center\" width=\"30.2600%\">\n<p>GPA (4pt Bend, 1300 \u2103)<\/p>\n<\/td>\n<td valign=\"bottom\" width=\"38.8600%\">\n<p>430<\/p>\n<\/td>\n<\/tr>\n<tr>\n<td valign=\"center\" width=\"30.9000%\">\n<p>Expans\u00e3o t\u00e9rmica (CTE)<\/p>\n<\/td>\n<td valign=\"center\" width=\"30.2600%\">\n<p>10-6K-1<\/p>\n<\/td>\n<td valign=\"bottom\" width=\"38.8600%\">\n<p>4.5<\/p>\n<\/td>\n<\/tr>\n<tr>\n<td valign=\"center\" width=\"30.9000%\">\n<p>Condutividade t\u00e9rmica<\/p>\n<\/td>\n<td valign=\"center\" width=\"30.2600%\">\n<p>(W\/mk)<\/p>\n<\/td>\n<td valign=\"bottom\" width=\"38.8600%\">\n<p>300<\/p>\n<\/td>\n<\/tr>\n<\/tbody>\n<\/table>\n<\/div>\n<p>&nbsp;<\/p>\n<\/div>\n<p>&nbsp;<\/p>\n<\/div>\n<p>&nbsp;<\/p>\n<\/div>\n<p>&nbsp;<\/p>\n<\/div>\n<p>&nbsp;<\/p>\n<\/div>\n<div class=\"fl-col-group fl-node-64d2f30d354d5\" data-node=\"64d2f30d354d5\">\n<div class=\"fl-col fl-node-64d2f30d3564a\" style=\"width: 100%\" data-node=\"64d2f30d3564a\">\n<div class=\"fl-col-content fl-node-content\">\n<div class=\"fl-module fl-module-gallery fl-node-64d2f30d353b4\" data-animation-delay=\"0.0\" data-node=\"64d2f30d353b4\">\n<div class=\"fl-module-content fl-node-content\">\n<div class=\"fl-mosaicflow\">\n<div class=\"fl-mosaicflow-content\">\n<div class=\"fl-mosaicflow-item\">\n<div class=\"fl-photo fl-photo-align-center\">\n<div class=\"fl-photo-content fl-photo-img-png\"><a href=\"\/pt\/uploads\/74.webp\/\" target=\"_self\"> <img decoding=\"async\" class=\"fl-photo-img wp-image-2345\" src=\"\/wp-content\/uploads\/2025\/09\/201021fdd8797b16.webp\" alt=\"74\"> <\/a><\/div>\n<p>&nbsp;<\/p>\n<\/div>\n<p>&nbsp;<\/p>\n<\/div>\n<div class=\"fl-mosaicflow-item\">\n<div class=\"fl-photo fl-photo-align-center\">\n<div class=\"fl-photo-content fl-photo-img-png\"><a href=\"\/pt\/uploads\/64.webp\/\" target=\"_self\"> <img decoding=\"async\" class=\"fl-photo-img wp-image-2344\" src=\"\/wp-content\/uploads\/2025\/09\/4371519f0dd1043f.webp\" alt=\"64\"> <\/a><\/div>\n<p>&nbsp;<\/p>\n<\/div>\n<p>&nbsp;<\/p>\n<\/div>\n<div class=\"fl-mosaicflow-item\">\n<div class=\"fl-photo fl-photo-align-center\">\n<div class=\"fl-photo-content fl-photo-img-png\"><a href=\"\/pt\/uploads\/9.webp\/\" target=\"_self\"> <img decoding=\"async\" class=\"fl-photo-img wp-image-2343\" src=\"\/wp-content\/uploads\/2025\/09\/0daba91a7b13b311.webp\" alt=\"9\"> <\/a><\/div>\n<p>&nbsp;<\/p>\n<\/div>\n<p>&nbsp;<\/p>\n<\/div>\n<p>&nbsp;<\/p>\n<\/div>\n<div class=\"fl-clear\">&nbsp;<\/div>\n<p>&nbsp;<\/p>\n<\/div>\n<p>&nbsp;<\/p>\n<\/div>\n<p>&nbsp;<\/p>\n<\/div>\n<p>&nbsp;<\/p>\n<\/div>\n<p>&nbsp;<\/p>\n<\/div>\n<p>&nbsp;<\/p>\n<\/div>\n<div class=\"fl-col-group fl-node-661749edb5d69\" data-node=\"661749edb5d69\">\n<div class=\"fl-col fl-node-661749edb6031\" style=\"width: 100%\" data-node=\"661749edb6031\">\n<div class=\"fl-col-content fl-node-content\">\n<div class=\"fl-module fl-module-photo fl-node-661749edb5b58\" data-animation-delay=\"0.0\" data-node=\"661749edb5b58\">\n<div class=\"fl-module-content fl-node-content\">\n<div class=\"fl-photo fl-photo-align-center\">\n<div class=\"fl-photo-content fl-photo-img-jpg\"><img decoding=\"async\" class=\"fl-photo-img wp-image-7286\" src=\"\/wp-content\/uploads\/2025\/09\/b1dd0bcab1675ff4.webp\" alt=\"Local de trabalho semicera\"><\/div>\n<p>&nbsp;<\/p>\n<\/div>\n<p>&nbsp;<\/p>\n<\/div>\n<p>&nbsp;<\/p>\n<\/div>\n<div class=\"fl-module fl-module-photo fl-node-66174a0102c32\" data-animation-delay=\"0.0\" data-node=\"66174a0102c32\">\n<div class=\"fl-module-content fl-node-content\">\n<div class=\"fl-photo fl-photo-align-center\">\n<div class=\"fl-photo-content fl-photo-img-jpg\"><img decoding=\"async\" class=\"fl-photo-img wp-image-7287\" src=\"\/wp-content\/uploads\/2025\/09\/2b946d2b4b61306d.webp\" alt=\"Local de trabalho semicera 2\"><\/div>\n<p>&nbsp;<\/p>\n<\/div>\n<p>&nbsp;<\/p>\n<\/div>\n<p>&nbsp;<\/p>\n<\/div>\n<div class=\"fl-module fl-module-photo fl-node-661749ff4dfe9\" data-animation-delay=\"0.0\" data-node=\"661749ff4dfe9\">\n<div class=\"fl-module-content fl-node-content\">\n<div class=\"fl-photo fl-photo-align-center\">\n<div class=\"fl-photo-content fl-photo-img-jpg\"><img decoding=\"async\" class=\"fl-photo-img wp-image-7288\" src=\"\/wp-content\/uploads\/2025\/09\/081b6529d68ead23.webp\" alt=\"M\u00e1quina de equipamentos\"><\/div>\n<p>&nbsp;<\/p>\n<\/div>\n<p>&nbsp;<\/p>\n<\/div>\n<p>&nbsp;<\/p>\n<\/div>\n<div class=\"fl-module fl-module-photo fl-node-66174a0031143\" data-animation-delay=\"0.0\" data-node=\"66174a0031143\">\n<div class=\"fl-module-content fl-node-content\">\n<div class=\"fl-photo fl-photo-align-center\">\n<div class=\"fl-photo-content fl-photo-img-jpg\"><img decoding=\"async\" class=\"fl-photo-img wp-image-7289\" src=\"\/wp-content\/uploads\/2025\/09\/a4132b2b399abbac.webp\" alt=\"Processamento da CNN, limpeza qu\u00edmica, revestimento de CVD\"><\/div>\n<p>&nbsp;<\/p>\n<\/div>\n<p>&nbsp;<\/p>\n<\/div>\n<p>&nbsp;<\/p>\n<\/div>\n<div class=\"fl-module fl-module-photo fl-node-661749fe6c35a\" data-animation-delay=\"0.0\" data-node=\"661749fe6c35a\">\n<div class=\"fl-module-content fl-node-content\">\n<div class=\"fl-photo fl-photo-align-center\">\n<div class=\"fl-photo-content fl-photo-img-jpg\"><img decoding=\"async\" class=\"fl-photo-img wp-image-7290\" src=\"\/wp-content\/uploads\/2025\/09\/b07f222c0ec0ab8d.webp\" alt=\"Nosso servi\u00e7o\"><\/div>\n<p>&nbsp;<\/p>\n<\/div>\n<p>&nbsp;<\/p>\n<\/div>\n<p>&nbsp;<\/p>\n<\/div>\n<p>&nbsp;<\/p>\n<\/div>\n<p>&nbsp;<\/p>\n<\/div>\n<p>&nbsp;<\/p>\n<\/div>\n<p>&nbsp;<\/p>\n<\/div>\n<p>&nbsp;<\/p>\n<\/div>\n<p>&nbsp;<\/p>\n<\/div>\n<\/div>","protected":false},"excerpt":{"rendered":"<p>Semicera&nbsp;Energy Technology Co., Ltd.&nbsp;is a leading supplier of advanced semiconductor ceramics and the only manufacturer in China that can simultaneously provide high-purity silicon carbide ceramic(especially the&nbsp;Recrystallized&nbsp;SiC) and CVD SiC coating. In addition, our company is also committed to ceramic fields such as alumina, aluminum nitride, zirconia, and silicon nitride, etc.<\/p>","protected":false},"featured_media":4586,"comment_status":"closed","ping_status":"open","template":"","meta":[],"product_brand":[],"product_cat":[16,17],"product_tag":[],"class_list":{"0":"post-2259","1":"product","2":"type-product","3":"status-publish","4":"has-post-thumbnail","6":"product_cat-cvd-sic","7":"product_cat-si-epitaxial-parts","9":"first","10":"instock","11":"product-type-simple"},"_links":{"self":[{"href":"https:\/\/www.cn-semiconductorparts.com\/pt\/wp-json\/wp\/v2\/product\/2259","targetHints":{"allow":["GET"]}}],"collection":[{"href":"https:\/\/www.cn-semiconductorparts.com\/pt\/wp-json\/wp\/v2\/product"}],"about":[{"href":"https:\/\/www.cn-semiconductorparts.com\/pt\/wp-json\/wp\/v2\/types\/product"}],"replies":[{"embeddable":true,"href":"https:\/\/www.cn-semiconductorparts.com\/pt\/wp-json\/wp\/v2\/comments?post=2259"}],"wp:featuredmedia":[{"embeddable":true,"href":"https:\/\/www.cn-semiconductorparts.com\/pt\/wp-json\/wp\/v2\/media\/4586"}],"wp:attachment":[{"href":"https:\/\/www.cn-semiconductorparts.com\/pt\/wp-json\/wp\/v2\/media?parent=2259"}],"wp:term":[{"taxonomy":"product_brand","embeddable":true,"href":"https:\/\/www.cn-semiconductorparts.com\/pt\/wp-json\/wp\/v2\/product_brand?post=2259"},{"taxonomy":"product_cat","embeddable":true,"href":"https:\/\/www.cn-semiconductorparts.com\/pt\/wp-json\/wp\/v2\/product_cat?post=2259"},{"taxonomy":"product_tag","embeddable":true,"href":"https:\/\/www.cn-semiconductorparts.com\/pt\/wp-json\/wp\/v2\/product_tag?post=2259"}],"curies":[{"name":"wp","href":"https:\/\/api.w.org\/{rel}","templated":true}]}}