{"id":2264,"date":"2025-09-11T13:33:40","date_gmt":"2025-09-11T05:33:40","guid":{"rendered":"https:\/\/weitai2.globaldeepsea.site\/product\/second-half-parts-for-lower-baffles-in-epitaxial-process\/"},"modified":"2026-04-29T15:27:41","modified_gmt":"2026-04-29T07:27:41","slug":"second-half-parts-for-lower-baffles-in-epitaxial-process","status":"publish","type":"product","link":"https:\/\/www.cn-semiconductorparts.com\/pt\/product\/second-half-parts-for-lower-baffles-in-epitaxial-process\/","title":{"rendered":"Second Half Parts for Lower Baffles in Epitaxial Process"},"content":{"rendered":"<p><!--?xml encoding=\"utf-8\" ?--><\/p>\n<div class=\"fl-builder-content fl-builder-content-2309 fl-builder-content-primary fl-builder-global-templates-locked\" data-post-id=\"2309\">\n<div class=\"fl-row fl-row-full-width fl-row-bg-none fl-node-64e0252034d90\" data-node=\"64e0252034d90\">\n<div class=\"fl-row-content-wrap\">\n<div class=\"fl-row-content fl-row-full-width fl-node-content\">\n<div class=\"fl-col-group fl-node-65e2b9b711e00\" data-node=\"65e2b9b711e00\">\n<div class=\"fl-col fl-node-65e2b9b711fd1\" style=\"width: 100%\" data-node=\"65e2b9b711fd1\">\n<div class=\"fl-col-content fl-node-content\">\n<div class=\"fl-module fl-module-rich-text fl-node-65e2b9b711ca3\" data-animation-delay=\"0.0\" data-node=\"65e2b9b711ca3\">\n<div class=\"fl-module-content fl-node-content\">\n<div class=\"fl-rich-text\">\n<p>SiC Coated Graphite Halfmoon Part is a key component used in semiconductor manufacturing processes, especially for SiC epitaxial equipment. We use our patented technology to make the halfmoon part with extremely high purity, good coating uniformity and an excellent service life, as well as high chemical resistance and thermal stability properties.<\/p>\n<div id=\"gtx-trans\" style=\"position: absolute;left: 201px;top: -18px\"><\/div>\n<p>&nbsp;<\/p>\n<\/div>\n<p>&nbsp;<\/p>\n<\/div>\n<p>&nbsp;<\/p>\n<\/div>\n<p>&nbsp;<\/p>\n<\/div>\n<p>&nbsp;<\/p>\n<\/div>\n<p>&nbsp;<\/p>\n<\/div>\n<div class=\"fl-col-group fl-node-64e0252034e87\" data-node=\"64e0252034e87\">\n<div class=\"fl-col fl-node-64e0252034ea5\" style=\"width: 100%\" data-node=\"64e0252034ea5\">\n<div class=\"fl-col-content fl-node-content\">\n<div class=\"fl-module fl-module-gallery fl-node-64e0252034ee2\" data-animation-delay=\"0.0\" data-node=\"64e0252034ee2\">\n<div class=\"fl-module-content fl-node-content\">\n<div class=\"fl-mosaicflow\">\n<div class=\"fl-mosaicflow-content\">\n<div class=\"fl-mosaicflow-item\">\n<div class=\"fl-photo fl-photo-align-center\">\n<div class=\"fl-photo-content fl-photo-img-jpg\"><a href=\"\/pt\/uploads\/21ad352e.webp\/\" target=\"_self\"> <img decoding=\"async\" class=\"fl-photo-img wp-image-1707\" src=\"\/wp-content\/uploads\/2025\/09\/cd413e16f88e9756.webp\" alt=\"\u5fae\u4fe1\u56fe\u7247_202307131721041\"> <\/a><\/div>\n<p>&nbsp;<\/p>\n<\/div>\n<p>&nbsp;<\/p>\n<\/div>\n<div class=\"fl-mosaicflow-item\">\n<div class=\"fl-photo fl-photo-align-center\">\n<div class=\"fl-photo-content fl-photo-img-jpg\"><a href=\"\/pt\/uploads\/9add5a38.webp\/\" target=\"_self\"> <img decoding=\"async\" class=\"fl-photo-img wp-image-1710\" src=\"\/wp-content\/uploads\/2025\/09\/dda82afe81e75fa4.webp\" alt=\"\u5fae\u4fe1\u56fe\u7247_202307131721044\"> <\/a><\/div>\n<p>&nbsp;<\/p>\n<\/div>\n<p>&nbsp;<\/p>\n<\/div>\n<div class=\"fl-mosaicflow-item\">\n<div class=\"fl-photo fl-photo-align-center\">\n<div class=\"fl-photo-content fl-photo-img-jpg\"><a href=\"\/pt\/uploads\/8ed907b1.webp\/\" target=\"_self\"> <img decoding=\"async\" class=\"fl-photo-img wp-image-1708\" src=\"\/wp-content\/uploads\/2025\/09\/6cc1550f63cae2b7.webp\" alt=\"\u5fae\u4fe1\u56fe\u7247_202307131721042\"> <\/a><\/div>\n<p>&nbsp;<\/p>\n<\/div>\n<p>&nbsp;<\/p>\n<\/div>\n<div class=\"fl-mosaicflow-item\">\n<div class=\"fl-photo fl-photo-align-center\">\n<div class=\"fl-photo-content fl-photo-img-jpg\"><a href=\"\/pt\/uploads\/aa4334ac.webp\/\" target=\"_self\"> <img decoding=\"async\" class=\"fl-photo-img wp-image-1709\" src=\"\/wp-content\/uploads\/2025\/09\/d482c94812c9adf4.webp\" alt=\"\u5fae\u4fe1\u56fe\u7247_202307131721043\"> <\/a><\/div>\n<p>&nbsp;<\/p>\n<\/div>\n<p>&nbsp;<\/p>\n<\/div>\n<p>&nbsp;<\/p>\n<\/div>\n<div class=\"fl-clear\">&nbsp;<\/div>\n<p>&nbsp;<\/p>\n<\/div>\n<p>&nbsp;<\/p>\n<\/div>\n<p>&nbsp;<\/p>\n<\/div>\n<p>&nbsp;<\/p>\n<\/div>\n<p>&nbsp;<\/p>\n<\/div>\n<p>&nbsp;<\/p>\n<\/div>\n<div class=\"fl-col-group fl-node-64e02520351fe\" data-node=\"64e02520351fe\">\n<div class=\"fl-col fl-node-64e025203523b\" style=\"width: 100%\" data-node=\"64e025203523b\">\n<div class=\"fl-col-content fl-node-content\">\n<div class=\"fl-module fl-module-photo fl-node-64e0252035278\" data-animation-delay=\"0.0\" data-node=\"64e0252035278\">\n<div class=\"fl-module-content fl-node-content\">\n<div class=\"fl-photo fl-photo-align-center\">\n<div class=\"fl-photo-content fl-photo-img-jpg\"><img decoding=\"async\" class=\"fl-photo-img wp-image-7286\" src=\"\/wp-content\/uploads\/2025\/09\/b1dd0bcab1675ff4.webp\" alt=\"Local de trabalho semicera\"><\/div>\n<p>&nbsp;<\/p>\n<\/div>\n<p>&nbsp;<\/p>\n<\/div>\n<p>&nbsp;<\/p>\n<\/div>\n<div class=\"fl-module fl-module-photo fl-node-661753a9e7f31\" data-animation-delay=\"0.0\" data-node=\"661753a9e7f31\">\n<div class=\"fl-module-content fl-node-content\">\n<div class=\"fl-photo fl-photo-align-center\">\n<div class=\"fl-photo-content fl-photo-img-jpg\"><img decoding=\"async\" class=\"fl-photo-img wp-image-7287\" src=\"\/wp-content\/uploads\/2025\/09\/2b946d2b4b61306d.webp\" alt=\"Local de trabalho semicera 2\"><\/div>\n<p>&nbsp;<\/p>\n<\/div>\n<p>&nbsp;<\/p>\n<\/div>\n<p>&nbsp;<\/p>\n<\/div>\n<div class=\"fl-module fl-module-photo fl-node-661753b1e5062\" data-animation-delay=\"0.0\" data-node=\"661753b1e5062\">\n<div class=\"fl-module-content fl-node-content\">\n<div class=\"fl-photo fl-photo-align-center\">\n<div class=\"fl-photo-content fl-photo-img-jpg\"><img decoding=\"async\" class=\"fl-photo-img wp-image-7288\" src=\"\/wp-content\/uploads\/2025\/09\/081b6529d68ead23.webp\" alt=\"M\u00e1quina de equipamentos\"><\/div>\n<p>&nbsp;<\/p>\n<\/div>\n<p>&nbsp;<\/p>\n<\/div>\n<p>&nbsp;<\/p>\n<\/div>\n<div class=\"fl-module fl-module-photo fl-node-661753b0bcb0c\" data-animation-delay=\"0.0\" data-node=\"661753b0bcb0c\">\n<div class=\"fl-module-content fl-node-content\">\n<div class=\"fl-photo fl-photo-align-center\">\n<div class=\"fl-photo-content fl-photo-img-jpg\"><img decoding=\"async\" class=\"fl-photo-img wp-image-7289\" src=\"\/wp-content\/uploads\/2025\/09\/a4132b2b399abbac.webp\" alt=\"Processamento da CNN, limpeza qu\u00edmica, revestimento de CVD\"><\/div>\n<p>&nbsp;<\/p>\n<\/div>\n<p>&nbsp;<\/p>\n<\/div>\n<p>&nbsp;<\/p>\n<\/div>\n<div class=\"fl-module fl-module-photo fl-node-661753afa1734\" data-animation-delay=\"0.0\" data-node=\"661753afa1734\">\n<div class=\"fl-module-content fl-node-content\">\n<div class=\"fl-photo fl-photo-align-center\">\n<div class=\"fl-photo-content fl-photo-img-jpg\"><img decoding=\"async\" class=\"fl-photo-img wp-image-7290\" src=\"\/wp-content\/uploads\/2025\/09\/b07f222c0ec0ab8d.webp\" alt=\"Nosso servi\u00e7o\"><\/div>\n<p>&nbsp;<\/p>\n<\/div>\n<p>&nbsp;<\/p>\n<\/div>\n<p>&nbsp;<\/p>\n<\/div>\n<p>&nbsp;<\/p>\n<\/div>\n<p>&nbsp;<\/p>\n<\/div>\n<p>&nbsp;<\/p>\n<\/div>\n<p>&nbsp;<\/p>\n<\/div>\n<p>&nbsp;<\/p>\n<\/div>\n<p>&nbsp;<\/p>\n<\/div>\n<\/div>","protected":false},"excerpt":{"rendered":"<p><!--?xml encoding=\"utf-8\" ?--><\/p>\n<p>Pe\u00e7as de grafite revestidas com sic para equipamento epitaxial do sic.Product Introdu\u00e7\u00e3o e uso: tubo de quartzo conectado, pode passar g\u00e1s para acionar a rota\u00e7\u00e3o da base da bandeja, a localiza\u00e7\u00e3o da temperatura contolcionada do produto: na c\u00e2mara de rea\u00e7\u00e3o, n\u00e3o em contato direto com os produtos de wafermain a jusante: Mercado de dispositivos de energia:<\/p>","protected":false},"featured_media":4588,"comment_status":"closed","ping_status":"open","template":"","meta":[],"product_brand":[],"product_cat":[16,18],"product_tag":[],"class_list":{"0":"post-2264","1":"product","2":"type-product","3":"status-publish","4":"has-post-thumbnail","6":"product_cat-cvd-sic","7":"product_cat-sic-epitaxial-parts","9":"first","10":"instock","11":"product-type-simple"},"_links":{"self":[{"href":"https:\/\/www.cn-semiconductorparts.com\/pt\/wp-json\/wp\/v2\/product\/2264","targetHints":{"allow":["GET"]}}],"collection":[{"href":"https:\/\/www.cn-semiconductorparts.com\/pt\/wp-json\/wp\/v2\/product"}],"about":[{"href":"https:\/\/www.cn-semiconductorparts.com\/pt\/wp-json\/wp\/v2\/types\/product"}],"replies":[{"embeddable":true,"href":"https:\/\/www.cn-semiconductorparts.com\/pt\/wp-json\/wp\/v2\/comments?post=2264"}],"wp:featuredmedia":[{"embeddable":true,"href":"https:\/\/www.cn-semiconductorparts.com\/pt\/wp-json\/wp\/v2\/media\/4588"}],"wp:attachment":[{"href":"https:\/\/www.cn-semiconductorparts.com\/pt\/wp-json\/wp\/v2\/media?parent=2264"}],"wp:term":[{"taxonomy":"product_brand","embeddable":true,"href":"https:\/\/www.cn-semiconductorparts.com\/pt\/wp-json\/wp\/v2\/product_brand?post=2264"},{"taxonomy":"product_cat","embeddable":true,"href":"https:\/\/www.cn-semiconductorparts.com\/pt\/wp-json\/wp\/v2\/product_cat?post=2264"},{"taxonomy":"product_tag","embeddable":true,"href":"https:\/\/www.cn-semiconductorparts.com\/pt\/wp-json\/wp\/v2\/product_tag?post=2264"}],"curies":[{"name":"wp","href":"https:\/\/api.w.org\/{rel}","templated":true}]}}