{"id":2265,"date":"2025-09-11T05:33:40","date_gmt":"2025-09-11T05:33:40","guid":{"rendered":"https:\/\/weitai2.globaldeepsea.site\/product\/silicon-based-gan-epitaxy\/"},"modified":"2026-04-29T15:28:03","modified_gmt":"2026-04-29T07:28:03","slug":"silicon-based-gan-epitaxy","status":"publish","type":"product","link":"https:\/\/www.cn-semiconductorparts.com\/pt\/product\/silicon-based-gan-epitaxy\/","title":{"rendered":"Silicon based GaN epitaxy"},"content":{"rendered":"<p><?xml encoding=\"utf-8\" ?><\/p>\n<div class=\"fl-builder-content fl-builder-content-2339 fl-builder-content-primary fl-builder-global-templates-locked\" data-post-id=\"2339\">\n<div class=\"fl-row fl-row-full-width fl-row-bg-none fl-node-64d2efc854ba5\" data-node=\"64d2efc854ba5\">\n<div class=\"fl-row-content-wrap\">\n<div class=\"fl-row-content fl-row-full-width fl-node-content\">\n<div class=\"fl-col-group fl-node-64d2efd575de6\" data-node=\"64d2efd575de6\">\n<div class=\"fl-col fl-node-64d2efd575f67\" data-node=\"64d2efd575f67\" style=\"width: 100%;\">\n<div class=\"fl-col-content fl-node-content\">\n<div class=\"fl-module fl-module-rich-text fl-node-64d2efd575cc5\" data-animation-delay=\"0.0\" data-node=\"64d2efd575cc5\">\n<div class=\"fl-module-content fl-node-content\">\n<div class=\"fl-rich-text\">\n<p>Descri\u00e7\u00e3o do produto<\/p>\n<p>Our company provides SiC coating process services by CVD method on the surface of graphite, ceramics and other materials, so that special gases containing carbon and silicon react at high temperature to obtain high purity SiC molecules, molecules deposited on the surface of the coated materials, forming SIC protective layer.<\/p>\n<p>Principais caracter\u00edsticas:<\/p>\n<p>1. Resist\u00eancia a oxida\u00e7\u00e3o de alta temperatura:<\/p>\n<p>A resist\u00eancia da oxida\u00e7\u00e3o ainda \u00e9 muito boa quando a temperatura \u00e9 t\u00e3o alta quanto 1600 C.<\/p>\n<p>2. High purity : made by chemical vapor deposition under high temperature chlorination condition.<\/p>\n<p>3. Resist\u00eancia \u00e0 eros\u00e3o: alta dureza, superf\u00edcie compacta, part\u00edculas finas.<\/p>\n<p>4. Resist\u00eancia \u00e0 corros\u00e3o: \u00e1cido, \u00e1lcalis, sal e reagentes org\u00e2nicos.<\/p>\n<div id=\"gtx-trans\" style=\"position: absolute; left: -8px; top: 62.5625px;\">&nbsp;<\/div>\n<\/p><\/div>\n<\/p><\/div>\n<\/p><\/div>\n<\/p><\/div>\n<\/p><\/div>\n<\/p><\/div>\n<div class=\"fl-col-group fl-node-64d2eff6839bd\" data-node=\"64d2eff6839bd\">\n<div class=\"fl-col fl-node-64d2eff683b3c\" data-node=\"64d2eff683b3c\" style=\"width: 100%;\">\n<div class=\"fl-col-content fl-node-content\">\n<div class=\"fl-module fl-module-heading fl-node-64d2f009472c0\" data-animation-delay=\"0.0\" data-node=\"64d2f009472c0\">\n<div class=\"fl-module-content fl-node-content\">\n<h3 class=\"fl-heading\"> <span class=\"fl-heading-text\">Principais especifica\u00e7\u00f5es do revestimento CVD-SIC<\/span> <\/h3>\n<\/p><\/div>\n<\/p><\/div>\n<div class=\"fl-module fl-module-rich-text fl-node-64d2eff683878\" data-animation-delay=\"0.0\" data-node=\"64d2eff683878\">\n<div class=\"fl-module-content fl-node-content\">\n<div class=\"fl-rich-text\">\n<table border=\"0\" cellspacing=\"0\">\n<tbody>\n<tr>\n<td colspan=\"3\" valign=\"center\" width=\"100.0000%\">\n<p style=\"text-align: center;\">Propriedades SIC-CVD<\/p>\n<\/td>\n<\/tr>\n<tr>\n<td valign=\"center\" width=\"30.9000%\">\n<p style=\"text-align: center;\">Estrutura cristalina<\/p>\n<\/td>\n<td colspan=\"2\" style=\"text-align: center;\" valign=\"center\" width=\"69.0800%\">\n<p>FCC&nbsp;&beta;&nbsp;phase<\/p>\n<\/td>\n<\/tr>\n<tr>\n<td valign=\"center\" width=\"30.9000%\">\n<p>Densidade<\/p>\n<\/td>\n<td valign=\"center\" width=\"30.2600%\">\n<p>g\/cm&nbsp;&sup3;<\/p>\n<\/td>\n<td valign=\"center\" width=\"38.8600%\">\n<p>3.21<\/p>\n<\/td>\n<\/tr>\n<tr>\n<td valign=\"center\" width=\"30.9000%\">\n<p>Dureza<\/p>\n<\/td>\n<td valign=\"center\" width=\"30.2600%\">\n<p>Vickers dureza<\/p>\n<\/td>\n<td valign=\"center\" width=\"38.8600%\">\n<p>2500<\/p>\n<\/td>\n<\/tr>\n<tr>\n<td valign=\"center\" width=\"30.9000%\">\n<p>Tamanho de gr\u00e3o<\/p>\n<\/td>\n<td valign=\"center\" width=\"30.2600%\">\n<p>&mu;m<\/p>\n<\/td>\n<td valign=\"center\" width=\"38.8600%\">\n<p>2~10<\/p>\n<\/td>\n<\/tr>\n<tr>\n<td valign=\"center\" width=\"30.9000%\">\n<p>Pureza qu\u00edmica<\/p>\n<\/td>\n<td valign=\"center\" width=\"30.2600%\">\n<p>%<\/p>\n<\/td>\n<td valign=\"bottom\" width=\"38.8600%\">\n<p>99.99995<\/p>\n<\/td>\n<\/tr>\n<tr>\n<td valign=\"center\" width=\"30.9000%\">\n<p>Capacidade de calor<\/p>\n<\/td>\n<td valign=\"center\" width=\"30.2600%\">\n<p>J&middot;kg-1&nbsp;&middot;K-1<\/p>\n<\/td>\n<td valign=\"bottom\" width=\"38.8600%\">\n<p>640<\/p>\n<\/td>\n<\/tr>\n<tr>\n<td valign=\"center\" width=\"30.9000%\">\n<p>Temperatura da sublima\u00e7\u00e3o<\/p>\n<\/td>\n<td valign=\"center\" width=\"30.2600%\">\n<p>&#8451;<\/p>\n<\/td>\n<td valign=\"bottom\" width=\"38.8600%\">\n<p>2700<\/p>\n<\/td>\n<\/tr>\n<tr>\n<td valign=\"center\" width=\"30.9000%\">\n<p>For\u00e7a felexural<\/p>\n<\/td>\n<td valign=\"center\" width=\"30.2600%\">\n<p>MPa&nbsp; (RT 4-point)<\/p>\n<\/td>\n<td valign=\"bottom\" width=\"38.8600%\">\n<p>415<\/p>\n<\/td>\n<\/tr>\n<tr>\n<td valign=\"center\" width=\"30.9000%\">\n<p>Young&#8217; s Modulus<\/p>\n<\/td>\n<td valign=\"center\" width=\"30.2600%\">\n<p>Gpa (4pt bend, 1300&#8451;)<\/p>\n<\/td>\n<td valign=\"bottom\" width=\"38.8600%\">\n<p>430<\/p>\n<\/td>\n<\/tr>\n<tr>\n<td valign=\"center\" width=\"30.9000%\">\n<p>Expans\u00e3o t\u00e9rmica (CTE)<\/p>\n<\/td>\n<td valign=\"center\" width=\"30.2600%\">\n<p>10-6K-1<\/p>\n<\/td>\n<td valign=\"bottom\" width=\"38.8600%\">\n<p>4.5<\/p>\n<\/td>\n<\/tr>\n<tr>\n<td valign=\"center\" width=\"30.9000%\">\n<p>Condutividade t\u00e9rmica<\/p>\n<\/td>\n<td valign=\"center\" width=\"30.2600%\">\n<p>(W\/mk)<\/p>\n<\/td>\n<td valign=\"bottom\" width=\"38.8600%\">\n<p>300<\/p>\n<\/td>\n<\/tr>\n<\/tbody>\n<\/table><\/div>\n<\/p><\/div>\n<\/p><\/div>\n<\/p><\/div>\n<\/p><\/div>\n<\/p><\/div>\n<div class=\"fl-col-group fl-node-65e2c2bc7e5e8\" data-node=\"65e2c2bc7e5e8\">\n<div class=\"fl-col fl-node-65e2c2bc7e836\" data-node=\"65e2c2bc7e836\" style=\"width: 100%;\">\n<div class=\"fl-col-content fl-node-content\">\n<div class=\"fl-module fl-module-photo fl-node-64d2efc854a4e\" data-animation-delay=\"0.0\" data-node=\"64d2efc854a4e\">\n<div class=\"fl-module-content fl-node-content\">\n<div class=\"fl-photo fl-photo-align-center\" itemscope=\"\" itemtype=\"http:\/\/schema.org\/ImageObject\">\n<div class=\"fl-photo-content fl-photo-img-png\"> <img decoding=\"async\" alt=\"&#26410;&#26631;&#39064;-1\" class=\"fl-photo-img wp-image-2340\" itemprop=\"image\" src=\"\/wp-content\/uploads\/2025\/09\/4873d8d1bea73f32.webp\"> <\/div>\n<\/p><\/div>\n<\/p><\/div>\n<\/p><\/div>\n<\/p><\/div>\n<\/p><\/div>\n<\/p><\/div>\n<div class=\"fl-col-group fl-node-64d2f0a1a12ab\" data-node=\"64d2f0a1a12ab\">\n<div class=\"fl-col fl-node-64d2f0a1a143c\" data-node=\"64d2f0a1a143c\" style=\"width: 100%;\">\n<div class=\"fl-col-content fl-node-content\">\n<div class=\"fl-module fl-module-photo fl-node-64d2f0a1a1167\" data-animation-delay=\"0.0\" data-node=\"64d2f0a1a1167\">\n<div class=\"fl-module-content fl-node-content\">\n<div class=\"fl-photo fl-photo-align-center\" itemscope=\"\" itemtype=\"http:\/\/schema.org\/ImageObject\">\n<div class=\"fl-photo-content fl-photo-img-png\"> <img decoding=\"async\" alt=\"17\" class=\"fl-photo-img wp-image-2346\" itemprop=\"image\" src=\"\/wp-content\/uploads\/2025\/09\/f7dd94c6df88569d.webp\"> <\/div>\n<\/p><\/div>\n<\/p><\/div>\n<\/p><\/div>\n<div class=\"fl-module fl-module-photo fl-node-64d2f0be49745\" data-animation-delay=\"0.0\" data-node=\"64d2f0be49745\">\n<div class=\"fl-module-content fl-node-content\">\n<div class=\"fl-photo fl-photo-align-center\" itemscope=\"\" itemtype=\"http:\/\/schema.org\/ImageObject\">\n<div class=\"fl-photo-content fl-photo-img-png\"> <img decoding=\"async\" alt=\"211\" class=\"fl-photo-img wp-image-2347\" itemprop=\"image\" src=\"\/wp-content\/uploads\/2025\/09\/d5c6668062ba12e1.webp\"> <\/div>\n<\/p><\/div>\n<\/p><\/div>\n<\/p><\/div>\n<\/p><\/div>\n<\/p><\/div>\n<\/p><\/div>\n<div class=\"fl-col-group fl-node-64d2f1281ac76\" data-node=\"64d2f1281ac76\">\n<div class=\"fl-col fl-node-64d2f1281aede\" data-node=\"64d2f1281aede\" style=\"width: 100%;\">\n<div class=\"fl-col-content fl-node-content\">\n<div class=\"fl-module fl-module-gallery fl-node-64d2f08dba45c\" data-animation-delay=\"0.0\" data-node=\"64d2f08dba45c\">\n<div class=\"fl-module-content fl-node-content\">\n<div class=\"fl-mosaicflow\">\n<div class=\"fl-mosaicflow-content\">\n<div class=\"fl-mosaicflow-item\">\n<div class=\"fl-photo fl-photo-align-center\" itemscope=\"\" itemtype=\"http:\/\/schema.org\/ImageObject\">\n<div class=\"fl-photo-content fl-photo-img-png\"> <a href=\"\/pt\/uploads\/74.webp\/\" itemprop=\"url\" target=\"_self\"> <img decoding=\"async\" alt=\"74\" class=\"fl-photo-img wp-image-2345\" itemprop=\"image\" src=\"\/wp-content\/uploads\/2025\/09\/201021fdd8797b16.webp\"> <\/a> <\/div>\n<\/p><\/div>\n<\/p><\/div>\n<div class=\"fl-mosaicflow-item\">\n<div class=\"fl-photo fl-photo-align-center\" itemscope=\"\" itemtype=\"http:\/\/schema.org\/ImageObject\">\n<div class=\"fl-photo-content fl-photo-img-png\"> <a href=\"\/pt\/uploads\/9.webp\/\" itemprop=\"url\" target=\"_self\"> <img decoding=\"async\" alt=\"9\" class=\"fl-photo-img wp-image-2343\" itemprop=\"image\" src=\"\/wp-content\/uploads\/2025\/09\/0daba91a7b13b311.webp\"> <\/a> <\/div>\n<\/p><\/div>\n<\/p><\/div>\n<\/p><\/div>\n<div class=\"fl-clear\"><\/div>\n<\/p><\/div>\n<\/p><\/div>\n<\/p><\/div>\n<\/p><\/div>\n<\/p><\/div>\n<\/p><\/div>\n<div class=\"fl-col-group fl-node-64d2f046e89aa\" data-node=\"64d2f046e89aa\">\n<div class=\"fl-col fl-node-64d2f046e8b32\" data-node=\"64d2f046e8b32\" style=\"width: 100%;\">\n<div class=\"fl-col-content fl-node-content\">\n<div class=\"fl-module fl-module-gallery fl-node-64d2f046e88a5\" data-animation-delay=\"0.0\" data-node=\"64d2f046e88a5\">\n<div class=\"fl-module-content fl-node-content\">\n<div class=\"fl-mosaicflow\">\n<div class=\"fl-mosaicflow-content\">\n<div class=\"fl-mosaicflow-item\">\n<div class=\"fl-photo fl-photo-align-center\" itemscope=\"\" itemtype=\"http:\/\/schema.org\/ImageObject\">\n<div class=\"fl-photo-content fl-photo-img-png\"> <a href=\"\/pt\/uploads\/8.webp\/\" itemprop=\"url\" target=\"_self\"> <img decoding=\"async\" alt=\"8\" class=\"fl-photo-img wp-image-2342\" itemprop=\"image\" src=\"\/wp-content\/uploads\/2025\/09\/1e9652383468db22.webp\"> <\/a> <\/div>\n<\/p><\/div>\n<\/p><\/div>\n<div class=\"fl-mosaicflow-item\">\n<div class=\"fl-photo fl-photo-align-center\" itemscope=\"\" itemtype=\"http:\/\/schema.org\/ImageObject\">\n<div class=\"fl-photo-content fl-photo-img-png\"> <a href=\"\/pt\/uploads\/64.webp\/\" itemprop=\"url\" target=\"_self\"> <img decoding=\"async\" alt=\"64\" class=\"fl-photo-img wp-image-2344\" itemprop=\"image\" src=\"\/wp-content\/uploads\/2025\/09\/4371519f0dd1043f.webp\"> <\/a> <\/div>\n<\/p><\/div>\n<\/p><\/div>\n<div class=\"fl-mosaicflow-item\">\n<div class=\"fl-photo fl-photo-align-center\" itemscope=\"\" itemtype=\"http:\/\/schema.org\/ImageObject\">\n<div class=\"fl-photo-content fl-photo-img-png\"> <a href=\"\/pt\/uploads\/Silicon-based-GaN-epitaxy.webp\/\" itemprop=\"url\" target=\"_self\"> <img decoding=\"async\" alt=\"Silicon-based GaN epitaxy\" class=\"fl-photo-img wp-image-2349\" itemprop=\"image\" src=\"\/wp-content\/uploads\/2025\/09\/63486dd227e2b6dd.webp\"> <\/a> <\/div>\n<\/p><\/div>\n<\/p><\/div>\n<\/p><\/div>\n<div class=\"fl-clear\"><\/div>\n<\/p><\/div>\n<\/p><\/div>\n<\/p><\/div>\n<\/p><\/div>\n<\/p><\/div>\n<\/p><\/div>\n<div class=\"fl-col-group fl-node-6617534219f91\" data-node=\"6617534219f91\">\n<div class=\"fl-col fl-node-661753421a355\" data-node=\"661753421a355\" style=\"width: 100%;\">\n<div class=\"fl-col-content fl-node-content\">\n<div class=\"fl-module fl-module-photo fl-node-6617534219cf9\" data-animation-delay=\"0.0\" data-node=\"6617534219cf9\">\n<div class=\"fl-module-content fl-node-content\">\n<div class=\"fl-photo fl-photo-align-center\" itemscope=\"\" itemtype=\"http:\/\/schema.org\/ImageObject\">\n<div class=\"fl-photo-content fl-photo-img-jpg\"> <img decoding=\"async\" alt=\"Local de trabalho semicera\" class=\"fl-photo-img wp-image-7286\" itemprop=\"image\" src=\"\/wp-content\/uploads\/2025\/09\/b1dd0bcab1675ff4.webp\"> <\/div>\n<\/p><\/div>\n<\/p><\/div>\n<\/p><\/div>\n<div class=\"fl-module fl-module-photo fl-node-6617534d17150\" data-animation-delay=\"0.0\" data-node=\"6617534d17150\">\n<div class=\"fl-module-content fl-node-content\">\n<div class=\"fl-photo fl-photo-align-center\" itemscope=\"\" itemtype=\"http:\/\/schema.org\/ImageObject\">\n<div class=\"fl-photo-content fl-photo-img-jpg\"> <img decoding=\"async\" alt=\"Local de trabalho semicera 2\" class=\"fl-photo-img wp-image-7287\" itemprop=\"image\" src=\"\/wp-content\/uploads\/2025\/09\/2b946d2b4b61306d.webp\"> <\/div>\n<\/p><\/div>\n<\/p><\/div>\n<\/p><\/div>\n<div class=\"fl-module fl-module-photo fl-node-6617534c4cfa1\" data-animation-delay=\"0.0\" data-node=\"6617534c4cfa1\">\n<div class=\"fl-module-content fl-node-content\">\n<div class=\"fl-photo fl-photo-align-center\" itemscope=\"\" itemtype=\"http:\/\/schema.org\/ImageObject\">\n<div class=\"fl-photo-content fl-photo-img-jpg\"> <img decoding=\"async\" alt=\"M\u00e1quina de equipamentos\" class=\"fl-photo-img wp-image-7288\" itemprop=\"image\" src=\"\/wp-content\/uploads\/2025\/09\/081b6529d68ead23.webp\"> <\/div>\n<\/p><\/div>\n<\/p><\/div>\n<\/p><\/div>\n<div class=\"fl-module fl-module-photo fl-node-6617534b7e50a\" data-animation-delay=\"0.0\" data-node=\"6617534b7e50a\">\n<div class=\"fl-module-content fl-node-content\">\n<div class=\"fl-photo fl-photo-align-center\" itemscope=\"\" itemtype=\"http:\/\/schema.org\/ImageObject\">\n<div class=\"fl-photo-content fl-photo-img-jpg\"> <img decoding=\"async\" alt=\"Processamento da CNN, limpeza qu\u00edmica, revestimento de CVD\" class=\"fl-photo-img wp-image-7289\" itemprop=\"image\" src=\"\/wp-content\/uploads\/2025\/09\/a4132b2b399abbac.webp\"> <\/div>\n<\/p><\/div>\n<\/p><\/div>\n<\/p><\/div>\n<div class=\"fl-module fl-module-photo fl-node-6617534a84a9b\" data-animation-delay=\"0.0\" data-node=\"6617534a84a9b\">\n<div class=\"fl-module-content fl-node-content\">\n<div class=\"fl-photo fl-photo-align-center\" itemscope=\"\" itemtype=\"http:\/\/schema.org\/ImageObject\">\n<div class=\"fl-photo-content fl-photo-img-jpg\"> <img decoding=\"async\" alt=\"Nosso servi\u00e7o\" class=\"fl-photo-img wp-image-7290\" itemprop=\"image\" src=\"\/wp-content\/uploads\/2025\/09\/b07f222c0ec0ab8d.webp\"> <\/div>\n<\/p><\/div>\n<\/p><\/div>\n<\/p><\/div>\n<\/p><\/div>\n<\/p><\/div>\n<\/p><\/div>\n<\/p><\/div>\n<\/p><\/div>\n<\/p><\/div>\n<\/div>","protected":false},"excerpt":{"rendered":"<p><?xml encoding=\"utf-8\" ?><\/p>\n<p>A Semicera Energy Technology Co., Ltd. \u00e9 um fornecedor l\u00edder de cer\u00e2mica avan\u00e7ada de semicondutores e o \u00fanico fabricante na China que pode simultaneamente fornecer cer\u00e2mica de carboneto de sil\u00edcio de alta pureza (especialmente telonizada) e revestimento CVD sic. Al\u00e9m disso, nossa empresa tamb\u00e9m est\u00e1 comprometida com campos de cer\u00e2mica, como alumina, nitreto de alum\u00ednio, zirc\u00f4nia e nitreto de sil\u00edcio, etc.<\/p>","protected":false},"featured_media":701,"comment_status":"closed","ping_status":"open","template":"","meta":[],"product_brand":[],"product_cat":[16,18],"product_tag":[],"class_list":{"0":"post-2265","1":"product","2":"type-product","3":"status-publish","4":"has-post-thumbnail","6":"product_cat-cvd-sic","7":"product_cat-sic-epitaxial-parts","9":"first","10":"instock","11":"product-type-simple"},"_links":{"self":[{"href":"https:\/\/www.cn-semiconductorparts.com\/pt\/wp-json\/wp\/v2\/product\/2265","targetHints":{"allow":["GET"]}}],"collection":[{"href":"https:\/\/www.cn-semiconductorparts.com\/pt\/wp-json\/wp\/v2\/product"}],"about":[{"href":"https:\/\/www.cn-semiconductorparts.com\/pt\/wp-json\/wp\/v2\/types\/product"}],"replies":[{"embeddable":true,"href":"https:\/\/www.cn-semiconductorparts.com\/pt\/wp-json\/wp\/v2\/comments?post=2265"}],"wp:featuredmedia":[{"embeddable":true,"href":"https:\/\/www.cn-semiconductorparts.com\/pt\/wp-json\/wp\/v2\/media\/701"}],"wp:attachment":[{"href":"https:\/\/www.cn-semiconductorparts.com\/pt\/wp-json\/wp\/v2\/media?parent=2265"}],"wp:term":[{"taxonomy":"product_brand","embeddable":true,"href":"https:\/\/www.cn-semiconductorparts.com\/pt\/wp-json\/wp\/v2\/product_brand?post=2265"},{"taxonomy":"product_cat","embeddable":true,"href":"https:\/\/www.cn-semiconductorparts.com\/pt\/wp-json\/wp\/v2\/product_cat?post=2265"},{"taxonomy":"product_tag","embeddable":true,"href":"https:\/\/www.cn-semiconductorparts.com\/pt\/wp-json\/wp\/v2\/product_tag?post=2265"}],"curies":[{"name":"wp","href":"https:\/\/api.w.org\/{rel}","templated":true}]}}