{"id":2272,"date":"2025-09-11T13:33:47","date_gmt":"2025-09-11T05:33:47","guid":{"rendered":"https:\/\/weitai2.globaldeepsea.site\/product\/6-inch-n-type-sic-substrate-2\/"},"modified":"2026-04-29T15:27:33","modified_gmt":"2026-04-29T07:27:33","slug":"6-inch-n-type-sic-substrate-2","status":"publish","type":"product","link":"https:\/\/www.cn-semiconductorparts.com\/pt\/product\/6-inch-n-type-sic-substrate-2\/","title":{"rendered":"6 Inch N-type SiC Substrate"},"content":{"rendered":"<p><!--?xml encoding=\"utf-8\" ?--><\/p>\n<div class=\"fl-builder-content fl-builder-content-2167 fl-builder-content-primary fl-builder-global-templates-locked\" data-post-id=\"2167\">\n<div class=\"fl-row fl-row-full-width fl-row-bg-none fl-node-64c8a265e4821\" data-node=\"64c8a265e4821\">\n<div class=\"fl-row-content-wrap\">\n<div class=\"fl-row-content fl-row-full-width fl-node-content\">\n<div class=\"fl-col-group fl-node-64c8a265e5620\" data-node=\"64c8a265e5620\">\n<div class=\"fl-col fl-node-64c8a265e57ca\" style=\"width: 100%\" data-node=\"64c8a265e57ca\">\n<div class=\"fl-col-content fl-node-content\">\n<div class=\"fl-module fl-module-rich-text fl-node-64c8a265e46c4\" data-animation-delay=\"0.0\" data-node=\"64c8a265e46c4\">\n<div class=\"fl-module-content fl-node-content\">\n<div class=\"fl-rich-text\">\n<p data-section=\"0\">Silicon carbide (SiC) single crystal material has a large band gap width (~Si 3 times), high thermal conductivity (~Si 3.3 times or GaAs 10 times), high electron saturation migration rate (~Si 2.5 times), high breakdown electric field (~Si 10 times or GaAs 5 times) and other outstanding characteristics.<\/p>\n<p data-section=\"2\">The third generation semiconductor materials mainly include SiC, GaN, diamond, etc., because its band gap width (Eg) is greater than or equal to 2.3 electron volts (eV), also known as wide band gap semiconductor materials. Compared with the first and second generation semiconductor materials, the third generation semiconductor materials have the advantages of high thermal conductivity, high breakdown electric field, high saturated electron migration rate and high bonding energy, which can meet the new requirements of modern electronic technology for high temperature, high power, high pressure, high frequency and radiation resistance and other harsh conditions. It has important application prospects in the fields of national defense, aviation, aerospace, oil exploration, optical storage, etc., and can reduce energy loss by more than 50% in many strategic industries such as broadband communications, solar energy, automobile manufacturing, semiconductor lighting, and smart grid, and can reduce equipment volume by more than 75%, which is of milestone significance for the development of human science and technology.<\/p>\n<p data-section=\"4\">Semicera energy can provide customers with high-quality Conductive (Conductive), Semi-insulating (Semi-insulating), HPSI (High Purity semi-insulating) silicon carbide substrate; In addition, we can provide customers with homogeneous and heterogeneous silicon carbide epitaxial sheets; We can also customize the epitaxial sheet according to the specific needs of customers, and there is no minimum order quantity.<\/p>\n<p>&nbsp;<\/p>\n<\/div>\n<p>&nbsp;<\/p>\n<\/div>\n<p>&nbsp;<\/p>\n<\/div>\n<p>&nbsp;<\/p>\n<\/div>\n<p>&nbsp;<\/p>\n<\/div>\n<p>&nbsp;<\/p>\n<\/div>\n<div class=\"fl-col-group fl-node-64c8a26f0eeb3\" data-node=\"64c8a26f0eeb3\">\n<div class=\"fl-col fl-node-64c8a26f0f037\" style=\"width: 100%\" data-node=\"64c8a26f0f037\">\n<div class=\"fl-col-content fl-node-content\">\n<div class=\"fl-module fl-module-rich-text fl-node-64c8a26f0ed8a\" data-animation-delay=\"0.0\" data-node=\"64c8a26f0ed8a\">\n<div class=\"fl-module-content fl-node-content\">\n<div class=\"fl-rich-text\">\n<table border=\"0\" cellspacing=\"0\">\n<tbody>\n<tr>\n<td>\n<p>Unid<\/p>\n<\/td>\n<td>\n<p>Produ\u00e7\u00e3o<\/p>\n<\/td>\n<td>\n<p>Pesquisar<\/p>\n<\/td>\n<td>\n<p>Fict\u00edcio<\/p>\n<\/td>\n<\/tr>\n<tr>\n<td colspan=\"4\">\n<p style=\"text-align: center\">Par\u00e2metros de cristal<\/p>\n<\/td>\n<\/tr>\n<tr>\n<td>\n<p>Polytype<\/p>\n<\/td>\n<td colspan=\"3\">\n<p>4H<\/p>\n<\/td>\n<\/tr>\n<tr>\n<td>\n<p>Erro de orienta\u00e7\u00e3o da superf\u00edcie<\/p>\n<\/td>\n<td colspan=\"3\">\n<p>&lt;11-20 &gt;4&plusmn;0.15&deg;<\/p>\n<\/td>\n<\/tr>\n<tr>\n<td colspan=\"4\">\n<p style=\"text-align: center\">Par\u00e2metros el\u00e9tricos<\/p>\n<\/td>\n<\/tr>\n<tr>\n<td>\n<p>Dopante<\/p>\n<\/td>\n<td colspan=\"3\">\n<p>nitrog\u00eanio do tipo n<\/p>\n<\/td>\n<\/tr>\n<tr>\n<td>\n<p>Resistividade<\/p>\n<\/td>\n<td colspan=\"3\">\n<p>0.015-0.025ohm&middot;cm<\/p>\n<\/td>\n<\/tr>\n<tr>\n<td colspan=\"4\">\n<p style=\"text-align: center\">Par\u00e2metros mec\u00e2nicos<\/p>\n<\/td>\n<\/tr>\n<tr>\n<td>\n<p>Di\u00e2metro<\/p>\n<\/td>\n<td colspan=\"3\">\n<p>150.0&plusmn;0.2mm<\/p>\n<\/td>\n<\/tr>\n<tr>\n<td>\n<p>Grossura<\/p>\n<\/td>\n<td colspan=\"3\">\n<p>350&plusmn;25 &mu;m<\/p>\n<\/td>\n<\/tr>\n<tr>\n<td>\n<p>Orienta\u00e7\u00e3o plana prim\u00e1ria<\/p>\n<\/td>\n<td colspan=\"3\">\n<p>[1-100]&plusmn;5&deg;<\/p>\n<\/td>\n<\/tr>\n<tr>\n<td>\n<p>Comprimento plano prim\u00e1rio<\/p>\n<\/td>\n<td colspan=\"3\">\n<p>47.5&plusmn;1.5mm<\/p>\n<\/td>\n<\/tr>\n<tr>\n<td>\n<p>Apartamento secund\u00e1rio<\/p>\n<\/td>\n<td colspan=\"3\">\n<p>Nenhum<\/p>\n<\/td>\n<\/tr>\n<tr>\n<td>\n<p>TTV<\/p>\n<\/td>\n<td>\n<p>&le;5 &mu;m<\/p>\n<\/td>\n<td>\n<p>&le;10 &mu;m<\/p>\n<\/td>\n<td>\n<p>&le;15 &mu;m<\/p>\n<\/td>\n<\/tr>\n<tr>\n<td>\n<p>LTV<\/p>\n<\/td>\n<td>\n<p>&le;3 &mu;m(5mm*5mm)<\/p>\n<\/td>\n<td>\n<p>&le;5 &mu;m(5mm*5mm)<\/p>\n<\/td>\n<td>\n<p>&le;10 &mu;m(5mm*5mm)<\/p>\n<\/td>\n<\/tr>\n<tr>\n<td>\n<p>Arco<\/p>\n<\/td>\n<td>\n<p>-15&mu;m ~ 15&mu;m<\/p>\n<\/td>\n<td>\n<p>-35&mu;m ~ 35&mu;m<\/p>\n<\/td>\n<td>\n<p>-45&mu;m ~ 45&mu;m<\/p>\n<\/td>\n<\/tr>\n<tr>\n<td>\n<p>Urdidura<\/p>\n<\/td>\n<td>\n<p>&le;35 &mu;m<\/p>\n<\/td>\n<td>\n<p>&le;45 &mu;m<\/p>\n<\/td>\n<td>\n<p>&le;55 &mu;m<\/p>\n<\/td>\n<\/tr>\n<tr>\n<td>\n<p>A rugosidade frontal (Si-face) (AFM)<\/p>\n<\/td>\n<td colspan=\"3\">\n<p>Ra&le;0.2nm (5&mu;m*5&mu;m)<\/p>\n<\/td>\n<\/tr>\n<tr>\n<td colspan=\"4\">\n<p style=\"text-align: center\">Estrutura<\/p>\n<\/td>\n<\/tr>\n<tr>\n<td>\n<p>Densidade de micropipe<\/p>\n<\/td>\n<td>\n<p>&lt;1 ea\/cm2<\/p>\n<\/td>\n<td>\n<p>&lt;10 ea\/cm2<\/p>\n<\/td>\n<td>\n<p>&lt;15 ea\/cm2<\/p>\n<\/td>\n<\/tr>\n<tr>\n<td>\n<p>Impurezas de metal<\/p>\n<\/td>\n<td colspan=\"2\">\n<p>&le;5E10atoms\/cm2<\/p>\n<\/td>\n<td>\n<p>N \/ D<\/p>\n<\/td>\n<\/tr>\n<tr>\n<td>\n<p>Bpd<\/p>\n<\/td>\n<td>\n<p>&le;1500 ea\/cm2<\/p>\n<\/td>\n<td>\n<p>&le;3000 ea\/cm2<\/p>\n<\/td>\n<td>\n<p>N \/ D<\/p>\n<\/td>\n<\/tr>\n<tr>\n<td>\n<p>TSD<\/p>\n<\/td>\n<td>\n<p>&le;500 ea\/cm2<\/p>\n<\/td>\n<td>\n<p>&le;1000 ea\/cm2<\/p>\n<\/td>\n<td>\n<p>N \/ D<\/p>\n<\/td>\n<\/tr>\n<tr>\n<td colspan=\"4\">\n<p style=\"text-align: center\">Qualidade frontal<\/p>\n<\/td>\n<\/tr>\n<tr>\n<td>\n<p>Frente<\/p>\n<\/td>\n<td colspan=\"3\">\n<p>Si<\/p>\n<\/td>\n<\/tr>\n<tr>\n<td>\n<p>Acabamento superficial<\/p>\n<\/td>\n<td colspan=\"3\">\n<p>Si-face cmp<\/p>\n<\/td>\n<\/tr>\n<tr>\n<td>\n<p>Part\u00edculas<\/p>\n<\/td>\n<td>\n<p>&le;60ea\/wafer (size&ge;0.3&mu;m)<\/p>\n<\/td>\n<td colspan=\"2\">\n<p>N \/ D<\/p>\n<\/td>\n<\/tr>\n<tr>\n<td>\n<p>Arranh\u00f5es<\/p>\n<\/td>\n<td>\n<p>&le;5ea\/mm. Cumulative length &le;Diameter<\/p>\n<\/td>\n<td>\n<p>Cumulative length&le;2*Diameter<\/p>\n<\/td>\n<td>\n<p>N \/ D<\/p>\n<\/td>\n<\/tr>\n<tr>\n<td>\n<p>Casca de laranja\/po\u00e7os\/manchas\/estrias\/rachaduras\/contamina\u00e7\u00e3o<\/p>\n<\/td>\n<td colspan=\"2\">\n<p>Nenhum<\/p>\n<\/td>\n<td>\n<p>N \/ D<\/p>\n<\/td>\n<\/tr>\n<tr>\n<td>\n<p>Chips\/recuos\/fraturas\/placas de fratura\/placas hexadecimais<\/p>\n<\/td>\n<td colspan=\"3\">\n<p>Nenhum<\/p>\n<\/td>\n<\/tr>\n<tr>\n<td>\n<p>\u00c1reas de poliateiro<\/p>\n<\/td>\n<td>\n<p>Nenhum<\/p>\n<\/td>\n<td>\n<p>Cumulative area&le;20%<\/p>\n<\/td>\n<td>\n<p>Cumulative area&le;30%<\/p>\n<\/td>\n<\/tr>\n<tr>\n<td>\n<p>Marcada a laser dianteira<\/p>\n<\/td>\n<td colspan=\"3\">\n<p>Nenhum<\/p>\n<\/td>\n<\/tr>\n<tr>\n<td colspan=\"4\">\n<p style=\"text-align: center\">Qualidade de volta<\/p>\n<\/td>\n<\/tr>\n<tr>\n<td>\n<p>Final traseiro<\/p>\n<\/td>\n<td colspan=\"3\">\n<p>CMP C-FACE<\/p>\n<\/td>\n<\/tr>\n<tr>\n<td>\n<p>Arranh\u00f5es<\/p>\n<\/td>\n<td>\n<p>&le;5ea\/mm,Cumulative length&le;2*Diameter<\/p>\n<\/td>\n<td colspan=\"2\">\n<p>N \/ D<\/p>\n<\/td>\n<\/tr>\n<tr>\n<td>\n<p>Defeitos traseiros (chips\/recuos de borda)<\/p>\n<\/td>\n<td colspan=\"3\">\n<p>Nenhum<\/p>\n<\/td>\n<\/tr>\n<tr>\n<td>\n<p>Rugosidade de volta<\/p>\n<\/td>\n<td colspan=\"3\">\n<p>Ra&le;0.2nm (5&mu;m*5&mu;m)<\/p>\n<\/td>\n<\/tr>\n<tr>\n<td>\n<p>Marca\u00e7\u00e3o de laser traseiro<\/p>\n<\/td>\n<td colspan=\"3\">\n<p>1 mm (da borda superior)<\/p>\n<\/td>\n<\/tr>\n<tr>\n<td colspan=\"4\">\n<p style=\"text-align: center\">Borda<\/p>\n<\/td>\n<\/tr>\n<tr>\n<td>\n<p>Borda<\/p>\n<\/td>\n<td colspan=\"3\">\n<p>Chanfro<\/p>\n<\/td>\n<\/tr>\n<tr>\n<td colspan=\"4\">\n<p style=\"text-align: center\">Embalagem<\/p>\n<\/td>\n<\/tr>\n<tr>\n<td>\n<p>Embalagem<\/p>\n<\/td>\n<td colspan=\"3\">\n<p>Epi pronto com embalagem a v\u00e1cuo<\/p>\n<p>Embalagem de cassetes de v\u00e1rias linhas<\/p>\n<\/td>\n<\/tr>\n<tr>\n<td colspan=\"4\">\n<p style=\"text-align: center\">*Notas \uff1a \u201cNA\u201d significa que nenhum item de solicita\u00e7\u00e3o n\u00e3o mencionado pode se referir ao Semi-STD.<\/p>\n<\/td>\n<\/tr>\n<\/tbody>\n<\/table>\n<\/div>\n<p>&nbsp;<\/p>\n<\/div>\n<p>&nbsp;<\/p>\n<\/div>\n<p>&nbsp;<\/p>\n<\/div>\n<p>&nbsp;<\/p>\n<\/div>\n<p>&nbsp;<\/p>\n<\/div>\n<div class=\"fl-col-group fl-node-64c8a313e71f6\" data-node=\"64c8a313e71f6\">\n<div class=\"fl-col fl-node-64c8a313e7388\" style=\"width: 100%\" data-node=\"64c8a313e7388\">\n<div class=\"fl-col-content fl-node-content\">\n<div class=\"fl-module fl-module-photo fl-node-64c8a313e70ca\" data-animation-delay=\"0.0\" data-node=\"64c8a313e70ca\">\n<div class=\"fl-module-content fl-node-content\">\n<div class=\"fl-photo fl-photo-align-center\">\n<div class=\"fl-photo-content fl-photo-img-png\"><img decoding=\"async\" class=\"fl-photo-img wp-image-2173\" src=\"\/wp-content\/uploads\/2025\/09\/c3eae69564596ec9.webp\" alt=\"tech_1_2_size\"><\/div>\n<p>&nbsp;<\/p>\n<\/div>\n<p>&nbsp;<\/p>\n<\/div>\n<p>&nbsp;<\/p>\n<\/div>\n<p>&nbsp;<\/p>\n<\/div>\n<p>&nbsp;<\/p>\n<\/div>\n<p>&nbsp;<\/p>\n<\/div>\n<div class=\"fl-col-group fl-node-64c8a2cbef879\" data-node=\"64c8a2cbef879\">\n<div class=\"fl-col fl-node-64c8a2cbefa03\" style=\"width: 100%\" data-node=\"64c8a2cbefa03\">\n<div class=\"fl-col-content fl-node-content\">\n<div class=\"fl-module fl-module-photo fl-node-64c8a2cbef754\" data-animation-delay=\"0.0\" data-node=\"64c8a2cbef754\">\n<div class=\"fl-module-content fl-node-content\">\n<div class=\"fl-photo fl-photo-align-center\">\n<div class=\"fl-photo-content fl-photo-img-jpg\"><img decoding=\"async\" class=\"fl-photo-img wp-image-2174\" src=\"\/wp-content\/uploads\/2025\/09\/3f11ba8d46446fc0.webp\" alt=\"Sic Wafers\"><\/div>\n<p>&nbsp;<\/p>\n<\/div>\n<p>&nbsp;<\/p>\n<\/div>\n<p>&nbsp;<\/p>\n<\/div>\n<p>&nbsp;<\/p>\n<\/div>\n<p>&nbsp;<\/p>\n<\/div>\n<p>&nbsp;<\/p>\n<\/div>\n<div class=\"fl-col-group fl-node-6617822a878e0\" data-node=\"6617822a878e0\">\n<div class=\"fl-col fl-node-6617822a87a8d\" style=\"width: 100%\" data-node=\"6617822a87a8d\">\n<div class=\"fl-col-content fl-node-content\">\n<div class=\"fl-module fl-module-rich-text fl-node-6617822a87799\" data-animation-delay=\"0.0\" data-node=\"6617822a87799\">\n<div class=\"fl-module-content fl-node-content\">\n<div class=\"fl-rich-text\">\n<p>&nbsp;<\/p>\n<\/div>\n<p>&nbsp;<\/p>\n<\/div>\n<p>&nbsp;<\/p>\n<\/div>\n<p>&nbsp;<\/p>\n<\/div>\n<p>&nbsp;<\/p>\n<\/div>\n<p>&nbsp;<\/p>\n<\/div>\n<p>&nbsp;<\/p>\n<\/div>\n<p>&nbsp;<\/p>\n<\/div>\n<p>&nbsp;<\/p>\n<\/div>\n<\/div>","protected":false},"excerpt":{"rendered":"<p><!--?xml encoding=\"utf-8\" ?--><\/p>\n<p>Semicera&nbsp;offers a wide range of 4H-8H SiC wafers. For many years, we have been a manufacturer and supplier of products to the semiconductor and photovoltaic industries. Our main products include: Silicon carbide etch plates, silicon carbide boat trailers, silicon carbide wafer boats (PV &amp; Semiconductor), silicon carbide furnace tubes, silicon carbide cantilever paddles, silicon carbide chucks, silicon carbide beams, as well as CVD SiC coatings and TaC coatings. Covering most European and American markets. We look forward to being your long-term partner in China.<\/p>","protected":false},"featured_media":4572,"comment_status":"closed","ping_status":"open","template":"","meta":[],"product_brand":[],"product_cat":[35,26],"product_tag":[],"class_list":{"0":"post-2272","1":"product","2":"type-product","3":"status-publish","4":"has-post-thumbnail","6":"product_cat-sic-substrate","7":"product_cat-wafer","9":"first","10":"instock","11":"product-type-simple"},"_links":{"self":[{"href":"https:\/\/www.cn-semiconductorparts.com\/pt\/wp-json\/wp\/v2\/product\/2272","targetHints":{"allow":["GET"]}}],"collection":[{"href":"https:\/\/www.cn-semiconductorparts.com\/pt\/wp-json\/wp\/v2\/product"}],"about":[{"href":"https:\/\/www.cn-semiconductorparts.com\/pt\/wp-json\/wp\/v2\/types\/product"}],"replies":[{"embeddable":true,"href":"https:\/\/www.cn-semiconductorparts.com\/pt\/wp-json\/wp\/v2\/comments?post=2272"}],"wp:featuredmedia":[{"embeddable":true,"href":"https:\/\/www.cn-semiconductorparts.com\/pt\/wp-json\/wp\/v2\/media\/4572"}],"wp:attachment":[{"href":"https:\/\/www.cn-semiconductorparts.com\/pt\/wp-json\/wp\/v2\/media?parent=2272"}],"wp:term":[{"taxonomy":"product_brand","embeddable":true,"href":"https:\/\/www.cn-semiconductorparts.com\/pt\/wp-json\/wp\/v2\/product_brand?post=2272"},{"taxonomy":"product_cat","embeddable":true,"href":"https:\/\/www.cn-semiconductorparts.com\/pt\/wp-json\/wp\/v2\/product_cat?post=2272"},{"taxonomy":"product_tag","embeddable":true,"href":"https:\/\/www.cn-semiconductorparts.com\/pt\/wp-json\/wp\/v2\/product_tag?post=2272"}],"curies":[{"name":"wp","href":"https:\/\/api.w.org\/{rel}","templated":true}]}}