{"id":2283,"date":"2025-09-11T05:33:47","date_gmt":"2025-09-11T05:33:47","guid":{"rendered":"https:\/\/weitai2.globaldeepsea.site\/product\/high-purity-quartz-crystal-boat-can-be-customized\/"},"modified":"2026-04-29T15:27:59","modified_gmt":"2026-04-29T07:27:59","slug":"high-purity-quartz-crystal-boat-can-be-customized","status":"publish","type":"product","link":"https:\/\/www.cn-semiconductorparts.com\/pt\/product\/high-purity-quartz-crystal-boat-can-be-customized\/","title":{"rendered":"High purity quartz crystal boat can be customized"},"content":{"rendered":"<div class=\"fl-builder-content fl-builder-content-2009 fl-builder-content-primary fl-builder-global-templates-locked\" data-post-id=\"2009\">\n<div class=\"fl-row fl-row-full-width fl-row-bg-none fl-node-64b89e51b3e66\" data-node=\"64b89e51b3e66\">\n<div class=\"fl-row-content-wrap\">\n<div class=\"fl-row-content fl-row-full-width fl-node-content\">\n<div class=\"fl-col-group fl-node-64b89e51b4ce0\" data-node=\"64b89e51b4ce0\">\n<div class=\"fl-col fl-node-64b89e51b4e5d\" data-node=\"64b89e51b4e5d\" style=\"width: 100%;\">\n<div class=\"fl-col-content fl-node-content\">\n<div class=\"fl-module fl-module-rich-text fl-node-64b89e51b3d24\" data-animation-delay=\"0.0\" data-node=\"64b89e51b3d24\">\n<div class=\"fl-module-content fl-node-content\">\n<div class=\"fl-rich-text\">\n<p><span style=\"font-family: Calibri;\">Advantages of quartz are as follows:<\/span><\/p>\n<p>1, high temperature resistance. The softening point temperature of quartz glass is about 1730 \u00b0 C, which can be used for a long time at 1150 \u00b0 C, and the maximum temperature for a short time can reach 1450 \u00b0 C.<\/p>\n<p>2, corrosion resistance. In addition to hydrofluoric acid, high purity quartz almost does not react with other acid substances, at high temperatures, it can resist sulfuric acid, nitric acid, hydrochloric acid, aqua royalty, neutral salts, carbon and sulfur erosion. Its acid resistance is 30 times that of ceramics, 150 times that of stainless steel, especially its chemical stability at high temperatures, which is unmatched by any other engineering material.<\/p>\n<p>3, good thermal stability. The coefficient of thermal expansion of high purity quartz is very small, can withstand intense temperature changes, the high purity quartz is heated to about 1100\u2103, and will not burst into normal temperature water.<\/p>\n<p>4, good light transmission performance. High purity quartz has good light transmission performance in the entire spectral band from ultraviolet to infrared, visible light transmittance of more than 93%, especially in the ultraviolet spectral region, ~ large light transmittance of more than 80%.<\/p>\n<p>5, good electrical insulation performance. The resistance value of high-purity quartz is equivalent to 10,000 times that of ordinary quartz glass, which is an excellent electrical insulation material and has good electrical properties even at high temperatures.<\/p>\n<\/p><\/div>\n<\/p><\/div>\n<\/p><\/div>\n<\/p><\/div>\n<\/p><\/div>\n<\/p><\/div>\n<div class=\"fl-col-group fl-node-64b89f748beb5\" data-node=\"64b89f748beb5\">\n<div class=\"fl-col fl-node-64b89f748c030\" data-node=\"64b89f748c030\" style=\"width: 100%;\">\n<div class=\"fl-col-content fl-node-content\">\n<div class=\"fl-module fl-module-photo fl-node-64b89f748bd72\" data-animation-delay=\"0.0\" data-node=\"64b89f748bd72\">\n<div class=\"fl-module-content fl-node-content\">\n<div class=\"fl-photo fl-photo-align-center\" itemscope=\"\" itemtype=\"http:\/\/schema.org\/ImageObject\">\n<div class=\"fl-photo-content fl-photo-img-jpg\"> <img decoding=\"async\" alt=\"Ferrotec \u7cbe\u5bc6\u77f3\u82f1\" class=\"fl-photo-img wp-image-2013\" itemprop=\"image\" src=\"\/wp-content\/uploads\/2025\/09\/83039d9d0cc3232c.webp\"> <\/img><\/div>\n<\/p><\/div>\n<\/p><\/div>\n<\/p><\/div>\n<\/p><\/div>\n<\/p><\/div>\n<\/p><\/div>\n<div class=\"fl-col-group fl-node-64b8a008e89e6\" data-node=\"64b8a008e89e6\">\n<div class=\"fl-col fl-node-64b8a008e8b77\" data-node=\"64b8a008e8b77\" style=\"width: 100%;\">\n<div class=\"fl-col-content fl-node-content\">\n<div class=\"fl-module fl-module-rich-text fl-node-64b8a008e88b0\" data-animation-delay=\"0.0\" data-node=\"64b8a008e88b0\">\n<div class=\"fl-module-content fl-node-content\">\n<div class=\"fl-rich-text\">\n<p data-section=\"0\">In order to meet customer needs, Semicera Energy can produce a variety of quartz products, relying on the three core technical advantages of precision processing technology, welding technology, surface treatment (cleaning) technology and the support of professional technical team with global vision, tailor-made high-quality products for customers.<\/p>\n<p>\u00a0<\/p>\n<\/p><\/div>\n<\/p><\/div>\n<\/p><\/div>\n<\/p><\/div>\n<\/p><\/div>\n<\/p><\/div>\n<div class=\"fl-col-group fl-node-64b8a013ab54d\" data-node=\"64b8a013ab54d\">\n<div class=\"fl-col fl-node-64b8a013ab6e5\" data-node=\"64b8a013ab6e5\" style=\"width: 100%;\">\n<div class=\"fl-col-content fl-node-content\">\n<div class=\"fl-module fl-module-gallery fl-node-64b8a013ab415\" data-animation-delay=\"0.0\" data-node=\"64b8a013ab415\">\n<div class=\"fl-module-content fl-node-content\">\n<div class=\"fl-mosaicflow\">\n<div class=\"fl-mosaicflow-content\">\n<div class=\"fl-mosaicflow-item\">\n<div class=\"fl-photo fl-photo-align-center\" itemscope=\"\" itemtype=\"http:\/\/schema.org\/ImageObject\">\n<div class=\"fl-photo-content fl-photo-img-png\"> <a href=\"\/pt\/uploads\/Quartz-Crystal-Boat.webp\/\" itemprop=\"url\" target=\"_self\"> <img decoding=\"async\" alt=\"Quartz Crystal Boat\" class=\"fl-photo-img wp-image-4671\" itemprop=\"image\" src=\"\/wp-content\/uploads\/2025\/09\/3f2c08f9b68e2604.webp\"> <\/img><\/a> <\/div>\n<\/p><\/div>\n<\/p><\/div>\n<div class=\"fl-mosaicflow-item\">\n<div class=\"fl-photo fl-photo-align-center\" itemscope=\"\" itemtype=\"http:\/\/schema.org\/ImageObject\">\n<div class=\"fl-photo-content fl-photo-img-jpg\"> <a href=\"\/pt\/uploads\/Quartz-Crystal-Boat.webp\/\" itemprop=\"url\" target=\"_self\"> <img decoding=\"async\" alt=\"Quartz Crystal Boat\" class=\"fl-photo-img wp-image-4673\" itemprop=\"image\" src=\"\/wp-content\/uploads\/2025\/09\/c066e4099217e31a.webp\"> <\/img><\/a> <\/div>\n<\/p><\/div>\n<\/p><\/div>\n<div class=\"fl-mosaicflow-item\">\n<div class=\"fl-photo fl-photo-align-center\" itemscope=\"\" itemtype=\"http:\/\/schema.org\/ImageObject\">\n<div class=\"fl-photo-content fl-photo-img-png\"> <a href=\"\/pt\/uploads\/Quartz-Crystal-Boat-1.webp\/\" itemprop=\"url\" target=\"_self\"> <img decoding=\"async\" alt=\"Quartz Crystal Boat-1\" class=\"fl-photo-img wp-image-4674\" itemprop=\"image\" src=\"\/wp-content\/uploads\/2025\/09\/08f958634ee1dee3.webp\"> <\/img><\/a> <\/div>\n<\/p><\/div>\n<\/p><\/div>\n<\/p><\/div>\n<div class=\"fl-clear\"><\/div>\n<\/p><\/div>\n<\/p><\/div>\n<\/p><\/div>\n<\/p><\/div>\n<\/p><\/div>\n<\/p><\/div>\n<div class=\"fl-col-group fl-node-66066761f12f9\" data-node=\"66066761f12f9\">\n<div class=\"fl-col fl-node-66066761f1590\" data-node=\"66066761f1590\" style=\"width: 100%;\">\n<div class=\"fl-col-content fl-node-content\">\n<div class=\"fl-module fl-module-photo fl-node-66066761f10fe\" data-animation-delay=\"0.0\" data-node=\"66066761f10fe\">\n<div class=\"fl-module-content fl-node-content\">\n<div class=\"fl-photo fl-photo-align-center\" itemscope=\"\" itemtype=\"http:\/\/schema.org\/ImageObject\">\n<div class=\"fl-photo-content fl-photo-img-jpg\"> <img decoding=\"async\" alt=\"Local de trabalho semicera\" class=\"fl-photo-img wp-image-7142\" itemprop=\"image\" src=\"\/wp-content\/uploads\/2025\/09\/b1dd0bcab1675ff4.webp\"> <\/img><\/div>\n<\/p><\/div>\n<\/p><\/div>\n<\/p><\/div>\n<div class=\"fl-module fl-module-photo fl-node-66066775cd5f8\" data-animation-delay=\"0.0\" data-node=\"66066775cd5f8\">\n<div class=\"fl-module-content fl-node-content\">\n<div class=\"fl-photo fl-photo-align-center\" itemscope=\"\" itemtype=\"http:\/\/schema.org\/ImageObject\">\n<div class=\"fl-photo-content fl-photo-img-jpg\"> <img decoding=\"async\" alt=\"Local de trabalho semicera 2\" class=\"fl-photo-img wp-image-7141\" itemprop=\"image\" src=\"\/wp-content\/uploads\/2025\/09\/2b946d2b4b61306d.webp\"> <\/img><\/div>\n<\/p><\/div>\n<\/p><\/div>\n<\/p><\/div>\n<div class=\"fl-module fl-module-photo fl-node-660667741a70a\" data-animation-delay=\"0.0\" data-node=\"660667741a70a\">\n<div class=\"fl-module-content fl-node-content\">\n<div class=\"fl-photo fl-photo-align-center\" itemscope=\"\" itemtype=\"http:\/\/schema.org\/ImageObject\">\n<div class=\"fl-photo-content fl-photo-img-jpg\"> <img decoding=\"async\" alt=\"M\u00e1quina de equipamentos\" class=\"fl-photo-img wp-image-7138\" itemprop=\"image\" src=\"\/wp-content\/uploads\/2025\/09\/081b6529d68ead23.webp\"> <\/img><\/div>\n<\/p><\/div>\n<\/p><\/div>\n<\/p><\/div>\n<div class=\"fl-module fl-module-photo fl-node-660667731e148\" data-animation-delay=\"0.0\" data-node=\"660667731e148\">\n<div class=\"fl-module-content fl-node-content\">\n<div class=\"fl-photo fl-photo-align-center\" itemscope=\"\" itemtype=\"http:\/\/schema.org\/ImageObject\">\n<div class=\"fl-photo-content fl-photo-img-jpg\"> <img decoding=\"async\" alt=\"Processamento da CNN, limpeza qu\u00edmica, revestimento de CVD\" class=\"fl-photo-img wp-image-7137\" itemprop=\"image\" src=\"\/wp-content\/uploads\/2025\/09\/a4132b2b399abbac.webp\"> <\/img><\/div>\n<\/p><\/div>\n<\/p><\/div>\n<\/p><\/div>\n<div class=\"fl-module fl-module-photo fl-node-66066772158b4\" data-animation-delay=\"0.0\" data-node=\"66066772158b4\">\n<div class=\"fl-module-content fl-node-content\">\n<div class=\"fl-photo fl-photo-align-center\" itemscope=\"\" itemtype=\"http:\/\/schema.org\/ImageObject\">\n<div class=\"fl-photo-content fl-photo-img-jpg\"> <img decoding=\"async\" alt=\"Ware House Semicera\" class=\"fl-photo-img wp-image-7140\" itemprop=\"image\" src=\"\/wp-content\/uploads\/2025\/09\/2190bb9ce5c1d546.webp\"\/> <\/div>\n<\/p><\/div>\n<\/p><\/div>\n<\/p><\/div>\n<div class=\"fl-module fl-module-photo fl-node-66066770edab7\" data-animation-delay=\"0.0\" data-node=\"66066770edab7\">\n<div class=\"fl-module-content fl-node-content\">\n<div class=\"fl-photo fl-photo-align-center\" itemscope=\"\" itemtype=\"http:\/\/schema.org\/ImageObject\">\n<div class=\"fl-photo-content fl-photo-img-jpg\"> <img decoding=\"async\" alt=\"Nosso servi\u00e7o\" class=\"fl-photo-img wp-image-7139\" itemprop=\"image\" src=\"\/wp-content\/uploads\/2025\/09\/b07f222c0ec0ab8d.webp\"\/> <\/div>\n<\/p><\/div>\n<\/p><\/div>\n<\/p><\/div>\n<\/p><\/div>\n<\/p><\/div>\n<\/p><\/div>\n<\/p><\/div>\n<\/p><\/div>\n<\/p><\/div>\n<\/div>","protected":false},"excerpt":{"rendered":"<p>No processo de fabrica\u00e7\u00e3o semicondutores de IC, geralmente \u00e9 necess\u00e1rio usar uma ferramenta para transfer\u00eancia, limpeza e processamento de chips, a ferramenta que carrega o chip \u00e9 geralmente chamada de barco de wafer, que ser\u00e1 fornecido com v\u00e1rios slots de wafer, cada slot de wafer \u00e9 usado para colocar uma bolacha. No processo de fabrica\u00e7\u00e3o das bolachas de semicondutores, o processo de difus\u00e3o do tubo do forno \u00e9 um dos processos b\u00e1sicos. No processo de difus\u00e3o, v\u00e1rias bolachas s\u00e3o colocadas pela primeira vez em um barco de cristal de quartzo e, em seguida, o barco de cristal de quartzo \u00e9 colocado no tubo do forno para fabrica\u00e7\u00e3o de lote.<\/p>","protected":false},"featured_media":504,"comment_status":"closed","ping_status":"open","template":"","meta":[],"product_brand":[],"product_cat":[31,42],"product_tag":[],"class_list":{"0":"post-2283","1":"product","2":"type-product","3":"status-publish","4":"has-post-thumbnail","6":"product_cat-more-ceramic-products","7":"product_cat-silicon-nitride-ceramic","9":"first","10":"instock","11":"product-type-simple"},"_links":{"self":[{"href":"https:\/\/www.cn-semiconductorparts.com\/pt\/wp-json\/wp\/v2\/product\/2283","targetHints":{"allow":["GET"]}}],"collection":[{"href":"https:\/\/www.cn-semiconductorparts.com\/pt\/wp-json\/wp\/v2\/product"}],"about":[{"href":"https:\/\/www.cn-semiconductorparts.com\/pt\/wp-json\/wp\/v2\/types\/product"}],"replies":[{"embeddable":true,"href":"https:\/\/www.cn-semiconductorparts.com\/pt\/wp-json\/wp\/v2\/comments?post=2283"}],"wp:featuredmedia":[{"embeddable":true,"href":"https:\/\/www.cn-semiconductorparts.com\/pt\/wp-json\/wp\/v2\/media\/504"}],"wp:attachment":[{"href":"https:\/\/www.cn-semiconductorparts.com\/pt\/wp-json\/wp\/v2\/media?parent=2283"}],"wp:term":[{"taxonomy":"product_brand","embeddable":true,"href":"https:\/\/www.cn-semiconductorparts.com\/pt\/wp-json\/wp\/v2\/product_brand?post=2283"},{"taxonomy":"product_cat","embeddable":true,"href":"https:\/\/www.cn-semiconductorparts.com\/pt\/wp-json\/wp\/v2\/product_cat?post=2283"},{"taxonomy":"product_tag","embeddable":true,"href":"https:\/\/www.cn-semiconductorparts.com\/pt\/wp-json\/wp\/v2\/product_tag?post=2283"}],"curies":[{"name":"wp","href":"https:\/\/api.w.org\/{rel}","templated":true}]}}