{"id":2313,"date":"2025-09-11T05:34:00","date_gmt":"2025-09-11T05:34:00","guid":{"rendered":"https:\/\/weitai2.globaldeepsea.site\/product\/sic-coating-carriers-for-semiconductor-etching\/"},"modified":"2026-04-29T15:27:50","modified_gmt":"2026-04-29T07:27:50","slug":"sic-coating-carriers-for-semiconductor-etching","status":"publish","type":"product","link":"https:\/\/www.cn-semiconductorparts.com\/pt\/product\/sic-coating-carriers-for-semiconductor-etching\/","title":{"rendered":"SiC coating carriers for semiconductor etching"},"content":{"rendered":"<div class=\"fl-builder-content fl-builder-content-1542 fl-builder-content-primary fl-builder-global-templates-locked\" data-post-id=\"1542\">\n<div class=\"fl-row fl-row-full-width fl-row-bg-none fl-node-647d905a58d38\" data-node=\"647d905a58d38\">\n<div class=\"fl-row-content-wrap\">\n<div class=\"fl-row-content fl-row-full-width fl-node-content\">\n<div class=\"fl-col-group fl-node-647d905a590c5\" data-node=\"647d905a590c5\">\n<div class=\"fl-col fl-node-647d905a59105\" style=\"width: 100%;\" data-node=\"647d905a59105\">\n<div class=\"fl-col-content fl-node-content\">\n<div class=\"fl-module fl-module-heading fl-node-647d905a59142 pro_tit\" data-animation-delay=\"0.0\" data-node=\"647d905a59142\">\n<div class=\"fl-module-content fl-node-content\">\n<h3 class=\"fl-heading\"><span class=\"fl-heading-text\">Descri\u00e7\u00e3o<\/span><\/h3>\n<\/div>\n<\/div>\n<\/div>\n<\/div>\n<\/div>\n<div class=\"fl-col-group fl-node-647d905a59237\" data-node=\"647d905a59237\">\n<div class=\"fl-col fl-node-647d905a59275\" style=\"width: 100%;\" data-node=\"647d905a59275\">\n<div class=\"fl-col-content fl-node-content\">\n<div class=\"fl-module fl-module-rich-text fl-node-647d905a592b2\" data-animation-delay=\"0.0\" data-node=\"647d905a592b2\">\n<div class=\"fl-module-content fl-node-content\">\n<div class=\"fl-rich-text\">\n<p>Our company provides SiC coating process services by CVD method on the surface of graphite, ceramics and other materials, so that special gases containing carbon and silicon react at high temperature to obtain high purity SiC molecules, molecules deposited on the surface of the coated materials, forming SIC protective layer.<\/p>\n<\/div>\n<\/div>\n<\/div>\n<\/div>\n<\/div>\n<\/div>\n<div class=\"fl-col-group fl-node-647d93083add8\" data-node=\"647d93083add8\">\n<div class=\"fl-col fl-node-647d93083af70\" style=\"width: 100%;\" data-node=\"647d93083af70\">\n<div class=\"fl-col-content fl-node-content\">\n<div class=\"fl-module fl-module-gallery fl-node-64dd8a2e5d551\" data-animation-delay=\"0.0\" data-node=\"64dd8a2e5d551\">\n<div class=\"fl-module-content fl-node-content\">\n<div class=\"fl-mosaicflow\">\n<div class=\"fl-mosaicflow-content\">\n<div class=\"fl-mosaicflow-item\">\n<div class=\"fl-photo fl-photo-align-center\">\n<div class=\"fl-photo-content fl-photo-img-png\"><a href=\"\/pt\/uploads\/SiC-Coating-Carrien-For-RTPRTA-12.webp\/\" target=\"_self\"> <img decoding=\"async\" class=\"fl-photo-img wp-image-3044\" src=\"\/wp-content\/uploads\/2025\/09\/f2310411837450a9.webp\" alt=\"SiC Coating Carrien For RTPRTA (1)\" \/> <\/a><\/div>\n<\/div>\n<\/div>\n<div class=\"fl-mosaicflow-item\">\n<div class=\"fl-photo fl-photo-align-center\">\n<div class=\"fl-photo-content fl-photo-img-png\"><a href=\"\/pt\/uploads\/SiC-Coating-Carrien-For-RTPRTA-51.webp\/\" target=\"_self\"> <img decoding=\"async\" class=\"fl-photo-img wp-image-4783\" src=\"\/wp-content\/uploads\/2025\/09\/9a52118b209c45c5.webp\" alt=\"SiC Coating Carrien For RTPRTA (5)\" \/> <\/a><\/div>\n<\/div>\n<\/div>\n<div class=\"fl-mosaicflow-item\">\n<div class=\"fl-photo fl-photo-align-center\">\n<div class=\"fl-photo-content fl-photo-img-png\"><a href=\"\/pt\/uploads\/PSS-Etch-Carrier-42.webp\/\" target=\"_self\"> <img decoding=\"async\" class=\"fl-photo-img wp-image-4785\" src=\"\/wp-content\/uploads\/2025\/09\/be4add0a1d0dca37.webp\" alt=\"PSS Etch Carrier (4)\" \/> <\/a><\/div>\n<\/div>\n<\/div>\n<\/div>\n<div class=\"fl-clear\"><\/div>\n<\/div>\n<\/div>\n<\/div>\n<\/div>\n<\/div>\n<\/div>\n<\/div>\n<\/div>\n<\/div>\n<div class=\"fl-row fl-row-full-width fl-row-bg-none fl-node-648fba461e867\" data-node=\"648fba461e867\">\n<div class=\"fl-row-content-wrap\">\n<div class=\"fl-row-content fl-row-full-width fl-node-content\">\n<div class=\"fl-col-group fl-node-648fba461ec36\" data-node=\"648fba461ec36\">\n<div class=\"fl-col fl-node-648fba461ec75\" style=\"width: 100%;\" data-node=\"648fba461ec75\">\n<div class=\"fl-col-content fl-node-content\">\n<div class=\"fl-module fl-module-heading fl-node-648fba461ecb2 pro_tit\" data-animation-delay=\"0.0\" data-node=\"648fba461ecb2\">\n<div class=\"fl-module-content fl-node-content\">\n<h3 class=\"fl-heading\"><span class=\"fl-heading-text\">Principais caracter\u00edsticas<\/span><\/h3>\n<\/div>\n<\/div>\n<\/div>\n<\/div>\n<\/div>\n<div class=\"fl-col-group fl-node-648fba461ecf0\" data-node=\"648fba461ecf0\">\n<div class=\"fl-col fl-node-648fba461ed2e\" style=\"width: 100%;\" data-node=\"648fba461ed2e\">\n<div class=\"fl-col-content fl-node-content\">\n<div class=\"fl-module fl-module-rich-text fl-node-648fba461ed6b\" data-animation-delay=\"0.0\" data-node=\"648fba461ed6b\">\n<div class=\"fl-module-content fl-node-content\">\n<div class=\"fl-rich-text\">\n<p>1. Resist\u00eancia a oxida\u00e7\u00e3o de alta temperatura:<br \/>\nA resist\u00eancia da oxida\u00e7\u00e3o ainda \u00e9 muito boa quando a temperatura \u00e9 t\u00e3o alta quanto 1600 C.<br \/>\n2. High purity : made by chemical vapor deposition under high temperature chlorination condition.<br \/>\n3. Resist\u00eancia \u00e0 eros\u00e3o: alta dureza, superf\u00edcie compacta, part\u00edculas finas.<br \/>\n4. Resist\u00eancia \u00e0 corros\u00e3o: \u00e1cido, \u00e1lcalis, sal e reagentes org\u00e2nicos.<\/p>\n<\/div>\n<\/div>\n<\/div>\n<\/div>\n<\/div>\n<\/div>\n<\/div>\n<\/div>\n<\/div>\n<div class=\"fl-row fl-row-full-width fl-row-bg-none fl-node-648fbfc304265\" data-node=\"648fbfc304265\">\n<div class=\"fl-row-content-wrap\">\n<div class=\"fl-row-content fl-row-full-width fl-node-content\">\n<div class=\"fl-col-group fl-node-648fbfc30484f\" data-node=\"648fbfc30484f\">\n<div class=\"fl-col fl-node-648fbfc30488e\" style=\"width: 100%;\" data-node=\"648fbfc30488e\">\n<div class=\"fl-col-content fl-node-content\">\n<div class=\"fl-module fl-module-heading fl-node-648fbfc3048cc pro_tit\" data-animation-delay=\"0.0\" data-node=\"648fbfc3048cc\">\n<div class=\"fl-module-content fl-node-content\">\n<h3 class=\"fl-heading\"><span class=\"fl-heading-text\">Principais especifica\u00e7\u00f5es do revestimento CVD-SIC<\/span><\/h3>\n<\/div>\n<\/div>\n<\/div>\n<\/div>\n<\/div>\n<div class=\"fl-col-group fl-node-648fbfc30490b\" data-node=\"648fbfc30490b\">\n<div class=\"fl-col fl-node-648fbfc304948\" style=\"width: 100%;\" data-node=\"648fbfc304948\">\n<div class=\"fl-col-content fl-node-content\">\n<div class=\"fl-module fl-module-rich-text fl-node-648fbfc304986\" data-animation-delay=\"0.0\" data-node=\"648fbfc304986\">\n<div class=\"fl-module-content fl-node-content\">\n<div class=\"fl-rich-text\">\n<table border=\"0\" cellspacing=\"0\">\n<tbody>\n<tr>\n<td colspan=\"3\" valign=\"center\" width=\"100.0000%\">\n<p align=\"center\">Propriedades SIC-CVD<\/p>\n<\/td>\n<\/tr>\n<tr>\n<td valign=\"center\" width=\"30.9000%\">Estrutura cristalina<\/td>\n<td colspan=\"2\" valign=\"center\" width=\"69.0800%\">Fase \u03b2 da FCC<\/td>\n<\/tr>\n<tr>\n<td valign=\"center\" width=\"30.9000%\">Densidade<\/td>\n<td valign=\"center\" width=\"30.2600%\">g\/cm \u00b3<\/td>\n<td valign=\"center\" width=\"38.8600%\">3.21<\/td>\n<\/tr>\n<tr>\n<td valign=\"center\" width=\"30.9000%\">Dureza<\/td>\n<td valign=\"center\" width=\"30.2600%\">Vickers dureza<\/td>\n<td valign=\"center\" width=\"38.8600%\">2500<\/td>\n<\/tr>\n<tr>\n<td valign=\"center\" width=\"30.9000%\">Tamanho de gr\u00e3o<\/td>\n<td valign=\"center\" width=\"30.2600%\">mm<\/td>\n<td valign=\"center\" width=\"38.8600%\">2~10<\/td>\n<\/tr>\n<tr>\n<td valign=\"center\" width=\"30.9000%\">Pureza qu\u00edmica<\/td>\n<td valign=\"center\" width=\"30.2600%\">%<\/td>\n<td valign=\"bottom\" width=\"38.8600%\">99.99995<\/td>\n<\/tr>\n<tr>\n<td valign=\"center\" width=\"30.9000%\">Capacidade de calor<\/td>\n<td valign=\"center\" width=\"30.2600%\">J \u00b7 kg-1 \u00b7 k-1<\/td>\n<td valign=\"bottom\" width=\"38.8600%\">640<\/td>\n<\/tr>\n<tr>\n<td valign=\"center\" width=\"30.9000%\">Temperatura da sublima\u00e7\u00e3o<\/td>\n<td valign=\"center\" width=\"30.2600%\">\u2103<\/td>\n<td valign=\"bottom\" width=\"38.8600%\">2700<\/td>\n<\/tr>\n<tr>\n<td valign=\"center\" width=\"30.9000%\">For\u00e7a felexural<\/td>\n<td valign=\"center\" width=\"30.2600%\">MPA (RT 4 pontos)<\/td>\n<td valign=\"bottom\" width=\"38.8600%\">415<\/td>\n<\/tr>\n<tr>\n<td valign=\"center\" width=\"30.9000%\">Young&#8217; s Modulus<\/td>\n<td valign=\"center\" width=\"30.2600%\">GPA (4pt Bend, 1300 \u2103)<\/td>\n<td valign=\"bottom\" width=\"38.8600%\">430<\/td>\n<\/tr>\n<tr>\n<td valign=\"center\" width=\"30.9000%\">Expans\u00e3o t\u00e9rmica (CTE)<\/td>\n<td valign=\"center\" width=\"30.2600%\">10-6K-1<\/td>\n<td valign=\"bottom\" width=\"38.8600%\">4.5<\/td>\n<\/tr>\n<tr>\n<td valign=\"center\" width=\"30.9000%\">Condutividade t\u00e9rmica<\/td>\n<td valign=\"center\" width=\"30.2600%\">(W\/mk)<\/td>\n<td valign=\"bottom\" width=\"38.8600%\">300<\/td>\n<\/tr>\n<\/tbody>\n<\/table>\n<\/div>\n<\/div>\n<\/div>\n<\/div>\n<\/div>\n<\/div>\n<div class=\"fl-col-group fl-node-66175c68ada19\" data-node=\"66175c68ada19\">\n<div class=\"fl-col fl-node-66175c68adbbb\" style=\"width: 100%;\" data-node=\"66175c68adbbb\">\n<div class=\"fl-col-content fl-node-content\">\n<div class=\"fl-module fl-module-photo fl-node-66175c68ad8e3\" data-animation-delay=\"0.0\" data-node=\"66175c68ad8e3\">\n<div class=\"fl-module-content fl-node-content\">\n<div class=\"fl-photo fl-photo-align-center\">\n<div class=\"fl-photo-content fl-photo-img-jpg\"><img decoding=\"async\" class=\"fl-photo-img wp-image-7286\" src=\"\/wp-content\/uploads\/2025\/09\/b1dd0bcab1675ff4.webp\" alt=\"Local de trabalho semicera\" \/><\/div>\n<\/div>\n<\/div>\n<\/div>\n<div class=\"fl-module fl-module-photo fl-node-66175c76a245a\" data-animation-delay=\"0.0\" data-node=\"66175c76a245a\">\n<div class=\"fl-module-content fl-node-content\">\n<div class=\"fl-photo fl-photo-align-center\">\n<div class=\"fl-photo-content fl-photo-img-jpg\"><img decoding=\"async\" class=\"fl-photo-img wp-image-7287\" src=\"\/wp-content\/uploads\/2025\/09\/2b946d2b4b61306d.webp\" alt=\"Local de trabalho semicera 2\" \/><\/div>\n<\/div>\n<\/div>\n<\/div>\n<div class=\"fl-module fl-module-photo fl-node-66175c75d3b52\" data-animation-delay=\"0.0\" data-node=\"66175c75d3b52\">\n<div class=\"fl-module-content fl-node-content\">\n<div class=\"fl-photo fl-photo-align-center\">\n<div class=\"fl-photo-content fl-photo-img-jpg\"><img decoding=\"async\" class=\"fl-photo-img wp-image-7288\" src=\"\/wp-content\/uploads\/2025\/09\/081b6529d68ead23.webp\" alt=\"M\u00e1quina de equipamentos\" \/><\/div>\n<\/div>\n<\/div>\n<\/div>\n<div class=\"fl-module fl-module-photo fl-node-66175c751dfba\" data-animation-delay=\"0.0\" data-node=\"66175c751dfba\">\n<div class=\"fl-module-content fl-node-content\">\n<div class=\"fl-photo fl-photo-align-center\">\n<div class=\"fl-photo-content fl-photo-img-jpg\"><img decoding=\"async\" class=\"fl-photo-img wp-image-7289\" src=\"\/wp-content\/uploads\/2025\/09\/a4132b2b399abbac.webp\" alt=\"Processamento da CNN, limpeza qu\u00edmica, revestimento de CVD\" \/><\/div>\n<\/div>\n<\/div>\n<\/div>\n<div class=\"fl-module fl-module-photo fl-node-66175c741637d\" data-animation-delay=\"0.0\" data-node=\"66175c741637d\">\n<div class=\"fl-module-content fl-node-content\">\n<div class=\"fl-photo fl-photo-align-center\">\n<div class=\"fl-photo-content fl-photo-img-jpg\"><img decoding=\"async\" class=\"fl-photo-img wp-image-7290\" src=\"\/wp-content\/uploads\/2025\/09\/b07f222c0ec0ab8d.webp\" alt=\"Nosso servi\u00e7o\" \/><\/div>\n<\/div>\n<\/div>\n<\/div>\n<\/div>\n<\/div>\n<\/div>\n<\/div>\n<\/div>\n<\/div>\n<\/div>","protected":false},"excerpt":{"rendered":"<p>Semicera Semiconductor Technology Co., Ltd. is a leading supplier of advanced semiconductor ceramics. Our main products include: Silicon carbide etched discs, silicon carbide boat trailers, silicon carbide wafer ships (PV &amp; Semiconductor), silicon carbide furnace tubes, silicon carbide cantilever paddles, silicon carbide chuck, silicon carbide beams, as well as CVD SiC coatings and TaC coatings.The products are mainly used in the semiconductor and photovoltaic industries, such as crystal growth, epitaxy, etching, packaging, coating and diffusion furnace equipment.<\/p>","protected":false},"featured_media":660,"comment_status":"closed","ping_status":"closed","template":"","meta":[],"product_brand":[],"product_cat":[16,17],"product_tag":[84,93,94],"class_list":{"0":"post-2313","1":"product","2":"type-product","3":"status-publish","4":"has-post-thumbnail","6":"product_cat-cvd-sic","7":"product_cat-si-epitaxial-parts","8":"product_tag-cvd-sic","9":"product_tag-si-epitaxial-parts","10":"product_tag-sic-coating-carriers-for-semiconductor","12":"first","13":"instock","14":"product-type-simple"},"_links":{"self":[{"href":"https:\/\/www.cn-semiconductorparts.com\/pt\/wp-json\/wp\/v2\/product\/2313","targetHints":{"allow":["GET"]}}],"collection":[{"href":"https:\/\/www.cn-semiconductorparts.com\/pt\/wp-json\/wp\/v2\/product"}],"about":[{"href":"https:\/\/www.cn-semiconductorparts.com\/pt\/wp-json\/wp\/v2\/types\/product"}],"replies":[{"embeddable":true,"href":"https:\/\/www.cn-semiconductorparts.com\/pt\/wp-json\/wp\/v2\/comments?post=2313"}],"wp:featuredmedia":[{"embeddable":true,"href":"https:\/\/www.cn-semiconductorparts.com\/pt\/wp-json\/wp\/v2\/media\/660"}],"wp:attachment":[{"href":"https:\/\/www.cn-semiconductorparts.com\/pt\/wp-json\/wp\/v2\/media?parent=2313"}],"wp:term":[{"taxonomy":"product_brand","embeddable":true,"href":"https:\/\/www.cn-semiconductorparts.com\/pt\/wp-json\/wp\/v2\/product_brand?post=2313"},{"taxonomy":"product_cat","embeddable":true,"href":"https:\/\/www.cn-semiconductorparts.com\/pt\/wp-json\/wp\/v2\/product_cat?post=2313"},{"taxonomy":"product_tag","embeddable":true,"href":"https:\/\/www.cn-semiconductorparts.com\/pt\/wp-json\/wp\/v2\/product_tag?post=2313"}],"curies":[{"name":"wp","href":"https:\/\/api.w.org\/{rel}","templated":true}]}}